{"id":23878,"date":"2025-08-06T12:04:23","date_gmt":"2025-08-06T10:04:23","guid":{"rendered":"https:\/\/test.campingcampagna.it\/territoire\/ticino\/"},"modified":"2025-08-06T14:12:15","modified_gmt":"2025-08-06T12:12:15","slug":"ticino","status":"publish","type":"page","link":"https:\/\/www.campingcampagna.it\/fr\/territoire\/ticino\/","title":{"rendered":"Ticino"},"content":{"rendered":"\t\t<div data-elementor-type=\"wp-page\" data-elementor-id=\"23878\" class=\"elementor elementor-23878 elementor-23763\">\n\t\t\t\t<div class=\"elementor-element elementor-element-8c579d1 e-flex e-con-boxed e-con e-parent\" data-id=\"8c579d1\" data-element_type=\"container\">\n\t\t\t\t\t<div class=\"e-con-inner\">\n\t\t<div class=\"elementor-element elementor-element-2dcf3ab e-con-full e-flex e-con e-child\" data-id=\"2dcf3ab\" data-element_type=\"container\">\n\t\t\t\t<div class=\"elementor-element elementor-element-76c1da3 elementor-widget elementor-widget-text-editor\" data-id=\"76c1da3\" data-element_type=\"widget\" data-widget_type=\"text-editor.default\">\n\t\t\t\t<div class=\"elementor-widget-container\">\n\t\t\t\t\t\t\t\t\t<p>\u00c0 quelques kilom\u00e8tres de Cannobio, le versant suisse du Lago Maggiore offre des panoramas \u00e0 couper le souffle, de la culture, de la nature et de l\u2019histoire. Voici quelques destinations incontournables :<\/p><h4>Locarno<\/h4><p>Ville dynamique avec de nombreuses activit\u00e9s culturelles et commerciales, c\u00e9l\u00e8bre pour le Festival International du Film en ao\u00fbt. C\u2019est un excellent point de d\u00e9part pour des excursions agr\u00e9ables dans les montagnes et les vall\u00e9es environnantes. De l\u00e0, un t\u00e9l\u00e9ph\u00e9rique vous conduit \u00e0 Cardada, o\u00f9 vous profitez d\u2019une vue spectaculaire sur le lac, id\u00e9ale pour des promenades panoramiques le long de sentiers adapt\u00e9s aux grands et aux petits.<\/p><h4>Lido Locarno<\/h4><p><span data-olk-copy-source=\"MessageBody\">Structure moderne situ\u00e9e au bord du lac, avec piscines, y compris couvertes, toboggans aquatiques, bains thermaux et acc\u00e8s \u00e0 la plage. D\u00e9couvrez-en plus: <a title=\"https:\/\/lidolocarno.ch\/\" href=\"https:\/\/lidolocarno.ch\/\" target=\"_blank\" rel=\"noopener noreferrer\" data-auth=\"NotApplicable\" data-linkindex=\"4\">lidolocarno.ch<\/a><\/span><\/p><h4>Ferrovia delle Centovalli<\/h4><p>L\u2019impressionnante ligne de chemin de fer \u00e0 \u00e9cartement \u00e9troit relie la ville de Locarno \u00e0 la ville italienne de Domodossola, offrant une exp\u00e9rience de la beaut\u00e9 des Centovalli. Le trajet de 52 kilom\u00e8tres traverse 83 ponts et 31 tunnels et offre aux passagers un voyage lent et fascinant entre les Centovalli et la Vall\u00e9e Vigezzo, entre la Suisse et l\u2019Italie, immerg\u00e9s dans la nature la plus authentique. D\u00e9couvrez-en plus: <a title=\"https:\/\/www.vigezzinacentovalli.com\/\" href=\"https:\/\/www.vigezzinacentovalli.com\/\" target=\"_blank\" rel=\"noopener noreferrer\" data-auth=\"NotApplicable\" data-linkindex=\"5\">www.vigezzinacentovalli.com<\/a><\/p><h4>Ascona<\/h4><p>Charmant village m\u00e9di\u00e9val situ\u00e9 sur une baie ensoleill\u00e9e du lac, riche en charme et en atmosph\u00e8re.<\/p><h4>Bellinzona<\/h4><p>C\u00e9l\u00e8bre pour ses<strong> ch\u00e2teaux m\u00e9di\u00e9vaux<\/strong>, class\u00e9s au<strong> patrimoine mondial de l\u2019UNESCO<\/strong>, parmi les fortifications les mieux conserv\u00e9es de Suisse..<\/p><h4>Isole di Brissago<\/h4><p>Un v\u00e9ritable paradis naturel avec un<strong> jardin botanique<\/strong> abritant des esp\u00e8ces v\u00e9g\u00e9tales rares du monde entier. <a href=\"https:\/\/www.isolebrissago.ch\">www.isolebrissago.ch<\/a><\/p><p>Pour les amateurs de randonn\u00e9e et de nature:<\/p><h4>Monte Tamaro<\/h4><p>Accessible en t\u00e9l\u00e9ph\u00e9rique, il abrite l\u2019impressionnante \u00e9glise<strong> \u00ab Santa Maria degli Angeli \u00bb<\/strong>, con\u00e7ue par l\u2019<strong>architecte Mario Botta<\/strong>. <a href=\"https:\/\/www.montetamaro.ch\">www.montetamaro.ch<\/a><\/p><h4>Splash &amp; SPA Tamaro<\/h4><p><span data-olk-copy-source=\"MessageBody\">Parc aquatique avec toboggans, piscine \u00e0 vagues et terrasse dans un cadre montagnard, ainsi qu\u2019un spa \u00e9l\u00e9gant. <a title=\"https:\/\/www.splashespa.ch\/\" href=\"https:\/\/www.splashespa.ch\/\" target=\"_blank\" rel=\"noopener noreferrer\" data-auth=\"NotApplicable\" data-linkindex=\"6\">www.splashespa.ch<\/a><\/span><\/p><h4>Monte Limidario (Gridone)<\/h4><p>Au-dessus de Brissago, \u00e0 2188 m, il offre une vue spectaculaire sur le Lago Maggiore. La randonn\u00e9e jusqu\u2019au sommet dure environ 3 heures. <a href=\"http:\/\/www.brissago.ch\" target=\"_blank\" rel=\"noopener\">www.brissago.ch<\/a><\/p><p>Un territoire riche en histoire, culture et nature, \u00e0 explorer !<\/p>\t\t\t\t\t\t\t\t<\/div>\n\t\t\t\t<\/div>\n\t\t\t\t<\/div>\n\t\t<div class=\"elementor-element elementor-element-2ac6b67 e-con-full e-flex e-con e-child\" data-id=\"2ac6b67\" data-element_type=\"container\">\n\t\t\t\t<div class=\"elementor-element elementor-element-5fe02b9 elementor-widget elementor-widget-image-gallery\" data-id=\"5fe02b9\" data-element_type=\"widget\" data-widget_type=\"image-gallery.default\">\n\t\t\t\t<div class=\"elementor-widget-container\">\n\t\t\t\t\t\t\t<div class=\"elementor-image-gallery\">\n\t\t\t\n\t\t<style type=\"text\/css\">\n\t\t\t#gallery-1 {\n\t\t\t\tmargin: auto;\n\t\t\t}\n\t\t\t#gallery-1 .gallery-item {\n\t\t\t\tfloat: left;\n\t\t\t\tmargin-top: 10px;\n\t\t\t\ttext-align: center;\n\t\t\t\twidth: 100%;\n\t\t\t}\n\t\t\t#gallery-1 img {\n\t\t\t\tborder: 2px solid #cfcfcf;\n\t\t\t}\n\t\t\t#gallery-1 .gallery-caption {\n\t\t\t\tmargin-left: 0;\n\t\t\t}\n\t\t\t\/* see gallery_shortcode() in wp-includes\/media.php *\/\n\t\t<\/style>\n\t\t<div id='gallery-1' class='gallery galleryid-23878 gallery-columns-1 gallery-size-full'><dl class='gallery-item'>\n\t\t\t<dt class='gallery-icon landscape'>\n\t\t\t\t<a data-elementor-open-lightbox=\"yes\" data-elementor-lightbox-slideshow=\"5fe02b9\" data-elementor-lightbox-title=\"Ascona old town on Lago Maggiore, Switzerland\" data-e-action-hash=\"#elementor-action%3Aaction%3Dlightbox%26settings%3DeyJpZCI6MjM3MzYsInVybCI6Imh0dHBzOlwvXC93d3cuY2FtcGluZ2NhbXBhZ25hLml0XC93cC1jb250ZW50XC91cGxvYWRzXC8yMDI1XC8wOFwvdGVycml0b3Jpby10aWNpbm8tMS5qcGciLCJzbGlkZXNob3ciOiI1ZmUwMmI5In0%3D\" href='https:\/\/www.campingcampagna.it\/wp-content\/uploads\/2025\/08\/territorio-ticino-1.jpg'><img fetchpriority=\"high\" decoding=\"async\" width=\"1400\" height=\"874\" src=\"https:\/\/www.campingcampagna.it\/wp-content\/uploads\/2025\/08\/territorio-ticino-1.jpg\" class=\"attachment-full size-full\" alt=\"Ascona, Lago Maggiore\" aria-describedby=\"gallery-1-23736\" srcset=\"https:\/\/www.campingcampagna.it\/wp-content\/uploads\/2025\/08\/territorio-ticino-1.jpg 1400w, https:\/\/www.campingcampagna.it\/wp-content\/uploads\/2025\/08\/territorio-ticino-1-300x187.jpg 300w, https:\/\/www.campingcampagna.it\/wp-content\/uploads\/2025\/08\/territorio-ticino-1-1024x639.jpg 1024w, https:\/\/www.campingcampagna.it\/wp-content\/uploads\/2025\/08\/territorio-ticino-1-768x479.jpg 768w, https:\/\/www.campingcampagna.it\/wp-content\/uploads\/2025\/08\/territorio-ticino-1-600x375.jpg 600w\" sizes=\"(max-width: 1400px) 100vw, 1400px\" \/><\/a>\n\t\t\t<\/dt>\n\t\t\t\t<dd class='wp-caption-text gallery-caption' id='gallery-1-23736'>\n\t\t\t\tAscona Old Town, Switzerland, is a popular tourist destination on Lago Maggiore in Alps Mountains\n\t\t\t\t<\/dd><\/dl><br style=\"clear: both\" \/><dl class='gallery-item'>\n\t\t\t<dt class='gallery-icon landscape'>\n\t\t\t\t<a data-elementor-open-lightbox=\"yes\" data-elementor-lightbox-slideshow=\"5fe02b9\" data-elementor-lightbox-title=\"View of Madonna del Sasso monastery and lake Maggiore at Locarno, Switzerland\" data-e-action-hash=\"#elementor-action%3Aaction%3Dlightbox%26settings%3DeyJpZCI6MjM3NDAsInVybCI6Imh0dHBzOlwvXC93d3cuY2FtcGluZ2NhbXBhZ25hLml0XC93cC1jb250ZW50XC91cGxvYWRzXC8yMDI1XC8wOFwvdGVycml0b3Jpby10aWNpbm8tMi5qcGciLCJzbGlkZXNob3ciOiI1ZmUwMmI5In0%3D\" href='https:\/\/www.campingcampagna.it\/wp-content\/uploads\/2025\/08\/territorio-ticino-2.jpg'><img decoding=\"async\" width=\"1400\" height=\"933\" src=\"https:\/\/www.campingcampagna.it\/wp-content\/uploads\/2025\/08\/territorio-ticino-2.jpg\" class=\"attachment-full size-full\" alt=\"Cannobio, Lago Maggiore\" aria-describedby=\"gallery-1-23740\" srcset=\"https:\/\/www.campingcampagna.it\/wp-content\/uploads\/2025\/08\/territorio-ticino-2.jpg 1400w, https:\/\/www.campingcampagna.it\/wp-content\/uploads\/2025\/08\/territorio-ticino-2-300x200.jpg 300w, https:\/\/www.campingcampagna.it\/wp-content\/uploads\/2025\/08\/territorio-ticino-2-1024x682.jpg 1024w, https:\/\/www.campingcampagna.it\/wp-content\/uploads\/2025\/08\/territorio-ticino-2-768x512.jpg 768w, https:\/\/www.campingcampagna.it\/wp-content\/uploads\/2025\/08\/territorio-ticino-2-600x400.jpg 600w\" sizes=\"(max-width: 1400px) 100vw, 1400px\" \/><\/a>\n\t\t\t<\/dt>\n\t\t\t\t<dd class='wp-caption-text gallery-caption' id='gallery-1-23740'>\n\t\t\t\tView of Madonna del Sasso monastery and lake Maggiore at Locarno, Switzerland\n\t\t\t\t<\/dd><\/dl><br style=\"clear: both\" \/>\n\t\t<\/div>\n\t\t<\/div>\n\t\t\t\t\t\t<\/div>\n\t\t\t\t<\/div>\n\t\t\t\t<\/div>\n\t\t\t\t\t<\/div>\n\t\t\t\t<\/div>\n\t\t\t\t<\/div>\n\t\t","protected":false},"excerpt":{"rendered":"<p>\u00c0 quelques kilom\u00e8tres de Cannobio, le versant suisse du Lago Maggiore offre des panoramas \u00e0 couper le souffle, de la culture, de la nature et de l\u2019histoire. Voici quelques destinations incontournables : Locarno Ville dynamique avec de nombreuses activit\u00e9s culturelles et commerciales, c\u00e9l\u00e8bre pour le Festival International du Film en ao\u00fbt. C\u2019est un excellent point [&hellip;]<\/p>\n","protected":false},"author":1,"featured_media":23791,"parent":23666,"menu_order":0,"comment_status":"closed","ping_status":"closed","template":"elementor_header_footer","meta":{"footnotes":""},"class_list":["post-23878","page","type-page","status-publish","has-post-thumbnail","hentry"],"yoast_head":"<!-- This site is optimized with the Yoast SEO plugin v26.3 - https:\/\/yoast.com\/wordpress\/plugins\/seo\/ -->\n<title>Ticino: que voir et comment s&#039;y rendre<\/title>\n<meta name=\"description\" content=\"\u00c0 quelques kilom\u00e8tres de Cannobio, sur la rive suisse du lac Majeur, d\u00e9couvrez le Tessin : de Locarno avec le t\u00e9l\u00e9ph\u00e9rique de Cardada aux excursions sur le Monte Tamaro, jusqu\u2019aux ch\u00e2teaux de Bellinzone et au parc botanique des \u00eeles de Brissago.\" \/>\n<meta name=\"robots\" content=\"index, follow, max-snippet:-1, max-image-preview:large, max-video-preview:-1\" \/>\n<link rel=\"canonical\" href=\"https:\/\/www.campingcampagna.it\/fr\/territoire\/ticino\/\" \/>\n<meta property=\"og:locale\" content=\"fr_FR\" \/>\n<meta property=\"og:type\" content=\"article\" \/>\n<meta property=\"og:title\" content=\"Ticino: que voir et comment s&#039;y rendre\" \/>\n<meta property=\"og:description\" content=\"\u00c0 quelques kilom\u00e8tres de Cannobio, sur la rive suisse du lac Majeur, d\u00e9couvrez le Tessin : de Locarno avec le t\u00e9l\u00e9ph\u00e9rique de Cardada aux excursions sur le Monte Tamaro, jusqu\u2019aux ch\u00e2teaux de Bellinzone et au parc botanique des \u00eeles de Brissago.\" \/>\n<meta property=\"og:url\" content=\"https:\/\/www.campingcampagna.it\/fr\/territoire\/ticino\/\" \/>\n<meta property=\"og:site_name\" content=\"Camping Residence Campagna, Cannobio\" \/>\n<meta property=\"article:publisher\" content=\"https:\/\/www.facebook.com\/pages\/Camping-Residence-Campagna\/389033907956132\" \/>\n<meta property=\"article:modified_time\" content=\"2025-08-06T12:12:15+00:00\" \/>\n<meta property=\"og:image\" content=\"https:\/\/www.campingcampagna.it\/wp-content\/uploads\/2025\/08\/territorio-cannobio-2.jpg\" \/>\n\t<meta property=\"og:image:width\" content=\"1920\" \/>\n\t<meta property=\"og:image:height\" content=\"1281\" \/>\n\t<meta property=\"og:image:type\" content=\"image\/jpeg\" \/>\n<meta name=\"twitter:card\" content=\"summary_large_image\" \/>\n<meta name=\"twitter:label1\" content=\"Dur\u00e9e de lecture estim\u00e9e\" \/>\n\t<meta name=\"twitter:data1\" content=\"2 minutes\" \/>\n<script type=\"application\/ld+json\" class=\"yoast-schema-graph\">{\"@context\":\"https:\/\/schema.org\",\"@graph\":[{\"@type\":\"WebPage\",\"@id\":\"https:\/\/www.campingcampagna.it\/fr\/territoire\/ticino\/\",\"url\":\"https:\/\/www.campingcampagna.it\/fr\/territoire\/ticino\/\",\"name\":\"Ticino: que voir et comment s'y rendre\",\"isPartOf\":{\"@id\":\"https:\/\/www.campingcampagna.it\/fr\/#website\"},\"primaryImageOfPage\":{\"@id\":\"https:\/\/www.campingcampagna.it\/fr\/territoire\/ticino\/#primaryimage\"},\"image\":{\"@id\":\"https:\/\/www.campingcampagna.it\/fr\/territoire\/ticino\/#primaryimage\"},\"thumbnailUrl\":\"https:\/\/www.campingcampagna.it\/wp-content\/uploads\/2025\/08\/territorio-cannobio-2.jpg\",\"datePublished\":\"2025-08-06T10:04:23+00:00\",\"dateModified\":\"2025-08-06T12:12:15+00:00\",\"description\":\"\u00c0 quelques kilom\u00e8tres de Cannobio, sur la rive suisse du lac Majeur, d\u00e9couvrez le Tessin : de Locarno avec le t\u00e9l\u00e9ph\u00e9rique de Cardada aux excursions sur le Monte Tamaro, jusqu\u2019aux ch\u00e2teaux de Bellinzone et au parc botanique des \u00eeles de Brissago.\",\"breadcrumb\":{\"@id\":\"https:\/\/www.campingcampagna.it\/fr\/territoire\/ticino\/#breadcrumb\"},\"inLanguage\":\"fr-FR\",\"potentialAction\":[{\"@type\":\"ReadAction\",\"target\":[\"https:\/\/www.campingcampagna.it\/fr\/territoire\/ticino\/\"]}]},{\"@type\":\"ImageObject\",\"inLanguage\":\"fr-FR\",\"@id\":\"https:\/\/www.campingcampagna.it\/fr\/territoire\/ticino\/#primaryimage\",\"url\":\"https:\/\/www.campingcampagna.it\/wp-content\/uploads\/2025\/08\/territorio-cannobio-2.jpg\",\"contentUrl\":\"https:\/\/www.campingcampagna.it\/wp-content\/uploads\/2025\/08\/territorio-cannobio-2.jpg\",\"width\":1920,\"height\":1281,\"caption\":\"Cannobio is a popular tourist resort on Lago Maggiore lake, Italy\"},{\"@type\":\"BreadcrumbList\",\"@id\":\"https:\/\/www.campingcampagna.it\/fr\/territoire\/ticino\/#breadcrumb\",\"itemListElement\":[{\"@type\":\"ListItem\",\"position\":1,\"name\":\"Home\",\"item\":\"https:\/\/www.campingcampagna.it\/fr\/\"},{\"@type\":\"ListItem\",\"position\":2,\"name\":\"Territoire\",\"item\":\"https:\/\/www.campingcampagna.it\/fr\/territoire\/\"},{\"@type\":\"ListItem\",\"position\":3,\"name\":\"Ticino\"}]},{\"@type\":\"WebSite\",\"@id\":\"https:\/\/www.campingcampagna.it\/fr\/#website\",\"url\":\"https:\/\/www.campingcampagna.it\/fr\/\",\"name\":\"Camping Residence Campagna, Cannobio\",\"description\":\"Camping Residence Campagna, Cannobio\",\"publisher\":{\"@id\":\"https:\/\/www.campingcampagna.it\/fr\/#organization\"},\"potentialAction\":[{\"@type\":\"SearchAction\",\"target\":{\"@type\":\"EntryPoint\",\"urlTemplate\":\"https:\/\/www.campingcampagna.it\/fr\/?s={search_term_string}\"},\"query-input\":{\"@type\":\"PropertyValueSpecification\",\"valueRequired\":true,\"valueName\":\"search_term_string\"}}],\"inLanguage\":\"fr-FR\"},{\"@type\":\"Organization\",\"@id\":\"https:\/\/www.campingcampagna.it\/fr\/#organization\",\"name\":\"Camping Residence Campagna, Cannobio\",\"url\":\"https:\/\/www.campingcampagna.it\/fr\/\",\"logo\":{\"@type\":\"ImageObject\",\"inLanguage\":\"fr-FR\",\"@id\":\"https:\/\/www.campingcampagna.it\/fr\/#\/schema\/logo\/image\/\",\"url\":\"https:\/\/www.campingcampagna.it\/wp-content\/uploads\/2024\/12\/logo-camping-campagna.png\",\"contentUrl\":\"https:\/\/www.campingcampagna.it\/wp-content\/uploads\/2024\/12\/logo-camping-campagna.png\",\"width\":600,\"height\":180,\"caption\":\"Camping Residence Campagna, Cannobio\"},\"image\":{\"@id\":\"https:\/\/www.campingcampagna.it\/fr\/#\/schema\/logo\/image\/\"},\"sameAs\":[\"https:\/\/www.facebook.com\/pages\/Camping-Residence-Campagna\/389033907956132\",\"https:\/\/www.instagram.com\/campingcampagna\/\",\"https:\/\/www.youtube.com\/channel\/UCULvOj0LyU7VymrGeK73skQ\"]}]}<\/script>\n<!-- \/ Yoast SEO plugin. -->","yoast_head_json":{"title":"Ticino: que voir et comment s'y rendre","description":"\u00c0 quelques kilom\u00e8tres de Cannobio, sur la rive suisse du lac Majeur, d\u00e9couvrez le Tessin : de Locarno avec le t\u00e9l\u00e9ph\u00e9rique de Cardada aux excursions sur le Monte Tamaro, jusqu\u2019aux ch\u00e2teaux de Bellinzone et au parc botanique des \u00eeles de Brissago.","robots":{"index":"index","follow":"follow","max-snippet":"max-snippet:-1","max-image-preview":"max-image-preview:large","max-video-preview":"max-video-preview:-1"},"canonical":"https:\/\/www.campingcampagna.it\/fr\/territoire\/ticino\/","og_locale":"fr_FR","og_type":"article","og_title":"Ticino: que voir et comment s'y rendre","og_description":"\u00c0 quelques kilom\u00e8tres de Cannobio, sur la rive suisse du lac Majeur, d\u00e9couvrez le Tessin : de Locarno avec le t\u00e9l\u00e9ph\u00e9rique de Cardada aux excursions sur le Monte Tamaro, jusqu\u2019aux ch\u00e2teaux de Bellinzone et au parc botanique des \u00eeles de Brissago.","og_url":"https:\/\/www.campingcampagna.it\/fr\/territoire\/ticino\/","og_site_name":"Camping Residence Campagna, Cannobio","article_publisher":"https:\/\/www.facebook.com\/pages\/Camping-Residence-Campagna\/389033907956132","article_modified_time":"2025-08-06T12:12:15+00:00","og_image":[{"width":1920,"height":1281,"url":"https:\/\/www.campingcampagna.it\/wp-content\/uploads\/2025\/08\/territorio-cannobio-2.jpg","type":"image\/jpeg"}],"twitter_card":"summary_large_image","twitter_misc":{"Dur\u00e9e de lecture estim\u00e9e":"2 minutes"},"schema":{"@context":"https:\/\/schema.org","@graph":[{"@type":"WebPage","@id":"https:\/\/www.campingcampagna.it\/fr\/territoire\/ticino\/","url":"https:\/\/www.campingcampagna.it\/fr\/territoire\/ticino\/","name":"Ticino: que voir et comment s'y rendre","isPartOf":{"@id":"https:\/\/www.campingcampagna.it\/fr\/#website"},"primaryImageOfPage":{"@id":"https:\/\/www.campingcampagna.it\/fr\/territoire\/ticino\/#primaryimage"},"image":{"@id":"https:\/\/www.campingcampagna.it\/fr\/territoire\/ticino\/#primaryimage"},"thumbnailUrl":"https:\/\/www.campingcampagna.it\/wp-content\/uploads\/2025\/08\/territorio-cannobio-2.jpg","datePublished":"2025-08-06T10:04:23+00:00","dateModified":"2025-08-06T12:12:15+00:00","description":"\u00c0 quelques kilom\u00e8tres de Cannobio, sur la rive suisse du lac Majeur, d\u00e9couvrez le Tessin : de Locarno avec le t\u00e9l\u00e9ph\u00e9rique de Cardada aux excursions sur le Monte Tamaro, jusqu\u2019aux ch\u00e2teaux de Bellinzone et au parc botanique des \u00eeles de Brissago.","breadcrumb":{"@id":"https:\/\/www.campingcampagna.it\/fr\/territoire\/ticino\/#breadcrumb"},"inLanguage":"fr-FR","potentialAction":[{"@type":"ReadAction","target":["https:\/\/www.campingcampagna.it\/fr\/territoire\/ticino\/"]}]},{"@type":"ImageObject","inLanguage":"fr-FR","@id":"https:\/\/www.campingcampagna.it\/fr\/territoire\/ticino\/#primaryimage","url":"https:\/\/www.campingcampagna.it\/wp-content\/uploads\/2025\/08\/territorio-cannobio-2.jpg","contentUrl":"https:\/\/www.campingcampagna.it\/wp-content\/uploads\/2025\/08\/territorio-cannobio-2.jpg","width":1920,"height":1281,"caption":"Cannobio is a popular tourist resort on Lago Maggiore lake, Italy"},{"@type":"BreadcrumbList","@id":"https:\/\/www.campingcampagna.it\/fr\/territoire\/ticino\/#breadcrumb","itemListElement":[{"@type":"ListItem","position":1,"name":"Home","item":"https:\/\/www.campingcampagna.it\/fr\/"},{"@type":"ListItem","position":2,"name":"Territoire","item":"https:\/\/www.campingcampagna.it\/fr\/territoire\/"},{"@type":"ListItem","position":3,"name":"Ticino"}]},{"@type":"WebSite","@id":"https:\/\/www.campingcampagna.it\/fr\/#website","url":"https:\/\/www.campingcampagna.it\/fr\/","name":"Camping Residence Campagna, Cannobio","description":"Camping Residence Campagna, Cannobio","publisher":{"@id":"https:\/\/www.campingcampagna.it\/fr\/#organization"},"potentialAction":[{"@type":"SearchAction","target":{"@type":"EntryPoint","urlTemplate":"https:\/\/www.campingcampagna.it\/fr\/?s={search_term_string}"},"query-input":{"@type":"PropertyValueSpecification","valueRequired":true,"valueName":"search_term_string"}}],"inLanguage":"fr-FR"},{"@type":"Organization","@id":"https:\/\/www.campingcampagna.it\/fr\/#organization","name":"Camping Residence Campagna, Cannobio","url":"https:\/\/www.campingcampagna.it\/fr\/","logo":{"@type":"ImageObject","inLanguage":"fr-FR","@id":"https:\/\/www.campingcampagna.it\/fr\/#\/schema\/logo\/image\/","url":"https:\/\/www.campingcampagna.it\/wp-content\/uploads\/2024\/12\/logo-camping-campagna.png","contentUrl":"https:\/\/www.campingcampagna.it\/wp-content\/uploads\/2024\/12\/logo-camping-campagna.png","width":600,"height":180,"caption":"Camping Residence Campagna, Cannobio"},"image":{"@id":"https:\/\/www.campingcampagna.it\/fr\/#\/schema\/logo\/image\/"},"sameAs":["https:\/\/www.facebook.com\/pages\/Camping-Residence-Campagna\/389033907956132","https:\/\/www.instagram.com\/campingcampagna\/","https:\/\/www.youtube.com\/channel\/UCULvOj0LyU7VymrGeK73skQ"]}]}},"_links":{"self":[{"href":"https:\/\/www.campingcampagna.it\/fr\/wp-json\/wp\/v2\/pages\/23878","targetHints":{"allow":["GET"]}}],"collection":[{"href":"https:\/\/www.campingcampagna.it\/fr\/wp-json\/wp\/v2\/pages"}],"about":[{"href":"https:\/\/www.campingcampagna.it\/fr\/wp-json\/wp\/v2\/types\/page"}],"author":[{"embeddable":true,"href":"https:\/\/www.campingcampagna.it\/fr\/wp-json\/wp\/v2\/users\/1"}],"replies":[{"embeddable":true,"href":"https:\/\/www.campingcampagna.it\/fr\/wp-json\/wp\/v2\/comments?post=23878"}],"version-history":[{"count":3,"href":"https:\/\/www.campingcampagna.it\/fr\/wp-json\/wp\/v2\/pages\/23878\/revisions"}],"predecessor-version":[{"id":23928,"href":"https:\/\/www.campingcampagna.it\/fr\/wp-json\/wp\/v2\/pages\/23878\/revisions\/23928"}],"up":[{"embeddable":true,"href":"https:\/\/www.campingcampagna.it\/fr\/wp-json\/wp\/v2\/pages\/23666"}],"wp:featuredmedia":[{"embeddable":true,"href":"https:\/\/www.campingcampagna.it\/fr\/wp-json\/wp\/v2\/media\/23791"}],"wp:attachment":[{"href":"https:\/\/www.campingcampagna.it\/fr\/wp-json\/wp\/v2\/media?parent=23878"}],"curies":[{"name":"wp","href":"https:\/\/api.w.org\/{rel}","templated":true}]}}