{"id":23875,"date":"2025-08-06T12:55:48","date_gmt":"2025-08-06T10:55:48","guid":{"rendered":"https:\/\/test.campingcampagna.it\/territoire\/isole-borromee\/"},"modified":"2025-08-06T14:11:43","modified_gmt":"2025-08-06T12:11:43","slug":"isole-borromee","status":"publish","type":"page","link":"https:\/\/www.campingcampagna.it\/fr\/territoire\/isole-borromee\/","title":{"rendered":"Isole Borromee"},"content":{"rendered":"\t\t<div data-elementor-type=\"wp-page\" data-elementor-id=\"23875\" class=\"elementor elementor-23875 elementor-23845\">\n\t\t\t\t<div class=\"elementor-element elementor-element-8c579d1 e-flex e-con-boxed e-con e-parent\" data-id=\"8c579d1\" data-element_type=\"container\">\n\t\t\t\t\t<div class=\"e-con-inner\">\n\t\t<div class=\"elementor-element elementor-element-2dcf3ab e-con-full e-flex e-con e-child\" data-id=\"2dcf3ab\" data-element_type=\"container\">\n\t\t\t\t<div class=\"elementor-element elementor-element-76c1da3 elementor-widget elementor-widget-text-editor\" data-id=\"76c1da3\" data-element_type=\"widget\" data-widget_type=\"text-editor.default\">\n\t\t\t\t<div class=\"elementor-widget-container\">\n\t\t\t\t\t\t\t\t\t<p>C\u00e9l\u00e8bre pour ses couleurs et ses parfums, le Lac Majeur offre aux visiteurs des panoramas d\u2019une beaut\u00e9 incomparable, et parmi ses merveilles se distinguent les c\u00e9l\u00e8bres \u00eeles du <strong>Golfe Borrom\u00e9e<\/strong>, un petit archipel situ\u00e9 dans l\u2019une des positions paysag\u00e8res les plus fascinantes du lac.<\/p><p>Les \u00eeles sont facilement accessibles en bateau depuis Cannobio ou Verbania et offrent des exp\u00e9riences uniques :<\/p><h4>Isola Bella<\/h4><p>Un joyau d\u2019\u00e9l\u00e9gance, c\u00e9l\u00e8bre pour son majestueux <strong>Palais Baroque de la famille Borromeo<\/strong>, dont les salles sont d\u00e9cor\u00e9es de fresques, de tapisseries et d\u2019\u0153uvres d\u2019art pr\u00e9cieuses. L\u2019\u00eele abrite \u00e9galement un <strong>magnifique jardin \u00e0 l\u2019italienne en terrasses<\/strong>, une \u0153uvre d\u2019art naturelle et architecturale o\u00f9 fleurissent des vari\u00e9t\u00e9s rares et color\u00e9es de plantes et de fleurs. On y trouve des fontaines \u00e9l\u00e9gantes, des statues et des majestueux paons blancs qui se prom\u00e8nent librement.<\/p><h4>Isola Madre<\/h4><p>La plus grande des trois \u00eeles, c\u00e9l\u00e8bre pour son <strong>jardin botanique luxuriant<\/strong>, une explosion de nature qui abrite des plantes exotiques, des arbres centenaires et des vari\u00e9t\u00e9s florales rares. Ici, des paons blancs, des perroquets et des faisans vivent en totale libert\u00e9, cr\u00e9ant une atmosph\u00e8re presque f\u00e9erique. En arri\u00e8re-plan, l\u2019\u00e9l\u00e9gance discr\u00e8te du palais historique raconte l\u2019histoire de la famille Borromeo.<\/p><h4>Isola dei Pescatori<\/h4><p>La seule \u00eele habit\u00e9e de fa\u00e7on permanente, c\u2019est un petit village pittoresque qui a su conserver son authenticit\u00e9. Les maisons color\u00e9es, les ruelles \u00e9troites et les bateaux amarr\u00e9s conf\u00e8rent \u00e0 cette \u00eele une atmosph\u00e8re unique. C\u2019est l\u2019endroit id\u00e9al pour se promener, go\u00fbter les sp\u00e9cialit\u00e9s locales dans les restaurants typiques et admirer le coucher du soleil dans un cadre intemporel.<\/p><p>D\u00e9couvrez-en plus sur ce coin de paradis : <a href=\"http:\/\/www.isoleborromee.it\" target=\"_blank\" rel=\"noopener\"><strong>visitez le site officiel des Isole Borromee<\/strong><\/a><\/p>\t\t\t\t\t\t\t\t<\/div>\n\t\t\t\t<\/div>\n\t\t\t\t<\/div>\n\t\t<div class=\"elementor-element elementor-element-2ac6b67 e-con-full e-flex e-con e-child\" data-id=\"2ac6b67\" data-element_type=\"container\">\n\t\t\t\t<div class=\"elementor-element elementor-element-5fe02b9 elementor-widget elementor-widget-image-gallery\" data-id=\"5fe02b9\" data-element_type=\"widget\" data-widget_type=\"image-gallery.default\">\n\t\t\t\t<div class=\"elementor-widget-container\">\n\t\t\t\t\t\t\t<div class=\"elementor-image-gallery\">\n\t\t\t\n\t\t<style type=\"text\/css\">\n\t\t\t#gallery-1 {\n\t\t\t\tmargin: auto;\n\t\t\t}\n\t\t\t#gallery-1 .gallery-item {\n\t\t\t\tfloat: left;\n\t\t\t\tmargin-top: 10px;\n\t\t\t\ttext-align: center;\n\t\t\t\twidth: 100%;\n\t\t\t}\n\t\t\t#gallery-1 img {\n\t\t\t\tborder: 2px solid #cfcfcf;\n\t\t\t}\n\t\t\t#gallery-1 .gallery-caption {\n\t\t\t\tmargin-left: 0;\n\t\t\t}\n\t\t\t\/* see gallery_shortcode() in wp-includes\/media.php *\/\n\t\t<\/style>\n\t\t<div id='gallery-1' class='gallery galleryid-23875 gallery-columns-1 gallery-size-full'><dl class='gallery-item'>\n\t\t\t<dt class='gallery-icon landscape'>\n\t\t\t\t<a data-elementor-open-lightbox=\"yes\" data-elementor-lightbox-slideshow=\"5fe02b9\" data-elementor-lightbox-title=\"Isole Borromee sul Lago Maggiore\" data-e-action-hash=\"#elementor-action%3Aaction%3Dlightbox%26settings%3DeyJpZCI6MjM2OTksInVybCI6Imh0dHBzOlwvXC93d3cuY2FtcGluZ2NhbXBhZ25hLml0XC93cC1jb250ZW50XC91cGxvYWRzXC8yMDI1XC8wOFwvaXNvbGUtYm9ycm9tZWUtbGFnby1tYWdnaW9yZS00LmpwZyIsInNsaWRlc2hvdyI6IjVmZTAyYjkifQ%3D%3D\" href='https:\/\/www.campingcampagna.it\/wp-content\/uploads\/2025\/08\/isole-borromee-lago-maggiore-4.jpg'><img fetchpriority=\"high\" decoding=\"async\" width=\"1280\" height=\"853\" src=\"https:\/\/www.campingcampagna.it\/wp-content\/uploads\/2025\/08\/isole-borromee-lago-maggiore-4.jpg\" class=\"attachment-full size-full\" alt=\"Isole Borromee sul Lago Maggiore\" srcset=\"https:\/\/www.campingcampagna.it\/wp-content\/uploads\/2025\/08\/isole-borromee-lago-maggiore-4.jpg 1280w, https:\/\/www.campingcampagna.it\/wp-content\/uploads\/2025\/08\/isole-borromee-lago-maggiore-4-300x200.jpg 300w, https:\/\/www.campingcampagna.it\/wp-content\/uploads\/2025\/08\/isole-borromee-lago-maggiore-4-1024x682.jpg 1024w, https:\/\/www.campingcampagna.it\/wp-content\/uploads\/2025\/08\/isole-borromee-lago-maggiore-4-768x512.jpg 768w, https:\/\/www.campingcampagna.it\/wp-content\/uploads\/2025\/08\/isole-borromee-lago-maggiore-4-600x400.jpg 600w\" sizes=\"(max-width: 1280px) 100vw, 1280px\" \/><\/a>\n\t\t\t<\/dt><\/dl><br style=\"clear: both\" \/><dl class='gallery-item'>\n\t\t\t<dt class='gallery-icon landscape'>\n\t\t\t\t<a data-elementor-open-lightbox=\"yes\" data-elementor-lightbox-slideshow=\"5fe02b9\" data-elementor-lightbox-title=\"Isole Borromee sul Lago Maggiore\" data-e-action-hash=\"#elementor-action%3Aaction%3Dlightbox%26settings%3DeyJpZCI6MjM3MDcsInVybCI6Imh0dHBzOlwvXC93d3cuY2FtcGluZ2NhbXBhZ25hLml0XC93cC1jb250ZW50XC91cGxvYWRzXC8yMDI1XC8wOFwvaXNvbGUtYm9ycm9tZWUtbGFnby1tYWdnaW9yZS0yLmpwZyIsInNsaWRlc2hvdyI6IjVmZTAyYjkifQ%3D%3D\" href='https:\/\/www.campingcampagna.it\/wp-content\/uploads\/2025\/08\/isole-borromee-lago-maggiore-2.jpg'><img decoding=\"async\" width=\"1280\" height=\"853\" src=\"https:\/\/www.campingcampagna.it\/wp-content\/uploads\/2025\/08\/isole-borromee-lago-maggiore-2.jpg\" class=\"attachment-full size-full\" alt=\"Isole Borromee sul Lago Maggiore\" srcset=\"https:\/\/www.campingcampagna.it\/wp-content\/uploads\/2025\/08\/isole-borromee-lago-maggiore-2.jpg 1280w, https:\/\/www.campingcampagna.it\/wp-content\/uploads\/2025\/08\/isole-borromee-lago-maggiore-2-300x200.jpg 300w, https:\/\/www.campingcampagna.it\/wp-content\/uploads\/2025\/08\/isole-borromee-lago-maggiore-2-1024x682.jpg 1024w, https:\/\/www.campingcampagna.it\/wp-content\/uploads\/2025\/08\/isole-borromee-lago-maggiore-2-768x512.jpg 768w, https:\/\/www.campingcampagna.it\/wp-content\/uploads\/2025\/08\/isole-borromee-lago-maggiore-2-600x400.jpg 600w\" sizes=\"(max-width: 1280px) 100vw, 1280px\" \/><\/a>\n\t\t\t<\/dt><\/dl><br style=\"clear: both\" \/><dl class='gallery-item'>\n\t\t\t<dt class='gallery-icon landscape'>\n\t\t\t\t<a data-elementor-open-lightbox=\"yes\" data-elementor-lightbox-slideshow=\"5fe02b9\" data-elementor-lightbox-title=\"Isole Borromee sul Lago Maggiore\" data-e-action-hash=\"#elementor-action%3Aaction%3Dlightbox%26settings%3DeyJpZCI6MjM3MDMsInVybCI6Imh0dHBzOlwvXC93d3cuY2FtcGluZ2NhbXBhZ25hLml0XC93cC1jb250ZW50XC91cGxvYWRzXC8yMDI1XC8wOFwvaXNvbGUtYm9ycm9tZWUtbGFnby1tYWdnaW9yZS0xLmpwZyIsInNsaWRlc2hvdyI6IjVmZTAyYjkifQ%3D%3D\" href='https:\/\/www.campingcampagna.it\/wp-content\/uploads\/2025\/08\/isole-borromee-lago-maggiore-1.jpg'><img decoding=\"async\" width=\"1280\" height=\"853\" src=\"https:\/\/www.campingcampagna.it\/wp-content\/uploads\/2025\/08\/isole-borromee-lago-maggiore-1.jpg\" class=\"attachment-full size-full\" alt=\"Isole Borromee sul Lago Maggiore\" srcset=\"https:\/\/www.campingcampagna.it\/wp-content\/uploads\/2025\/08\/isole-borromee-lago-maggiore-1.jpg 1280w, https:\/\/www.campingcampagna.it\/wp-content\/uploads\/2025\/08\/isole-borromee-lago-maggiore-1-300x200.jpg 300w, https:\/\/www.campingcampagna.it\/wp-content\/uploads\/2025\/08\/isole-borromee-lago-maggiore-1-1024x682.jpg 1024w, https:\/\/www.campingcampagna.it\/wp-content\/uploads\/2025\/08\/isole-borromee-lago-maggiore-1-768x512.jpg 768w, https:\/\/www.campingcampagna.it\/wp-content\/uploads\/2025\/08\/isole-borromee-lago-maggiore-1-600x400.jpg 600w\" sizes=\"(max-width: 1280px) 100vw, 1280px\" \/><\/a>\n\t\t\t<\/dt><\/dl><br style=\"clear: both\" \/>\n\t\t<\/div>\n\t\t<\/div>\n\t\t\t\t\t\t<\/div>\n\t\t\t\t<\/div>\n\t\t\t\t<\/div>\n\t\t\t\t\t<\/div>\n\t\t\t\t<\/div>\n\t\t\t\t<\/div>\n\t\t","protected":false},"excerpt":{"rendered":"<p>C\u00e9l\u00e8bre pour ses couleurs et ses parfums, le Lac Majeur offre aux visiteurs des panoramas d\u2019une beaut\u00e9 incomparable, et parmi ses merveilles se distinguent les c\u00e9l\u00e8bres \u00eeles du Golfe Borrom\u00e9e, un petit archipel situ\u00e9 dans l\u2019une des positions paysag\u00e8res les plus fascinantes du lac. Les \u00eeles sont facilement accessibles en bateau depuis Cannobio ou Verbania [&hellip;]<\/p>\n","protected":false},"author":1,"featured_media":0,"parent":23666,"menu_order":0,"comment_status":"closed","ping_status":"closed","template":"elementor_header_footer","meta":{"footnotes":""},"class_list":["post-23875","page","type-page","status-publish","hentry"],"yoast_head":"<!-- This site is optimized with the Yoast SEO plugin v26.3 - https:\/\/yoast.com\/wordpress\/plugins\/seo\/ -->\n<title>\u00celes Borrom\u00e9es sur le lac Majeur : que voir et comment s&#039;y rendre<\/title>\n<meta name=\"description\" content=\"D\u00e9couvrez la beaut\u00e9 des \u00eeles Borrom\u00e9es : Isola Bella, Isola Madre et Isola Pescatori ; \u00c0 la d\u00e9couverte du Lac Majeur !\" \/>\n<meta name=\"robots\" content=\"index, follow, max-snippet:-1, max-image-preview:large, max-video-preview:-1\" \/>\n<link rel=\"canonical\" href=\"https:\/\/www.campingcampagna.it\/fr\/territoire\/isole-borromee\/\" \/>\n<meta property=\"og:locale\" content=\"fr_FR\" \/>\n<meta property=\"og:type\" content=\"article\" \/>\n<meta property=\"og:title\" content=\"\u00celes Borrom\u00e9es sur le lac Majeur : que voir et comment s&#039;y rendre\" \/>\n<meta property=\"og:description\" content=\"D\u00e9couvrez la beaut\u00e9 des \u00eeles Borrom\u00e9es : Isola Bella, Isola Madre et Isola Pescatori ; \u00c0 la d\u00e9couverte du Lac Majeur !\" \/>\n<meta property=\"og:url\" content=\"https:\/\/www.campingcampagna.it\/fr\/territoire\/isole-borromee\/\" \/>\n<meta property=\"og:site_name\" content=\"Camping Residence Campagna, Cannobio\" \/>\n<meta property=\"article:publisher\" content=\"https:\/\/www.facebook.com\/pages\/Camping-Residence-Campagna\/389033907956132\" \/>\n<meta property=\"article:modified_time\" content=\"2025-08-06T12:11:43+00:00\" \/>\n<meta property=\"og:image\" content=\"https:\/\/test.campingcampagna.it\/wp-content\/uploads\/2025\/08\/isole-borromee-lago-maggiore-4.jpg\" \/>\n<meta name=\"twitter:card\" content=\"summary_large_image\" \/>\n<meta name=\"twitter:label1\" content=\"Dur\u00e9e de lecture estim\u00e9e\" \/>\n\t<meta name=\"twitter:data1\" content=\"2 minutes\" \/>\n<script type=\"application\/ld+json\" class=\"yoast-schema-graph\">{\"@context\":\"https:\/\/schema.org\",\"@graph\":[{\"@type\":\"WebPage\",\"@id\":\"https:\/\/www.campingcampagna.it\/fr\/territoire\/isole-borromee\/\",\"url\":\"https:\/\/www.campingcampagna.it\/fr\/territoire\/isole-borromee\/\",\"name\":\"\u00celes Borrom\u00e9es sur le lac Majeur : que voir et comment s'y rendre\",\"isPartOf\":{\"@id\":\"https:\/\/www.campingcampagna.it\/fr\/#website\"},\"primaryImageOfPage\":{\"@id\":\"https:\/\/www.campingcampagna.it\/fr\/territoire\/isole-borromee\/#primaryimage\"},\"image\":{\"@id\":\"https:\/\/www.campingcampagna.it\/fr\/territoire\/isole-borromee\/#primaryimage\"},\"thumbnailUrl\":\"https:\/\/test.campingcampagna.it\/wp-content\/uploads\/2025\/08\/isole-borromee-lago-maggiore-4.jpg\",\"datePublished\":\"2025-08-06T10:55:48+00:00\",\"dateModified\":\"2025-08-06T12:11:43+00:00\",\"description\":\"D\u00e9couvrez la beaut\u00e9 des \u00eeles Borrom\u00e9es : Isola Bella, Isola Madre et Isola Pescatori ; \u00c0 la d\u00e9couverte du Lac Majeur !\",\"breadcrumb\":{\"@id\":\"https:\/\/www.campingcampagna.it\/fr\/territoire\/isole-borromee\/#breadcrumb\"},\"inLanguage\":\"fr-FR\",\"potentialAction\":[{\"@type\":\"ReadAction\",\"target\":[\"https:\/\/www.campingcampagna.it\/fr\/territoire\/isole-borromee\/\"]}]},{\"@type\":\"ImageObject\",\"inLanguage\":\"fr-FR\",\"@id\":\"https:\/\/www.campingcampagna.it\/fr\/territoire\/isole-borromee\/#primaryimage\",\"url\":\"https:\/\/test.campingcampagna.it\/wp-content\/uploads\/2025\/08\/isole-borromee-lago-maggiore-4.jpg\",\"contentUrl\":\"https:\/\/test.campingcampagna.it\/wp-content\/uploads\/2025\/08\/isole-borromee-lago-maggiore-4.jpg\"},{\"@type\":\"BreadcrumbList\",\"@id\":\"https:\/\/www.campingcampagna.it\/fr\/territoire\/isole-borromee\/#breadcrumb\",\"itemListElement\":[{\"@type\":\"ListItem\",\"position\":1,\"name\":\"Home\",\"item\":\"https:\/\/www.campingcampagna.it\/fr\/\"},{\"@type\":\"ListItem\",\"position\":2,\"name\":\"Territoire\",\"item\":\"https:\/\/www.campingcampagna.it\/fr\/territoire\/\"},{\"@type\":\"ListItem\",\"position\":3,\"name\":\"Isole Borromee\"}]},{\"@type\":\"WebSite\",\"@id\":\"https:\/\/www.campingcampagna.it\/fr\/#website\",\"url\":\"https:\/\/www.campingcampagna.it\/fr\/\",\"name\":\"Camping Residence Campagna, Cannobio\",\"description\":\"Camping Residence Campagna, Cannobio\",\"publisher\":{\"@id\":\"https:\/\/www.campingcampagna.it\/fr\/#organization\"},\"potentialAction\":[{\"@type\":\"SearchAction\",\"target\":{\"@type\":\"EntryPoint\",\"urlTemplate\":\"https:\/\/www.campingcampagna.it\/fr\/?s={search_term_string}\"},\"query-input\":{\"@type\":\"PropertyValueSpecification\",\"valueRequired\":true,\"valueName\":\"search_term_string\"}}],\"inLanguage\":\"fr-FR\"},{\"@type\":\"Organization\",\"@id\":\"https:\/\/www.campingcampagna.it\/fr\/#organization\",\"name\":\"Camping Residence Campagna, Cannobio\",\"url\":\"https:\/\/www.campingcampagna.it\/fr\/\",\"logo\":{\"@type\":\"ImageObject\",\"inLanguage\":\"fr-FR\",\"@id\":\"https:\/\/www.campingcampagna.it\/fr\/#\/schema\/logo\/image\/\",\"url\":\"https:\/\/www.campingcampagna.it\/wp-content\/uploads\/2024\/12\/logo-camping-campagna.png\",\"contentUrl\":\"https:\/\/www.campingcampagna.it\/wp-content\/uploads\/2024\/12\/logo-camping-campagna.png\",\"width\":600,\"height\":180,\"caption\":\"Camping Residence Campagna, Cannobio\"},\"image\":{\"@id\":\"https:\/\/www.campingcampagna.it\/fr\/#\/schema\/logo\/image\/\"},\"sameAs\":[\"https:\/\/www.facebook.com\/pages\/Camping-Residence-Campagna\/389033907956132\",\"https:\/\/www.instagram.com\/campingcampagna\/\",\"https:\/\/www.youtube.com\/channel\/UCULvOj0LyU7VymrGeK73skQ\"]}]}<\/script>\n<!-- \/ Yoast SEO plugin. -->","yoast_head_json":{"title":"\u00celes Borrom\u00e9es sur le lac Majeur : que voir et comment s'y rendre","description":"D\u00e9couvrez la beaut\u00e9 des \u00eeles Borrom\u00e9es : Isola Bella, Isola Madre et Isola Pescatori ; \u00c0 la d\u00e9couverte du Lac Majeur !","robots":{"index":"index","follow":"follow","max-snippet":"max-snippet:-1","max-image-preview":"max-image-preview:large","max-video-preview":"max-video-preview:-1"},"canonical":"https:\/\/www.campingcampagna.it\/fr\/territoire\/isole-borromee\/","og_locale":"fr_FR","og_type":"article","og_title":"\u00celes Borrom\u00e9es sur le lac Majeur : que voir et comment s'y rendre","og_description":"D\u00e9couvrez la beaut\u00e9 des \u00eeles Borrom\u00e9es : Isola Bella, Isola Madre et Isola Pescatori ; \u00c0 la d\u00e9couverte du Lac Majeur !","og_url":"https:\/\/www.campingcampagna.it\/fr\/territoire\/isole-borromee\/","og_site_name":"Camping Residence Campagna, Cannobio","article_publisher":"https:\/\/www.facebook.com\/pages\/Camping-Residence-Campagna\/389033907956132","article_modified_time":"2025-08-06T12:11:43+00:00","og_image":[{"url":"https:\/\/test.campingcampagna.it\/wp-content\/uploads\/2025\/08\/isole-borromee-lago-maggiore-4.jpg","type":"","width":"","height":""}],"twitter_card":"summary_large_image","twitter_misc":{"Dur\u00e9e de lecture estim\u00e9e":"2 minutes"},"schema":{"@context":"https:\/\/schema.org","@graph":[{"@type":"WebPage","@id":"https:\/\/www.campingcampagna.it\/fr\/territoire\/isole-borromee\/","url":"https:\/\/www.campingcampagna.it\/fr\/territoire\/isole-borromee\/","name":"\u00celes Borrom\u00e9es sur le lac Majeur : que voir et comment s'y rendre","isPartOf":{"@id":"https:\/\/www.campingcampagna.it\/fr\/#website"},"primaryImageOfPage":{"@id":"https:\/\/www.campingcampagna.it\/fr\/territoire\/isole-borromee\/#primaryimage"},"image":{"@id":"https:\/\/www.campingcampagna.it\/fr\/territoire\/isole-borromee\/#primaryimage"},"thumbnailUrl":"https:\/\/test.campingcampagna.it\/wp-content\/uploads\/2025\/08\/isole-borromee-lago-maggiore-4.jpg","datePublished":"2025-08-06T10:55:48+00:00","dateModified":"2025-08-06T12:11:43+00:00","description":"D\u00e9couvrez la beaut\u00e9 des \u00eeles Borrom\u00e9es : Isola Bella, Isola Madre et Isola Pescatori ; \u00c0 la d\u00e9couverte du Lac Majeur !","breadcrumb":{"@id":"https:\/\/www.campingcampagna.it\/fr\/territoire\/isole-borromee\/#breadcrumb"},"inLanguage":"fr-FR","potentialAction":[{"@type":"ReadAction","target":["https:\/\/www.campingcampagna.it\/fr\/territoire\/isole-borromee\/"]}]},{"@type":"ImageObject","inLanguage":"fr-FR","@id":"https:\/\/www.campingcampagna.it\/fr\/territoire\/isole-borromee\/#primaryimage","url":"https:\/\/test.campingcampagna.it\/wp-content\/uploads\/2025\/08\/isole-borromee-lago-maggiore-4.jpg","contentUrl":"https:\/\/test.campingcampagna.it\/wp-content\/uploads\/2025\/08\/isole-borromee-lago-maggiore-4.jpg"},{"@type":"BreadcrumbList","@id":"https:\/\/www.campingcampagna.it\/fr\/territoire\/isole-borromee\/#breadcrumb","itemListElement":[{"@type":"ListItem","position":1,"name":"Home","item":"https:\/\/www.campingcampagna.it\/fr\/"},{"@type":"ListItem","position":2,"name":"Territoire","item":"https:\/\/www.campingcampagna.it\/fr\/territoire\/"},{"@type":"ListItem","position":3,"name":"Isole Borromee"}]},{"@type":"WebSite","@id":"https:\/\/www.campingcampagna.it\/fr\/#website","url":"https:\/\/www.campingcampagna.it\/fr\/","name":"Camping Residence Campagna, Cannobio","description":"Camping Residence Campagna, Cannobio","publisher":{"@id":"https:\/\/www.campingcampagna.it\/fr\/#organization"},"potentialAction":[{"@type":"SearchAction","target":{"@type":"EntryPoint","urlTemplate":"https:\/\/www.campingcampagna.it\/fr\/?s={search_term_string}"},"query-input":{"@type":"PropertyValueSpecification","valueRequired":true,"valueName":"search_term_string"}}],"inLanguage":"fr-FR"},{"@type":"Organization","@id":"https:\/\/www.campingcampagna.it\/fr\/#organization","name":"Camping Residence Campagna, Cannobio","url":"https:\/\/www.campingcampagna.it\/fr\/","logo":{"@type":"ImageObject","inLanguage":"fr-FR","@id":"https:\/\/www.campingcampagna.it\/fr\/#\/schema\/logo\/image\/","url":"https:\/\/www.campingcampagna.it\/wp-content\/uploads\/2024\/12\/logo-camping-campagna.png","contentUrl":"https:\/\/www.campingcampagna.it\/wp-content\/uploads\/2024\/12\/logo-camping-campagna.png","width":600,"height":180,"caption":"Camping Residence Campagna, Cannobio"},"image":{"@id":"https:\/\/www.campingcampagna.it\/fr\/#\/schema\/logo\/image\/"},"sameAs":["https:\/\/www.facebook.com\/pages\/Camping-Residence-Campagna\/389033907956132","https:\/\/www.instagram.com\/campingcampagna\/","https:\/\/www.youtube.com\/channel\/UCULvOj0LyU7VymrGeK73skQ"]}]}},"_links":{"self":[{"href":"https:\/\/www.campingcampagna.it\/fr\/wp-json\/wp\/v2\/pages\/23875","targetHints":{"allow":["GET"]}}],"collection":[{"href":"https:\/\/www.campingcampagna.it\/fr\/wp-json\/wp\/v2\/pages"}],"about":[{"href":"https:\/\/www.campingcampagna.it\/fr\/wp-json\/wp\/v2\/types\/page"}],"author":[{"embeddable":true,"href":"https:\/\/www.campingcampagna.it\/fr\/wp-json\/wp\/v2\/users\/1"}],"replies":[{"embeddable":true,"href":"https:\/\/www.campingcampagna.it\/fr\/wp-json\/wp\/v2\/comments?post=23875"}],"version-history":[{"count":3,"href":"https:\/\/www.campingcampagna.it\/fr\/wp-json\/wp\/v2\/pages\/23875\/revisions"}],"predecessor-version":[{"id":23925,"href":"https:\/\/www.campingcampagna.it\/fr\/wp-json\/wp\/v2\/pages\/23875\/revisions\/23925"}],"up":[{"embeddable":true,"href":"https:\/\/www.campingcampagna.it\/fr\/wp-json\/wp\/v2\/pages\/23666"}],"wp:attachment":[{"href":"https:\/\/www.campingcampagna.it\/fr\/wp-json\/wp\/v2\/media?parent=23875"}],"curies":[{"name":"wp","href":"https:\/\/api.w.org\/{rel}","templated":true}]}}