{"id":23872,"date":"2025-08-06T12:56:11","date_gmt":"2025-08-06T10:56:11","guid":{"rendered":"https:\/\/test.campingcampagna.it\/territoire\/valle-cannobina-e-val-grande\/"},"modified":"2025-08-06T14:08:52","modified_gmt":"2025-08-06T12:08:52","slug":"valle-cannobina-et-val-grande","status":"publish","type":"page","link":"https:\/\/www.campingcampagna.it\/fr\/territoire\/valle-cannobina-et-val-grande\/","title":{"rendered":"Valle Cannobina et Val Grande"},"content":{"rendered":"\t\t<div data-elementor-type=\"wp-page\" data-elementor-id=\"23872\" class=\"elementor elementor-23872 elementor-23847\">\n\t\t\t\t<div class=\"elementor-element elementor-element-8c579d1 e-flex e-con-boxed e-con e-parent\" data-id=\"8c579d1\" data-element_type=\"container\">\n\t\t\t\t\t<div class=\"e-con-inner\">\n\t\t<div class=\"elementor-element elementor-element-2dcf3ab e-con-full e-flex e-con e-child\" data-id=\"2dcf3ab\" data-element_type=\"container\">\n\t\t\t\t<div class=\"elementor-element elementor-element-76c1da3 elementor-widget elementor-widget-text-editor\" data-id=\"76c1da3\" data-element_type=\"widget\" data-widget_type=\"text-editor.default\">\n\t\t\t\t<div class=\"elementor-widget-container\">\n\t\t\t\t\t\t\t\t\t<h4>Vall\u00e9e de Cannobina<\/h4><p>La <strong>Vall\u00e9e de Cannobina<\/strong> est riche en petits villages et noyaux ruraux, ce qui la distingue de la plus sauvage <strong>Val Grande<\/strong>. L\u2019acc\u00e8s \u00e0 la vall\u00e9e se fait par le pittoresque <strong>Orrido di Sant\u2019Anna<\/strong>, avec son \u00e9glise m\u00e9di\u00e9vale et son pont roman, qui surplombent les eaux cristallines du torrent <strong>Cannobino<\/strong>.<\/p><p>Un itin\u00e9raire panoramique en voiture permet d\u2019explorer la vall\u00e9e jusqu\u2019\u00e0 la <strong>Vall\u00e9e Vigezzo<\/strong> et les <strong>Centovalli<\/strong>, traversant des paysages \u00e0 couper le souffle et des villages pittoresques tels que <strong>Malesco<\/strong>, <strong>Santa Maria Maggiore<\/strong>, <strong>Re<\/strong> et <strong>Ponte Brolla<\/strong>, avant d\u2019arriver \u00e0 <strong>Locarno<\/strong> et de revenir \u00e0 <strong>Cannobio<\/strong>.<br \/><a href=\"http:\/\/www.vallecannobina.it\" target=\"_blank\" rel=\"noopener\">www.vallecannobina.it<\/a><\/p><p>\u00c0 quelques kilom\u00e8tres de Cannobio, accessible par un sentier panoramique, se trouve <strong>Carmine Superiore<\/strong>, un village m\u00e9di\u00e9val du Xe-XIe si\u00e8cle perch\u00e9 sur un promontoire rocheux. De l\u00e0, vous b\u00e9n\u00e9ficierez d\u2019une vue imprenable sur le <strong>Lac Majeur<\/strong>, dans une atmosph\u00e8re hors du temps.<\/p><h4>Val Grande<\/h4><p>Pour les randonneurs les plus exp\u00e9riment\u00e9s, le <strong>Parc National de Val Grande<\/strong> offre une exp\u00e9rience unique. Ce parc est la plus grande zone <strong>wilderness<\/strong> d\u2019Italie, o\u00f9 le silence et la nature pr\u00e9serv\u00e9e r\u00e8gnent en ma\u00eetres. Les sentiers, souvent difficiles et immerg\u00e9s dans un environnement sauvage, n\u00e9cessitent une grande prudence et l\u2019accompagnement de guides exp\u00e9riment\u00e9s.<br \/><a href=\"http:\/\/www.parcovalgrande.it\" target=\"_blank\" rel=\"noopener\">www.parcovalgrande.it<\/a><\/p><p>Un voyage \u00e0 travers des villages historiques, des panoramas \u00e0 couper le souffle et la beaut\u00e9 intacte de la nature !<\/p>\t\t\t\t\t\t\t\t<\/div>\n\t\t\t\t<\/div>\n\t\t\t\t<\/div>\n\t\t<div class=\"elementor-element elementor-element-2ac6b67 e-con-full e-flex e-con e-child\" data-id=\"2ac6b67\" data-element_type=\"container\">\n\t\t\t\t<div class=\"elementor-element elementor-element-5fe02b9 elementor-widget elementor-widget-image-gallery\" data-id=\"5fe02b9\" data-element_type=\"widget\" data-widget_type=\"image-gallery.default\">\n\t\t\t\t<div class=\"elementor-widget-container\">\n\t\t\t\t\t\t\t<div class=\"elementor-image-gallery\">\n\t\t\t\n\t\t<style type=\"text\/css\">\n\t\t\t#gallery-1 {\n\t\t\t\tmargin: auto;\n\t\t\t}\n\t\t\t#gallery-1 .gallery-item {\n\t\t\t\tfloat: left;\n\t\t\t\tmargin-top: 10px;\n\t\t\t\ttext-align: center;\n\t\t\t\twidth: 100%;\n\t\t\t}\n\t\t\t#gallery-1 img {\n\t\t\t\tborder: 2px solid #cfcfcf;\n\t\t\t}\n\t\t\t#gallery-1 .gallery-caption {\n\t\t\t\tmargin-left: 0;\n\t\t\t}\n\t\t\t\/* see gallery_shortcode() in wp-includes\/media.php *\/\n\t\t<\/style>\n\t\t<div id='gallery-1' class='gallery galleryid-23872 gallery-columns-1 gallery-size-full'><dl class='gallery-item'>\n\t\t\t<dt class='gallery-icon landscape'>\n\t\t\t\t<a data-elementor-open-lightbox=\"yes\" data-elementor-lightbox-slideshow=\"5fe02b9\" data-elementor-lightbox-title=\"Waterfall on Rio Val Grande, in Val Grande National Park\" data-e-action-hash=\"#elementor-action%3Aaction%3Dlightbox%26settings%3DeyJpZCI6MjM3MzIsInVybCI6Imh0dHBzOlwvXC93d3cuY2FtcGluZ2NhbXBhZ25hLml0XC93cC1jb250ZW50XC91cGxvYWRzXC8yMDI1XC8wOFwvdGVycml0b3Jpby12YWwtY2Fubm9iaW5hLXZhbC1ncmFuZGUtMS5qcGciLCJzbGlkZXNob3ciOiI1ZmUwMmI5In0%3D\" href='https:\/\/www.campingcampagna.it\/wp-content\/uploads\/2025\/08\/territorio-val-cannobina-val-grande-1.jpg'><img fetchpriority=\"high\" decoding=\"async\" width=\"1400\" height=\"934\" src=\"https:\/\/www.campingcampagna.it\/wp-content\/uploads\/2025\/08\/territorio-val-cannobina-val-grande-1.jpg\" class=\"attachment-full size-full\" alt=\"Val Grande\" aria-describedby=\"gallery-1-23732\" srcset=\"https:\/\/www.campingcampagna.it\/wp-content\/uploads\/2025\/08\/territorio-val-cannobina-val-grande-1.jpg 1400w, https:\/\/www.campingcampagna.it\/wp-content\/uploads\/2025\/08\/territorio-val-cannobina-val-grande-1-300x200.jpg 300w, https:\/\/www.campingcampagna.it\/wp-content\/uploads\/2025\/08\/territorio-val-cannobina-val-grande-1-1024x683.jpg 1024w, https:\/\/www.campingcampagna.it\/wp-content\/uploads\/2025\/08\/territorio-val-cannobina-val-grande-1-768x512.jpg 768w, https:\/\/www.campingcampagna.it\/wp-content\/uploads\/2025\/08\/territorio-val-cannobina-val-grande-1-600x400.jpg 600w\" sizes=\"(max-width: 1400px) 100vw, 1400px\" \/><\/a>\n\t\t\t<\/dt>\n\t\t\t\t<dd class='wp-caption-text gallery-caption' id='gallery-1-23732'>\n\t\t\t\tWaterfall on Rio Val Grande, in Val Grande National Park, Piedmont, Italy\n\t\t\t\t<\/dd><\/dl><br style=\"clear: both\" \/><dl class='gallery-item'>\n\t\t\t<dt class='gallery-icon landscape'>\n\t\t\t\t<a data-elementor-open-lightbox=\"yes\" data-elementor-lightbox-slideshow=\"5fe02b9\" data-elementor-lightbox-title=\"Valley Cannobio with church Santa Anna at Lake Maggiore\" data-e-action-hash=\"#elementor-action%3Aaction%3Dlightbox%26settings%3DeyJpZCI6MjM3MjgsInVybCI6Imh0dHBzOlwvXC93d3cuY2FtcGluZ2NhbXBhZ25hLml0XC93cC1jb250ZW50XC91cGxvYWRzXC8yMDI1XC8wOFwvdGVycml0b3Jpby12YWwtY2Fubm9iaW5hLXZhbC1ncmFuZGUtMi5qcGciLCJzbGlkZXNob3ciOiI1ZmUwMmI5In0%3D\" href='https:\/\/www.campingcampagna.it\/wp-content\/uploads\/2025\/08\/territorio-val-cannobina-val-grande-2.jpg'><img decoding=\"async\" width=\"1400\" height=\"934\" src=\"https:\/\/www.campingcampagna.it\/wp-content\/uploads\/2025\/08\/territorio-val-cannobina-val-grande-2.jpg\" class=\"attachment-full size-full\" alt=\"Val Cannobina e Val Grande\" aria-describedby=\"gallery-1-23728\" srcset=\"https:\/\/www.campingcampagna.it\/wp-content\/uploads\/2025\/08\/territorio-val-cannobina-val-grande-2.jpg 1400w, https:\/\/www.campingcampagna.it\/wp-content\/uploads\/2025\/08\/territorio-val-cannobina-val-grande-2-300x200.jpg 300w, https:\/\/www.campingcampagna.it\/wp-content\/uploads\/2025\/08\/territorio-val-cannobina-val-grande-2-1024x683.jpg 1024w, https:\/\/www.campingcampagna.it\/wp-content\/uploads\/2025\/08\/territorio-val-cannobina-val-grande-2-768x512.jpg 768w, https:\/\/www.campingcampagna.it\/wp-content\/uploads\/2025\/08\/territorio-val-cannobina-val-grande-2-600x400.jpg 600w\" sizes=\"(max-width: 1400px) 100vw, 1400px\" \/><\/a>\n\t\t\t<\/dt>\n\t\t\t\t<dd class='wp-caption-text gallery-caption' id='gallery-1-23728'>\n\t\t\t\tValley Cannobio with church Santa Anna at Lake Maggiore\n\t\t\t\t<\/dd><\/dl><br style=\"clear: both\" \/>\n\t\t<\/div>\n\t\t<\/div>\n\t\t\t\t\t\t<\/div>\n\t\t\t\t<\/div>\n\t\t\t\t<\/div>\n\t\t\t\t\t<\/div>\n\t\t\t\t<\/div>\n\t\t\t\t<\/div>\n\t\t","protected":false},"excerpt":{"rendered":"<p>Vall\u00e9e de Cannobina La Vall\u00e9e de Cannobina est riche en petits villages et noyaux ruraux, ce qui la distingue de la plus sauvage Val Grande. L\u2019acc\u00e8s \u00e0 la vall\u00e9e se fait par le pittoresque Orrido di Sant\u2019Anna, avec son \u00e9glise m\u00e9di\u00e9vale et son pont roman, qui surplombent les eaux cristallines du torrent Cannobino. Un itin\u00e9raire [&hellip;]<\/p>\n","protected":false},"author":1,"featured_media":0,"parent":23666,"menu_order":0,"comment_status":"closed","ping_status":"closed","template":"elementor_header_footer","meta":{"footnotes":""},"class_list":["post-23872","page","type-page","status-publish","hentry"],"yoast_head":"<!-- This site is optimized with the Yoast SEO plugin v26.3 - https:\/\/yoast.com\/wordpress\/plugins\/seo\/ -->\n<title>Valle Cannobina et Val Grande: que voir et comment s&#039;y rendre<\/title>\n<meta name=\"description\" content=\"D\u00e9couvrez la Vall\u00e9e Cannobina et le Parc National de la Val Grande : sentiers de randonn\u00e9e, villages historiques et paysages pr\u00e9serv\u00e9s \u00e0 quelques kilom\u00e8tres de Cannobio.\" \/>\n<meta name=\"robots\" content=\"index, follow, max-snippet:-1, max-image-preview:large, max-video-preview:-1\" \/>\n<link rel=\"canonical\" href=\"https:\/\/www.campingcampagna.it\/fr\/territoire\/valle-cannobina-et-val-grande\/\" \/>\n<meta property=\"og:locale\" content=\"fr_FR\" \/>\n<meta property=\"og:type\" content=\"article\" \/>\n<meta property=\"og:title\" content=\"Valle Cannobina et Val Grande: que voir et comment s&#039;y rendre\" \/>\n<meta property=\"og:description\" content=\"D\u00e9couvrez la Vall\u00e9e Cannobina et le Parc National de la Val Grande : sentiers de randonn\u00e9e, villages historiques et paysages pr\u00e9serv\u00e9s \u00e0 quelques kilom\u00e8tres de Cannobio.\" \/>\n<meta property=\"og:url\" content=\"https:\/\/www.campingcampagna.it\/fr\/territoire\/valle-cannobina-et-val-grande\/\" \/>\n<meta property=\"og:site_name\" content=\"Camping Residence Campagna, Cannobio\" \/>\n<meta property=\"article:publisher\" content=\"https:\/\/www.facebook.com\/pages\/Camping-Residence-Campagna\/389033907956132\" \/>\n<meta property=\"article:modified_time\" content=\"2025-08-06T12:08:52+00:00\" \/>\n<meta property=\"og:image\" content=\"https:\/\/test.campingcampagna.it\/wp-content\/uploads\/2025\/08\/territorio-val-cannobina-val-grande-1.jpg\" \/>\n<meta name=\"twitter:card\" content=\"summary_large_image\" \/>\n<meta name=\"twitter:label1\" content=\"Dur\u00e9e de lecture estim\u00e9e\" \/>\n\t<meta name=\"twitter:data1\" content=\"1 minute\" \/>\n<script type=\"application\/ld+json\" class=\"yoast-schema-graph\">{\"@context\":\"https:\/\/schema.org\",\"@graph\":[{\"@type\":\"WebPage\",\"@id\":\"https:\/\/www.campingcampagna.it\/fr\/territoire\/valle-cannobina-et-val-grande\/\",\"url\":\"https:\/\/www.campingcampagna.it\/fr\/territoire\/valle-cannobina-et-val-grande\/\",\"name\":\"Valle Cannobina et Val Grande: que voir et comment s'y rendre\",\"isPartOf\":{\"@id\":\"https:\/\/www.campingcampagna.it\/fr\/#website\"},\"primaryImageOfPage\":{\"@id\":\"https:\/\/www.campingcampagna.it\/fr\/territoire\/valle-cannobina-et-val-grande\/#primaryimage\"},\"image\":{\"@id\":\"https:\/\/www.campingcampagna.it\/fr\/territoire\/valle-cannobina-et-val-grande\/#primaryimage\"},\"thumbnailUrl\":\"https:\/\/test.campingcampagna.it\/wp-content\/uploads\/2025\/08\/territorio-val-cannobina-val-grande-1.jpg\",\"datePublished\":\"2025-08-06T10:56:11+00:00\",\"dateModified\":\"2025-08-06T12:08:52+00:00\",\"description\":\"D\u00e9couvrez la Vall\u00e9e Cannobina et le Parc National de la Val Grande : sentiers de randonn\u00e9e, villages historiques et paysages pr\u00e9serv\u00e9s \u00e0 quelques kilom\u00e8tres de Cannobio.\",\"breadcrumb\":{\"@id\":\"https:\/\/www.campingcampagna.it\/fr\/territoire\/valle-cannobina-et-val-grande\/#breadcrumb\"},\"inLanguage\":\"fr-FR\",\"potentialAction\":[{\"@type\":\"ReadAction\",\"target\":[\"https:\/\/www.campingcampagna.it\/fr\/territoire\/valle-cannobina-et-val-grande\/\"]}]},{\"@type\":\"ImageObject\",\"inLanguage\":\"fr-FR\",\"@id\":\"https:\/\/www.campingcampagna.it\/fr\/territoire\/valle-cannobina-et-val-grande\/#primaryimage\",\"url\":\"https:\/\/test.campingcampagna.it\/wp-content\/uploads\/2025\/08\/territorio-val-cannobina-val-grande-1.jpg\",\"contentUrl\":\"https:\/\/test.campingcampagna.it\/wp-content\/uploads\/2025\/08\/territorio-val-cannobina-val-grande-1.jpg\"},{\"@type\":\"BreadcrumbList\",\"@id\":\"https:\/\/www.campingcampagna.it\/fr\/territoire\/valle-cannobina-et-val-grande\/#breadcrumb\",\"itemListElement\":[{\"@type\":\"ListItem\",\"position\":1,\"name\":\"Home\",\"item\":\"https:\/\/www.campingcampagna.it\/fr\/\"},{\"@type\":\"ListItem\",\"position\":2,\"name\":\"Territoire\",\"item\":\"https:\/\/www.campingcampagna.it\/fr\/territoire\/\"},{\"@type\":\"ListItem\",\"position\":3,\"name\":\"Valle Cannobina et Val Grande\"}]},{\"@type\":\"WebSite\",\"@id\":\"https:\/\/www.campingcampagna.it\/fr\/#website\",\"url\":\"https:\/\/www.campingcampagna.it\/fr\/\",\"name\":\"Camping Residence Campagna, Cannobio\",\"description\":\"Camping Residence Campagna, Cannobio\",\"publisher\":{\"@id\":\"https:\/\/www.campingcampagna.it\/fr\/#organization\"},\"potentialAction\":[{\"@type\":\"SearchAction\",\"target\":{\"@type\":\"EntryPoint\",\"urlTemplate\":\"https:\/\/www.campingcampagna.it\/fr\/?s={search_term_string}\"},\"query-input\":{\"@type\":\"PropertyValueSpecification\",\"valueRequired\":true,\"valueName\":\"search_term_string\"}}],\"inLanguage\":\"fr-FR\"},{\"@type\":\"Organization\",\"@id\":\"https:\/\/www.campingcampagna.it\/fr\/#organization\",\"name\":\"Camping Residence Campagna, Cannobio\",\"url\":\"https:\/\/www.campingcampagna.it\/fr\/\",\"logo\":{\"@type\":\"ImageObject\",\"inLanguage\":\"fr-FR\",\"@id\":\"https:\/\/www.campingcampagna.it\/fr\/#\/schema\/logo\/image\/\",\"url\":\"https:\/\/www.campingcampagna.it\/wp-content\/uploads\/2024\/12\/logo-camping-campagna.png\",\"contentUrl\":\"https:\/\/www.campingcampagna.it\/wp-content\/uploads\/2024\/12\/logo-camping-campagna.png\",\"width\":600,\"height\":180,\"caption\":\"Camping Residence Campagna, Cannobio\"},\"image\":{\"@id\":\"https:\/\/www.campingcampagna.it\/fr\/#\/schema\/logo\/image\/\"},\"sameAs\":[\"https:\/\/www.facebook.com\/pages\/Camping-Residence-Campagna\/389033907956132\",\"https:\/\/www.instagram.com\/campingcampagna\/\",\"https:\/\/www.youtube.com\/channel\/UCULvOj0LyU7VymrGeK73skQ\"]}]}<\/script>\n<!-- \/ Yoast SEO plugin. -->","yoast_head_json":{"title":"Valle Cannobina et Val Grande: que voir et comment s'y rendre","description":"D\u00e9couvrez la Vall\u00e9e Cannobina et le Parc National de la Val Grande : sentiers de randonn\u00e9e, villages historiques et paysages pr\u00e9serv\u00e9s \u00e0 quelques kilom\u00e8tres de Cannobio.","robots":{"index":"index","follow":"follow","max-snippet":"max-snippet:-1","max-image-preview":"max-image-preview:large","max-video-preview":"max-video-preview:-1"},"canonical":"https:\/\/www.campingcampagna.it\/fr\/territoire\/valle-cannobina-et-val-grande\/","og_locale":"fr_FR","og_type":"article","og_title":"Valle Cannobina et Val Grande: que voir et comment s'y rendre","og_description":"D\u00e9couvrez la Vall\u00e9e Cannobina et le Parc National de la Val Grande : sentiers de randonn\u00e9e, villages historiques et paysages pr\u00e9serv\u00e9s \u00e0 quelques kilom\u00e8tres de Cannobio.","og_url":"https:\/\/www.campingcampagna.it\/fr\/territoire\/valle-cannobina-et-val-grande\/","og_site_name":"Camping Residence Campagna, Cannobio","article_publisher":"https:\/\/www.facebook.com\/pages\/Camping-Residence-Campagna\/389033907956132","article_modified_time":"2025-08-06T12:08:52+00:00","og_image":[{"url":"https:\/\/test.campingcampagna.it\/wp-content\/uploads\/2025\/08\/territorio-val-cannobina-val-grande-1.jpg","type":"","width":"","height":""}],"twitter_card":"summary_large_image","twitter_misc":{"Dur\u00e9e de lecture estim\u00e9e":"1 minute"},"schema":{"@context":"https:\/\/schema.org","@graph":[{"@type":"WebPage","@id":"https:\/\/www.campingcampagna.it\/fr\/territoire\/valle-cannobina-et-val-grande\/","url":"https:\/\/www.campingcampagna.it\/fr\/territoire\/valle-cannobina-et-val-grande\/","name":"Valle Cannobina et Val Grande: que voir et comment s'y rendre","isPartOf":{"@id":"https:\/\/www.campingcampagna.it\/fr\/#website"},"primaryImageOfPage":{"@id":"https:\/\/www.campingcampagna.it\/fr\/territoire\/valle-cannobina-et-val-grande\/#primaryimage"},"image":{"@id":"https:\/\/www.campingcampagna.it\/fr\/territoire\/valle-cannobina-et-val-grande\/#primaryimage"},"thumbnailUrl":"https:\/\/test.campingcampagna.it\/wp-content\/uploads\/2025\/08\/territorio-val-cannobina-val-grande-1.jpg","datePublished":"2025-08-06T10:56:11+00:00","dateModified":"2025-08-06T12:08:52+00:00","description":"D\u00e9couvrez la Vall\u00e9e Cannobina et le Parc National de la Val Grande : sentiers de randonn\u00e9e, villages historiques et paysages pr\u00e9serv\u00e9s \u00e0 quelques kilom\u00e8tres de Cannobio.","breadcrumb":{"@id":"https:\/\/www.campingcampagna.it\/fr\/territoire\/valle-cannobina-et-val-grande\/#breadcrumb"},"inLanguage":"fr-FR","potentialAction":[{"@type":"ReadAction","target":["https:\/\/www.campingcampagna.it\/fr\/territoire\/valle-cannobina-et-val-grande\/"]}]},{"@type":"ImageObject","inLanguage":"fr-FR","@id":"https:\/\/www.campingcampagna.it\/fr\/territoire\/valle-cannobina-et-val-grande\/#primaryimage","url":"https:\/\/test.campingcampagna.it\/wp-content\/uploads\/2025\/08\/territorio-val-cannobina-val-grande-1.jpg","contentUrl":"https:\/\/test.campingcampagna.it\/wp-content\/uploads\/2025\/08\/territorio-val-cannobina-val-grande-1.jpg"},{"@type":"BreadcrumbList","@id":"https:\/\/www.campingcampagna.it\/fr\/territoire\/valle-cannobina-et-val-grande\/#breadcrumb","itemListElement":[{"@type":"ListItem","position":1,"name":"Home","item":"https:\/\/www.campingcampagna.it\/fr\/"},{"@type":"ListItem","position":2,"name":"Territoire","item":"https:\/\/www.campingcampagna.it\/fr\/territoire\/"},{"@type":"ListItem","position":3,"name":"Valle Cannobina et Val Grande"}]},{"@type":"WebSite","@id":"https:\/\/www.campingcampagna.it\/fr\/#website","url":"https:\/\/www.campingcampagna.it\/fr\/","name":"Camping Residence Campagna, Cannobio","description":"Camping Residence Campagna, Cannobio","publisher":{"@id":"https:\/\/www.campingcampagna.it\/fr\/#organization"},"potentialAction":[{"@type":"SearchAction","target":{"@type":"EntryPoint","urlTemplate":"https:\/\/www.campingcampagna.it\/fr\/?s={search_term_string}"},"query-input":{"@type":"PropertyValueSpecification","valueRequired":true,"valueName":"search_term_string"}}],"inLanguage":"fr-FR"},{"@type":"Organization","@id":"https:\/\/www.campingcampagna.it\/fr\/#organization","name":"Camping Residence Campagna, Cannobio","url":"https:\/\/www.campingcampagna.it\/fr\/","logo":{"@type":"ImageObject","inLanguage":"fr-FR","@id":"https:\/\/www.campingcampagna.it\/fr\/#\/schema\/logo\/image\/","url":"https:\/\/www.campingcampagna.it\/wp-content\/uploads\/2024\/12\/logo-camping-campagna.png","contentUrl":"https:\/\/www.campingcampagna.it\/wp-content\/uploads\/2024\/12\/logo-camping-campagna.png","width":600,"height":180,"caption":"Camping Residence Campagna, Cannobio"},"image":{"@id":"https:\/\/www.campingcampagna.it\/fr\/#\/schema\/logo\/image\/"},"sameAs":["https:\/\/www.facebook.com\/pages\/Camping-Residence-Campagna\/389033907956132","https:\/\/www.instagram.com\/campingcampagna\/","https:\/\/www.youtube.com\/channel\/UCULvOj0LyU7VymrGeK73skQ"]}]}},"_links":{"self":[{"href":"https:\/\/www.campingcampagna.it\/fr\/wp-json\/wp\/v2\/pages\/23872","targetHints":{"allow":["GET"]}}],"collection":[{"href":"https:\/\/www.campingcampagna.it\/fr\/wp-json\/wp\/v2\/pages"}],"about":[{"href":"https:\/\/www.campingcampagna.it\/fr\/wp-json\/wp\/v2\/types\/page"}],"author":[{"embeddable":true,"href":"https:\/\/www.campingcampagna.it\/fr\/wp-json\/wp\/v2\/users\/1"}],"replies":[{"embeddable":true,"href":"https:\/\/www.campingcampagna.it\/fr\/wp-json\/wp\/v2\/comments?post=23872"}],"version-history":[{"count":6,"href":"https:\/\/www.campingcampagna.it\/fr\/wp-json\/wp\/v2\/pages\/23872\/revisions"}],"predecessor-version":[{"id":23916,"href":"https:\/\/www.campingcampagna.it\/fr\/wp-json\/wp\/v2\/pages\/23872\/revisions\/23916"}],"up":[{"embeddable":true,"href":"https:\/\/www.campingcampagna.it\/fr\/wp-json\/wp\/v2\/pages\/23666"}],"wp:attachment":[{"href":"https:\/\/www.campingcampagna.it\/fr\/wp-json\/wp\/v2\/media?parent=23872"}],"curies":[{"name":"wp","href":"https:\/\/api.w.org\/{rel}","templated":true}]}}