{"id":23869,"date":"2025-08-06T12:55:28","date_gmt":"2025-08-06T10:55:28","guid":{"rendered":"https:\/\/test.campingcampagna.it\/territoire\/villa-taranto\/"},"modified":"2025-08-06T14:10:41","modified_gmt":"2025-08-06T12:10:41","slug":"villa-taranto","status":"publish","type":"page","link":"https:\/\/www.campingcampagna.it\/fr\/territoire\/villa-taranto\/","title":{"rendered":"Jardins Botaniques de la Villa Taranto"},"content":{"rendered":"\t\t<div data-elementor-type=\"wp-page\" data-elementor-id=\"23869\" class=\"elementor elementor-23869 elementor-23843\">\n\t\t\t\t<div class=\"elementor-element elementor-element-8c579d1 e-flex e-con-boxed e-con e-parent\" data-id=\"8c579d1\" data-element_type=\"container\">\n\t\t\t\t\t<div class=\"e-con-inner\">\n\t\t<div class=\"elementor-element elementor-element-2dcf3ab e-con-full e-flex e-con e-child\" data-id=\"2dcf3ab\" data-element_type=\"container\">\n\t\t\t\t<div class=\"elementor-element elementor-element-76c1da3 elementor-widget elementor-widget-text-editor\" data-id=\"76c1da3\" data-element_type=\"widget\" data-widget_type=\"text-editor.default\">\n\t\t\t\t<div class=\"elementor-widget-container\">\n\t\t\t\t\t\t\t\t\t<p>\u00c0 seulement 20 km de<strong> Cannobio<\/strong>, Villa Taranto est une \u00e9tape incontournable pour les amoureux de la nature et des paysages. Les <strong>Giardini Botanici di Villa Taranto<\/strong> sont un v\u00e9ritable chef-d\u2019\u0153uvre botanique, un parc enchanteur qui s\u2019\u00e9tend sur 16 hectares de terrain et abrite des milliers d\u2019esp\u00e8ces de plantes provenant des quatre coins du monde. Beaucoup de ces esp\u00e8ces sont rares et uniques en Europe, t\u00e9moignant de l\u2019amour et de la d\u00e9votion du fondateur, le<strong> capitaine Neil McEacharn<\/strong>, qui, dans les ann\u00e9es 30, a commenc\u00e9 \u00e0 cr\u00e9er ce jardin extraordinaire.<\/p><p>Parmi les sentiers, les visiteurs peuvent se plonger dans une explosion de couleurs et de parfums, entre jardins \u00e0 l\u2019italienne, petits lacs et terrasses panoramiques offrant des vues spectaculaires sur le Lac Majeur et les Alpes environnantes.<\/p><p>Des plantes rares et des fleurs exotiques rendent chaque visite unique et fascinante ; une v\u00e9ritable oasis de tranquillit\u00e9 et de beaut\u00e9, id\u00e9ale pour des promenades relaxantes dans un paysage sans pareil.<\/p><p>Ne manquez pas l\u2019occasion de d\u00e9couvrir ce coin de paradis, un lieu o\u00f9 la nature est la protagoniste et chaque saison offre de nouvelles couleurs et surprises.<\/p><p><a href=\"http:\/\/www.villataranto.it\" target=\"_blank\" rel=\"noopener\">www.villataranto.it<\/a><\/p>\t\t\t\t\t\t\t\t<\/div>\n\t\t\t\t<\/div>\n\t\t\t\t<\/div>\n\t\t<div class=\"elementor-element elementor-element-2ac6b67 e-con-full e-flex e-con e-child\" data-id=\"2ac6b67\" data-element_type=\"container\">\n\t\t\t\t<div class=\"elementor-element elementor-element-5fe02b9 elementor-widget elementor-widget-image-gallery\" data-id=\"5fe02b9\" data-element_type=\"widget\" data-widget_type=\"image-gallery.default\">\n\t\t\t\t<div class=\"elementor-widget-container\">\n\t\t\t\t\t\t\t<div class=\"elementor-image-gallery\">\n\t\t\t\n\t\t<style type=\"text\/css\">\n\t\t\t#gallery-1 {\n\t\t\t\tmargin: auto;\n\t\t\t}\n\t\t\t#gallery-1 .gallery-item {\n\t\t\t\tfloat: left;\n\t\t\t\tmargin-top: 10px;\n\t\t\t\ttext-align: center;\n\t\t\t\twidth: 100%;\n\t\t\t}\n\t\t\t#gallery-1 img {\n\t\t\t\tborder: 2px solid #cfcfcf;\n\t\t\t}\n\t\t\t#gallery-1 .gallery-caption {\n\t\t\t\tmargin-left: 0;\n\t\t\t}\n\t\t\t\/* see gallery_shortcode() in wp-includes\/media.php *\/\n\t\t<\/style>\n\t\t<div id='gallery-1' class='gallery galleryid-23869 gallery-columns-1 gallery-size-full'><dl class='gallery-item'>\n\t\t\t<dt class='gallery-icon landscape'>\n\t\t\t\t<a data-elementor-open-lightbox=\"yes\" data-elementor-lightbox-slideshow=\"5fe02b9\" data-elementor-lightbox-title=\"Giardini Botanici di Villa Taranto\" data-e-action-hash=\"#elementor-action%3Aaction%3Dlightbox%26settings%3DeyJpZCI6MjM3MTIsInVybCI6Imh0dHBzOlwvXC93d3cuY2FtcGluZ2NhbXBhZ25hLml0XC93cC1jb250ZW50XC91cGxvYWRzXC8yMDI1XC8wOFwvZ2lhcmlkbmktYm90YW5pY2ktZGktdmlsbGEtdGFyYW50by0xLmpwZyIsInNsaWRlc2hvdyI6IjVmZTAyYjkifQ%3D%3D\" href='https:\/\/www.campingcampagna.it\/wp-content\/uploads\/2025\/08\/giaridni-botanici-di-villa-taranto-1.jpg'><img fetchpriority=\"high\" decoding=\"async\" width=\"1920\" height=\"1280\" src=\"https:\/\/www.campingcampagna.it\/wp-content\/uploads\/2025\/08\/giaridni-botanici-di-villa-taranto-1.jpg\" class=\"attachment-full size-full\" alt=\"Giardini Botanici di Villa Taranto\" srcset=\"https:\/\/www.campingcampagna.it\/wp-content\/uploads\/2025\/08\/giaridni-botanici-di-villa-taranto-1.jpg 1920w, https:\/\/www.campingcampagna.it\/wp-content\/uploads\/2025\/08\/giaridni-botanici-di-villa-taranto-1-300x200.jpg 300w, https:\/\/www.campingcampagna.it\/wp-content\/uploads\/2025\/08\/giaridni-botanici-di-villa-taranto-1-1024x683.jpg 1024w, https:\/\/www.campingcampagna.it\/wp-content\/uploads\/2025\/08\/giaridni-botanici-di-villa-taranto-1-768x512.jpg 768w, https:\/\/www.campingcampagna.it\/wp-content\/uploads\/2025\/08\/giaridni-botanici-di-villa-taranto-1-1536x1024.jpg 1536w, https:\/\/www.campingcampagna.it\/wp-content\/uploads\/2025\/08\/giaridni-botanici-di-villa-taranto-1-600x400.jpg 600w\" sizes=\"(max-width: 1920px) 100vw, 1920px\" \/><\/a>\n\t\t\t<\/dt><\/dl><br style=\"clear: both\" \/><dl class='gallery-item'>\n\t\t\t<dt class='gallery-icon landscape'>\n\t\t\t\t<a data-elementor-open-lightbox=\"yes\" data-elementor-lightbox-slideshow=\"5fe02b9\" data-elementor-lightbox-title=\"Giardini Botanici di Villa Taranto\" data-e-action-hash=\"#elementor-action%3Aaction%3Dlightbox%26settings%3DeyJpZCI6MjM3MTYsInVybCI6Imh0dHBzOlwvXC93d3cuY2FtcGluZ2NhbXBhZ25hLml0XC93cC1jb250ZW50XC91cGxvYWRzXC8yMDI1XC8wOFwvZ2lhcmlkbmktYm90YW5pY2ktZGktdmlsbGEtdGFyYW50by0yLmpwZyIsInNsaWRlc2hvdyI6IjVmZTAyYjkifQ%3D%3D\" href='https:\/\/www.campingcampagna.it\/wp-content\/uploads\/2025\/08\/giaridni-botanici-di-villa-taranto-2.jpg'><img decoding=\"async\" width=\"1920\" height=\"1280\" src=\"https:\/\/www.campingcampagna.it\/wp-content\/uploads\/2025\/08\/giaridni-botanici-di-villa-taranto-2.jpg\" class=\"attachment-full size-full\" alt=\"Giardini Botanici di Villa Taranto\" srcset=\"https:\/\/www.campingcampagna.it\/wp-content\/uploads\/2025\/08\/giaridni-botanici-di-villa-taranto-2.jpg 1920w, https:\/\/www.campingcampagna.it\/wp-content\/uploads\/2025\/08\/giaridni-botanici-di-villa-taranto-2-300x200.jpg 300w, https:\/\/www.campingcampagna.it\/wp-content\/uploads\/2025\/08\/giaridni-botanici-di-villa-taranto-2-1024x683.jpg 1024w, https:\/\/www.campingcampagna.it\/wp-content\/uploads\/2025\/08\/giaridni-botanici-di-villa-taranto-2-768x512.jpg 768w, https:\/\/www.campingcampagna.it\/wp-content\/uploads\/2025\/08\/giaridni-botanici-di-villa-taranto-2-1536x1024.jpg 1536w, https:\/\/www.campingcampagna.it\/wp-content\/uploads\/2025\/08\/giaridni-botanici-di-villa-taranto-2-600x400.jpg 600w\" sizes=\"(max-width: 1920px) 100vw, 1920px\" \/><\/a>\n\t\t\t<\/dt><\/dl><br style=\"clear: both\" \/><dl class='gallery-item'>\n\t\t\t<dt class='gallery-icon landscape'>\n\t\t\t\t<a data-elementor-open-lightbox=\"yes\" data-elementor-lightbox-slideshow=\"5fe02b9\" data-elementor-lightbox-title=\"Giardini Botanici di Villa Taranto\" data-e-action-hash=\"#elementor-action%3Aaction%3Dlightbox%26settings%3DeyJpZCI6MjM3MjAsInVybCI6Imh0dHBzOlwvXC93d3cuY2FtcGluZ2NhbXBhZ25hLml0XC93cC1jb250ZW50XC91cGxvYWRzXC8yMDI1XC8wOFwvZ2lhcmlkbmktYm90YW5pY2ktZGktdmlsbGEtdGFyYW50by0zLmpwZyIsInNsaWRlc2hvdyI6IjVmZTAyYjkifQ%3D%3D\" href='https:\/\/www.campingcampagna.it\/wp-content\/uploads\/2025\/08\/giaridni-botanici-di-villa-taranto-3.jpg'><img decoding=\"async\" width=\"1920\" height=\"1280\" src=\"https:\/\/www.campingcampagna.it\/wp-content\/uploads\/2025\/08\/giaridni-botanici-di-villa-taranto-3.jpg\" class=\"attachment-full size-full\" alt=\"Giardini Botanici di Villa Taranto\" srcset=\"https:\/\/www.campingcampagna.it\/wp-content\/uploads\/2025\/08\/giaridni-botanici-di-villa-taranto-3.jpg 1920w, https:\/\/www.campingcampagna.it\/wp-content\/uploads\/2025\/08\/giaridni-botanici-di-villa-taranto-3-300x200.jpg 300w, https:\/\/www.campingcampagna.it\/wp-content\/uploads\/2025\/08\/giaridni-botanici-di-villa-taranto-3-1024x683.jpg 1024w, https:\/\/www.campingcampagna.it\/wp-content\/uploads\/2025\/08\/giaridni-botanici-di-villa-taranto-3-768x512.jpg 768w, https:\/\/www.campingcampagna.it\/wp-content\/uploads\/2025\/08\/giaridni-botanici-di-villa-taranto-3-1536x1024.jpg 1536w, https:\/\/www.campingcampagna.it\/wp-content\/uploads\/2025\/08\/giaridni-botanici-di-villa-taranto-3-600x400.jpg 600w\" sizes=\"(max-width: 1920px) 100vw, 1920px\" \/><\/a>\n\t\t\t<\/dt><\/dl><br style=\"clear: both\" \/><dl class='gallery-item'>\n\t\t\t<dt class='gallery-icon landscape'>\n\t\t\t\t<a data-elementor-open-lightbox=\"yes\" data-elementor-lightbox-slideshow=\"5fe02b9\" data-elementor-lightbox-title=\"Giardini Botanici di Villa Taranto\" data-e-action-hash=\"#elementor-action%3Aaction%3Dlightbox%26settings%3DeyJpZCI6MjM3MjQsInVybCI6Imh0dHBzOlwvXC93d3cuY2FtcGluZ2NhbXBhZ25hLml0XC93cC1jb250ZW50XC91cGxvYWRzXC8yMDI1XC8wOFwvZ2lhcmlkbmktYm90YW5pY2ktZGktdmlsbGEtdGFyYW50by00LmpwZyIsInNsaWRlc2hvdyI6IjVmZTAyYjkifQ%3D%3D\" href='https:\/\/www.campingcampagna.it\/wp-content\/uploads\/2025\/08\/giaridni-botanici-di-villa-taranto-4.jpg'><img loading=\"lazy\" decoding=\"async\" width=\"1920\" height=\"1280\" src=\"https:\/\/www.campingcampagna.it\/wp-content\/uploads\/2025\/08\/giaridni-botanici-di-villa-taranto-4.jpg\" class=\"attachment-full size-full\" alt=\"Giardini Botanici di Villa Taranto\" srcset=\"https:\/\/www.campingcampagna.it\/wp-content\/uploads\/2025\/08\/giaridni-botanici-di-villa-taranto-4.jpg 1920w, https:\/\/www.campingcampagna.it\/wp-content\/uploads\/2025\/08\/giaridni-botanici-di-villa-taranto-4-300x200.jpg 300w, https:\/\/www.campingcampagna.it\/wp-content\/uploads\/2025\/08\/giaridni-botanici-di-villa-taranto-4-1024x683.jpg 1024w, https:\/\/www.campingcampagna.it\/wp-content\/uploads\/2025\/08\/giaridni-botanici-di-villa-taranto-4-768x512.jpg 768w, https:\/\/www.campingcampagna.it\/wp-content\/uploads\/2025\/08\/giaridni-botanici-di-villa-taranto-4-1536x1024.jpg 1536w, https:\/\/www.campingcampagna.it\/wp-content\/uploads\/2025\/08\/giaridni-botanici-di-villa-taranto-4-600x400.jpg 600w\" sizes=\"(max-width: 1920px) 100vw, 1920px\" \/><\/a>\n\t\t\t<\/dt><\/dl><br style=\"clear: both\" \/>\n\t\t<\/div>\n\t\t<\/div>\n\t\t\t\t\t\t<\/div>\n\t\t\t\t<\/div>\n\t\t\t\t<\/div>\n\t\t\t\t\t<\/div>\n\t\t\t\t<\/div>\n\t\t\t\t<\/div>\n\t\t","protected":false},"excerpt":{"rendered":"<p>\u00c0 seulement 20 km de Cannobio, Villa Taranto est une \u00e9tape incontournable pour les amoureux de la nature et des paysages. Les Giardini Botanici di Villa Taranto sont un v\u00e9ritable chef-d\u2019\u0153uvre botanique, un parc enchanteur qui s\u2019\u00e9tend sur 16 hectares de terrain et abrite des milliers d\u2019esp\u00e8ces de plantes provenant des quatre coins du monde. [&hellip;]<\/p>\n","protected":false},"author":1,"featured_media":0,"parent":23666,"menu_order":0,"comment_status":"closed","ping_status":"closed","template":"elementor_header_footer","meta":{"footnotes":""},"class_list":["post-23869","page","type-page","status-publish","hentry"],"yoast_head":"<!-- This site is optimized with the Yoast SEO plugin v26.3 - https:\/\/yoast.com\/wordpress\/plugins\/seo\/ -->\n<title>Jardins Botaniques de la Villa Taranto \u00e0 Verbania sur le Lac Majeur<\/title>\n<meta name=\"description\" content=\"Visitez les jardins botaniques de la Villa Taranto \u00e0 Verbania : une oasis de couleurs et de parfums avec des plantes rares sur le lac Majeu\" \/>\n<meta name=\"robots\" content=\"index, follow, max-snippet:-1, max-image-preview:large, max-video-preview:-1\" \/>\n<link rel=\"canonical\" href=\"https:\/\/www.campingcampagna.it\/fr\/territoire\/villa-taranto\/\" \/>\n<meta property=\"og:locale\" content=\"fr_FR\" \/>\n<meta property=\"og:type\" content=\"article\" \/>\n<meta property=\"og:title\" content=\"Jardins Botaniques de la Villa Taranto \u00e0 Verbania sur le Lac Majeur\" \/>\n<meta property=\"og:description\" content=\"Visitez les jardins botaniques de la Villa Taranto \u00e0 Verbania : une oasis de couleurs et de parfums avec des plantes rares sur le lac Majeu\" \/>\n<meta property=\"og:url\" content=\"https:\/\/www.campingcampagna.it\/fr\/territoire\/villa-taranto\/\" \/>\n<meta property=\"og:site_name\" content=\"Camping Residence Campagna, Cannobio\" \/>\n<meta property=\"article:publisher\" content=\"https:\/\/www.facebook.com\/pages\/Camping-Residence-Campagna\/389033907956132\" \/>\n<meta property=\"article:modified_time\" content=\"2025-08-06T12:10:41+00:00\" \/>\n<meta property=\"og:image\" content=\"https:\/\/test.campingcampagna.it\/wp-content\/uploads\/2025\/08\/giaridni-botanici-di-villa-taranto-1.jpg\" \/>\n<meta name=\"twitter:card\" content=\"summary_large_image\" \/>\n<meta name=\"twitter:label1\" content=\"Dur\u00e9e de lecture estim\u00e9e\" \/>\n\t<meta name=\"twitter:data1\" content=\"1 minute\" \/>\n<script type=\"application\/ld+json\" class=\"yoast-schema-graph\">{\"@context\":\"https:\/\/schema.org\",\"@graph\":[{\"@type\":\"WebPage\",\"@id\":\"https:\/\/www.campingcampagna.it\/fr\/territoire\/villa-taranto\/\",\"url\":\"https:\/\/www.campingcampagna.it\/fr\/territoire\/villa-taranto\/\",\"name\":\"Jardins Botaniques de la Villa Taranto \u00e0 Verbania sur le Lac Majeur\",\"isPartOf\":{\"@id\":\"https:\/\/www.campingcampagna.it\/fr\/#website\"},\"primaryImageOfPage\":{\"@id\":\"https:\/\/www.campingcampagna.it\/fr\/territoire\/villa-taranto\/#primaryimage\"},\"image\":{\"@id\":\"https:\/\/www.campingcampagna.it\/fr\/territoire\/villa-taranto\/#primaryimage\"},\"thumbnailUrl\":\"https:\/\/test.campingcampagna.it\/wp-content\/uploads\/2025\/08\/giaridni-botanici-di-villa-taranto-1.jpg\",\"datePublished\":\"2025-08-06T10:55:28+00:00\",\"dateModified\":\"2025-08-06T12:10:41+00:00\",\"description\":\"Visitez les jardins botaniques de la Villa Taranto \u00e0 Verbania : une oasis de couleurs et de parfums avec des plantes rares sur le lac Majeu\",\"breadcrumb\":{\"@id\":\"https:\/\/www.campingcampagna.it\/fr\/territoire\/villa-taranto\/#breadcrumb\"},\"inLanguage\":\"fr-FR\",\"potentialAction\":[{\"@type\":\"ReadAction\",\"target\":[\"https:\/\/www.campingcampagna.it\/fr\/territoire\/villa-taranto\/\"]}]},{\"@type\":\"ImageObject\",\"inLanguage\":\"fr-FR\",\"@id\":\"https:\/\/www.campingcampagna.it\/fr\/territoire\/villa-taranto\/#primaryimage\",\"url\":\"https:\/\/test.campingcampagna.it\/wp-content\/uploads\/2025\/08\/giaridni-botanici-di-villa-taranto-1.jpg\",\"contentUrl\":\"https:\/\/test.campingcampagna.it\/wp-content\/uploads\/2025\/08\/giaridni-botanici-di-villa-taranto-1.jpg\"},{\"@type\":\"BreadcrumbList\",\"@id\":\"https:\/\/www.campingcampagna.it\/fr\/territoire\/villa-taranto\/#breadcrumb\",\"itemListElement\":[{\"@type\":\"ListItem\",\"position\":1,\"name\":\"Home\",\"item\":\"https:\/\/www.campingcampagna.it\/fr\/\"},{\"@type\":\"ListItem\",\"position\":2,\"name\":\"Territoire\",\"item\":\"https:\/\/www.campingcampagna.it\/fr\/territoire\/\"},{\"@type\":\"ListItem\",\"position\":3,\"name\":\"Jardins Botaniques de la Villa Taranto\"}]},{\"@type\":\"WebSite\",\"@id\":\"https:\/\/www.campingcampagna.it\/fr\/#website\",\"url\":\"https:\/\/www.campingcampagna.it\/fr\/\",\"name\":\"Camping Residence Campagna, Cannobio\",\"description\":\"Camping Residence Campagna, Cannobio\",\"publisher\":{\"@id\":\"https:\/\/www.campingcampagna.it\/fr\/#organization\"},\"potentialAction\":[{\"@type\":\"SearchAction\",\"target\":{\"@type\":\"EntryPoint\",\"urlTemplate\":\"https:\/\/www.campingcampagna.it\/fr\/?s={search_term_string}\"},\"query-input\":{\"@type\":\"PropertyValueSpecification\",\"valueRequired\":true,\"valueName\":\"search_term_string\"}}],\"inLanguage\":\"fr-FR\"},{\"@type\":\"Organization\",\"@id\":\"https:\/\/www.campingcampagna.it\/fr\/#organization\",\"name\":\"Camping Residence Campagna, Cannobio\",\"url\":\"https:\/\/www.campingcampagna.it\/fr\/\",\"logo\":{\"@type\":\"ImageObject\",\"inLanguage\":\"fr-FR\",\"@id\":\"https:\/\/www.campingcampagna.it\/fr\/#\/schema\/logo\/image\/\",\"url\":\"https:\/\/www.campingcampagna.it\/wp-content\/uploads\/2024\/12\/logo-camping-campagna.png\",\"contentUrl\":\"https:\/\/www.campingcampagna.it\/wp-content\/uploads\/2024\/12\/logo-camping-campagna.png\",\"width\":600,\"height\":180,\"caption\":\"Camping Residence Campagna, Cannobio\"},\"image\":{\"@id\":\"https:\/\/www.campingcampagna.it\/fr\/#\/schema\/logo\/image\/\"},\"sameAs\":[\"https:\/\/www.facebook.com\/pages\/Camping-Residence-Campagna\/389033907956132\",\"https:\/\/www.instagram.com\/campingcampagna\/\",\"https:\/\/www.youtube.com\/channel\/UCULvOj0LyU7VymrGeK73skQ\"]}]}<\/script>\n<!-- \/ Yoast SEO plugin. -->","yoast_head_json":{"title":"Jardins Botaniques de la Villa Taranto \u00e0 Verbania sur le Lac Majeur","description":"Visitez les jardins botaniques de la Villa Taranto \u00e0 Verbania : une oasis de couleurs et de parfums avec des plantes rares sur le lac Majeu","robots":{"index":"index","follow":"follow","max-snippet":"max-snippet:-1","max-image-preview":"max-image-preview:large","max-video-preview":"max-video-preview:-1"},"canonical":"https:\/\/www.campingcampagna.it\/fr\/territoire\/villa-taranto\/","og_locale":"fr_FR","og_type":"article","og_title":"Jardins Botaniques de la Villa Taranto \u00e0 Verbania sur le Lac Majeur","og_description":"Visitez les jardins botaniques de la Villa Taranto \u00e0 Verbania : une oasis de couleurs et de parfums avec des plantes rares sur le lac Majeu","og_url":"https:\/\/www.campingcampagna.it\/fr\/territoire\/villa-taranto\/","og_site_name":"Camping Residence Campagna, Cannobio","article_publisher":"https:\/\/www.facebook.com\/pages\/Camping-Residence-Campagna\/389033907956132","article_modified_time":"2025-08-06T12:10:41+00:00","og_image":[{"url":"https:\/\/test.campingcampagna.it\/wp-content\/uploads\/2025\/08\/giaridni-botanici-di-villa-taranto-1.jpg","type":"","width":"","height":""}],"twitter_card":"summary_large_image","twitter_misc":{"Dur\u00e9e de lecture estim\u00e9e":"1 minute"},"schema":{"@context":"https:\/\/schema.org","@graph":[{"@type":"WebPage","@id":"https:\/\/www.campingcampagna.it\/fr\/territoire\/villa-taranto\/","url":"https:\/\/www.campingcampagna.it\/fr\/territoire\/villa-taranto\/","name":"Jardins Botaniques de la Villa Taranto \u00e0 Verbania sur le Lac Majeur","isPartOf":{"@id":"https:\/\/www.campingcampagna.it\/fr\/#website"},"primaryImageOfPage":{"@id":"https:\/\/www.campingcampagna.it\/fr\/territoire\/villa-taranto\/#primaryimage"},"image":{"@id":"https:\/\/www.campingcampagna.it\/fr\/territoire\/villa-taranto\/#primaryimage"},"thumbnailUrl":"https:\/\/test.campingcampagna.it\/wp-content\/uploads\/2025\/08\/giaridni-botanici-di-villa-taranto-1.jpg","datePublished":"2025-08-06T10:55:28+00:00","dateModified":"2025-08-06T12:10:41+00:00","description":"Visitez les jardins botaniques de la Villa Taranto \u00e0 Verbania : une oasis de couleurs et de parfums avec des plantes rares sur le lac Majeu","breadcrumb":{"@id":"https:\/\/www.campingcampagna.it\/fr\/territoire\/villa-taranto\/#breadcrumb"},"inLanguage":"fr-FR","potentialAction":[{"@type":"ReadAction","target":["https:\/\/www.campingcampagna.it\/fr\/territoire\/villa-taranto\/"]}]},{"@type":"ImageObject","inLanguage":"fr-FR","@id":"https:\/\/www.campingcampagna.it\/fr\/territoire\/villa-taranto\/#primaryimage","url":"https:\/\/test.campingcampagna.it\/wp-content\/uploads\/2025\/08\/giaridni-botanici-di-villa-taranto-1.jpg","contentUrl":"https:\/\/test.campingcampagna.it\/wp-content\/uploads\/2025\/08\/giaridni-botanici-di-villa-taranto-1.jpg"},{"@type":"BreadcrumbList","@id":"https:\/\/www.campingcampagna.it\/fr\/territoire\/villa-taranto\/#breadcrumb","itemListElement":[{"@type":"ListItem","position":1,"name":"Home","item":"https:\/\/www.campingcampagna.it\/fr\/"},{"@type":"ListItem","position":2,"name":"Territoire","item":"https:\/\/www.campingcampagna.it\/fr\/territoire\/"},{"@type":"ListItem","position":3,"name":"Jardins Botaniques de la Villa Taranto"}]},{"@type":"WebSite","@id":"https:\/\/www.campingcampagna.it\/fr\/#website","url":"https:\/\/www.campingcampagna.it\/fr\/","name":"Camping Residence Campagna, Cannobio","description":"Camping Residence Campagna, Cannobio","publisher":{"@id":"https:\/\/www.campingcampagna.it\/fr\/#organization"},"potentialAction":[{"@type":"SearchAction","target":{"@type":"EntryPoint","urlTemplate":"https:\/\/www.campingcampagna.it\/fr\/?s={search_term_string}"},"query-input":{"@type":"PropertyValueSpecification","valueRequired":true,"valueName":"search_term_string"}}],"inLanguage":"fr-FR"},{"@type":"Organization","@id":"https:\/\/www.campingcampagna.it\/fr\/#organization","name":"Camping Residence Campagna, Cannobio","url":"https:\/\/www.campingcampagna.it\/fr\/","logo":{"@type":"ImageObject","inLanguage":"fr-FR","@id":"https:\/\/www.campingcampagna.it\/fr\/#\/schema\/logo\/image\/","url":"https:\/\/www.campingcampagna.it\/wp-content\/uploads\/2024\/12\/logo-camping-campagna.png","contentUrl":"https:\/\/www.campingcampagna.it\/wp-content\/uploads\/2024\/12\/logo-camping-campagna.png","width":600,"height":180,"caption":"Camping Residence Campagna, Cannobio"},"image":{"@id":"https:\/\/www.campingcampagna.it\/fr\/#\/schema\/logo\/image\/"},"sameAs":["https:\/\/www.facebook.com\/pages\/Camping-Residence-Campagna\/389033907956132","https:\/\/www.instagram.com\/campingcampagna\/","https:\/\/www.youtube.com\/channel\/UCULvOj0LyU7VymrGeK73skQ"]}]}},"_links":{"self":[{"href":"https:\/\/www.campingcampagna.it\/fr\/wp-json\/wp\/v2\/pages\/23869","targetHints":{"allow":["GET"]}}],"collection":[{"href":"https:\/\/www.campingcampagna.it\/fr\/wp-json\/wp\/v2\/pages"}],"about":[{"href":"https:\/\/www.campingcampagna.it\/fr\/wp-json\/wp\/v2\/types\/page"}],"author":[{"embeddable":true,"href":"https:\/\/www.campingcampagna.it\/fr\/wp-json\/wp\/v2\/users\/1"}],"replies":[{"embeddable":true,"href":"https:\/\/www.campingcampagna.it\/fr\/wp-json\/wp\/v2\/comments?post=23869"}],"version-history":[{"count":6,"href":"https:\/\/www.campingcampagna.it\/fr\/wp-json\/wp\/v2\/pages\/23869\/revisions"}],"predecessor-version":[{"id":23922,"href":"https:\/\/www.campingcampagna.it\/fr\/wp-json\/wp\/v2\/pages\/23869\/revisions\/23922"}],"up":[{"embeddable":true,"href":"https:\/\/www.campingcampagna.it\/fr\/wp-json\/wp\/v2\/pages\/23666"}],"wp:attachment":[{"href":"https:\/\/www.campingcampagna.it\/fr\/wp-json\/wp\/v2\/media?parent=23869"}],"curies":[{"name":"wp","href":"https:\/\/api.w.org\/{rel}","templated":true}]}}