{"id":23666,"date":"2025-08-06T11:37:57","date_gmt":"2025-08-06T09:37:57","guid":{"rendered":"https:\/\/test.campingcampagna.it\/?page_id=23666"},"modified":"2025-08-06T17:12:28","modified_gmt":"2025-08-06T15:12:28","slug":"territoire","status":"publish","type":"page","link":"https:\/\/www.campingcampagna.it\/fr\/territoire\/","title":{"rendered":"Territoire"},"content":{"rendered":"\t\t<div data-elementor-type=\"wp-page\" data-elementor-id=\"23666\" class=\"elementor elementor-23666\">\n\t\t\t\t\t\t<section class=\"elementor-section elementor-top-section elementor-element elementor-element-b57eea6 elementor-section-boxed elementor-section-height-default elementor-section-height-default\" data-id=\"b57eea6\" data-element_type=\"section\">\n\t\t\t\t\t\t<div class=\"elementor-container elementor-column-gap-wide\">\n\t\t\t\t\t<div class=\"elementor-column elementor-col-100 elementor-top-column elementor-element elementor-element-0a82207\" data-id=\"0a82207\" data-element_type=\"column\">\n\t\t\t<div class=\"elementor-widget-wrap elementor-element-populated\">\n\t\t\t\t\t\t<div class=\"elementor-element elementor-element-0c2535d elementor-widget elementor-widget-heading\" data-id=\"0c2535d\" data-element_type=\"widget\" data-widget_type=\"heading.default\">\n\t\t\t\t<div class=\"elementor-widget-container\">\n\t\t\t\t\t<h2 class=\"elementor-heading-title elementor-size-default\">Cannobio et entourage: d\u00e9couvrez les merveilles du Lac Majeur<\/h2>\t\t\t\t<\/div>\n\t\t\t\t<\/div>\n\t\t\t\t<div class=\"elementor-element elementor-element-b85ab27 elementor-widget elementor-widget-text-editor\" data-id=\"b85ab27\" data-element_type=\"widget\" data-widget_type=\"text-editor.default\">\n\t\t\t\t<div class=\"elementor-widget-container\">\n\t\t\t\t\t\t\t\t\t<div class=\"elementor-element elementor-element-0eca5c8 elementor-widget elementor-widget-text-editor\" data-id=\"0eca5c8\" data-element_type=\"widget\" data-widget_type=\"text-editor.default\"><div class=\"elementor-widget-container\"><div class=\"elementor-element elementor-element-0eca5c8 elementor-widget elementor-widget-text-editor\" data-id=\"0eca5c8\" data-element_type=\"widget\" data-widget_type=\"text-editor.default\"><div class=\"elementor-widget-container\"><p>Sur les splendides rives du lac Majeur, pas loin de la fronti\u00e8re suisse se situe Cannobio, un village caract\u00e9ristique qui a conserv\u00e9 intacte son propre patrimoine architectural-historique, non seulement celui naturel, lacustre et montagneux.<\/p><p>Nombreux lieus d\u2019int\u00e9r\u00eat artistique, culturel et naturel, beaucoup de possibilit\u00e9s d\u2019excursion et distraction outre \u00e0 des bonnes opportunit\u00e9s de shopping et de pratiquer des sports : tout ce qu\u2019il peut \u00eatre utile pour passer une vacance vraiment inoubliable dans une tr\u00e8s belle r\u00e9gion riche de charme \u00e0 contact direct avec la nature.<\/p><p>Ensuite nous vous conseillons quelques destinations que, \u00e0 notre avis, m\u00e9ritent une attention particuli\u00e8re.<\/p><p>Pour voire les d\u00e9tails vous pouvez choisir une carte de la liste au-dessous.<\/p><\/div><\/div><\/div><\/div>\t\t\t\t\t\t\t\t<\/div>\n\t\t\t\t<\/div>\n\t\t\t\t\t<\/div>\n\t\t<\/div>\n\t\t\t\t\t<\/div>\n\t\t<\/section>\n\t\t\t\t<section class=\"elementor-section elementor-top-section elementor-element elementor-element-ddc4e43 elementor-section-boxed elementor-section-height-default elementor-section-height-default\" data-id=\"ddc4e43\" data-element_type=\"section\">\n\t\t\t\t\t\t<div class=\"elementor-container elementor-column-gap-wide\">\n\t\t\t\t\t<div class=\"elementor-column elementor-col-50 elementor-top-column elementor-element elementor-element-3ad724e\" data-id=\"3ad724e\" data-element_type=\"column\">\n\t\t\t<div class=\"elementor-widget-wrap elementor-element-populated\">\n\t\t\t\t\t\t<div class=\"elementor-element elementor-element-8053b10 elementor-widget elementor-widget-vedhak_elementor_image_box\" data-id=\"8053b10\" data-element_type=\"widget\" data-widget_type=\"vedhak_elementor_image_box.default\">\n\t\t\t\t<div class=\"elementor-widget-container\">\n\t\t\t\t\t\n\t\t\t\t\t<a href=\"\/fr\/territoire\/isole-borromee\/\" target=\"_self\" rel=\"\">\n\t\t\n\t\t\t<div class=\"ova-image-box\">\n\n\t\t\t\t<div class=\"title-price\">\n\n\t\t\t\t\t\t\t\t\t\t\t<h3 class=\"title\">Isole Borromee<\/h3>\n\t\t\t\t\t\n\t\t\t\t\t\t\t                <div class=\"price\">&gt;<\/div>\n\t\t            \n\t\t\t\t<\/div>\n\n\t\t\t\t\t\t\t\t\t<img decoding=\"async\" class=\"img\" src=\"https:\/\/www.campingcampagna.it\/wp-content\/uploads\/2025\/08\/isole-borromee-lago-maggiore-1.jpg\" alt=\"Isole Borromee\">\n\t\t\t\t\t \n\n\t\t\t<\/div>\n\n\t\t\t\t\t\t\t<\/a>\n\t\t\t\n\t\t\t\t\t\t<\/div>\n\t\t\t\t<\/div>\n\t\t\t\t\t<\/div>\n\t\t<\/div>\n\t\t\t\t<div class=\"elementor-column elementor-col-50 elementor-top-column elementor-element elementor-element-d40171e\" data-id=\"d40171e\" data-element_type=\"column\">\n\t\t\t<div class=\"elementor-widget-wrap elementor-element-populated\">\n\t\t\t\t\t\t<div class=\"elementor-element elementor-element-e9fdc25 elementor-widget elementor-widget-vedhak_elementor_image_box\" data-id=\"e9fdc25\" data-element_type=\"widget\" data-widget_type=\"vedhak_elementor_image_box.default\">\n\t\t\t\t<div class=\"elementor-widget-container\">\n\t\t\t\t\t\n\t\t\t\t\t<a href=\"\/fr\/territoire\/villa-taranto\/\" target=\"_self\" rel=\"\">\n\t\t\n\t\t\t<div class=\"ova-image-box\">\n\n\t\t\t\t<div class=\"title-price\">\n\n\t\t\t\t\t\t\t\t\t\t\t<h3 class=\"title\">Giardini Botanici di Villa Taranto <\/h3>\n\t\t\t\t\t\n\t\t\t\t\t\t\t                <div class=\"price\">&gt;<\/div>\n\t\t            \n\t\t\t\t<\/div>\n\n\t\t\t\t\t\t\t\t\t<img decoding=\"async\" class=\"img\" src=\"https:\/\/www.campingcampagna.it\/wp-content\/uploads\/2025\/08\/giaridni-botanici-di-villa-taranto-2.jpg\" alt=\"Giardini Botanici di Villa Taranto \">\n\t\t\t\t\t \n\n\t\t\t<\/div>\n\n\t\t\t\t\t\t\t<\/a>\n\t\t\t\n\t\t\t\t\t\t<\/div>\n\t\t\t\t<\/div>\n\t\t\t\t\t<\/div>\n\t\t<\/div>\n\t\t\t\t\t<\/div>\n\t\t<\/section>\n\t\t\t\t<section class=\"elementor-section elementor-top-section elementor-element elementor-element-4690c3c elementor-section-boxed elementor-section-height-default elementor-section-height-default\" data-id=\"4690c3c\" data-element_type=\"section\">\n\t\t\t\t\t\t<div class=\"elementor-container elementor-column-gap-wide\">\n\t\t\t\t\t<div class=\"elementor-column elementor-col-50 elementor-top-column elementor-element elementor-element-35b9034\" data-id=\"35b9034\" data-element_type=\"column\">\n\t\t\t<div class=\"elementor-widget-wrap elementor-element-populated\">\n\t\t\t\t\t\t<div class=\"elementor-element elementor-element-74a991b elementor-widget elementor-widget-vedhak_elementor_image_box\" data-id=\"74a991b\" data-element_type=\"widget\" data-widget_type=\"vedhak_elementor_image_box.default\">\n\t\t\t\t<div class=\"elementor-widget-container\">\n\t\t\t\t\t\n\t\t\t\t\t<a href=\"\/fr\/territoire\/valle-cannobina-et-val-grande\/\" target=\"_self\" rel=\"\">\n\t\t\n\t\t\t<div class=\"ova-image-box\">\n\n\t\t\t\t<div class=\"title-price\">\n\n\t\t\t\t\t\t\t\t\t\t\t<h3 class=\"title\">Valle Cannobina et Val Grande<\/h3>\n\t\t\t\t\t\n\t\t\t\t\t\t\t                <div class=\"price\">&gt;<\/div>\n\t\t            \n\t\t\t\t<\/div>\n\n\t\t\t\t\t\t\t\t\t<img decoding=\"async\" class=\"img\" src=\"https:\/\/www.campingcampagna.it\/wp-content\/uploads\/2025\/08\/territorio-val-cannobina-val-grande-2.jpg\" alt=\"Valle Cannobina et Val Grande\">\n\t\t\t\t\t \n\n\t\t\t<\/div>\n\n\t\t\t\t\t\t\t<\/a>\n\t\t\t\n\t\t\t\t\t\t<\/div>\n\t\t\t\t<\/div>\n\t\t\t\t\t<\/div>\n\t\t<\/div>\n\t\t\t\t<div class=\"elementor-column elementor-col-50 elementor-top-column elementor-element elementor-element-86d93db\" data-id=\"86d93db\" data-element_type=\"column\">\n\t\t\t<div class=\"elementor-widget-wrap elementor-element-populated\">\n\t\t\t\t\t\t<div class=\"elementor-element elementor-element-e77f48e elementor-widget elementor-widget-vedhak_elementor_image_box\" data-id=\"e77f48e\" data-element_type=\"widget\" data-widget_type=\"vedhak_elementor_image_box.default\">\n\t\t\t\t<div class=\"elementor-widget-container\">\n\t\t\t\t\t\n\t\t\t\t\t<a href=\"\/fr\/territoire\/ticino\/\" target=\"_self\" rel=\"\">\n\t\t\n\t\t\t<div class=\"ova-image-box\">\n\n\t\t\t\t<div class=\"title-price\">\n\n\t\t\t\t\t\t\t\t\t\t\t<h3 class=\"title\">Ticino<\/h3>\n\t\t\t\t\t\n\t\t\t\t\t\t\t                <div class=\"price\">&gt;<\/div>\n\t\t            \n\t\t\t\t<\/div>\n\n\t\t\t\t\t\t\t\t\t<img decoding=\"async\" class=\"img\" src=\"https:\/\/www.campingcampagna.it\/wp-content\/uploads\/2025\/08\/territorio-ticino-2.jpg\" alt=\"Ticino\">\n\t\t\t\t\t \n\n\t\t\t<\/div>\n\n\t\t\t\t\t\t\t<\/a>\n\t\t\t\n\t\t\t\t\t\t<\/div>\n\t\t\t\t<\/div>\n\t\t\t\t\t<\/div>\n\t\t<\/div>\n\t\t\t\t\t<\/div>\n\t\t<\/section>\n\t\t<div class=\"elementor-element elementor-element-f50c7e3 e-flex e-con-boxed e-con e-parent\" data-id=\"f50c7e3\" data-element_type=\"container\">\n\t\t\t\t\t<div class=\"e-con-inner\">\n\t\t\t\t<div class=\"elementor-element elementor-element-e359d57 elementor-widget elementor-widget-spacer\" data-id=\"e359d57\" data-element_type=\"widget\" data-widget_type=\"spacer.default\">\n\t\t\t\t<div class=\"elementor-widget-container\">\n\t\t\t\t\t\t\t<div class=\"elementor-spacer\">\n\t\t\t<div class=\"elementor-spacer-inner\"><\/div>\n\t\t<\/div>\n\t\t\t\t\t\t<\/div>\n\t\t\t\t<\/div>\n\t\t\t\t\t<\/div>\n\t\t\t\t<\/div>\n\t\t\t\t<\/div>\n\t\t","protected":false},"excerpt":{"rendered":"<p>Cannobio et entourage: d\u00e9couvrez les merveilles du Lac Majeur Sur les splendides rives du lac Majeur, pas loin de la fronti\u00e8re suisse se situe Cannobio, un village caract\u00e9ristique qui a conserv\u00e9 intacte son propre patrimoine architectural-historique, non seulement celui naturel, lacustre et montagneux. Nombreux lieus d\u2019int\u00e9r\u00eat artistique, culturel et naturel, beaucoup de possibilit\u00e9s d\u2019excursion et [&hellip;]<\/p>\n","protected":false},"author":1,"featured_media":4749,"parent":0,"menu_order":0,"comment_status":"closed","ping_status":"closed","template":"elementor_header_footer","meta":{"footnotes":""},"class_list":["post-23666","page","type-page","status-publish","has-post-thumbnail","hentry"],"yoast_head":"<!-- This site is optimized with the Yoast SEO plugin v26.3 - https:\/\/yoast.com\/wordpress\/plugins\/seo\/ -->\n<title>Que faire et que visiter \u00e0 Cannobio ; d\u00e9couvrez le territoire !<\/title>\n<meta name=\"description\" content=\"D\u00e9couvrez Cannobio et le Lac Majeur : nature, villages, sentiers et culture. Planifiez vos excursions avec les conseils de Camping Residence Campagna\" \/>\n<meta name=\"robots\" content=\"index, follow, max-snippet:-1, max-image-preview:large, max-video-preview:-1\" \/>\n<link rel=\"canonical\" href=\"https:\/\/www.campingcampagna.it\/fr\/territoire\/\" \/>\n<meta property=\"og:locale\" content=\"fr_FR\" \/>\n<meta property=\"og:type\" content=\"article\" \/>\n<meta property=\"og:title\" content=\"Que faire et que visiter \u00e0 Cannobio ; d\u00e9couvrez le territoire !\" \/>\n<meta property=\"og:description\" content=\"D\u00e9couvrez Cannobio et le Lac Majeur : nature, villages, sentiers et culture. Planifiez vos excursions avec les conseils de Camping Residence Campagna\" \/>\n<meta property=\"og:url\" content=\"https:\/\/www.campingcampagna.it\/fr\/territoire\/\" \/>\n<meta property=\"og:site_name\" content=\"Camping Residence Campagna, Cannobio\" \/>\n<meta property=\"article:publisher\" content=\"https:\/\/www.facebook.com\/pages\/Camping-Residence-Campagna\/389033907956132\" \/>\n<meta property=\"article:modified_time\" content=\"2025-08-06T15:12:28+00:00\" \/>\n<meta property=\"og:image\" content=\"https:\/\/www.campingcampagna.it\/wp-content\/uploads\/2025\/01\/camping-residence-campagna-cannobio-3.jpg\" \/>\n\t<meta property=\"og:image:width\" content=\"1920\" \/>\n\t<meta property=\"og:image:height\" content=\"1000\" \/>\n\t<meta property=\"og:image:type\" content=\"image\/jpeg\" \/>\n<meta name=\"twitter:card\" content=\"summary_large_image\" \/>\n<meta name=\"twitter:label1\" content=\"Dur\u00e9e de lecture estim\u00e9e\" \/>\n\t<meta name=\"twitter:data1\" content=\"1 minute\" \/>\n<script type=\"application\/ld+json\" class=\"yoast-schema-graph\">{\"@context\":\"https:\/\/schema.org\",\"@graph\":[{\"@type\":\"WebPage\",\"@id\":\"https:\/\/www.campingcampagna.it\/fr\/territoire\/\",\"url\":\"https:\/\/www.campingcampagna.it\/fr\/territoire\/\",\"name\":\"Que faire et que visiter \u00e0 Cannobio ; d\u00e9couvrez le territoire !\",\"isPartOf\":{\"@id\":\"https:\/\/www.campingcampagna.it\/fr\/#website\"},\"primaryImageOfPage\":{\"@id\":\"https:\/\/www.campingcampagna.it\/fr\/territoire\/#primaryimage\"},\"image\":{\"@id\":\"https:\/\/www.campingcampagna.it\/fr\/territoire\/#primaryimage\"},\"thumbnailUrl\":\"https:\/\/www.campingcampagna.it\/wp-content\/uploads\/2025\/01\/camping-residence-campagna-cannobio-3.jpg\",\"datePublished\":\"2025-08-06T09:37:57+00:00\",\"dateModified\":\"2025-08-06T15:12:28+00:00\",\"description\":\"D\u00e9couvrez Cannobio et le Lac Majeur : nature, villages, sentiers et culture. Planifiez vos excursions avec les conseils de Camping Residence Campagna\",\"breadcrumb\":{\"@id\":\"https:\/\/www.campingcampagna.it\/fr\/territoire\/#breadcrumb\"},\"inLanguage\":\"fr-FR\",\"potentialAction\":[{\"@type\":\"ReadAction\",\"target\":[\"https:\/\/www.campingcampagna.it\/fr\/territoire\/\"]}]},{\"@type\":\"ImageObject\",\"inLanguage\":\"fr-FR\",\"@id\":\"https:\/\/www.campingcampagna.it\/fr\/territoire\/#primaryimage\",\"url\":\"https:\/\/www.campingcampagna.it\/wp-content\/uploads\/2025\/01\/camping-residence-campagna-cannobio-3.jpg\",\"contentUrl\":\"https:\/\/www.campingcampagna.it\/wp-content\/uploads\/2025\/01\/camping-residence-campagna-cannobio-3.jpg\",\"width\":1920,\"height\":1000,\"caption\":\"OLYMPUS DIGITAL CAMERA\"},{\"@type\":\"BreadcrumbList\",\"@id\":\"https:\/\/www.campingcampagna.it\/fr\/territoire\/#breadcrumb\",\"itemListElement\":[{\"@type\":\"ListItem\",\"position\":1,\"name\":\"Home\",\"item\":\"https:\/\/www.campingcampagna.it\/fr\/\"},{\"@type\":\"ListItem\",\"position\":2,\"name\":\"Territoire\"}]},{\"@type\":\"WebSite\",\"@id\":\"https:\/\/www.campingcampagna.it\/fr\/#website\",\"url\":\"https:\/\/www.campingcampagna.it\/fr\/\",\"name\":\"Camping Residence Campagna, Cannobio\",\"description\":\"Camping Residence Campagna, Cannobio\",\"publisher\":{\"@id\":\"https:\/\/www.campingcampagna.it\/fr\/#organization\"},\"potentialAction\":[{\"@type\":\"SearchAction\",\"target\":{\"@type\":\"EntryPoint\",\"urlTemplate\":\"https:\/\/www.campingcampagna.it\/fr\/?s={search_term_string}\"},\"query-input\":{\"@type\":\"PropertyValueSpecification\",\"valueRequired\":true,\"valueName\":\"search_term_string\"}}],\"inLanguage\":\"fr-FR\"},{\"@type\":\"Organization\",\"@id\":\"https:\/\/www.campingcampagna.it\/fr\/#organization\",\"name\":\"Camping Residence Campagna, Cannobio\",\"url\":\"https:\/\/www.campingcampagna.it\/fr\/\",\"logo\":{\"@type\":\"ImageObject\",\"inLanguage\":\"fr-FR\",\"@id\":\"https:\/\/www.campingcampagna.it\/fr\/#\/schema\/logo\/image\/\",\"url\":\"https:\/\/www.campingcampagna.it\/wp-content\/uploads\/2024\/12\/logo-camping-campagna.png\",\"contentUrl\":\"https:\/\/www.campingcampagna.it\/wp-content\/uploads\/2024\/12\/logo-camping-campagna.png\",\"width\":600,\"height\":180,\"caption\":\"Camping Residence Campagna, Cannobio\"},\"image\":{\"@id\":\"https:\/\/www.campingcampagna.it\/fr\/#\/schema\/logo\/image\/\"},\"sameAs\":[\"https:\/\/www.facebook.com\/pages\/Camping-Residence-Campagna\/389033907956132\",\"https:\/\/www.instagram.com\/campingcampagna\/\",\"https:\/\/www.youtube.com\/channel\/UCULvOj0LyU7VymrGeK73skQ\"]}]}<\/script>\n<!-- \/ Yoast SEO plugin. -->","yoast_head_json":{"title":"Que faire et que visiter \u00e0 Cannobio ; d\u00e9couvrez le territoire !","description":"D\u00e9couvrez Cannobio et le Lac Majeur : nature, villages, sentiers et culture. Planifiez vos excursions avec les conseils de Camping Residence Campagna","robots":{"index":"index","follow":"follow","max-snippet":"max-snippet:-1","max-image-preview":"max-image-preview:large","max-video-preview":"max-video-preview:-1"},"canonical":"https:\/\/www.campingcampagna.it\/fr\/territoire\/","og_locale":"fr_FR","og_type":"article","og_title":"Que faire et que visiter \u00e0 Cannobio ; d\u00e9couvrez le territoire !","og_description":"D\u00e9couvrez Cannobio et le Lac Majeur : nature, villages, sentiers et culture. Planifiez vos excursions avec les conseils de Camping Residence Campagna","og_url":"https:\/\/www.campingcampagna.it\/fr\/territoire\/","og_site_name":"Camping Residence Campagna, Cannobio","article_publisher":"https:\/\/www.facebook.com\/pages\/Camping-Residence-Campagna\/389033907956132","article_modified_time":"2025-08-06T15:12:28+00:00","og_image":[{"width":1920,"height":1000,"url":"https:\/\/www.campingcampagna.it\/wp-content\/uploads\/2025\/01\/camping-residence-campagna-cannobio-3.jpg","type":"image\/jpeg"}],"twitter_card":"summary_large_image","twitter_misc":{"Dur\u00e9e de lecture estim\u00e9e":"1 minute"},"schema":{"@context":"https:\/\/schema.org","@graph":[{"@type":"WebPage","@id":"https:\/\/www.campingcampagna.it\/fr\/territoire\/","url":"https:\/\/www.campingcampagna.it\/fr\/territoire\/","name":"Que faire et que visiter \u00e0 Cannobio ; d\u00e9couvrez le territoire !","isPartOf":{"@id":"https:\/\/www.campingcampagna.it\/fr\/#website"},"primaryImageOfPage":{"@id":"https:\/\/www.campingcampagna.it\/fr\/territoire\/#primaryimage"},"image":{"@id":"https:\/\/www.campingcampagna.it\/fr\/territoire\/#primaryimage"},"thumbnailUrl":"https:\/\/www.campingcampagna.it\/wp-content\/uploads\/2025\/01\/camping-residence-campagna-cannobio-3.jpg","datePublished":"2025-08-06T09:37:57+00:00","dateModified":"2025-08-06T15:12:28+00:00","description":"D\u00e9couvrez Cannobio et le Lac Majeur : nature, villages, sentiers et culture. Planifiez vos excursions avec les conseils de Camping Residence Campagna","breadcrumb":{"@id":"https:\/\/www.campingcampagna.it\/fr\/territoire\/#breadcrumb"},"inLanguage":"fr-FR","potentialAction":[{"@type":"ReadAction","target":["https:\/\/www.campingcampagna.it\/fr\/territoire\/"]}]},{"@type":"ImageObject","inLanguage":"fr-FR","@id":"https:\/\/www.campingcampagna.it\/fr\/territoire\/#primaryimage","url":"https:\/\/www.campingcampagna.it\/wp-content\/uploads\/2025\/01\/camping-residence-campagna-cannobio-3.jpg","contentUrl":"https:\/\/www.campingcampagna.it\/wp-content\/uploads\/2025\/01\/camping-residence-campagna-cannobio-3.jpg","width":1920,"height":1000,"caption":"OLYMPUS DIGITAL CAMERA"},{"@type":"BreadcrumbList","@id":"https:\/\/www.campingcampagna.it\/fr\/territoire\/#breadcrumb","itemListElement":[{"@type":"ListItem","position":1,"name":"Home","item":"https:\/\/www.campingcampagna.it\/fr\/"},{"@type":"ListItem","position":2,"name":"Territoire"}]},{"@type":"WebSite","@id":"https:\/\/www.campingcampagna.it\/fr\/#website","url":"https:\/\/www.campingcampagna.it\/fr\/","name":"Camping Residence Campagna, Cannobio","description":"Camping Residence Campagna, Cannobio","publisher":{"@id":"https:\/\/www.campingcampagna.it\/fr\/#organization"},"potentialAction":[{"@type":"SearchAction","target":{"@type":"EntryPoint","urlTemplate":"https:\/\/www.campingcampagna.it\/fr\/?s={search_term_string}"},"query-input":{"@type":"PropertyValueSpecification","valueRequired":true,"valueName":"search_term_string"}}],"inLanguage":"fr-FR"},{"@type":"Organization","@id":"https:\/\/www.campingcampagna.it\/fr\/#organization","name":"Camping Residence Campagna, Cannobio","url":"https:\/\/www.campingcampagna.it\/fr\/","logo":{"@type":"ImageObject","inLanguage":"fr-FR","@id":"https:\/\/www.campingcampagna.it\/fr\/#\/schema\/logo\/image\/","url":"https:\/\/www.campingcampagna.it\/wp-content\/uploads\/2024\/12\/logo-camping-campagna.png","contentUrl":"https:\/\/www.campingcampagna.it\/wp-content\/uploads\/2024\/12\/logo-camping-campagna.png","width":600,"height":180,"caption":"Camping Residence Campagna, Cannobio"},"image":{"@id":"https:\/\/www.campingcampagna.it\/fr\/#\/schema\/logo\/image\/"},"sameAs":["https:\/\/www.facebook.com\/pages\/Camping-Residence-Campagna\/389033907956132","https:\/\/www.instagram.com\/campingcampagna\/","https:\/\/www.youtube.com\/channel\/UCULvOj0LyU7VymrGeK73skQ"]}]}},"_links":{"self":[{"href":"https:\/\/www.campingcampagna.it\/fr\/wp-json\/wp\/v2\/pages\/23666","targetHints":{"allow":["GET"]}}],"collection":[{"href":"https:\/\/www.campingcampagna.it\/fr\/wp-json\/wp\/v2\/pages"}],"about":[{"href":"https:\/\/www.campingcampagna.it\/fr\/wp-json\/wp\/v2\/types\/page"}],"author":[{"embeddable":true,"href":"https:\/\/www.campingcampagna.it\/fr\/wp-json\/wp\/v2\/users\/1"}],"replies":[{"embeddable":true,"href":"https:\/\/www.campingcampagna.it\/fr\/wp-json\/wp\/v2\/comments?post=23666"}],"version-history":[{"count":20,"href":"https:\/\/www.campingcampagna.it\/fr\/wp-json\/wp\/v2\/pages\/23666\/revisions"}],"predecessor-version":[{"id":23981,"href":"https:\/\/www.campingcampagna.it\/fr\/wp-json\/wp\/v2\/pages\/23666\/revisions\/23981"}],"wp:featuredmedia":[{"embeddable":true,"href":"https:\/\/www.campingcampagna.it\/fr\/wp-json\/wp\/v2\/media\/4749"}],"wp:attachment":[{"href":"https:\/\/www.campingcampagna.it\/fr\/wp-json\/wp\/v2\/media?parent=23666"}],"curies":[{"name":"wp","href":"https:\/\/api.w.org\/{rel}","templated":true}]}}