{"id":22194,"date":"2024-12-19T12:10:23","date_gmt":"2024-12-19T11:10:23","guid":{"rendered":"https:\/\/test.campingcampagna.it\/privacy-policy\/"},"modified":"2025-08-12T15:14:33","modified_gmt":"2025-08-12T13:14:33","slug":"politique-de-confidentialite","status":"publish","type":"page","link":"https:\/\/www.campingcampagna.it\/fr\/politique-de-confidentialite\/","title":{"rendered":"Politique de confidentialit\u00e9"},"content":{"rendered":"\t\t<div data-elementor-type=\"wp-page\" data-elementor-id=\"22194\" class=\"elementor elementor-22194 elementor-3\">\n\t\t\t\t\t\t<section class=\"elementor-section elementor-top-section elementor-element elementor-element-7fad116 elementor-section-boxed elementor-section-height-default elementor-section-height-default\" data-id=\"7fad116\" data-element_type=\"section\">\n\t\t\t\t\t\t<div class=\"elementor-container elementor-column-gap-wide\">\n\t\t\t\t\t<div class=\"elementor-column elementor-col-100 elementor-top-column elementor-element elementor-element-2f43326\" data-id=\"2f43326\" data-element_type=\"column\">\n\t\t\t<div class=\"elementor-widget-wrap elementor-element-populated\">\n\t\t\t\t\t\t<div class=\"elementor-element elementor-element-edef2e8 elementor-widget elementor-widget-heading\" data-id=\"edef2e8\" data-element_type=\"widget\" data-widget_type=\"heading.default\">\n\t\t\t\t<div class=\"elementor-widget-container\">\n\t\t\t\t\t<h3 class=\"elementor-heading-title elementor-size-default\">INFORMATIONS ET ANNULLATIONS<\/h3>\t\t\t\t<\/div>\n\t\t\t\t<\/div>\n\t\t\t\t<div class=\"elementor-element elementor-element-f9020c0 elementor-widget elementor-widget-text-editor\" data-id=\"f9020c0\" data-element_type=\"widget\" data-widget_type=\"text-editor.default\">\n\t\t\t\t<div class=\"elementor-widget-container\">\n\t\t\t\t\t\t\t\t\t<p>Le placement ou l&rsquo;unit\u00e9 de logement (appartement, mobil homes et caravane) r\u00e9serv\u00e9 est \u00e0 votre disposition \u00e0 partir de 14:00 heures du jour d&rsquo;arriv\u00e9e jusqu&rsquo;aux 10:00 heures du jour de d\u00e9part.<br \/>Acceptation jusqu&rsquo;\u00e0 18:00 heures. En cas de retard avertir par t\u00e9l\u00e9phone.<br \/>Au moment de la r\u00e9servation, il faut indiquer le nombre de personnes. En cas que moins de personnes arrivent, il faudra payer pour le nombre de personnes r\u00e9serv\u00e9es.<br \/>En cas de retard ou non pr\u00e9sence le placement ou l&rsquo;unit\u00e9 du logement reste \u00e0 votre disposition jusqu&rsquo;\u00e0 12:00 heures du jour suivant.<br \/>L&rsquo;arriv\u00e9e retard\u00e9e ou le d\u00e9part avanc\u00e9 comportent le payement de l&rsquo;enti\u00e8re p\u00e9riode r\u00e9serv\u00e9e.<br \/>En cas de force majeure ou en raison de circonstances exceptionnelles, le camping se r\u00e9serve le droit de changer le num\u00e9ro de placement ou unit\u00e9 du logement. Avec la r\u00e9servation, nous vous garantissons exclusivement la disponibilit\u00e9 d&rsquo;un placement ou unit\u00e9 de logement.<br \/><br \/>Les annulations doivent \u00eatre envoy\u00e9es par \u00e9crit (fax ou email). La date de r\u00e9ception de la demande d\u2019annulation, sera la date retenue valide pour l\u2019annulation. Le d\u00e9p\u00f4ts confirmatoires seront restitu\u00e9s avec les formalit\u00e9s suivantes:<br \/><strong>jusqu\u2019\u00e0 60 JOURS avant la DATE D\u2019ARRIV\u00c9E = 100% remboursement du d\u00e9p\u00f4t<\/strong><br \/><strong>jusqu\u2019\u00e0 45 JOURS avant la DATE D\u2019ARRIV\u00c9E = 50% remboursement du d\u00e9p\u00f4t<\/strong><br \/><strong>Aucun remboursement ne sera effectu\u00e9 pour toute annulations notifi\u00e9e apr\u00e8s ce limite.<\/strong><\/p>\t\t\t\t\t\t\t\t<\/div>\n\t\t\t\t<\/div>\n\t\t\t\t<div class=\"elementor-element elementor-element-5dd25d1 elementor-widget elementor-widget-spacer\" data-id=\"5dd25d1\" data-element_type=\"widget\" data-widget_type=\"spacer.default\">\n\t\t\t\t<div class=\"elementor-widget-container\">\n\t\t\t\t\t\t\t<div class=\"elementor-spacer\">\n\t\t\t<div class=\"elementor-spacer-inner\"><\/div>\n\t\t<\/div>\n\t\t\t\t\t\t<\/div>\n\t\t\t\t<\/div>\n\t\t\t\t<div class=\"elementor-element elementor-element-ee0e1fb elementor-widget elementor-widget-heading\" data-id=\"ee0e1fb\" data-element_type=\"widget\" data-widget_type=\"heading.default\">\n\t\t\t\t<div class=\"elementor-widget-container\">\n\t\t\t\t\t<h3 class=\"elementor-heading-title elementor-size-default\">Data Protection and Confidentiality Policies<\/h3>\t\t\t\t<\/div>\n\t\t\t\t<\/div>\n\t\t\t\t<div class=\"elementor-element elementor-element-49e6df4 elementor-widget elementor-widget-text-editor\" data-id=\"49e6df4\" data-element_type=\"widget\" data-widget_type=\"text-editor.default\">\n\t\t\t\t<div class=\"elementor-widget-container\">\n\t\t\t\t\t\t\t\t\t<p><strong>Data Holder:<\/strong><br \/>CAMPING RESIDENCE CAMPAGNA &#8211; Concord srl<br \/>Via Casali Darbedo, 20\/22<br \/>28822 CANNOBIO (VB) &#8211; ITALY <br \/><br \/><strong>Data Processing Manager:<\/strong><br \/>CAMPING RESIDENCE CAMPAGNA &#8211; Concord srl<br \/>Via Casali Darbedo, 20\/22<br \/>28822 CANNOBIO (VB) &#8211; ITALY <br \/><br \/><strong>Data Collation and Objectives<\/strong><br \/>The information acquired throughout the booking or as part of the request for availability is limited to that which is strictly necessary to correctly advise CAMPING RESIDENCE CAMPAGNA and the personnel in charge, being the data relating to the personal details of the person making the booking and any information for the management of the reservation guaranteed as per that displayed on the form.<br \/>The data collected is used exclusively to provide the booking service, for the realization of accommodation offers upon availability as per the request, and for statistical purposes within the accommodation facility. In the specific case whereby the user has explicitly requested the optional registration to receive the newsletter, the structure will be authorized to send any promotional newsletters, the sending of which the user can request to be blocked at any time, along with the removal of the email address.<br \/>The data acquired is: name, surname, address, email, telephone number, occupants, period of stay and any additional information of use in managing the regular booking process within the structure and whereby the data necessary to complete the registration is explicitly requested.\u00a0<br \/>For security purposes, the IP address of the device utilized by the user and the time spent viewing the pages are also collected.<br \/><br \/><strong>Storage, Access, Modification and Deletion of Data<\/strong><br \/>At any point in time, the user has the right to request information from CAMPING RESIDENCE CAMPAGNA regarding what data has been stored and can also request its modification or complete cancellation. This activity must be completed by the structure within 30 days from receipt of the communication. The request can be made by contacting us here: info@campingcampagna.it . Data will be stored for a maximum of 10 years<br \/><br \/><strong>Links to Other Websites<\/strong><br \/>This website may contain links to external sites. CAMPING RESIDENCE CAMPAGNA is not responsible for the Privacy Policy applied on these online platforms and the user is advised to consult the information provided by the relative third parties.<br \/><br \/><strong>Other Communications<\/strong><br \/>CAMPING RESIDENCE CAMPAGNA will not communicate the data received to any other commercial organization without the explicit consent of the end user. If any communication of data from administrative bodies, judicial authorities or government agencies is requested, we will always operate in compliance with the laws in force.<br \/><br \/><strong>Breach Notification<\/strong><br \/>Data protection is a primary concern for us. We are constantly committed to investing in its safeguarding. In the event of system violation and data theft, it will be our duty to notify the persons involved within 30 days, whilst implementing all necessary countermeasures.<br \/><br \/><strong>Changes to This Policy<\/strong><br \/>Except for the limits of applicable laws, we reserve the right to update this Policy to make changes to our data processing procedures known, giving notice of any update in a clear manner on this web application and, as required, obtaining the consent of the user. Each update will become effective immediately after publishing the updates to this Policy and will apply to all user data collected or, when requested, subject to the consent of the user. The latter agrees to periodically review this information. If any changes are made, we will change the \u201cLast Update\u201d date shown at the top. The user is free to decide whether or not to accept the modified version of this Policy. However, the user is required to accept such in its modified form to continue using our online booking service. If the user does not adhere to the new terms or any modified version of this Policy, the only available option would be to terminate the use of our service. If any changes to this Policy are made that materially impact upon the user\u2019s data that has already been collected, we would be required to obtain the prior express consent of the user.<\/p>\t\t\t\t\t\t\t\t<\/div>\n\t\t\t\t<\/div>\n\t\t\t\t<div class=\"elementor-element elementor-element-2e95f46 elementor-widget elementor-widget-spacer\" data-id=\"2e95f46\" data-element_type=\"widget\" data-widget_type=\"spacer.default\">\n\t\t\t\t<div class=\"elementor-widget-container\">\n\t\t\t\t\t\t\t<div class=\"elementor-spacer\">\n\t\t\t<div class=\"elementor-spacer-inner\"><\/div>\n\t\t<\/div>\n\t\t\t\t\t\t<\/div>\n\t\t\t\t<\/div>\n\t\t\t\t<div class=\"elementor-element elementor-element-0afac38 elementor-widget elementor-widget-heading\" data-id=\"0afac38\" data-element_type=\"widget\" data-widget_type=\"heading.default\">\n\t\t\t\t<div class=\"elementor-widget-container\">\n\t\t\t\t\t<h3 class=\"elementor-heading-title elementor-size-default\">Matomo Analytics<\/h3>\t\t\t\t<\/div>\n\t\t\t\t<\/div>\n\t\t\t\t<div class=\"elementor-element elementor-element-c7937e4 elementor-widget elementor-widget-shortcode\" data-id=\"c7937e4\" data-element_type=\"widget\" data-widget_type=\"shortcode.default\">\n\t\t\t\t<div class=\"elementor-widget-container\">\n\t\t\t\t\t\t\t<div class=\"elementor-shortcode\"><div id=\"matomo-opt-out\"><\/div>\n<script src=\"https:\/\/statistiche.lakeweb.it\/index.php?module=CoreAdminHome&action=optOutJS&divId=matomo-opt-out&language=fr&showIntro=1\"><\/script>\n      <\/div>\n\t\t\t\t\t\t<\/div>\n\t\t\t\t<\/div>\n\t\t\t\t\t<\/div>\n\t\t<\/div>\n\t\t\t\t\t<\/div>\n\t\t<\/section>\n\t\t\t\t<section class=\"elementor-section elementor-top-section elementor-element elementor-element-27179b8 elementor-section-full_width elementor-section-height-default elementor-section-height-default\" data-id=\"27179b8\" data-element_type=\"section\">\n\t\t\t\t\t\t<div class=\"elementor-container elementor-column-gap-no\">\n\t\t\t\t\t<div class=\"elementor-column elementor-col-100 elementor-top-column elementor-element elementor-element-ccedf89\" data-id=\"ccedf89\" data-element_type=\"column\">\n\t\t\t<div class=\"elementor-widget-wrap elementor-element-populated\">\n\t\t\t\t\t\t<div class=\"elementor-element elementor-element-dbd66a4 elementor-widget elementor-widget-vedhak_elementor_heading\" data-id=\"dbd66a4\" data-element_type=\"widget\" data-widget_type=\"vedhak_elementor_heading.default\">\n\t\t\t\t<div class=\"elementor-widget-container\">\n\t\t\t\t\t\t\t\t<div class=\"ova-heading template2\">\n\n\t\t\t\t\n\t\t\t\t\t\t\t\t\t<div class=\"wrap-content\">\n\t\t\t\t\n\t\t\t\t\t\t\t\t\t\t\n\t\t\t\t\t\t<h3 class=\"title\"><a href=\"\/fr\/hebergement\/\" target=\"_self\" ><span class=\"title-bold\">Choisissez <\/span><span class=\"title-normal\">votre h\u00e9bergement<\/span><\/a><\/h3>\n\n\t\t\t\t\t\n\n\t\t\t\t\t\n\t\t\t\t\t\t\t\t\t\t\t\t\t<a href=\"\/fr\/hebergement\/\" class=\"button-readmore \" \n\t\t\t\t\t\t\t\ttarget=\"_self\" >\n\n\t\t\t\t\t\t\t\tplus\n\t\t\t\t\t\t\t\t<i class=\"fas fa-angle-double-right\"><\/i>\n\t\t\t\t\t\t\t\t\n\t\t\t\t\t\t\t<\/a>\n\t\t\t\t\t\t\n\t\t\t\t\t\t<div class=\"background\">\n\t\t\t\t\t\t\tCamping\t\t\t\t\t\t<\/div>\n\n\t\t\t\t\t\t\t\t\t\n\t\t\t\t\t\t\t\t\t<\/div>\n\t\t\t\t\n\t\t\t\t\n\t\t\t<\/div>\n\n\t\t\t\t\t\t<\/div>\n\t\t\t\t<\/div>\n\t\t\t\t\t<\/div>\n\t\t<\/div>\n\t\t\t\t\t<\/div>\n\t\t<\/section>\n\t\t\t\t<\/div>\n\t\t","protected":false},"excerpt":{"rendered":"<p>INFORMATIONS ET ANNULLATIONS Le placement ou l&rsquo;unit\u00e9 de logement (appartement, mobil homes et caravane) r\u00e9serv\u00e9 est \u00e0 votre disposition \u00e0 partir de 14:00 heures du jour d&rsquo;arriv\u00e9e jusqu&rsquo;aux 10:00 heures du jour de d\u00e9part.Acceptation jusqu&rsquo;\u00e0 18:00 heures. En cas de retard avertir par t\u00e9l\u00e9phone.Au moment de la r\u00e9servation, il faut indiquer le nombre de personnes. [&hellip;]<\/p>\n","protected":false},"author":1,"featured_media":0,"parent":0,"menu_order":0,"comment_status":"closed","ping_status":"closed","template":"elementor_header_footer","meta":{"footnotes":""},"class_list":["post-22194","page","type-page","status-publish","hentry"],"yoast_head":"<!-- This site is optimized with the Yoast SEO plugin v26.3 - https:\/\/yoast.com\/wordpress\/plugins\/seo\/ -->\n<title>Politique de confidentialit\u00e9 - Camping Residence Campagna, Cannobio<\/title>\n<meta name=\"robots\" content=\"index, follow, max-snippet:-1, max-image-preview:large, max-video-preview:-1\" \/>\n<link rel=\"canonical\" href=\"https:\/\/www.campingcampagna.it\/fr\/politique-de-confidentialite\/\" \/>\n<meta property=\"og:locale\" content=\"fr_FR\" \/>\n<meta property=\"og:type\" content=\"article\" \/>\n<meta property=\"og:title\" content=\"Politique de confidentialit\u00e9 - Camping Residence Campagna, Cannobio\" \/>\n<meta property=\"og:description\" content=\"INFORMATIONS ET ANNULLATIONS Le placement ou l&rsquo;unit\u00e9 de logement (appartement, mobil homes et caravane) r\u00e9serv\u00e9 est \u00e0 votre disposition \u00e0 partir de 14:00 heures du jour d&rsquo;arriv\u00e9e jusqu&rsquo;aux 10:00 heures du jour de d\u00e9part.Acceptation jusqu&rsquo;\u00e0 18:00 heures. En cas de retard avertir par t\u00e9l\u00e9phone.Au moment de la r\u00e9servation, il faut indiquer le nombre de personnes. [&hellip;]\" \/>\n<meta property=\"og:url\" content=\"https:\/\/www.campingcampagna.it\/fr\/politique-de-confidentialite\/\" \/>\n<meta property=\"og:site_name\" content=\"Camping Residence Campagna, Cannobio\" \/>\n<meta property=\"article:publisher\" content=\"https:\/\/www.facebook.com\/pages\/Camping-Residence-Campagna\/389033907956132\" \/>\n<meta property=\"article:modified_time\" content=\"2025-08-12T13:14:33+00:00\" \/>\n<meta property=\"og:image\" content=\"https:\/\/www.campingcampagna.it\/wp-content\/uploads\/2025\/01\/camping-residence-campagna-cannobio-1.jpg\" \/>\n\t<meta property=\"og:image:width\" content=\"1920\" \/>\n\t<meta property=\"og:image:height\" content=\"1080\" \/>\n\t<meta property=\"og:image:type\" content=\"image\/jpeg\" \/>\n<meta name=\"twitter:card\" content=\"summary_large_image\" \/>\n<meta name=\"twitter:label1\" content=\"Dur\u00e9e de lecture estim\u00e9e\" \/>\n\t<meta name=\"twitter:data1\" content=\"5 minutes\" \/>\n<script type=\"application\/ld+json\" class=\"yoast-schema-graph\">{\"@context\":\"https:\/\/schema.org\",\"@graph\":[{\"@type\":\"WebPage\",\"@id\":\"https:\/\/www.campingcampagna.it\/fr\/politique-de-confidentialite\/\",\"url\":\"https:\/\/www.campingcampagna.it\/fr\/politique-de-confidentialite\/\",\"name\":\"Politique de confidentialit\u00e9 - Camping Residence Campagna, Cannobio\",\"isPartOf\":{\"@id\":\"https:\/\/www.campingcampagna.it\/fr\/#website\"},\"datePublished\":\"2024-12-19T11:10:23+00:00\",\"dateModified\":\"2025-08-12T13:14:33+00:00\",\"breadcrumb\":{\"@id\":\"https:\/\/www.campingcampagna.it\/fr\/politique-de-confidentialite\/#breadcrumb\"},\"inLanguage\":\"fr-FR\",\"potentialAction\":[{\"@type\":\"ReadAction\",\"target\":[\"https:\/\/www.campingcampagna.it\/fr\/politique-de-confidentialite\/\"]}]},{\"@type\":\"BreadcrumbList\",\"@id\":\"https:\/\/www.campingcampagna.it\/fr\/politique-de-confidentialite\/#breadcrumb\",\"itemListElement\":[{\"@type\":\"ListItem\",\"position\":1,\"name\":\"Home\",\"item\":\"https:\/\/www.campingcampagna.it\/fr\/\"},{\"@type\":\"ListItem\",\"position\":2,\"name\":\"Politique de confidentialit\u00e9\"}]},{\"@type\":\"WebSite\",\"@id\":\"https:\/\/www.campingcampagna.it\/fr\/#website\",\"url\":\"https:\/\/www.campingcampagna.it\/fr\/\",\"name\":\"Camping Residence Campagna, Cannobio\",\"description\":\"Camping Residence Campagna, Cannobio\",\"publisher\":{\"@id\":\"https:\/\/www.campingcampagna.it\/fr\/#organization\"},\"potentialAction\":[{\"@type\":\"SearchAction\",\"target\":{\"@type\":\"EntryPoint\",\"urlTemplate\":\"https:\/\/www.campingcampagna.it\/fr\/?s={search_term_string}\"},\"query-input\":{\"@type\":\"PropertyValueSpecification\",\"valueRequired\":true,\"valueName\":\"search_term_string\"}}],\"inLanguage\":\"fr-FR\"},{\"@type\":\"Organization\",\"@id\":\"https:\/\/www.campingcampagna.it\/fr\/#organization\",\"name\":\"Camping Residence Campagna, Cannobio\",\"url\":\"https:\/\/www.campingcampagna.it\/fr\/\",\"logo\":{\"@type\":\"ImageObject\",\"inLanguage\":\"fr-FR\",\"@id\":\"https:\/\/www.campingcampagna.it\/fr\/#\/schema\/logo\/image\/\",\"url\":\"https:\/\/www.campingcampagna.it\/wp-content\/uploads\/2024\/12\/logo-camping-campagna.png\",\"contentUrl\":\"https:\/\/www.campingcampagna.it\/wp-content\/uploads\/2024\/12\/logo-camping-campagna.png\",\"width\":600,\"height\":180,\"caption\":\"Camping Residence Campagna, Cannobio\"},\"image\":{\"@id\":\"https:\/\/www.campingcampagna.it\/fr\/#\/schema\/logo\/image\/\"},\"sameAs\":[\"https:\/\/www.facebook.com\/pages\/Camping-Residence-Campagna\/389033907956132\",\"https:\/\/www.instagram.com\/campingcampagna\/\",\"https:\/\/www.youtube.com\/channel\/UCULvOj0LyU7VymrGeK73skQ\"]}]}<\/script>\n<!-- \/ Yoast SEO plugin. -->","yoast_head_json":{"title":"Politique de confidentialit\u00e9 - Camping Residence Campagna, Cannobio","robots":{"index":"index","follow":"follow","max-snippet":"max-snippet:-1","max-image-preview":"max-image-preview:large","max-video-preview":"max-video-preview:-1"},"canonical":"https:\/\/www.campingcampagna.it\/fr\/politique-de-confidentialite\/","og_locale":"fr_FR","og_type":"article","og_title":"Politique de confidentialit\u00e9 - Camping Residence Campagna, Cannobio","og_description":"INFORMATIONS ET ANNULLATIONS Le placement ou l&rsquo;unit\u00e9 de logement (appartement, mobil homes et caravane) r\u00e9serv\u00e9 est \u00e0 votre disposition \u00e0 partir de 14:00 heures du jour d&rsquo;arriv\u00e9e jusqu&rsquo;aux 10:00 heures du jour de d\u00e9part.Acceptation jusqu&rsquo;\u00e0 18:00 heures. En cas de retard avertir par t\u00e9l\u00e9phone.Au moment de la r\u00e9servation, il faut indiquer le nombre de personnes. [&hellip;]","og_url":"https:\/\/www.campingcampagna.it\/fr\/politique-de-confidentialite\/","og_site_name":"Camping Residence Campagna, Cannobio","article_publisher":"https:\/\/www.facebook.com\/pages\/Camping-Residence-Campagna\/389033907956132","article_modified_time":"2025-08-12T13:14:33+00:00","og_image":[{"width":1920,"height":1080,"url":"https:\/\/www.campingcampagna.it\/wp-content\/uploads\/2025\/01\/camping-residence-campagna-cannobio-1.jpg","type":"image\/jpeg"}],"twitter_card":"summary_large_image","twitter_misc":{"Dur\u00e9e de lecture estim\u00e9e":"5 minutes"},"schema":{"@context":"https:\/\/schema.org","@graph":[{"@type":"WebPage","@id":"https:\/\/www.campingcampagna.it\/fr\/politique-de-confidentialite\/","url":"https:\/\/www.campingcampagna.it\/fr\/politique-de-confidentialite\/","name":"Politique de confidentialit\u00e9 - Camping Residence Campagna, Cannobio","isPartOf":{"@id":"https:\/\/www.campingcampagna.it\/fr\/#website"},"datePublished":"2024-12-19T11:10:23+00:00","dateModified":"2025-08-12T13:14:33+00:00","breadcrumb":{"@id":"https:\/\/www.campingcampagna.it\/fr\/politique-de-confidentialite\/#breadcrumb"},"inLanguage":"fr-FR","potentialAction":[{"@type":"ReadAction","target":["https:\/\/www.campingcampagna.it\/fr\/politique-de-confidentialite\/"]}]},{"@type":"BreadcrumbList","@id":"https:\/\/www.campingcampagna.it\/fr\/politique-de-confidentialite\/#breadcrumb","itemListElement":[{"@type":"ListItem","position":1,"name":"Home","item":"https:\/\/www.campingcampagna.it\/fr\/"},{"@type":"ListItem","position":2,"name":"Politique de confidentialit\u00e9"}]},{"@type":"WebSite","@id":"https:\/\/www.campingcampagna.it\/fr\/#website","url":"https:\/\/www.campingcampagna.it\/fr\/","name":"Camping Residence Campagna, Cannobio","description":"Camping Residence Campagna, Cannobio","publisher":{"@id":"https:\/\/www.campingcampagna.it\/fr\/#organization"},"potentialAction":[{"@type":"SearchAction","target":{"@type":"EntryPoint","urlTemplate":"https:\/\/www.campingcampagna.it\/fr\/?s={search_term_string}"},"query-input":{"@type":"PropertyValueSpecification","valueRequired":true,"valueName":"search_term_string"}}],"inLanguage":"fr-FR"},{"@type":"Organization","@id":"https:\/\/www.campingcampagna.it\/fr\/#organization","name":"Camping Residence Campagna, Cannobio","url":"https:\/\/www.campingcampagna.it\/fr\/","logo":{"@type":"ImageObject","inLanguage":"fr-FR","@id":"https:\/\/www.campingcampagna.it\/fr\/#\/schema\/logo\/image\/","url":"https:\/\/www.campingcampagna.it\/wp-content\/uploads\/2024\/12\/logo-camping-campagna.png","contentUrl":"https:\/\/www.campingcampagna.it\/wp-content\/uploads\/2024\/12\/logo-camping-campagna.png","width":600,"height":180,"caption":"Camping Residence Campagna, Cannobio"},"image":{"@id":"https:\/\/www.campingcampagna.it\/fr\/#\/schema\/logo\/image\/"},"sameAs":["https:\/\/www.facebook.com\/pages\/Camping-Residence-Campagna\/389033907956132","https:\/\/www.instagram.com\/campingcampagna\/","https:\/\/www.youtube.com\/channel\/UCULvOj0LyU7VymrGeK73skQ"]}]}},"_links":{"self":[{"href":"https:\/\/www.campingcampagna.it\/fr\/wp-json\/wp\/v2\/pages\/22194","targetHints":{"allow":["GET"]}}],"collection":[{"href":"https:\/\/www.campingcampagna.it\/fr\/wp-json\/wp\/v2\/pages"}],"about":[{"href":"https:\/\/www.campingcampagna.it\/fr\/wp-json\/wp\/v2\/types\/page"}],"author":[{"embeddable":true,"href":"https:\/\/www.campingcampagna.it\/fr\/wp-json\/wp\/v2\/users\/1"}],"replies":[{"embeddable":true,"href":"https:\/\/www.campingcampagna.it\/fr\/wp-json\/wp\/v2\/comments?post=22194"}],"version-history":[{"count":6,"href":"https:\/\/www.campingcampagna.it\/fr\/wp-json\/wp\/v2\/pages\/22194\/revisions"}],"predecessor-version":[{"id":24311,"href":"https:\/\/www.campingcampagna.it\/fr\/wp-json\/wp\/v2\/pages\/22194\/revisions\/24311"}],"wp:attachment":[{"href":"https:\/\/www.campingcampagna.it\/fr\/wp-json\/wp\/v2\/media?parent=22194"}],"curies":[{"name":"wp","href":"https:\/\/api.w.org\/{rel}","templated":true}]}}