{"id":22191,"date":"2025-01-08T17:53:20","date_gmt":"2025-01-08T16:53:20","guid":{"rendered":"https:\/\/test.campingcampagna.it\/sistemazioni\/residence\/"},"modified":"2025-07-22T14:40:50","modified_gmt":"2025-07-22T12:40:50","slug":"residence","status":"publish","type":"page","link":"https:\/\/www.campingcampagna.it\/fr\/hebergement\/residence\/","title":{"rendered":"R\u00e9sidence"},"content":{"rendered":"\t\t<div data-elementor-type=\"wp-page\" data-elementor-id=\"22191\" class=\"elementor elementor-22191 elementor-4301\">\n\t\t\t\t\t\t<section class=\"elementor-section elementor-top-section elementor-element elementor-element-decc158 elementor-section-boxed elementor-section-height-default elementor-section-height-default\" data-id=\"decc158\" data-element_type=\"section\">\n\t\t\t\t\t\t<div class=\"elementor-container elementor-column-gap-wide\">\n\t\t\t\t\t<div class=\"elementor-column elementor-col-100 elementor-top-column elementor-element elementor-element-c6a0397\" data-id=\"c6a0397\" data-element_type=\"column\">\n\t\t\t<div class=\"elementor-widget-wrap elementor-element-populated\">\n\t\t\t\t\t\t<div class=\"elementor-element elementor-element-61d0d6f elementor-widget elementor-widget-text-editor\" data-id=\"61d0d6f\" data-element_type=\"widget\" data-widget_type=\"text-editor.default\">\n\t\t\t\t<div class=\"elementor-widget-container\">\n\t\t\t\t\t\t\t\t\t<p>\u00c0 quelques pas du lac, nos appartements sont con\u00e7us pour vous offrir des vacances ax\u00e9es sur le confort, la tranquillit\u00e9 et la beaut\u00e9 naturelle.<br \/>Ils sont disponibles sous forme de studios et d\u2019appartements deux pi\u00e8ces. Nos logements au rez-de-chauss\u00e9e sont agr\u00e9ment\u00e9s d\u2019un jardin priv\u00e9, tandis que les unit\u00e9s au premier \u00e9tage s\u2019ouvrent sur une terrasse spacieuse, id\u00e9ale pour profiter de merveilleuses journ\u00e9es en plein air.<br \/>Chaque appartement est enti\u00e8rement \u00e9quip\u00e9 pour garantir un maximum de confort et de fonctionnalit\u00e9, rendant votre s\u00e9jour agr\u00e9able et sans souci.<br \/>Id\u00e9al pour ceux qui recherchent un s\u00e9jour tranquille, immerg\u00e9 dans la nature, sans renoncer \u00e0 la beaut\u00e9 et au charme du paysage environnant.<\/p>\t\t\t\t\t\t\t\t<\/div>\n\t\t\t\t<\/div>\n\t\t\t\t\t<\/div>\n\t\t<\/div>\n\t\t\t\t\t<\/div>\n\t\t<\/section>\n\t\t\t\t<section class=\"elementor-section elementor-top-section elementor-element elementor-element-0b7d65b elementor-section-boxed elementor-section-height-default elementor-section-height-default\" data-id=\"0b7d65b\" data-element_type=\"section\">\n\t\t\t\t\t\t<div class=\"elementor-container elementor-column-gap-wide\">\n\t\t\t\t\t<div class=\"elementor-column elementor-col-100 elementor-top-column elementor-element elementor-element-1deb0da\" data-id=\"1deb0da\" data-element_type=\"column\">\n\t\t\t<div class=\"elementor-widget-wrap elementor-element-populated\">\n\t\t\t\t\t\t<div class=\"elementor-element elementor-element-b6a733b elementor-widget elementor-widget-ovabrw_product_list\" data-id=\"b6a733b\" data-element_type=\"widget\" data-widget_type=\"ovabrw_product_list.default\">\n\t\t\t\t<div class=\"elementor-widget-container\">\n\t\t\t\t\t\n\t\t\t\t\t<div class=\"ova-product-list ova-product-list-template1 column2\">\n\t\t\t\t\n\t\n\t<div class=\"ova-product product type-product post-22631 status-publish first instock product_cat-residence has-post-thumbnail shipping-taxable purchasable product-type-ovabrw_car_rental\">\n\t\t\n<div class=\"ova_head_product\">\n\t<a href=\"https:\/\/www.campingcampagna.it\/fr\/camping\/appartements-studio\/\" class=\"ova-product-thumbnail\">\n\t\t<img fetchpriority=\"high\" decoding=\"async\" width=\"768\" height=\"660\" src=\"https:\/\/www.campingcampagna.it\/wp-content\/uploads\/2025\/01\/monolocali-camping-campagna-2-768x660.jpg\" class=\"attachment-vedhak_thumbnail size-vedhak_thumbnail\" alt=\"Camping Residence Campagna \" \/>\t<\/a>\n\t<div class=\"shape\"><\/div>\n\t<a href=\"https:\/\/www.campingcampagna.it\/fr\/camping\/appartements-studio\/\" class=\"product-view-detail\">\n\t\t<i aria-hidden=\"true\" class=\"fas fa-arrow-right\"><\/i>\n\t<\/a>\n<\/div>\n\n<div class=\"ova_foot_product\">\n\n\t<div class=\"product-info\">\n        \n        \t\t\n\t\t\t\t\t<h2 class=\"ova-product-title\">\n\t\t\t\t<a href=\"https:\/\/www.campingcampagna.it\/fr\/camping\/appartements-studio\/\">\n\t\t\t        Appartements studio\t\t\t    <\/a>\n\t\t\t<\/h2>\n\t\t        \n        \n\t\t\t\t\t<div class=\"feature-icon-and-link\">\n\t\t\t\t\t\t\t\t\t<div class=\"feature-icon-wrapper\">\n\t\t\t\t\t\t\t\t\t\t            <div class=\"feature-icon\">\n\t\t\t\t                \t\t\t\t                    \t\t\t\t                        <i aria-hidden=\"true\" class=\"flaticon-044-beach-chair\"><\/i>\n\t\t\t\t                    \t\t\t\t                        <i aria-hidden=\"true\" class=\"flaticon-032-eat\"><\/i>\n\t\t\t\t                    \t\t\t\t                \t\t\t\t            <\/div>\n\t\t\t\t        \t\t\t\t            <div class=\"feature-icon\">\n\t\t\t\t                \t\t\t\t                    \t\t\t\t                        <i aria-hidden=\"true\" class=\"flaticon-031-pot\"><\/i>\n\t\t\t\t                    \t\t\t\t                        <i aria-hidden=\"true\" class=\"flaticon-039-blanket\"><\/i>\n\t\t\t\t                    \t\t\t\t                \t\t\t\t            <\/div>\n\t\t\t\t        \t\t\t\t\t<\/div>\n\t\t\t\t\n\t\t\t\t\t\t\t\t\t<a href=\"https:\/\/www.campingcampagna.it\/fr\/camping\/appartements-studio\/\" class=\"product-view-detail\">\n\t\t\t\t\t\t<i aria-hidden=\"true\" class=\"fas fa-arrow-right\"><\/i>\n\t\t\t\t\t<\/a>\n\t\t\t\t\t\t\t<\/div>\n\t\t\t    \n\t<\/div>\n\n<\/div>\t<\/div>\n\n\n\t\n\t<div class=\"ova-product product type-product post-22628 status-publish instock product_cat-residence has-post-thumbnail shipping-taxable purchasable product-type-ovabrw_car_rental\">\n\t\t\n<div class=\"ova_head_product\">\n\t<a href=\"https:\/\/www.campingcampagna.it\/fr\/camping\/appartements-deux-pieces\/\" class=\"ova-product-thumbnail\">\n\t\t<img decoding=\"async\" width=\"768\" height=\"660\" src=\"https:\/\/www.campingcampagna.it\/wp-content\/uploads\/2025\/01\/bilocali-camping-campagna-cannobio-768x660.jpg\" class=\"attachment-vedhak_thumbnail size-vedhak_thumbnail\" alt=\"Camping Residence Campagna  - Bilocali\" \/>\t<\/a>\n\t<div class=\"shape\"><\/div>\n\t<a href=\"https:\/\/www.campingcampagna.it\/fr\/camping\/appartements-deux-pieces\/\" class=\"product-view-detail\">\n\t\t<i aria-hidden=\"true\" class=\"fas fa-arrow-right\"><\/i>\n\t<\/a>\n<\/div>\n\n<div class=\"ova_foot_product\">\n\n\t<div class=\"product-info\">\n        \n        \t\t\n\t\t\t\t\t<h2 class=\"ova-product-title\">\n\t\t\t\t<a href=\"https:\/\/www.campingcampagna.it\/fr\/camping\/appartements-deux-pieces\/\">\n\t\t\t        Appartements deux pi\u00e8ces\t\t\t    <\/a>\n\t\t\t<\/h2>\n\t\t        \n        \n\t\t\t\t\t<div class=\"feature-icon-and-link\">\n\t\t\t\t\t\t\t\t\t<div class=\"feature-icon-wrapper\">\n\t\t\t\t\t\t\t\t\t\t            <div class=\"feature-icon\">\n\t\t\t\t                \t\t\t\t                    \t\t\t\t                        <i aria-hidden=\"true\" class=\"flaticon-044-beach-chair\"><\/i>\n\t\t\t\t                    \t\t\t\t                        <i aria-hidden=\"true\" class=\"flaticon-032-eat\"><\/i>\n\t\t\t\t                    \t\t\t\t                \t\t\t\t            <\/div>\n\t\t\t\t        \t\t\t\t            <div class=\"feature-icon\">\n\t\t\t\t                \t\t\t\t                    \t\t\t\t                        <i aria-hidden=\"true\" class=\"flaticon-031-pot\"><\/i>\n\t\t\t\t                    \t\t\t\t                        <i aria-hidden=\"true\" class=\"flaticon-039-blanket\"><\/i>\n\t\t\t\t                    \t\t\t\t                \t\t\t\t            <\/div>\n\t\t\t\t        \t\t\t\t\t<\/div>\n\t\t\t\t\n\t\t\t\t\t\t\t\t\t<a href=\"https:\/\/www.campingcampagna.it\/fr\/camping\/appartements-deux-pieces\/\" class=\"product-view-detail\">\n\t\t\t\t\t\t<i aria-hidden=\"true\" class=\"fas fa-arrow-right\"><\/i>\n\t\t\t\t\t<\/a>\n\t\t\t\t\t\t\t<\/div>\n\t\t\t    \n\t<\/div>\n\n<\/div>\t<\/div>\n\n\t\t\t<\/div>\n\n\t\t\n\t\t\t\t\t\t<\/div>\n\t\t\t\t<\/div>\n\t\t\t\t\t<\/div>\n\t\t<\/div>\n\t\t\t\t\t<\/div>\n\t\t<\/section>\n\t\t\t\t<\/div>\n\t\t","protected":false},"excerpt":{"rendered":"<p>\u00c0 quelques pas du lac, nos appartements sont con\u00e7us pour vous offrir des vacances ax\u00e9es sur le confort, la tranquillit\u00e9 et la beaut\u00e9 naturelle.Ils sont disponibles sous forme de studios et d\u2019appartements deux pi\u00e8ces. Nos logements au rez-de-chauss\u00e9e sont agr\u00e9ment\u00e9s d\u2019un jardin priv\u00e9, tandis que les unit\u00e9s au premier \u00e9tage s\u2019ouvrent sur une terrasse spacieuse, [&hellip;]<\/p>\n","protected":false},"author":1,"featured_media":4954,"parent":22182,"menu_order":0,"comment_status":"closed","ping_status":"closed","template":"elementor_header_footer","meta":{"footnotes":""},"class_list":["post-22191","page","type-page","status-publish","has-post-thumbnail","hentry"],"yoast_head":"<!-- This site is optimized with the Yoast SEO plugin v26.3 - https:\/\/yoast.com\/wordpress\/plugins\/seo\/ -->\n<title>R\u00e9sidence au Camping Residence Campagna \u00e0 Cannobio<\/title>\n<meta name=\"description\" content=\"Studios et appartements d&#039;une chambre avec jardin ou terrasse, \u00e0 quelques pas du lac. Confort et tranquillit\u00e9 pour des vacances inoubliables.\" \/>\n<meta name=\"robots\" content=\"index, follow, max-snippet:-1, max-image-preview:large, max-video-preview:-1\" \/>\n<link rel=\"canonical\" href=\"https:\/\/www.campingcampagna.it\/fr\/hebergement\/residence\/\" \/>\n<meta property=\"og:locale\" content=\"fr_FR\" \/>\n<meta property=\"og:type\" content=\"article\" \/>\n<meta property=\"og:title\" content=\"R\u00e9sidence au Camping Residence Campagna \u00e0 Cannobio\" \/>\n<meta property=\"og:description\" content=\"Studios et appartements d&#039;une chambre avec jardin ou terrasse, \u00e0 quelques pas du lac. Confort et tranquillit\u00e9 pour des vacances inoubliables.\" \/>\n<meta property=\"og:url\" content=\"https:\/\/www.campingcampagna.it\/fr\/hebergement\/residence\/\" \/>\n<meta property=\"og:site_name\" content=\"Camping Residence Campagna, Cannobio\" \/>\n<meta property=\"article:publisher\" content=\"https:\/\/www.facebook.com\/pages\/Camping-Residence-Campagna\/389033907956132\" \/>\n<meta property=\"article:modified_time\" content=\"2025-07-22T12:40:50+00:00\" \/>\n<meta property=\"og:image\" content=\"https:\/\/www.campingcampagna.it\/wp-content\/uploads\/2025\/01\/camping-residence-campagna-cannobio-7.jpg\" \/>\n\t<meta property=\"og:image:width\" content=\"1920\" \/>\n\t<meta property=\"og:image:height\" content=\"1000\" \/>\n\t<meta property=\"og:image:type\" content=\"image\/jpeg\" \/>\n<meta name=\"twitter:card\" content=\"summary_large_image\" \/>\n<meta name=\"twitter:label1\" content=\"Dur\u00e9e de lecture estim\u00e9e\" \/>\n\t<meta name=\"twitter:data1\" content=\"1 minute\" \/>\n<script type=\"application\/ld+json\" class=\"yoast-schema-graph\">{\"@context\":\"https:\/\/schema.org\",\"@graph\":[{\"@type\":\"WebPage\",\"@id\":\"https:\/\/www.campingcampagna.it\/fr\/hebergement\/residence\/\",\"url\":\"https:\/\/www.campingcampagna.it\/fr\/hebergement\/residence\/\",\"name\":\"R\u00e9sidence au Camping Residence Campagna \u00e0 Cannobio\",\"isPartOf\":{\"@id\":\"https:\/\/www.campingcampagna.it\/fr\/#website\"},\"primaryImageOfPage\":{\"@id\":\"https:\/\/www.campingcampagna.it\/fr\/hebergement\/residence\/#primaryimage\"},\"image\":{\"@id\":\"https:\/\/www.campingcampagna.it\/fr\/hebergement\/residence\/#primaryimage\"},\"thumbnailUrl\":\"https:\/\/www.campingcampagna.it\/wp-content\/uploads\/2025\/01\/camping-residence-campagna-cannobio-7.jpg\",\"datePublished\":\"2025-01-08T16:53:20+00:00\",\"dateModified\":\"2025-07-22T12:40:50+00:00\",\"description\":\"Studios et appartements d'une chambre avec jardin ou terrasse, \u00e0 quelques pas du lac. Confort et tranquillit\u00e9 pour des vacances inoubliables.\",\"breadcrumb\":{\"@id\":\"https:\/\/www.campingcampagna.it\/fr\/hebergement\/residence\/#breadcrumb\"},\"inLanguage\":\"fr-FR\",\"potentialAction\":[{\"@type\":\"ReadAction\",\"target\":[\"https:\/\/www.campingcampagna.it\/fr\/hebergement\/residence\/\"]}]},{\"@type\":\"ImageObject\",\"inLanguage\":\"fr-FR\",\"@id\":\"https:\/\/www.campingcampagna.it\/fr\/hebergement\/residence\/#primaryimage\",\"url\":\"https:\/\/www.campingcampagna.it\/wp-content\/uploads\/2025\/01\/camping-residence-campagna-cannobio-7.jpg\",\"contentUrl\":\"https:\/\/www.campingcampagna.it\/wp-content\/uploads\/2025\/01\/camping-residence-campagna-cannobio-7.jpg\",\"width\":1920,\"height\":1000,\"caption\":\"Camping Residence Campagna\"},{\"@type\":\"BreadcrumbList\",\"@id\":\"https:\/\/www.campingcampagna.it\/fr\/hebergement\/residence\/#breadcrumb\",\"itemListElement\":[{\"@type\":\"ListItem\",\"position\":1,\"name\":\"Home\",\"item\":\"https:\/\/www.campingcampagna.it\/fr\/\"},{\"@type\":\"ListItem\",\"position\":2,\"name\":\"H\u00e9bergement\",\"item\":\"https:\/\/www.campingcampagna.it\/fr\/hebergement\/\"},{\"@type\":\"ListItem\",\"position\":3,\"name\":\"R\u00e9sidence\"}]},{\"@type\":\"WebSite\",\"@id\":\"https:\/\/www.campingcampagna.it\/fr\/#website\",\"url\":\"https:\/\/www.campingcampagna.it\/fr\/\",\"name\":\"Camping Residence Campagna, Cannobio\",\"description\":\"Camping Residence Campagna, Cannobio\",\"publisher\":{\"@id\":\"https:\/\/www.campingcampagna.it\/fr\/#organization\"},\"potentialAction\":[{\"@type\":\"SearchAction\",\"target\":{\"@type\":\"EntryPoint\",\"urlTemplate\":\"https:\/\/www.campingcampagna.it\/fr\/?s={search_term_string}\"},\"query-input\":{\"@type\":\"PropertyValueSpecification\",\"valueRequired\":true,\"valueName\":\"search_term_string\"}}],\"inLanguage\":\"fr-FR\"},{\"@type\":\"Organization\",\"@id\":\"https:\/\/www.campingcampagna.it\/fr\/#organization\",\"name\":\"Camping Residence Campagna, Cannobio\",\"url\":\"https:\/\/www.campingcampagna.it\/fr\/\",\"logo\":{\"@type\":\"ImageObject\",\"inLanguage\":\"fr-FR\",\"@id\":\"https:\/\/www.campingcampagna.it\/fr\/#\/schema\/logo\/image\/\",\"url\":\"https:\/\/www.campingcampagna.it\/wp-content\/uploads\/2024\/12\/logo-camping-campagna.png\",\"contentUrl\":\"https:\/\/www.campingcampagna.it\/wp-content\/uploads\/2024\/12\/logo-camping-campagna.png\",\"width\":600,\"height\":180,\"caption\":\"Camping Residence Campagna, Cannobio\"},\"image\":{\"@id\":\"https:\/\/www.campingcampagna.it\/fr\/#\/schema\/logo\/image\/\"},\"sameAs\":[\"https:\/\/www.facebook.com\/pages\/Camping-Residence-Campagna\/389033907956132\",\"https:\/\/www.instagram.com\/campingcampagna\/\",\"https:\/\/www.youtube.com\/channel\/UCULvOj0LyU7VymrGeK73skQ\"]}]}<\/script>\n<!-- \/ Yoast SEO plugin. -->","yoast_head_json":{"title":"R\u00e9sidence au Camping Residence Campagna \u00e0 Cannobio","description":"Studios et appartements d'une chambre avec jardin ou terrasse, \u00e0 quelques pas du lac. Confort et tranquillit\u00e9 pour des vacances inoubliables.","robots":{"index":"index","follow":"follow","max-snippet":"max-snippet:-1","max-image-preview":"max-image-preview:large","max-video-preview":"max-video-preview:-1"},"canonical":"https:\/\/www.campingcampagna.it\/fr\/hebergement\/residence\/","og_locale":"fr_FR","og_type":"article","og_title":"R\u00e9sidence au Camping Residence Campagna \u00e0 Cannobio","og_description":"Studios et appartements d'une chambre avec jardin ou terrasse, \u00e0 quelques pas du lac. Confort et tranquillit\u00e9 pour des vacances inoubliables.","og_url":"https:\/\/www.campingcampagna.it\/fr\/hebergement\/residence\/","og_site_name":"Camping Residence Campagna, Cannobio","article_publisher":"https:\/\/www.facebook.com\/pages\/Camping-Residence-Campagna\/389033907956132","article_modified_time":"2025-07-22T12:40:50+00:00","og_image":[{"width":1920,"height":1000,"url":"https:\/\/www.campingcampagna.it\/wp-content\/uploads\/2025\/01\/camping-residence-campagna-cannobio-7.jpg","type":"image\/jpeg"}],"twitter_card":"summary_large_image","twitter_misc":{"Dur\u00e9e de lecture estim\u00e9e":"1 minute"},"schema":{"@context":"https:\/\/schema.org","@graph":[{"@type":"WebPage","@id":"https:\/\/www.campingcampagna.it\/fr\/hebergement\/residence\/","url":"https:\/\/www.campingcampagna.it\/fr\/hebergement\/residence\/","name":"R\u00e9sidence au Camping Residence Campagna \u00e0 Cannobio","isPartOf":{"@id":"https:\/\/www.campingcampagna.it\/fr\/#website"},"primaryImageOfPage":{"@id":"https:\/\/www.campingcampagna.it\/fr\/hebergement\/residence\/#primaryimage"},"image":{"@id":"https:\/\/www.campingcampagna.it\/fr\/hebergement\/residence\/#primaryimage"},"thumbnailUrl":"https:\/\/www.campingcampagna.it\/wp-content\/uploads\/2025\/01\/camping-residence-campagna-cannobio-7.jpg","datePublished":"2025-01-08T16:53:20+00:00","dateModified":"2025-07-22T12:40:50+00:00","description":"Studios et appartements d'une chambre avec jardin ou terrasse, \u00e0 quelques pas du lac. Confort et tranquillit\u00e9 pour des vacances inoubliables.","breadcrumb":{"@id":"https:\/\/www.campingcampagna.it\/fr\/hebergement\/residence\/#breadcrumb"},"inLanguage":"fr-FR","potentialAction":[{"@type":"ReadAction","target":["https:\/\/www.campingcampagna.it\/fr\/hebergement\/residence\/"]}]},{"@type":"ImageObject","inLanguage":"fr-FR","@id":"https:\/\/www.campingcampagna.it\/fr\/hebergement\/residence\/#primaryimage","url":"https:\/\/www.campingcampagna.it\/wp-content\/uploads\/2025\/01\/camping-residence-campagna-cannobio-7.jpg","contentUrl":"https:\/\/www.campingcampagna.it\/wp-content\/uploads\/2025\/01\/camping-residence-campagna-cannobio-7.jpg","width":1920,"height":1000,"caption":"Camping Residence Campagna"},{"@type":"BreadcrumbList","@id":"https:\/\/www.campingcampagna.it\/fr\/hebergement\/residence\/#breadcrumb","itemListElement":[{"@type":"ListItem","position":1,"name":"Home","item":"https:\/\/www.campingcampagna.it\/fr\/"},{"@type":"ListItem","position":2,"name":"H\u00e9bergement","item":"https:\/\/www.campingcampagna.it\/fr\/hebergement\/"},{"@type":"ListItem","position":3,"name":"R\u00e9sidence"}]},{"@type":"WebSite","@id":"https:\/\/www.campingcampagna.it\/fr\/#website","url":"https:\/\/www.campingcampagna.it\/fr\/","name":"Camping Residence Campagna, Cannobio","description":"Camping Residence Campagna, Cannobio","publisher":{"@id":"https:\/\/www.campingcampagna.it\/fr\/#organization"},"potentialAction":[{"@type":"SearchAction","target":{"@type":"EntryPoint","urlTemplate":"https:\/\/www.campingcampagna.it\/fr\/?s={search_term_string}"},"query-input":{"@type":"PropertyValueSpecification","valueRequired":true,"valueName":"search_term_string"}}],"inLanguage":"fr-FR"},{"@type":"Organization","@id":"https:\/\/www.campingcampagna.it\/fr\/#organization","name":"Camping Residence Campagna, Cannobio","url":"https:\/\/www.campingcampagna.it\/fr\/","logo":{"@type":"ImageObject","inLanguage":"fr-FR","@id":"https:\/\/www.campingcampagna.it\/fr\/#\/schema\/logo\/image\/","url":"https:\/\/www.campingcampagna.it\/wp-content\/uploads\/2024\/12\/logo-camping-campagna.png","contentUrl":"https:\/\/www.campingcampagna.it\/wp-content\/uploads\/2024\/12\/logo-camping-campagna.png","width":600,"height":180,"caption":"Camping Residence Campagna, Cannobio"},"image":{"@id":"https:\/\/www.campingcampagna.it\/fr\/#\/schema\/logo\/image\/"},"sameAs":["https:\/\/www.facebook.com\/pages\/Camping-Residence-Campagna\/389033907956132","https:\/\/www.instagram.com\/campingcampagna\/","https:\/\/www.youtube.com\/channel\/UCULvOj0LyU7VymrGeK73skQ"]}]}},"_links":{"self":[{"href":"https:\/\/www.campingcampagna.it\/fr\/wp-json\/wp\/v2\/pages\/22191","targetHints":{"allow":["GET"]}}],"collection":[{"href":"https:\/\/www.campingcampagna.it\/fr\/wp-json\/wp\/v2\/pages"}],"about":[{"href":"https:\/\/www.campingcampagna.it\/fr\/wp-json\/wp\/v2\/types\/page"}],"author":[{"embeddable":true,"href":"https:\/\/www.campingcampagna.it\/fr\/wp-json\/wp\/v2\/users\/1"}],"replies":[{"embeddable":true,"href":"https:\/\/www.campingcampagna.it\/fr\/wp-json\/wp\/v2\/comments?post=22191"}],"version-history":[{"count":0,"href":"https:\/\/www.campingcampagna.it\/fr\/wp-json\/wp\/v2\/pages\/22191\/revisions"}],"up":[{"embeddable":true,"href":"https:\/\/www.campingcampagna.it\/fr\/wp-json\/wp\/v2\/pages\/22182"}],"wp:featuredmedia":[{"embeddable":true,"href":"https:\/\/www.campingcampagna.it\/fr\/wp-json\/wp\/v2\/media\/4954"}],"wp:attachment":[{"href":"https:\/\/www.campingcampagna.it\/fr\/wp-json\/wp\/v2\/media?parent=22191"}],"curies":[{"name":"wp","href":"https:\/\/api.w.org\/{rel}","templated":true}]}}