{"id":22188,"date":"2025-01-08T17:53:48","date_gmt":"2025-01-08T16:53:48","guid":{"rendered":"https:\/\/test.campingcampagna.it\/sistemazioni\/piazzole\/"},"modified":"2025-08-06T08:55:19","modified_gmt":"2025-08-06T06:55:19","slug":"emplacements","status":"publish","type":"page","link":"https:\/\/www.campingcampagna.it\/fr\/hebergement\/emplacements\/","title":{"rendered":"Emplacements"},"content":{"rendered":"\t\t<div data-elementor-type=\"wp-page\" data-elementor-id=\"22188\" class=\"elementor elementor-22188 elementor-4303\">\n\t\t\t\t\t\t<section class=\"elementor-section elementor-top-section elementor-element elementor-element-decc158 elementor-section-boxed elementor-section-height-default elementor-section-height-default\" data-id=\"decc158\" data-element_type=\"section\">\n\t\t\t\t\t\t<div class=\"elementor-container elementor-column-gap-wide\">\n\t\t\t\t\t<div class=\"elementor-column elementor-col-100 elementor-top-column elementor-element elementor-element-c6a0397\" data-id=\"c6a0397\" data-element_type=\"column\">\n\t\t\t<div class=\"elementor-widget-wrap elementor-element-populated\">\n\t\t\t\t\t\t<div class=\"elementor-element elementor-element-61d0d6f elementor-widget elementor-widget-text-editor\" data-id=\"61d0d6f\" data-element_type=\"widget\" data-widget_type=\"text-editor.default\">\n\t\t\t\t<div class=\"elementor-widget-container\">\n\t\t\t\t\t\t\t\t\t<p>Gr\u00e2ce \u00e0 son emplacement enchanteur directement au bord du lac et avec tous les emplacements \u00e0 seulement quelques m\u00e8tres de la vaste plage, il offre des vacances familiales tr\u00e8s agr\u00e9ables et relaxantes en plein air, en contact avec le cadre magique lacustre et montagneux, qui offre de nombreuses possibilit\u00e9s d\u2019excursions et de promenades.<\/p><p>Les 100 emplacements herbeux, bord\u00e9s de plantes et de fleurs color\u00e9es, offrent une bonne ombre et sont tous \u00e9quip\u00e9s de branchements \u00e9lectriques ; certains disposent d\u2019un syst\u00e8me d\u2019\u00e9vacuation d\u2019eau et de prises TV-SAT. Le Wi-Fi est disponible sur l\u2019ensemble du camping.<\/p><p>\u00c0 l\u2019int\u00e9rieur du camping, bien int\u00e9gr\u00e9 et de construction moderne, les trois blocs sanitaires sont extr\u00eamement confortables et pratiques (installations adapt\u00e9es aux personnes \u00e0 mobilit\u00e9 r\u00e9duite).<\/p><p>Ils sont \u00e9quip\u00e9s d\u2019un grand nombre de douches chaudes\/froides gratuites, de vastes espaces pour la vaisselle et la lessive, ainsi que de machines \u00e0 laver et s\u00e8che-linge \u00e0 pi\u00e8ces.<\/p><p>Le restaurant est excellent, proposant un large choix de plats typiques italiens, et il abrite \u00e9galement une petite \u00e9picerie.<\/p><p>Pour divertir les plus petits pendant leurs vacances, un petit terrain de jeux est \u00e0 leur disposition.<\/p><p>Pour les clients poss\u00e9dant un hors-bord, un excellent service est offert pour la location de bou\u00e9es, le stockage des chariots et, sur demande, la mise \u00e0 l\u2019eau et le relevage des bateaux avec un v\u00e9hicule de service.<\/p>\t\t\t\t\t\t\t\t<\/div>\n\t\t\t\t<\/div>\n\t\t\t\t\t<\/div>\n\t\t<\/div>\n\t\t\t\t\t<\/div>\n\t\t<\/section>\n\t\t\t\t<section class=\"elementor-section elementor-top-section elementor-element elementor-element-0b7d65b elementor-section-boxed elementor-section-height-default elementor-section-height-default\" data-id=\"0b7d65b\" data-element_type=\"section\">\n\t\t\t\t\t\t<div class=\"elementor-container elementor-column-gap-wide\">\n\t\t\t\t\t<div class=\"elementor-column elementor-col-100 elementor-top-column elementor-element elementor-element-1deb0da\" data-id=\"1deb0da\" data-element_type=\"column\">\n\t\t\t<div class=\"elementor-widget-wrap elementor-element-populated\">\n\t\t\t\t\t\t<div class=\"elementor-element elementor-element-cc28afb elementor-widget elementor-widget-ovabrw_product_list\" data-id=\"cc28afb\" data-element_type=\"widget\" data-widget_type=\"ovabrw_product_list.default\">\n\t\t\t\t<div class=\"elementor-widget-container\">\n\t\t\t\t\t\n\t\t\t\t\t<div class=\"ova-product-list ova-product-list-template1 column3\">\n\t\t\t\t\n\t\n\t<div class=\"ova-product product type-product post-22642 status-publish first instock product_cat-piazzole has-post-thumbnail shipping-taxable product-type-ovabrw_car_rental\">\n\t\t\n<div class=\"ova_head_product\">\n\t<a href=\"https:\/\/www.campingcampagna.it\/fr\/camping\/emplacements-au-bord-du-lac\/\" class=\"ova-product-thumbnail\">\n\t\t<img fetchpriority=\"high\" decoding=\"async\" width=\"768\" height=\"660\" src=\"https:\/\/www.campingcampagna.it\/wp-content\/uploads\/2025\/01\/camping-residence-campagna-cannobio-2-768x660.jpg\" class=\"attachment-vedhak_thumbnail size-vedhak_thumbnail\" alt=\"Spiaggia camping residence campagna\" \/>\t<\/a>\n\t<div class=\"shape\"><\/div>\n\t<a href=\"https:\/\/www.campingcampagna.it\/fr\/camping\/emplacements-au-bord-du-lac\/\" class=\"product-view-detail\">\n\t\t<i aria-hidden=\"true\" class=\"fas fa-arrow-right\"><\/i>\n\t<\/a>\n<\/div>\n\n<div class=\"ova_foot_product\">\n\n\t<div class=\"product-info\">\n        \n        \t\t\n\t\t\t\t\t<h2 class=\"ova-product-title\">\n\t\t\t\t<a href=\"https:\/\/www.campingcampagna.it\/fr\/camping\/emplacements-au-bord-du-lac\/\">\n\t\t\t        Emplacements au bord du lac\t\t\t    <\/a>\n\t\t\t<\/h2>\n\t\t        \n        \n\t\t\t\t\t<div class=\"feature-icon-and-link\">\n\t\t\t\t\t\t\t\t\t<div class=\"feature-icon-wrapper\">\n\t\t\t\t\t\t\t\t\t\t            <div class=\"feature-icon\">\n\t\t\t\t                \t\t\t\t                    \t\t\t\t                        <i aria-hidden=\"true\" class=\"flaticon-044-beach-chair\"><\/i>\n\t\t\t\t                    \t\t\t\t                        <i aria-hidden=\"true\" class=\"flaticon-035-shower\"><\/i>\n\t\t\t\t                    \t\t\t\t                \t\t\t\t            <\/div>\n\t\t\t\t        \t\t\t\t\t<\/div>\n\t\t\t\t\n\t\t\t\t\t\t\t\t\t<a href=\"https:\/\/www.campingcampagna.it\/fr\/camping\/emplacements-au-bord-du-lac\/\" class=\"product-view-detail\">\n\t\t\t\t\t\t<i aria-hidden=\"true\" class=\"fas fa-arrow-right\"><\/i>\n\t\t\t\t\t<\/a>\n\t\t\t\t\t\t\t<\/div>\n\t\t\t    \n\t<\/div>\n\n<\/div>\t<\/div>\n\n\n\t\n\t<div class=\"ova-product product type-product post-22639 status-publish instock product_cat-piazzole has-post-thumbnail shipping-taxable product-type-ovabrw_car_rental\">\n\t\t\n<div class=\"ova_head_product\">\n\t<a href=\"https:\/\/www.campingcampagna.it\/fr\/camping\/emplacements-en-deuxieme-rangee\/\" class=\"ova-product-thumbnail\">\n\t\t<img decoding=\"async\" width=\"768\" height=\"600\" src=\"https:\/\/www.campingcampagna.it\/wp-content\/uploads\/2023\/05\/camping-residence-campagna-cannobio-piazzole-9-768x600.jpg\" class=\"attachment-vedhak_thumbnail size-vedhak_thumbnail\" alt=\"Piazzole Camping Residence Campagna\" \/>\t<\/a>\n\t<div class=\"shape\"><\/div>\n\t<a href=\"https:\/\/www.campingcampagna.it\/fr\/camping\/emplacements-en-deuxieme-rangee\/\" class=\"product-view-detail\">\n\t\t<i aria-hidden=\"true\" class=\"fas fa-arrow-right\"><\/i>\n\t<\/a>\n<\/div>\n\n<div class=\"ova_foot_product\">\n\n\t<div class=\"product-info\">\n        \n        \t\t\n\t\t\t\t\t<h2 class=\"ova-product-title\">\n\t\t\t\t<a href=\"https:\/\/www.campingcampagna.it\/fr\/camping\/emplacements-en-deuxieme-rangee\/\">\n\t\t\t        Emplacements en deuxi\u00e8me rang\u00e9e\t\t\t    <\/a>\n\t\t\t<\/h2>\n\t\t        \n        \n\t\t\t\t\t<div class=\"feature-icon-and-link\">\n\t\t\t\t\t\t\t\t\t<div class=\"feature-icon-wrapper\">\n\t\t\t\t\t\t\t\t\t\t            <div class=\"feature-icon\">\n\t\t\t\t                \t\t\t\t                    \t\t\t\t                        <i aria-hidden=\"true\" class=\"flaticon-044-beach-chair\"><\/i>\n\t\t\t\t                    \t\t\t\t                        <i aria-hidden=\"true\" class=\"flaticon-035-shower\"><\/i>\n\t\t\t\t                    \t\t\t\t                \t\t\t\t            <\/div>\n\t\t\t\t        \t\t\t\t\t<\/div>\n\t\t\t\t\n\t\t\t\t\t\t\t\t\t<a href=\"https:\/\/www.campingcampagna.it\/fr\/camping\/emplacements-en-deuxieme-rangee\/\" class=\"product-view-detail\">\n\t\t\t\t\t\t<i aria-hidden=\"true\" class=\"fas fa-arrow-right\"><\/i>\n\t\t\t\t\t<\/a>\n\t\t\t\t\t\t\t<\/div>\n\t\t\t    \n\t<\/div>\n\n<\/div>\t<\/div>\n\n\n\t\n\t<div class=\"ova-product product type-product post-22636 status-publish last instock product_cat-piazzole has-post-thumbnail shipping-taxable product-type-ovabrw_car_rental\">\n\t\t\n<div class=\"ova_head_product\">\n\t<a href=\"https:\/\/www.campingcampagna.it\/fr\/camping\/emplacements-standard\/\" class=\"ova-product-thumbnail\">\n\t\t<img decoding=\"async\" width=\"768\" height=\"660\" src=\"https:\/\/www.campingcampagna.it\/wp-content\/uploads\/2023\/05\/camping-residence-campagna-cannobio-piazzole-2-768x660.jpg\" class=\"attachment-vedhak_thumbnail size-vedhak_thumbnail\" alt=\"Piazzole Camping Residence Campagna\" \/>\t<\/a>\n\t<div class=\"shape\"><\/div>\n\t<a href=\"https:\/\/www.campingcampagna.it\/fr\/camping\/emplacements-standard\/\" class=\"product-view-detail\">\n\t\t<i aria-hidden=\"true\" class=\"fas fa-arrow-right\"><\/i>\n\t<\/a>\n<\/div>\n\n<div class=\"ova_foot_product\">\n\n\t<div class=\"product-info\">\n        \n        \t\t\n\t\t\t\t\t<h2 class=\"ova-product-title\">\n\t\t\t\t<a href=\"https:\/\/www.campingcampagna.it\/fr\/camping\/emplacements-standard\/\">\n\t\t\t        Emplacements Standard\t\t\t    <\/a>\n\t\t\t<\/h2>\n\t\t        \n        \n\t\t\t\t\t<div class=\"feature-icon-and-link\">\n\t\t\t\t\t\t\t\t\t<div class=\"feature-icon-wrapper\">\n\t\t\t\t\t\t\t\t\t\t            <div class=\"feature-icon\">\n\t\t\t\t                \t\t\t\t                    \t\t\t\t                        <i aria-hidden=\"true\" class=\"flaticon-044-beach-chair\"><\/i>\n\t\t\t\t                    \t\t\t\t                        <i aria-hidden=\"true\" class=\"flaticon-035-shower\"><\/i>\n\t\t\t\t                    \t\t\t\t                \t\t\t\t            <\/div>\n\t\t\t\t        \t\t\t\t\t<\/div>\n\t\t\t\t\n\t\t\t\t\t\t\t\t\t<a href=\"https:\/\/www.campingcampagna.it\/fr\/camping\/emplacements-standard\/\" class=\"product-view-detail\">\n\t\t\t\t\t\t<i aria-hidden=\"true\" class=\"fas fa-arrow-right\"><\/i>\n\t\t\t\t\t<\/a>\n\t\t\t\t\t\t\t<\/div>\n\t\t\t    \n\t<\/div>\n\n<\/div>\t<\/div>\n\n\t\t\t<\/div>\n\n\t\t\n\t\t\t\t\t\t<\/div>\n\t\t\t\t<\/div>\n\t\t\t\t\t<\/div>\n\t\t<\/div>\n\t\t\t\t\t<\/div>\n\t\t<\/section>\n\t\t\t\t<\/div>\n\t\t","protected":false},"excerpt":{"rendered":"<p>Gr\u00e2ce \u00e0 son emplacement enchanteur directement au bord du lac et avec tous les emplacements \u00e0 seulement quelques m\u00e8tres de la vaste plage, il offre des vacances familiales tr\u00e8s agr\u00e9ables et relaxantes en plein air, en contact avec le cadre magique lacustre et montagneux, qui offre de nombreuses possibilit\u00e9s d\u2019excursions et de promenades. Les 100 [&hellip;]<\/p>\n","protected":false},"author":1,"featured_media":4753,"parent":22182,"menu_order":0,"comment_status":"closed","ping_status":"closed","template":"elementor_header_footer","meta":{"footnotes":""},"class_list":["post-22188","page","type-page","status-publish","has-post-thumbnail","hentry"],"yoast_head":"<!-- This site is optimized with the Yoast SEO plugin v26.3 - https:\/\/yoast.com\/wordpress\/plugins\/seo\/ -->\n<title>Emplacements au Camping Residence Campagna \u00e0 Cannobio<\/title>\n<meta name=\"description\" content=\"Emplacements herbeux et ombrag\u00e9s, id\u00e9aux pour tentes, caravanes et camping-cars. Installations modernes et acc\u00e8s direct au lac Majeur.\" \/>\n<meta name=\"robots\" content=\"index, follow, max-snippet:-1, max-image-preview:large, max-video-preview:-1\" \/>\n<link rel=\"canonical\" href=\"https:\/\/www.campingcampagna.it\/fr\/hebergement\/emplacements\/\" \/>\n<meta property=\"og:locale\" content=\"fr_FR\" \/>\n<meta property=\"og:type\" content=\"article\" \/>\n<meta property=\"og:title\" content=\"Emplacements au Camping Residence Campagna \u00e0 Cannobio\" \/>\n<meta property=\"og:description\" content=\"Emplacements herbeux et ombrag\u00e9s, id\u00e9aux pour tentes, caravanes et camping-cars. Installations modernes et acc\u00e8s direct au lac Majeur.\" \/>\n<meta property=\"og:url\" content=\"https:\/\/www.campingcampagna.it\/fr\/hebergement\/emplacements\/\" \/>\n<meta property=\"og:site_name\" content=\"Camping Residence Campagna, Cannobio\" \/>\n<meta property=\"article:publisher\" content=\"https:\/\/www.facebook.com\/pages\/Camping-Residence-Campagna\/389033907956132\" \/>\n<meta property=\"article:modified_time\" content=\"2025-08-06T06:55:19+00:00\" \/>\n<meta property=\"og:image\" content=\"https:\/\/www.campingcampagna.it\/wp-content\/uploads\/2025\/01\/camping-residence-campagna-cannobio-2.jpg\" \/>\n\t<meta property=\"og:image:width\" content=\"1920\" \/>\n\t<meta property=\"og:image:height\" content=\"1440\" \/>\n\t<meta property=\"og:image:type\" content=\"image\/jpeg\" \/>\n<meta name=\"twitter:card\" content=\"summary_large_image\" \/>\n<meta name=\"twitter:label1\" content=\"Dur\u00e9e de lecture estim\u00e9e\" \/>\n\t<meta name=\"twitter:data1\" content=\"1 minute\" \/>\n<script type=\"application\/ld+json\" class=\"yoast-schema-graph\">{\"@context\":\"https:\/\/schema.org\",\"@graph\":[{\"@type\":\"WebPage\",\"@id\":\"https:\/\/www.campingcampagna.it\/fr\/hebergement\/emplacements\/\",\"url\":\"https:\/\/www.campingcampagna.it\/fr\/hebergement\/emplacements\/\",\"name\":\"Emplacements au Camping Residence Campagna \u00e0 Cannobio\",\"isPartOf\":{\"@id\":\"https:\/\/www.campingcampagna.it\/fr\/#website\"},\"primaryImageOfPage\":{\"@id\":\"https:\/\/www.campingcampagna.it\/fr\/hebergement\/emplacements\/#primaryimage\"},\"image\":{\"@id\":\"https:\/\/www.campingcampagna.it\/fr\/hebergement\/emplacements\/#primaryimage\"},\"thumbnailUrl\":\"https:\/\/www.campingcampagna.it\/wp-content\/uploads\/2025\/01\/camping-residence-campagna-cannobio-2.jpg\",\"datePublished\":\"2025-01-08T16:53:48+00:00\",\"dateModified\":\"2025-08-06T06:55:19+00:00\",\"description\":\"Emplacements herbeux et ombrag\u00e9s, id\u00e9aux pour tentes, caravanes et camping-cars. Installations modernes et acc\u00e8s direct au lac Majeur.\",\"breadcrumb\":{\"@id\":\"https:\/\/www.campingcampagna.it\/fr\/hebergement\/emplacements\/#breadcrumb\"},\"inLanguage\":\"fr-FR\",\"potentialAction\":[{\"@type\":\"ReadAction\",\"target\":[\"https:\/\/www.campingcampagna.it\/fr\/hebergement\/emplacements\/\"]}]},{\"@type\":\"ImageObject\",\"inLanguage\":\"fr-FR\",\"@id\":\"https:\/\/www.campingcampagna.it\/fr\/hebergement\/emplacements\/#primaryimage\",\"url\":\"https:\/\/www.campingcampagna.it\/wp-content\/uploads\/2025\/01\/camping-residence-campagna-cannobio-2.jpg\",\"contentUrl\":\"https:\/\/www.campingcampagna.it\/wp-content\/uploads\/2025\/01\/camping-residence-campagna-cannobio-2.jpg\",\"width\":1920,\"height\":1440,\"caption\":\"OLYMPUS DIGITAL CAMERA\"},{\"@type\":\"BreadcrumbList\",\"@id\":\"https:\/\/www.campingcampagna.it\/fr\/hebergement\/emplacements\/#breadcrumb\",\"itemListElement\":[{\"@type\":\"ListItem\",\"position\":1,\"name\":\"Home\",\"item\":\"https:\/\/www.campingcampagna.it\/fr\/\"},{\"@type\":\"ListItem\",\"position\":2,\"name\":\"H\u00e9bergement\",\"item\":\"https:\/\/www.campingcampagna.it\/fr\/hebergement\/\"},{\"@type\":\"ListItem\",\"position\":3,\"name\":\"Emplacements\"}]},{\"@type\":\"WebSite\",\"@id\":\"https:\/\/www.campingcampagna.it\/fr\/#website\",\"url\":\"https:\/\/www.campingcampagna.it\/fr\/\",\"name\":\"Camping Residence Campagna, Cannobio\",\"description\":\"Camping Residence Campagna, Cannobio\",\"publisher\":{\"@id\":\"https:\/\/www.campingcampagna.it\/fr\/#organization\"},\"potentialAction\":[{\"@type\":\"SearchAction\",\"target\":{\"@type\":\"EntryPoint\",\"urlTemplate\":\"https:\/\/www.campingcampagna.it\/fr\/?s={search_term_string}\"},\"query-input\":{\"@type\":\"PropertyValueSpecification\",\"valueRequired\":true,\"valueName\":\"search_term_string\"}}],\"inLanguage\":\"fr-FR\"},{\"@type\":\"Organization\",\"@id\":\"https:\/\/www.campingcampagna.it\/fr\/#organization\",\"name\":\"Camping Residence Campagna, Cannobio\",\"url\":\"https:\/\/www.campingcampagna.it\/fr\/\",\"logo\":{\"@type\":\"ImageObject\",\"inLanguage\":\"fr-FR\",\"@id\":\"https:\/\/www.campingcampagna.it\/fr\/#\/schema\/logo\/image\/\",\"url\":\"https:\/\/www.campingcampagna.it\/wp-content\/uploads\/2024\/12\/logo-camping-campagna.png\",\"contentUrl\":\"https:\/\/www.campingcampagna.it\/wp-content\/uploads\/2024\/12\/logo-camping-campagna.png\",\"width\":600,\"height\":180,\"caption\":\"Camping Residence Campagna, Cannobio\"},\"image\":{\"@id\":\"https:\/\/www.campingcampagna.it\/fr\/#\/schema\/logo\/image\/\"},\"sameAs\":[\"https:\/\/www.facebook.com\/pages\/Camping-Residence-Campagna\/389033907956132\",\"https:\/\/www.instagram.com\/campingcampagna\/\",\"https:\/\/www.youtube.com\/channel\/UCULvOj0LyU7VymrGeK73skQ\"]}]}<\/script>\n<!-- \/ Yoast SEO plugin. -->","yoast_head_json":{"title":"Emplacements au Camping Residence Campagna \u00e0 Cannobio","description":"Emplacements herbeux et ombrag\u00e9s, id\u00e9aux pour tentes, caravanes et camping-cars. Installations modernes et acc\u00e8s direct au lac Majeur.","robots":{"index":"index","follow":"follow","max-snippet":"max-snippet:-1","max-image-preview":"max-image-preview:large","max-video-preview":"max-video-preview:-1"},"canonical":"https:\/\/www.campingcampagna.it\/fr\/hebergement\/emplacements\/","og_locale":"fr_FR","og_type":"article","og_title":"Emplacements au Camping Residence Campagna \u00e0 Cannobio","og_description":"Emplacements herbeux et ombrag\u00e9s, id\u00e9aux pour tentes, caravanes et camping-cars. Installations modernes et acc\u00e8s direct au lac Majeur.","og_url":"https:\/\/www.campingcampagna.it\/fr\/hebergement\/emplacements\/","og_site_name":"Camping Residence Campagna, Cannobio","article_publisher":"https:\/\/www.facebook.com\/pages\/Camping-Residence-Campagna\/389033907956132","article_modified_time":"2025-08-06T06:55:19+00:00","og_image":[{"width":1920,"height":1440,"url":"https:\/\/www.campingcampagna.it\/wp-content\/uploads\/2025\/01\/camping-residence-campagna-cannobio-2.jpg","type":"image\/jpeg"}],"twitter_card":"summary_large_image","twitter_misc":{"Dur\u00e9e de lecture estim\u00e9e":"1 minute"},"schema":{"@context":"https:\/\/schema.org","@graph":[{"@type":"WebPage","@id":"https:\/\/www.campingcampagna.it\/fr\/hebergement\/emplacements\/","url":"https:\/\/www.campingcampagna.it\/fr\/hebergement\/emplacements\/","name":"Emplacements au Camping Residence Campagna \u00e0 Cannobio","isPartOf":{"@id":"https:\/\/www.campingcampagna.it\/fr\/#website"},"primaryImageOfPage":{"@id":"https:\/\/www.campingcampagna.it\/fr\/hebergement\/emplacements\/#primaryimage"},"image":{"@id":"https:\/\/www.campingcampagna.it\/fr\/hebergement\/emplacements\/#primaryimage"},"thumbnailUrl":"https:\/\/www.campingcampagna.it\/wp-content\/uploads\/2025\/01\/camping-residence-campagna-cannobio-2.jpg","datePublished":"2025-01-08T16:53:48+00:00","dateModified":"2025-08-06T06:55:19+00:00","description":"Emplacements herbeux et ombrag\u00e9s, id\u00e9aux pour tentes, caravanes et camping-cars. Installations modernes et acc\u00e8s direct au lac Majeur.","breadcrumb":{"@id":"https:\/\/www.campingcampagna.it\/fr\/hebergement\/emplacements\/#breadcrumb"},"inLanguage":"fr-FR","potentialAction":[{"@type":"ReadAction","target":["https:\/\/www.campingcampagna.it\/fr\/hebergement\/emplacements\/"]}]},{"@type":"ImageObject","inLanguage":"fr-FR","@id":"https:\/\/www.campingcampagna.it\/fr\/hebergement\/emplacements\/#primaryimage","url":"https:\/\/www.campingcampagna.it\/wp-content\/uploads\/2025\/01\/camping-residence-campagna-cannobio-2.jpg","contentUrl":"https:\/\/www.campingcampagna.it\/wp-content\/uploads\/2025\/01\/camping-residence-campagna-cannobio-2.jpg","width":1920,"height":1440,"caption":"OLYMPUS DIGITAL CAMERA"},{"@type":"BreadcrumbList","@id":"https:\/\/www.campingcampagna.it\/fr\/hebergement\/emplacements\/#breadcrumb","itemListElement":[{"@type":"ListItem","position":1,"name":"Home","item":"https:\/\/www.campingcampagna.it\/fr\/"},{"@type":"ListItem","position":2,"name":"H\u00e9bergement","item":"https:\/\/www.campingcampagna.it\/fr\/hebergement\/"},{"@type":"ListItem","position":3,"name":"Emplacements"}]},{"@type":"WebSite","@id":"https:\/\/www.campingcampagna.it\/fr\/#website","url":"https:\/\/www.campingcampagna.it\/fr\/","name":"Camping Residence Campagna, Cannobio","description":"Camping Residence Campagna, Cannobio","publisher":{"@id":"https:\/\/www.campingcampagna.it\/fr\/#organization"},"potentialAction":[{"@type":"SearchAction","target":{"@type":"EntryPoint","urlTemplate":"https:\/\/www.campingcampagna.it\/fr\/?s={search_term_string}"},"query-input":{"@type":"PropertyValueSpecification","valueRequired":true,"valueName":"search_term_string"}}],"inLanguage":"fr-FR"},{"@type":"Organization","@id":"https:\/\/www.campingcampagna.it\/fr\/#organization","name":"Camping Residence Campagna, Cannobio","url":"https:\/\/www.campingcampagna.it\/fr\/","logo":{"@type":"ImageObject","inLanguage":"fr-FR","@id":"https:\/\/www.campingcampagna.it\/fr\/#\/schema\/logo\/image\/","url":"https:\/\/www.campingcampagna.it\/wp-content\/uploads\/2024\/12\/logo-camping-campagna.png","contentUrl":"https:\/\/www.campingcampagna.it\/wp-content\/uploads\/2024\/12\/logo-camping-campagna.png","width":600,"height":180,"caption":"Camping Residence Campagna, Cannobio"},"image":{"@id":"https:\/\/www.campingcampagna.it\/fr\/#\/schema\/logo\/image\/"},"sameAs":["https:\/\/www.facebook.com\/pages\/Camping-Residence-Campagna\/389033907956132","https:\/\/www.instagram.com\/campingcampagna\/","https:\/\/www.youtube.com\/channel\/UCULvOj0LyU7VymrGeK73skQ"]}]}},"_links":{"self":[{"href":"https:\/\/www.campingcampagna.it\/fr\/wp-json\/wp\/v2\/pages\/22188","targetHints":{"allow":["GET"]}}],"collection":[{"href":"https:\/\/www.campingcampagna.it\/fr\/wp-json\/wp\/v2\/pages"}],"about":[{"href":"https:\/\/www.campingcampagna.it\/fr\/wp-json\/wp\/v2\/types\/page"}],"author":[{"embeddable":true,"href":"https:\/\/www.campingcampagna.it\/fr\/wp-json\/wp\/v2\/users\/1"}],"replies":[{"embeddable":true,"href":"https:\/\/www.campingcampagna.it\/fr\/wp-json\/wp\/v2\/comments?post=22188"}],"version-history":[{"count":6,"href":"https:\/\/www.campingcampagna.it\/fr\/wp-json\/wp\/v2\/pages\/22188\/revisions"}],"predecessor-version":[{"id":23576,"href":"https:\/\/www.campingcampagna.it\/fr\/wp-json\/wp\/v2\/pages\/22188\/revisions\/23576"}],"up":[{"embeddable":true,"href":"https:\/\/www.campingcampagna.it\/fr\/wp-json\/wp\/v2\/pages\/22182"}],"wp:featuredmedia":[{"embeddable":true,"href":"https:\/\/www.campingcampagna.it\/fr\/wp-json\/wp\/v2\/media\/4753"}],"wp:attachment":[{"href":"https:\/\/www.campingcampagna.it\/fr\/wp-json\/wp\/v2\/media?parent=22188"}],"curies":[{"name":"wp","href":"https:\/\/api.w.org\/{rel}","templated":true}]}}