{"id":23879,"date":"2025-08-06T12:04:23","date_gmt":"2025-08-06T10:04:23","guid":{"rendered":"https:\/\/test.campingcampagna.it\/gebiet\/ticino\/"},"modified":"2025-08-06T14:06:04","modified_gmt":"2025-08-06T12:06:04","slug":"tessin","status":"publish","type":"page","link":"https:\/\/www.campingcampagna.it\/de\/gebiet\/tessin\/","title":{"rendered":"Tessin"},"content":{"rendered":"\t\t<div data-elementor-type=\"wp-page\" data-elementor-id=\"23879\" class=\"elementor elementor-23879 elementor-23763\">\n\t\t\t\t<div class=\"elementor-element elementor-element-8c579d1 e-flex e-con-boxed e-con e-parent\" data-id=\"8c579d1\" data-element_type=\"container\">\n\t\t\t\t\t<div class=\"e-con-inner\">\n\t\t<div class=\"elementor-element elementor-element-2dcf3ab e-con-full e-flex e-con e-child\" data-id=\"2dcf3ab\" data-element_type=\"container\">\n\t\t\t\t<div class=\"elementor-element elementor-element-76c1da3 elementor-widget elementor-widget-text-editor\" data-id=\"76c1da3\" data-element_type=\"widget\" data-widget_type=\"text-editor.default\">\n\t\t\t\t<div class=\"elementor-widget-container\">\n\t\t\t\t\t\t\t\t\t<p>Nur wenige Kilometer von Cannobio entfernt bietet die Schweizer Seite des Lago Maggiore atemberaubende Landschaften, Geschichte, Kultur und zahlreiche nat\u00fcrliche Sch\u00f6nheiten, die es zu entdecken gilt. Hier sind einige der unvergesslichen Ziele:<\/p><h4>Locarno<\/h4><p>Eine lebendige Stadt mit zahlreichen kulturellen und kommerziellen Aktivit\u00e4ten, bekannt vor allem f\u00fcr das <strong>Internationale Filmfestival<\/strong>, das jedes Jahr im August stattfindet. Locarno ist auch ein hervorragender Ausgangspunkt f\u00fcr Wanderungen in die umliegenden Berge und T\u00e4ler. Vom <strong>Cardada<\/strong>-Berg, erreichbar mit einer Seilbahn, genie\u00dfen Sie einen spektakul\u00e4ren Blick auf den See und k\u00f6nnen auf Panoramawegen spazieren gehen.<\/p><h4>Lido Locarno<\/h4><p>Ein modernes Freizeitbad direkt am See, das <strong>Schwimmb\u00e4der<\/strong>, <strong>Rutschen<\/strong>, <strong>Thermalb\u00e4der<\/strong> und Zugang zum Strand bietet. Perfekt f\u00fcr einen entspannten Tag oder f\u00fcr Familien, die Spa\u00df suchen.<br \/><a href=\"https:\/\/www.lidolocarno.ch\" target=\"_blank\" rel=\"noopener\">Mehr erfahren \u00fcber Lido Locarno<\/a><\/p><h4>Centovalli-Bahn<\/h4><p>Eine beeindruckende Schmalspurbahn, die <strong>Locarno<\/strong> mit <strong>Domodossola<\/strong> in Italien verbindet. Die 52 Kilometer lange Strecke verl\u00e4uft \u00fcber 83 Br\u00fccken und 31 Tunnel und bietet den Passagieren eine aufregende Fahrt durch das <strong>Centovalli<\/strong> und das <strong>Vigezzotal<\/strong>. Eine langsame und malerische Reise durch zwei L\u00e4nder und unber\u00fchrte Natur.<br \/><a href=\"http:\/\/www.vigezzinacentovalli.com\" target=\"_blank\" rel=\"noopener\">Mehr erfahren \u00fcber die Centovalli-Bahn<\/a><\/p><h4>Ascona<\/h4><p>Ein malerisches mittelalterliches Dorf, das an einer sonnigen Bucht des Lago Maggiore liegt. Mit seinen engen Gassen und bunten Geb\u00e4uden ist Ascona der perfekte Ort f\u00fcr einen Spaziergang und um die entspannte Atmosph\u00e4re zu genie\u00dfen.<\/p><h4>Bellinzona<\/h4><p>Ber\u00fchmt f\u00fcr ihre <strong>mittelalterlichen Burgen<\/strong>, die zum <strong>UNESCO-Weltkulturerbe<\/strong> geh\u00f6ren, ist Bellinzona eine der historischsten St\u00e4dte der Schweiz mit einigen der am besten erhaltenen Festungen Europas.<\/p><h4>Isole di Brissago<\/h4><p>Ein wahres Naturparadies mit einem botanischen Garten, der seltene Pflanzenarten aus der ganzen Welt beherbergt.<br \/><a href=\"https:\/\/www.isolebrissago.ch\" target=\"_blank\" rel=\"noopener\">Mehr erfahren \u00fcber die Isole di Brissago<\/a><\/p><p><strong>F\u00fcr Natur- und Wanderfreunde:<\/strong><\/p><h4>Monte Tamaro<\/h4><p>Erreichbar mit einer Seilbahn, beherbergt dieser Gipfel die beeindruckende Kirche \u201eSanta Maria degli Angeli\u201c, die vom Architekten Mario Botta entworfen wurde.<br \/><a href=\"https:\/\/www.montetamaro.ch\" target=\"_blank\" rel=\"noopener\">Mehr erfahren \u00fcber den Monte Tamaro<\/a><\/p><h4>Splash &amp; SPA Tamaro<\/h4><p>Ein Wasserpark mit Rutschen, Wellenbecken und einer Terrasse inmitten der Berge, erg\u00e4nzt durch ein elegantes Spa.<br \/><a href=\"https:\/\/www.splashespa.ch\" target=\"_blank\" rel=\"noopener\">Mehr erfahren \u00fcber Splash &amp; SPA Tamaro<\/a><\/p><h4>Monte Limidario (Gridone)<\/h4><p>Auf 2188 m \u00fcber dem Meeresspiegel, oberhalb von Brissago, bietet der <strong>Monte Limidario<\/strong> einen spektakul\u00e4ren Blick auf den Lago Maggiore. Der Aufstieg dauert etwa 3 Stunden.<br \/><a href=\"https:\/\/www.brissago.ch\" target=\"_blank\" rel=\"noopener\">Mehr erfahren \u00fcber den Monte Limidario<\/a><\/p><p>Ein Gebiet voller Geschichte, Kultur und Natur, das darauf wartet, entdeckt zu werden!<\/p>\t\t\t\t\t\t\t\t<\/div>\n\t\t\t\t<\/div>\n\t\t\t\t<\/div>\n\t\t<div class=\"elementor-element elementor-element-2ac6b67 e-con-full e-flex e-con e-child\" data-id=\"2ac6b67\" data-element_type=\"container\">\n\t\t\t\t<div class=\"elementor-element elementor-element-5fe02b9 elementor-widget elementor-widget-image-gallery\" data-id=\"5fe02b9\" data-element_type=\"widget\" data-widget_type=\"image-gallery.default\">\n\t\t\t\t<div class=\"elementor-widget-container\">\n\t\t\t\t\t\t\t<div class=\"elementor-image-gallery\">\n\t\t\t\n\t\t<style type=\"text\/css\">\n\t\t\t#gallery-1 {\n\t\t\t\tmargin: auto;\n\t\t\t}\n\t\t\t#gallery-1 .gallery-item {\n\t\t\t\tfloat: left;\n\t\t\t\tmargin-top: 10px;\n\t\t\t\ttext-align: center;\n\t\t\t\twidth: 100%;\n\t\t\t}\n\t\t\t#gallery-1 img {\n\t\t\t\tborder: 2px solid #cfcfcf;\n\t\t\t}\n\t\t\t#gallery-1 .gallery-caption {\n\t\t\t\tmargin-left: 0;\n\t\t\t}\n\t\t\t\/* see gallery_shortcode() in wp-includes\/media.php *\/\n\t\t<\/style>\n\t\t<div id='gallery-1' class='gallery galleryid-23879 gallery-columns-1 gallery-size-full'><dl class='gallery-item'>\n\t\t\t<dt class='gallery-icon landscape'>\n\t\t\t\t<a data-elementor-open-lightbox=\"yes\" data-elementor-lightbox-slideshow=\"5fe02b9\" data-elementor-lightbox-title=\"Ascona old town on Lago Maggiore, Switzerland\" data-e-action-hash=\"#elementor-action%3Aaction%3Dlightbox%26settings%3DeyJpZCI6MjM3MzcsInVybCI6Imh0dHBzOlwvXC93d3cuY2FtcGluZ2NhbXBhZ25hLml0XC93cC1jb250ZW50XC91cGxvYWRzXC8yMDI1XC8wOFwvdGVycml0b3Jpby10aWNpbm8tMS5qcGciLCJzbGlkZXNob3ciOiI1ZmUwMmI5In0%3D\" href='https:\/\/www.campingcampagna.it\/wp-content\/uploads\/2025\/08\/territorio-ticino-1.jpg'><img fetchpriority=\"high\" decoding=\"async\" width=\"1400\" height=\"874\" src=\"https:\/\/www.campingcampagna.it\/wp-content\/uploads\/2025\/08\/territorio-ticino-1.jpg\" class=\"attachment-full size-full\" alt=\"Ascona, Lago Maggiore\" aria-describedby=\"gallery-1-23737\" srcset=\"https:\/\/www.campingcampagna.it\/wp-content\/uploads\/2025\/08\/territorio-ticino-1.jpg 1400w, https:\/\/www.campingcampagna.it\/wp-content\/uploads\/2025\/08\/territorio-ticino-1-300x187.jpg 300w, https:\/\/www.campingcampagna.it\/wp-content\/uploads\/2025\/08\/territorio-ticino-1-1024x639.jpg 1024w, https:\/\/www.campingcampagna.it\/wp-content\/uploads\/2025\/08\/territorio-ticino-1-768x479.jpg 768w, https:\/\/www.campingcampagna.it\/wp-content\/uploads\/2025\/08\/territorio-ticino-1-600x375.jpg 600w\" sizes=\"(max-width: 1400px) 100vw, 1400px\" \/><\/a>\n\t\t\t<\/dt>\n\t\t\t\t<dd class='wp-caption-text gallery-caption' id='gallery-1-23737'>\n\t\t\t\tAscona Old Town, Switzerland, is a popular tourist destination on Lago Maggiore in Alps Mountains\n\t\t\t\t<\/dd><\/dl><br style=\"clear: both\" \/><dl class='gallery-item'>\n\t\t\t<dt class='gallery-icon landscape'>\n\t\t\t\t<a data-elementor-open-lightbox=\"yes\" data-elementor-lightbox-slideshow=\"5fe02b9\" data-elementor-lightbox-title=\"View of Madonna del Sasso monastery and lake Maggiore at Locarno, Switzerland\" data-e-action-hash=\"#elementor-action%3Aaction%3Dlightbox%26settings%3DeyJpZCI6MjM3NDEsInVybCI6Imh0dHBzOlwvXC93d3cuY2FtcGluZ2NhbXBhZ25hLml0XC93cC1jb250ZW50XC91cGxvYWRzXC8yMDI1XC8wOFwvdGVycml0b3Jpby10aWNpbm8tMi5qcGciLCJzbGlkZXNob3ciOiI1ZmUwMmI5In0%3D\" href='https:\/\/www.campingcampagna.it\/wp-content\/uploads\/2025\/08\/territorio-ticino-2.jpg'><img decoding=\"async\" width=\"1400\" height=\"933\" src=\"https:\/\/www.campingcampagna.it\/wp-content\/uploads\/2025\/08\/territorio-ticino-2.jpg\" class=\"attachment-full size-full\" alt=\"Cannobio, Lago Maggiore\" aria-describedby=\"gallery-1-23741\" srcset=\"https:\/\/www.campingcampagna.it\/wp-content\/uploads\/2025\/08\/territorio-ticino-2.jpg 1400w, https:\/\/www.campingcampagna.it\/wp-content\/uploads\/2025\/08\/territorio-ticino-2-300x200.jpg 300w, https:\/\/www.campingcampagna.it\/wp-content\/uploads\/2025\/08\/territorio-ticino-2-1024x682.jpg 1024w, https:\/\/www.campingcampagna.it\/wp-content\/uploads\/2025\/08\/territorio-ticino-2-768x512.jpg 768w, https:\/\/www.campingcampagna.it\/wp-content\/uploads\/2025\/08\/territorio-ticino-2-600x400.jpg 600w\" sizes=\"(max-width: 1400px) 100vw, 1400px\" \/><\/a>\n\t\t\t<\/dt>\n\t\t\t\t<dd class='wp-caption-text gallery-caption' id='gallery-1-23741'>\n\t\t\t\tView of Madonna del Sasso monastery and lake Maggiore at Locarno, Switzerland\n\t\t\t\t<\/dd><\/dl><br style=\"clear: both\" \/>\n\t\t<\/div>\n\t\t<\/div>\n\t\t\t\t\t\t<\/div>\n\t\t\t\t<\/div>\n\t\t\t\t<\/div>\n\t\t\t\t\t<\/div>\n\t\t\t\t<\/div>\n\t\t\t\t<\/div>\n\t\t","protected":false},"excerpt":{"rendered":"<p>Nur wenige Kilometer von Cannobio entfernt bietet die Schweizer Seite des Lago Maggiore atemberaubende Landschaften, Geschichte, Kultur und zahlreiche nat\u00fcrliche Sch\u00f6nheiten, die es zu entdecken gilt. Hier sind einige der unvergesslichen Ziele: Locarno Eine lebendige Stadt mit zahlreichen kulturellen und kommerziellen Aktivit\u00e4ten, bekannt vor allem f\u00fcr das Internationale Filmfestival, das jedes Jahr im August stattfindet. [&hellip;]<\/p>\n","protected":false},"author":1,"featured_media":23792,"parent":23669,"menu_order":0,"comment_status":"closed","ping_status":"closed","template":"elementor_header_footer","meta":{"footnotes":""},"class_list":["post-23879","page","type-page","status-publish","has-post-thumbnail","hentry"],"yoast_head":"<!-- This site is optimized with the Yoast SEO plugin v26.3 - https:\/\/yoast.com\/wordpress\/plugins\/seo\/ -->\n<title>Tessin: was es zu sehen gibt und wie man dorthin kommt<\/title>\n<meta name=\"description\" content=\"Nur wenige Kilometer von Cannobio entfernt, auf der Schweizer Seite des Lago Maggiore, entdecken Sie das Tessin: von Locarno mit der Cardada-Seilbahn \u00fcber Ausfl\u00fcge zum Monte Tamaro bis zu den Burgen von Bellinzona und dem Botanischen Park der Brissago-Inseln.\" \/>\n<meta name=\"robots\" content=\"index, follow, max-snippet:-1, max-image-preview:large, max-video-preview:-1\" \/>\n<link rel=\"canonical\" href=\"https:\/\/www.campingcampagna.it\/de\/gebiet\/tessin\/\" \/>\n<meta property=\"og:locale\" content=\"de_DE\" \/>\n<meta property=\"og:type\" content=\"article\" \/>\n<meta property=\"og:title\" content=\"Tessin: was es zu sehen gibt und wie man dorthin kommt\" \/>\n<meta property=\"og:description\" content=\"Nur wenige Kilometer von Cannobio entfernt, auf der Schweizer Seite des Lago Maggiore, entdecken Sie das Tessin: von Locarno mit der Cardada-Seilbahn \u00fcber Ausfl\u00fcge zum Monte Tamaro bis zu den Burgen von Bellinzona und dem Botanischen Park der Brissago-Inseln.\" \/>\n<meta property=\"og:url\" content=\"https:\/\/www.campingcampagna.it\/de\/gebiet\/tessin\/\" \/>\n<meta property=\"og:site_name\" content=\"Camping Residence Campagna, Cannobio\" \/>\n<meta property=\"article:publisher\" content=\"https:\/\/www.facebook.com\/pages\/Camping-Residence-Campagna\/389033907956132\" \/>\n<meta property=\"article:modified_time\" content=\"2025-08-06T12:06:04+00:00\" \/>\n<meta property=\"og:image\" content=\"https:\/\/www.campingcampagna.it\/wp-content\/uploads\/2025\/08\/territorio-cannobio-2.jpg\" \/>\n\t<meta property=\"og:image:width\" content=\"1920\" \/>\n\t<meta property=\"og:image:height\" content=\"1281\" \/>\n\t<meta property=\"og:image:type\" content=\"image\/jpeg\" \/>\n<meta name=\"twitter:card\" content=\"summary_large_image\" \/>\n<meta name=\"twitter:label1\" content=\"Gesch\u00e4tzte Lesezeit\" \/>\n\t<meta name=\"twitter:data1\" content=\"2\u00a0Minuten\" \/>\n<script type=\"application\/ld+json\" class=\"yoast-schema-graph\">{\"@context\":\"https:\/\/schema.org\",\"@graph\":[{\"@type\":\"WebPage\",\"@id\":\"https:\/\/www.campingcampagna.it\/de\/gebiet\/tessin\/\",\"url\":\"https:\/\/www.campingcampagna.it\/de\/gebiet\/tessin\/\",\"name\":\"Tessin: was es zu sehen gibt und wie man dorthin kommt\",\"isPartOf\":{\"@id\":\"https:\/\/www.campingcampagna.it\/de\/#website\"},\"primaryImageOfPage\":{\"@id\":\"https:\/\/www.campingcampagna.it\/de\/gebiet\/tessin\/#primaryimage\"},\"image\":{\"@id\":\"https:\/\/www.campingcampagna.it\/de\/gebiet\/tessin\/#primaryimage\"},\"thumbnailUrl\":\"https:\/\/www.campingcampagna.it\/wp-content\/uploads\/2025\/08\/territorio-cannobio-2.jpg\",\"datePublished\":\"2025-08-06T10:04:23+00:00\",\"dateModified\":\"2025-08-06T12:06:04+00:00\",\"description\":\"Nur wenige Kilometer von Cannobio entfernt, auf der Schweizer Seite des Lago Maggiore, entdecken Sie das Tessin: von Locarno mit der Cardada-Seilbahn \u00fcber Ausfl\u00fcge zum Monte Tamaro bis zu den Burgen von Bellinzona und dem Botanischen Park der Brissago-Inseln.\",\"breadcrumb\":{\"@id\":\"https:\/\/www.campingcampagna.it\/de\/gebiet\/tessin\/#breadcrumb\"},\"inLanguage\":\"de\",\"potentialAction\":[{\"@type\":\"ReadAction\",\"target\":[\"https:\/\/www.campingcampagna.it\/de\/gebiet\/tessin\/\"]}]},{\"@type\":\"ImageObject\",\"inLanguage\":\"de\",\"@id\":\"https:\/\/www.campingcampagna.it\/de\/gebiet\/tessin\/#primaryimage\",\"url\":\"https:\/\/www.campingcampagna.it\/wp-content\/uploads\/2025\/08\/territorio-cannobio-2.jpg\",\"contentUrl\":\"https:\/\/www.campingcampagna.it\/wp-content\/uploads\/2025\/08\/territorio-cannobio-2.jpg\",\"width\":1920,\"height\":1281,\"caption\":\"Cannobio is a popular tourist resort on Lago Maggiore lake, Italy\"},{\"@type\":\"BreadcrumbList\",\"@id\":\"https:\/\/www.campingcampagna.it\/de\/gebiet\/tessin\/#breadcrumb\",\"itemListElement\":[{\"@type\":\"ListItem\",\"position\":1,\"name\":\"Home\",\"item\":\"https:\/\/www.campingcampagna.it\/de\/\"},{\"@type\":\"ListItem\",\"position\":2,\"name\":\"Gebiet\",\"item\":\"https:\/\/www.campingcampagna.it\/de\/gebiet\/\"},{\"@type\":\"ListItem\",\"position\":3,\"name\":\"Tessin\"}]},{\"@type\":\"WebSite\",\"@id\":\"https:\/\/www.campingcampagna.it\/de\/#website\",\"url\":\"https:\/\/www.campingcampagna.it\/de\/\",\"name\":\"Camping Residence Campagna, Cannobio\",\"description\":\"Camping Residence Campagna, Cannobio\",\"publisher\":{\"@id\":\"https:\/\/www.campingcampagna.it\/de\/#organization\"},\"potentialAction\":[{\"@type\":\"SearchAction\",\"target\":{\"@type\":\"EntryPoint\",\"urlTemplate\":\"https:\/\/www.campingcampagna.it\/de\/?s={search_term_string}\"},\"query-input\":{\"@type\":\"PropertyValueSpecification\",\"valueRequired\":true,\"valueName\":\"search_term_string\"}}],\"inLanguage\":\"de\"},{\"@type\":\"Organization\",\"@id\":\"https:\/\/www.campingcampagna.it\/de\/#organization\",\"name\":\"Camping Residence Campagna, Cannobio\",\"url\":\"https:\/\/www.campingcampagna.it\/de\/\",\"logo\":{\"@type\":\"ImageObject\",\"inLanguage\":\"de\",\"@id\":\"https:\/\/www.campingcampagna.it\/de\/#\/schema\/logo\/image\/\",\"url\":\"https:\/\/www.campingcampagna.it\/wp-content\/uploads\/2024\/12\/logo-camping-campagna.png\",\"contentUrl\":\"https:\/\/www.campingcampagna.it\/wp-content\/uploads\/2024\/12\/logo-camping-campagna.png\",\"width\":600,\"height\":180,\"caption\":\"Camping Residence Campagna, Cannobio\"},\"image\":{\"@id\":\"https:\/\/www.campingcampagna.it\/de\/#\/schema\/logo\/image\/\"},\"sameAs\":[\"https:\/\/www.facebook.com\/pages\/Camping-Residence-Campagna\/389033907956132\",\"https:\/\/www.instagram.com\/campingcampagna\/\",\"https:\/\/www.youtube.com\/channel\/UCULvOj0LyU7VymrGeK73skQ\"]}]}<\/script>\n<!-- \/ Yoast SEO plugin. -->","yoast_head_json":{"title":"Tessin: was es zu sehen gibt und wie man dorthin kommt","description":"Nur wenige Kilometer von Cannobio entfernt, auf der Schweizer Seite des Lago Maggiore, entdecken Sie das Tessin: von Locarno mit der Cardada-Seilbahn \u00fcber Ausfl\u00fcge zum Monte Tamaro bis zu den Burgen von Bellinzona und dem Botanischen Park der Brissago-Inseln.","robots":{"index":"index","follow":"follow","max-snippet":"max-snippet:-1","max-image-preview":"max-image-preview:large","max-video-preview":"max-video-preview:-1"},"canonical":"https:\/\/www.campingcampagna.it\/de\/gebiet\/tessin\/","og_locale":"de_DE","og_type":"article","og_title":"Tessin: was es zu sehen gibt und wie man dorthin kommt","og_description":"Nur wenige Kilometer von Cannobio entfernt, auf der Schweizer Seite des Lago Maggiore, entdecken Sie das Tessin: von Locarno mit der Cardada-Seilbahn \u00fcber Ausfl\u00fcge zum Monte Tamaro bis zu den Burgen von Bellinzona und dem Botanischen Park der Brissago-Inseln.","og_url":"https:\/\/www.campingcampagna.it\/de\/gebiet\/tessin\/","og_site_name":"Camping Residence Campagna, Cannobio","article_publisher":"https:\/\/www.facebook.com\/pages\/Camping-Residence-Campagna\/389033907956132","article_modified_time":"2025-08-06T12:06:04+00:00","og_image":[{"width":1920,"height":1281,"url":"https:\/\/www.campingcampagna.it\/wp-content\/uploads\/2025\/08\/territorio-cannobio-2.jpg","type":"image\/jpeg"}],"twitter_card":"summary_large_image","twitter_misc":{"Gesch\u00e4tzte Lesezeit":"2\u00a0Minuten"},"schema":{"@context":"https:\/\/schema.org","@graph":[{"@type":"WebPage","@id":"https:\/\/www.campingcampagna.it\/de\/gebiet\/tessin\/","url":"https:\/\/www.campingcampagna.it\/de\/gebiet\/tessin\/","name":"Tessin: was es zu sehen gibt und wie man dorthin kommt","isPartOf":{"@id":"https:\/\/www.campingcampagna.it\/de\/#website"},"primaryImageOfPage":{"@id":"https:\/\/www.campingcampagna.it\/de\/gebiet\/tessin\/#primaryimage"},"image":{"@id":"https:\/\/www.campingcampagna.it\/de\/gebiet\/tessin\/#primaryimage"},"thumbnailUrl":"https:\/\/www.campingcampagna.it\/wp-content\/uploads\/2025\/08\/territorio-cannobio-2.jpg","datePublished":"2025-08-06T10:04:23+00:00","dateModified":"2025-08-06T12:06:04+00:00","description":"Nur wenige Kilometer von Cannobio entfernt, auf der Schweizer Seite des Lago Maggiore, entdecken Sie das Tessin: von Locarno mit der Cardada-Seilbahn \u00fcber Ausfl\u00fcge zum Monte Tamaro bis zu den Burgen von Bellinzona und dem Botanischen Park der Brissago-Inseln.","breadcrumb":{"@id":"https:\/\/www.campingcampagna.it\/de\/gebiet\/tessin\/#breadcrumb"},"inLanguage":"de","potentialAction":[{"@type":"ReadAction","target":["https:\/\/www.campingcampagna.it\/de\/gebiet\/tessin\/"]}]},{"@type":"ImageObject","inLanguage":"de","@id":"https:\/\/www.campingcampagna.it\/de\/gebiet\/tessin\/#primaryimage","url":"https:\/\/www.campingcampagna.it\/wp-content\/uploads\/2025\/08\/territorio-cannobio-2.jpg","contentUrl":"https:\/\/www.campingcampagna.it\/wp-content\/uploads\/2025\/08\/territorio-cannobio-2.jpg","width":1920,"height":1281,"caption":"Cannobio is a popular tourist resort on Lago Maggiore lake, Italy"},{"@type":"BreadcrumbList","@id":"https:\/\/www.campingcampagna.it\/de\/gebiet\/tessin\/#breadcrumb","itemListElement":[{"@type":"ListItem","position":1,"name":"Home","item":"https:\/\/www.campingcampagna.it\/de\/"},{"@type":"ListItem","position":2,"name":"Gebiet","item":"https:\/\/www.campingcampagna.it\/de\/gebiet\/"},{"@type":"ListItem","position":3,"name":"Tessin"}]},{"@type":"WebSite","@id":"https:\/\/www.campingcampagna.it\/de\/#website","url":"https:\/\/www.campingcampagna.it\/de\/","name":"Camping Residence Campagna, Cannobio","description":"Camping Residence Campagna, Cannobio","publisher":{"@id":"https:\/\/www.campingcampagna.it\/de\/#organization"},"potentialAction":[{"@type":"SearchAction","target":{"@type":"EntryPoint","urlTemplate":"https:\/\/www.campingcampagna.it\/de\/?s={search_term_string}"},"query-input":{"@type":"PropertyValueSpecification","valueRequired":true,"valueName":"search_term_string"}}],"inLanguage":"de"},{"@type":"Organization","@id":"https:\/\/www.campingcampagna.it\/de\/#organization","name":"Camping Residence Campagna, Cannobio","url":"https:\/\/www.campingcampagna.it\/de\/","logo":{"@type":"ImageObject","inLanguage":"de","@id":"https:\/\/www.campingcampagna.it\/de\/#\/schema\/logo\/image\/","url":"https:\/\/www.campingcampagna.it\/wp-content\/uploads\/2024\/12\/logo-camping-campagna.png","contentUrl":"https:\/\/www.campingcampagna.it\/wp-content\/uploads\/2024\/12\/logo-camping-campagna.png","width":600,"height":180,"caption":"Camping Residence Campagna, Cannobio"},"image":{"@id":"https:\/\/www.campingcampagna.it\/de\/#\/schema\/logo\/image\/"},"sameAs":["https:\/\/www.facebook.com\/pages\/Camping-Residence-Campagna\/389033907956132","https:\/\/www.instagram.com\/campingcampagna\/","https:\/\/www.youtube.com\/channel\/UCULvOj0LyU7VymrGeK73skQ"]}]}},"_links":{"self":[{"href":"https:\/\/www.campingcampagna.it\/de\/wp-json\/wp\/v2\/pages\/23879","targetHints":{"allow":["GET"]}}],"collection":[{"href":"https:\/\/www.campingcampagna.it\/de\/wp-json\/wp\/v2\/pages"}],"about":[{"href":"https:\/\/www.campingcampagna.it\/de\/wp-json\/wp\/v2\/types\/page"}],"author":[{"embeddable":true,"href":"https:\/\/www.campingcampagna.it\/de\/wp-json\/wp\/v2\/users\/1"}],"replies":[{"embeddable":true,"href":"https:\/\/www.campingcampagna.it\/de\/wp-json\/wp\/v2\/comments?post=23879"}],"version-history":[{"count":3,"href":"https:\/\/www.campingcampagna.it\/de\/wp-json\/wp\/v2\/pages\/23879\/revisions"}],"predecessor-version":[{"id":23904,"href":"https:\/\/www.campingcampagna.it\/de\/wp-json\/wp\/v2\/pages\/23879\/revisions\/23904"}],"up":[{"embeddable":true,"href":"https:\/\/www.campingcampagna.it\/de\/wp-json\/wp\/v2\/pages\/23669"}],"wp:featuredmedia":[{"embeddable":true,"href":"https:\/\/www.campingcampagna.it\/de\/wp-json\/wp\/v2\/media\/23792"}],"wp:attachment":[{"href":"https:\/\/www.campingcampagna.it\/de\/wp-json\/wp\/v2\/media?parent=23879"}],"curies":[{"name":"wp","href":"https:\/\/api.w.org\/{rel}","templated":true}]}}