{"id":23876,"date":"2025-08-06T12:55:48","date_gmt":"2025-08-06T10:55:48","guid":{"rendered":"https:\/\/test.campingcampagna.it\/gebiet\/isole-borromee\/"},"modified":"2025-08-06T14:05:05","modified_gmt":"2025-08-06T12:05:05","slug":"borromaeische-inseln","status":"publish","type":"page","link":"https:\/\/www.campingcampagna.it\/de\/gebiet\/borromaeische-inseln\/","title":{"rendered":"Borrom\u00e4ische Inseln"},"content":{"rendered":"\t\t<div data-elementor-type=\"wp-page\" data-elementor-id=\"23876\" class=\"elementor elementor-23876 elementor-23845\">\n\t\t\t\t<div class=\"elementor-element elementor-element-8c579d1 e-flex e-con-boxed e-con e-parent\" data-id=\"8c579d1\" data-element_type=\"container\">\n\t\t\t\t\t<div class=\"e-con-inner\">\n\t\t<div class=\"elementor-element elementor-element-2dcf3ab e-con-full e-flex e-con e-child\" data-id=\"2dcf3ab\" data-element_type=\"container\">\n\t\t\t\t<div class=\"elementor-element elementor-element-76c1da3 elementor-widget elementor-widget-text-editor\" data-id=\"76c1da3\" data-element_type=\"widget\" data-widget_type=\"text-editor.default\">\n\t\t\t\t<div class=\"elementor-widget-container\">\n\t\t\t\t\t\t\t\t\t<p>Ber\u00fchmt f\u00fcr ihre Farben und D\u00fcfte, bietet der Lago Maggiore seinen Besuchern unvergleichliche Panoramen, und unter seinen Wundern ragen die ber\u00fchmten Inseln des Borrom\u00e4ischen Golfs hervor, ein kleines Archipel in einer der sch\u00f6nsten landschaftlichen Lagen des Sees.<\/p><p>Die Inseln sind von Cannobio oder Verbania aus bequem mit dem Boot erreichbar und bieten einzigartige Erlebnisse:<\/p><h4>Isola Bella<\/h4><p>Ein Juwel der Eleganz, bekannt f\u00fcr den majest\u00e4tischen Barockpalast der Familie Borromeo, dessen R\u00e4ume mit Fresken, Wandteppichen und kostbaren Kunstwerken geschm\u00fcckt sind. Die Insel beherbergt auch einen wundersch\u00f6nen italienischen Terrassengarten, ein Kunstwerk aus Natur und Architektur, in dem seltene und farbenpr\u00e4chtige Pflanzen und Blumen bl\u00fchen. Elegante Brunnen, Statuen und majest\u00e4tische wei\u00dfe Pfauen, die frei umherwandern, bereichern den Garten.<\/p><h4>Isola Madre<\/h4><p>Die gr\u00f6\u00dfte der drei Inseln, ber\u00fchmt f\u00fcr ihren \u00fcppigen botanischen Garten, eine Explosion der Natur, die exotische Pflanzen, jahrhundertealte B\u00e4ume und seltene Blumenarten beherbergt. Hier leben wei\u00dfe Pfauen, Papageien und Fasane in v\u00f6lliger Freiheit, was eine beinahe m\u00e4rchenhafte Atmosph\u00e4re schafft. Im Hintergrund erhebt sich der charmante historische Palast, der die Geschichte der Familie Borromeo erz\u00e4hlt.<\/p><h4>Isola dei Pescatori<\/h4><p>Die einzige dauerhaft bewohnte Insel, ein malerisches kleines Dorf, das seine Authentizit\u00e4t bewahrt hat. Die bunten H\u00e4user, die engen Gassen und die ankernden Boote verleihen dieser Insel eine einzigartige Atmosph\u00e4re. Sie ist der perfekte Ort f\u00fcr Spazierg\u00e4nge, um die Spezialit\u00e4ten des Sees in den typischen Restaurants zu genie\u00dfen und den Sonnenuntergang in einer zeitlosen Umgebung zu bewundern.<\/p><p>Entdecken Sie mehr \u00fcber dieses Paradies: <a href=\"http:\/\/www.isoleborromee.it\" target=\"_blank\" rel=\"noopener\">Besuchen Sie die offizielle Website der Borrom\u00e4ischen Inseln<\/a>.<\/p>\t\t\t\t\t\t\t\t<\/div>\n\t\t\t\t<\/div>\n\t\t\t\t<\/div>\n\t\t<div class=\"elementor-element elementor-element-2ac6b67 e-con-full e-flex e-con e-child\" data-id=\"2ac6b67\" data-element_type=\"container\">\n\t\t\t\t<div class=\"elementor-element elementor-element-5fe02b9 elementor-widget elementor-widget-image-gallery\" data-id=\"5fe02b9\" data-element_type=\"widget\" data-widget_type=\"image-gallery.default\">\n\t\t\t\t<div class=\"elementor-widget-container\">\n\t\t\t\t\t\t\t<div class=\"elementor-image-gallery\">\n\t\t\t\n\t\t<style type=\"text\/css\">\n\t\t\t#gallery-1 {\n\t\t\t\tmargin: auto;\n\t\t\t}\n\t\t\t#gallery-1 .gallery-item {\n\t\t\t\tfloat: left;\n\t\t\t\tmargin-top: 10px;\n\t\t\t\ttext-align: center;\n\t\t\t\twidth: 100%;\n\t\t\t}\n\t\t\t#gallery-1 img {\n\t\t\t\tborder: 2px solid #cfcfcf;\n\t\t\t}\n\t\t\t#gallery-1 .gallery-caption {\n\t\t\t\tmargin-left: 0;\n\t\t\t}\n\t\t\t\/* see gallery_shortcode() in wp-includes\/media.php *\/\n\t\t<\/style>\n\t\t<div id='gallery-1' class='gallery galleryid-23876 gallery-columns-1 gallery-size-full'><dl class='gallery-item'>\n\t\t\t<dt class='gallery-icon landscape'>\n\t\t\t\t<a data-elementor-open-lightbox=\"yes\" data-elementor-lightbox-slideshow=\"5fe02b9\" data-elementor-lightbox-title=\"isole-borromee-lago-maggiore-4\" data-e-action-hash=\"#elementor-action%3Aaction%3Dlightbox%26settings%3DeyJpZCI6MjM3MDAsInVybCI6Imh0dHBzOlwvXC93d3cuY2FtcGluZ2NhbXBhZ25hLml0XC93cC1jb250ZW50XC91cGxvYWRzXC8yMDI1XC8wOFwvaXNvbGUtYm9ycm9tZWUtbGFnby1tYWdnaW9yZS00LmpwZyIsInNsaWRlc2hvdyI6IjVmZTAyYjkifQ%3D%3D\" href='https:\/\/www.campingcampagna.it\/wp-content\/uploads\/2025\/08\/isole-borromee-lago-maggiore-4.jpg'><img fetchpriority=\"high\" decoding=\"async\" width=\"1280\" height=\"853\" src=\"https:\/\/www.campingcampagna.it\/wp-content\/uploads\/2025\/08\/isole-borromee-lago-maggiore-4.jpg\" class=\"attachment-full size-full\" alt=\"Isole Borromee sul Lago Maggiore\" srcset=\"https:\/\/www.campingcampagna.it\/wp-content\/uploads\/2025\/08\/isole-borromee-lago-maggiore-4.jpg 1280w, https:\/\/www.campingcampagna.it\/wp-content\/uploads\/2025\/08\/isole-borromee-lago-maggiore-4-300x200.jpg 300w, https:\/\/www.campingcampagna.it\/wp-content\/uploads\/2025\/08\/isole-borromee-lago-maggiore-4-1024x682.jpg 1024w, https:\/\/www.campingcampagna.it\/wp-content\/uploads\/2025\/08\/isole-borromee-lago-maggiore-4-768x512.jpg 768w, https:\/\/www.campingcampagna.it\/wp-content\/uploads\/2025\/08\/isole-borromee-lago-maggiore-4-600x400.jpg 600w\" sizes=\"(max-width: 1280px) 100vw, 1280px\" \/><\/a>\n\t\t\t<\/dt><\/dl><br style=\"clear: both\" \/><dl class='gallery-item'>\n\t\t\t<dt class='gallery-icon landscape'>\n\t\t\t\t<a data-elementor-open-lightbox=\"yes\" data-elementor-lightbox-slideshow=\"5fe02b9\" data-elementor-lightbox-title=\"isole-borromee-lago-maggiore-2\" data-e-action-hash=\"#elementor-action%3Aaction%3Dlightbox%26settings%3DeyJpZCI6MjM3MDgsInVybCI6Imh0dHBzOlwvXC93d3cuY2FtcGluZ2NhbXBhZ25hLml0XC93cC1jb250ZW50XC91cGxvYWRzXC8yMDI1XC8wOFwvaXNvbGUtYm9ycm9tZWUtbGFnby1tYWdnaW9yZS0yLmpwZyIsInNsaWRlc2hvdyI6IjVmZTAyYjkifQ%3D%3D\" href='https:\/\/www.campingcampagna.it\/wp-content\/uploads\/2025\/08\/isole-borromee-lago-maggiore-2.jpg'><img decoding=\"async\" width=\"1280\" height=\"853\" src=\"https:\/\/www.campingcampagna.it\/wp-content\/uploads\/2025\/08\/isole-borromee-lago-maggiore-2.jpg\" class=\"attachment-full size-full\" alt=\"Isole Borromee sul Lago Maggiore\" srcset=\"https:\/\/www.campingcampagna.it\/wp-content\/uploads\/2025\/08\/isole-borromee-lago-maggiore-2.jpg 1280w, https:\/\/www.campingcampagna.it\/wp-content\/uploads\/2025\/08\/isole-borromee-lago-maggiore-2-300x200.jpg 300w, https:\/\/www.campingcampagna.it\/wp-content\/uploads\/2025\/08\/isole-borromee-lago-maggiore-2-1024x682.jpg 1024w, https:\/\/www.campingcampagna.it\/wp-content\/uploads\/2025\/08\/isole-borromee-lago-maggiore-2-768x512.jpg 768w, https:\/\/www.campingcampagna.it\/wp-content\/uploads\/2025\/08\/isole-borromee-lago-maggiore-2-600x400.jpg 600w\" sizes=\"(max-width: 1280px) 100vw, 1280px\" \/><\/a>\n\t\t\t<\/dt><\/dl><br style=\"clear: both\" \/><dl class='gallery-item'>\n\t\t\t<dt class='gallery-icon landscape'>\n\t\t\t\t<a data-elementor-open-lightbox=\"yes\" data-elementor-lightbox-slideshow=\"5fe02b9\" data-elementor-lightbox-title=\"isole-borromee-lago-maggiore-1\" data-e-action-hash=\"#elementor-action%3Aaction%3Dlightbox%26settings%3DeyJpZCI6MjM3MDQsInVybCI6Imh0dHBzOlwvXC93d3cuY2FtcGluZ2NhbXBhZ25hLml0XC93cC1jb250ZW50XC91cGxvYWRzXC8yMDI1XC8wOFwvaXNvbGUtYm9ycm9tZWUtbGFnby1tYWdnaW9yZS0xLmpwZyIsInNsaWRlc2hvdyI6IjVmZTAyYjkifQ%3D%3D\" href='https:\/\/www.campingcampagna.it\/wp-content\/uploads\/2025\/08\/isole-borromee-lago-maggiore-1.jpg'><img decoding=\"async\" width=\"1280\" height=\"853\" src=\"https:\/\/www.campingcampagna.it\/wp-content\/uploads\/2025\/08\/isole-borromee-lago-maggiore-1.jpg\" class=\"attachment-full size-full\" alt=\"Isole Borromee sul Lago Maggiore\" srcset=\"https:\/\/www.campingcampagna.it\/wp-content\/uploads\/2025\/08\/isole-borromee-lago-maggiore-1.jpg 1280w, https:\/\/www.campingcampagna.it\/wp-content\/uploads\/2025\/08\/isole-borromee-lago-maggiore-1-300x200.jpg 300w, https:\/\/www.campingcampagna.it\/wp-content\/uploads\/2025\/08\/isole-borromee-lago-maggiore-1-1024x682.jpg 1024w, https:\/\/www.campingcampagna.it\/wp-content\/uploads\/2025\/08\/isole-borromee-lago-maggiore-1-768x512.jpg 768w, https:\/\/www.campingcampagna.it\/wp-content\/uploads\/2025\/08\/isole-borromee-lago-maggiore-1-600x400.jpg 600w\" sizes=\"(max-width: 1280px) 100vw, 1280px\" \/><\/a>\n\t\t\t<\/dt><\/dl><br style=\"clear: both\" \/>\n\t\t<\/div>\n\t\t<\/div>\n\t\t\t\t\t\t<\/div>\n\t\t\t\t<\/div>\n\t\t\t\t<\/div>\n\t\t\t\t\t<\/div>\n\t\t\t\t<\/div>\n\t\t\t\t<\/div>\n\t\t","protected":false},"excerpt":{"rendered":"<p>Ber\u00fchmt f\u00fcr ihre Farben und D\u00fcfte, bietet der Lago Maggiore seinen Besuchern unvergleichliche Panoramen, und unter seinen Wundern ragen die ber\u00fchmten Inseln des Borrom\u00e4ischen Golfs hervor, ein kleines Archipel in einer der sch\u00f6nsten landschaftlichen Lagen des Sees. Die Inseln sind von Cannobio oder Verbania aus bequem mit dem Boot erreichbar und bieten einzigartige Erlebnisse: Isola [&hellip;]<\/p>\n","protected":false},"author":1,"featured_media":0,"parent":23669,"menu_order":0,"comment_status":"closed","ping_status":"closed","template":"elementor_header_footer","meta":{"footnotes":""},"class_list":["post-23876","page","type-page","status-publish","hentry"],"yoast_head":"<!-- This site is optimized with the Yoast SEO plugin v26.3 - https:\/\/yoast.com\/wordpress\/plugins\/seo\/ -->\n<title>Borromaeische Inseln: was es zu sehen gibt und wie man dorthin kommt<\/title>\n<meta name=\"description\" content=\"Entdecken Sie die Sch\u00f6nheit der Borrom\u00e4ischen Inseln: Isola Bella, Isola Madre und Isola Pescatori; Entdecken Sie den Lago Maggiore!\" \/>\n<meta name=\"robots\" content=\"index, follow, max-snippet:-1, max-image-preview:large, max-video-preview:-1\" \/>\n<link rel=\"canonical\" href=\"https:\/\/www.campingcampagna.it\/de\/gebiet\/borromaeische-inseln\/\" \/>\n<meta property=\"og:locale\" content=\"de_DE\" \/>\n<meta property=\"og:type\" content=\"article\" \/>\n<meta property=\"og:title\" content=\"Borromaeische Inseln: was es zu sehen gibt und wie man dorthin kommt\" \/>\n<meta property=\"og:description\" content=\"Entdecken Sie die Sch\u00f6nheit der Borrom\u00e4ischen Inseln: Isola Bella, Isola Madre und Isola Pescatori; Entdecken Sie den Lago Maggiore!\" \/>\n<meta property=\"og:url\" content=\"https:\/\/www.campingcampagna.it\/de\/gebiet\/borromaeische-inseln\/\" \/>\n<meta property=\"og:site_name\" content=\"Camping Residence Campagna, Cannobio\" \/>\n<meta property=\"article:publisher\" content=\"https:\/\/www.facebook.com\/pages\/Camping-Residence-Campagna\/389033907956132\" \/>\n<meta property=\"article:modified_time\" content=\"2025-08-06T12:05:05+00:00\" \/>\n<meta property=\"og:image\" content=\"https:\/\/test.campingcampagna.it\/wp-content\/uploads\/2025\/08\/isole-borromee-lago-maggiore-4.jpg\" \/>\n<meta name=\"twitter:card\" content=\"summary_large_image\" \/>\n<meta name=\"twitter:label1\" content=\"Gesch\u00e4tzte Lesezeit\" \/>\n\t<meta name=\"twitter:data1\" content=\"1\u00a0Minute\" \/>\n<script type=\"application\/ld+json\" class=\"yoast-schema-graph\">{\"@context\":\"https:\/\/schema.org\",\"@graph\":[{\"@type\":\"WebPage\",\"@id\":\"https:\/\/www.campingcampagna.it\/de\/gebiet\/borromaeische-inseln\/\",\"url\":\"https:\/\/www.campingcampagna.it\/de\/gebiet\/borromaeische-inseln\/\",\"name\":\"Borromaeische Inseln: was es zu sehen gibt und wie man dorthin kommt\",\"isPartOf\":{\"@id\":\"https:\/\/www.campingcampagna.it\/de\/#website\"},\"primaryImageOfPage\":{\"@id\":\"https:\/\/www.campingcampagna.it\/de\/gebiet\/borromaeische-inseln\/#primaryimage\"},\"image\":{\"@id\":\"https:\/\/www.campingcampagna.it\/de\/gebiet\/borromaeische-inseln\/#primaryimage\"},\"thumbnailUrl\":\"https:\/\/test.campingcampagna.it\/wp-content\/uploads\/2025\/08\/isole-borromee-lago-maggiore-4.jpg\",\"datePublished\":\"2025-08-06T10:55:48+00:00\",\"dateModified\":\"2025-08-06T12:05:05+00:00\",\"description\":\"Entdecken Sie die Sch\u00f6nheit der Borrom\u00e4ischen Inseln: Isola Bella, Isola Madre und Isola Pescatori; Entdecken Sie den Lago Maggiore!\",\"breadcrumb\":{\"@id\":\"https:\/\/www.campingcampagna.it\/de\/gebiet\/borromaeische-inseln\/#breadcrumb\"},\"inLanguage\":\"de\",\"potentialAction\":[{\"@type\":\"ReadAction\",\"target\":[\"https:\/\/www.campingcampagna.it\/de\/gebiet\/borromaeische-inseln\/\"]}]},{\"@type\":\"ImageObject\",\"inLanguage\":\"de\",\"@id\":\"https:\/\/www.campingcampagna.it\/de\/gebiet\/borromaeische-inseln\/#primaryimage\",\"url\":\"https:\/\/test.campingcampagna.it\/wp-content\/uploads\/2025\/08\/isole-borromee-lago-maggiore-4.jpg\",\"contentUrl\":\"https:\/\/test.campingcampagna.it\/wp-content\/uploads\/2025\/08\/isole-borromee-lago-maggiore-4.jpg\"},{\"@type\":\"BreadcrumbList\",\"@id\":\"https:\/\/www.campingcampagna.it\/de\/gebiet\/borromaeische-inseln\/#breadcrumb\",\"itemListElement\":[{\"@type\":\"ListItem\",\"position\":1,\"name\":\"Home\",\"item\":\"https:\/\/www.campingcampagna.it\/de\/\"},{\"@type\":\"ListItem\",\"position\":2,\"name\":\"Gebiet\",\"item\":\"https:\/\/www.campingcampagna.it\/de\/gebiet\/\"},{\"@type\":\"ListItem\",\"position\":3,\"name\":\"Borrom\u00e4ische Inseln\"}]},{\"@type\":\"WebSite\",\"@id\":\"https:\/\/www.campingcampagna.it\/de\/#website\",\"url\":\"https:\/\/www.campingcampagna.it\/de\/\",\"name\":\"Camping Residence Campagna, Cannobio\",\"description\":\"Camping Residence Campagna, Cannobio\",\"publisher\":{\"@id\":\"https:\/\/www.campingcampagna.it\/de\/#organization\"},\"potentialAction\":[{\"@type\":\"SearchAction\",\"target\":{\"@type\":\"EntryPoint\",\"urlTemplate\":\"https:\/\/www.campingcampagna.it\/de\/?s={search_term_string}\"},\"query-input\":{\"@type\":\"PropertyValueSpecification\",\"valueRequired\":true,\"valueName\":\"search_term_string\"}}],\"inLanguage\":\"de\"},{\"@type\":\"Organization\",\"@id\":\"https:\/\/www.campingcampagna.it\/de\/#organization\",\"name\":\"Camping Residence Campagna, Cannobio\",\"url\":\"https:\/\/www.campingcampagna.it\/de\/\",\"logo\":{\"@type\":\"ImageObject\",\"inLanguage\":\"de\",\"@id\":\"https:\/\/www.campingcampagna.it\/de\/#\/schema\/logo\/image\/\",\"url\":\"https:\/\/www.campingcampagna.it\/wp-content\/uploads\/2024\/12\/logo-camping-campagna.png\",\"contentUrl\":\"https:\/\/www.campingcampagna.it\/wp-content\/uploads\/2024\/12\/logo-camping-campagna.png\",\"width\":600,\"height\":180,\"caption\":\"Camping Residence Campagna, Cannobio\"},\"image\":{\"@id\":\"https:\/\/www.campingcampagna.it\/de\/#\/schema\/logo\/image\/\"},\"sameAs\":[\"https:\/\/www.facebook.com\/pages\/Camping-Residence-Campagna\/389033907956132\",\"https:\/\/www.instagram.com\/campingcampagna\/\",\"https:\/\/www.youtube.com\/channel\/UCULvOj0LyU7VymrGeK73skQ\"]}]}<\/script>\n<!-- \/ Yoast SEO plugin. -->","yoast_head_json":{"title":"Borromaeische Inseln: was es zu sehen gibt und wie man dorthin kommt","description":"Entdecken Sie die Sch\u00f6nheit der Borrom\u00e4ischen Inseln: Isola Bella, Isola Madre und Isola Pescatori; Entdecken Sie den Lago Maggiore!","robots":{"index":"index","follow":"follow","max-snippet":"max-snippet:-1","max-image-preview":"max-image-preview:large","max-video-preview":"max-video-preview:-1"},"canonical":"https:\/\/www.campingcampagna.it\/de\/gebiet\/borromaeische-inseln\/","og_locale":"de_DE","og_type":"article","og_title":"Borromaeische Inseln: was es zu sehen gibt und wie man dorthin kommt","og_description":"Entdecken Sie die Sch\u00f6nheit der Borrom\u00e4ischen Inseln: Isola Bella, Isola Madre und Isola Pescatori; Entdecken Sie den Lago Maggiore!","og_url":"https:\/\/www.campingcampagna.it\/de\/gebiet\/borromaeische-inseln\/","og_site_name":"Camping Residence Campagna, Cannobio","article_publisher":"https:\/\/www.facebook.com\/pages\/Camping-Residence-Campagna\/389033907956132","article_modified_time":"2025-08-06T12:05:05+00:00","og_image":[{"url":"https:\/\/test.campingcampagna.it\/wp-content\/uploads\/2025\/08\/isole-borromee-lago-maggiore-4.jpg","type":"","width":"","height":""}],"twitter_card":"summary_large_image","twitter_misc":{"Gesch\u00e4tzte Lesezeit":"1\u00a0Minute"},"schema":{"@context":"https:\/\/schema.org","@graph":[{"@type":"WebPage","@id":"https:\/\/www.campingcampagna.it\/de\/gebiet\/borromaeische-inseln\/","url":"https:\/\/www.campingcampagna.it\/de\/gebiet\/borromaeische-inseln\/","name":"Borromaeische Inseln: was es zu sehen gibt und wie man dorthin kommt","isPartOf":{"@id":"https:\/\/www.campingcampagna.it\/de\/#website"},"primaryImageOfPage":{"@id":"https:\/\/www.campingcampagna.it\/de\/gebiet\/borromaeische-inseln\/#primaryimage"},"image":{"@id":"https:\/\/www.campingcampagna.it\/de\/gebiet\/borromaeische-inseln\/#primaryimage"},"thumbnailUrl":"https:\/\/test.campingcampagna.it\/wp-content\/uploads\/2025\/08\/isole-borromee-lago-maggiore-4.jpg","datePublished":"2025-08-06T10:55:48+00:00","dateModified":"2025-08-06T12:05:05+00:00","description":"Entdecken Sie die Sch\u00f6nheit der Borrom\u00e4ischen Inseln: Isola Bella, Isola Madre und Isola Pescatori; Entdecken Sie den Lago Maggiore!","breadcrumb":{"@id":"https:\/\/www.campingcampagna.it\/de\/gebiet\/borromaeische-inseln\/#breadcrumb"},"inLanguage":"de","potentialAction":[{"@type":"ReadAction","target":["https:\/\/www.campingcampagna.it\/de\/gebiet\/borromaeische-inseln\/"]}]},{"@type":"ImageObject","inLanguage":"de","@id":"https:\/\/www.campingcampagna.it\/de\/gebiet\/borromaeische-inseln\/#primaryimage","url":"https:\/\/test.campingcampagna.it\/wp-content\/uploads\/2025\/08\/isole-borromee-lago-maggiore-4.jpg","contentUrl":"https:\/\/test.campingcampagna.it\/wp-content\/uploads\/2025\/08\/isole-borromee-lago-maggiore-4.jpg"},{"@type":"BreadcrumbList","@id":"https:\/\/www.campingcampagna.it\/de\/gebiet\/borromaeische-inseln\/#breadcrumb","itemListElement":[{"@type":"ListItem","position":1,"name":"Home","item":"https:\/\/www.campingcampagna.it\/de\/"},{"@type":"ListItem","position":2,"name":"Gebiet","item":"https:\/\/www.campingcampagna.it\/de\/gebiet\/"},{"@type":"ListItem","position":3,"name":"Borrom\u00e4ische Inseln"}]},{"@type":"WebSite","@id":"https:\/\/www.campingcampagna.it\/de\/#website","url":"https:\/\/www.campingcampagna.it\/de\/","name":"Camping Residence Campagna, Cannobio","description":"Camping Residence Campagna, Cannobio","publisher":{"@id":"https:\/\/www.campingcampagna.it\/de\/#organization"},"potentialAction":[{"@type":"SearchAction","target":{"@type":"EntryPoint","urlTemplate":"https:\/\/www.campingcampagna.it\/de\/?s={search_term_string}"},"query-input":{"@type":"PropertyValueSpecification","valueRequired":true,"valueName":"search_term_string"}}],"inLanguage":"de"},{"@type":"Organization","@id":"https:\/\/www.campingcampagna.it\/de\/#organization","name":"Camping Residence Campagna, Cannobio","url":"https:\/\/www.campingcampagna.it\/de\/","logo":{"@type":"ImageObject","inLanguage":"de","@id":"https:\/\/www.campingcampagna.it\/de\/#\/schema\/logo\/image\/","url":"https:\/\/www.campingcampagna.it\/wp-content\/uploads\/2024\/12\/logo-camping-campagna.png","contentUrl":"https:\/\/www.campingcampagna.it\/wp-content\/uploads\/2024\/12\/logo-camping-campagna.png","width":600,"height":180,"caption":"Camping Residence Campagna, Cannobio"},"image":{"@id":"https:\/\/www.campingcampagna.it\/de\/#\/schema\/logo\/image\/"},"sameAs":["https:\/\/www.facebook.com\/pages\/Camping-Residence-Campagna\/389033907956132","https:\/\/www.instagram.com\/campingcampagna\/","https:\/\/www.youtube.com\/channel\/UCULvOj0LyU7VymrGeK73skQ"]}]}},"_links":{"self":[{"href":"https:\/\/www.campingcampagna.it\/de\/wp-json\/wp\/v2\/pages\/23876","targetHints":{"allow":["GET"]}}],"collection":[{"href":"https:\/\/www.campingcampagna.it\/de\/wp-json\/wp\/v2\/pages"}],"about":[{"href":"https:\/\/www.campingcampagna.it\/de\/wp-json\/wp\/v2\/types\/page"}],"author":[{"embeddable":true,"href":"https:\/\/www.campingcampagna.it\/de\/wp-json\/wp\/v2\/users\/1"}],"replies":[{"embeddable":true,"href":"https:\/\/www.campingcampagna.it\/de\/wp-json\/wp\/v2\/comments?post=23876"}],"version-history":[{"count":6,"href":"https:\/\/www.campingcampagna.it\/de\/wp-json\/wp\/v2\/pages\/23876\/revisions"}],"predecessor-version":[{"id":23901,"href":"https:\/\/www.campingcampagna.it\/de\/wp-json\/wp\/v2\/pages\/23876\/revisions\/23901"}],"up":[{"embeddable":true,"href":"https:\/\/www.campingcampagna.it\/de\/wp-json\/wp\/v2\/pages\/23669"}],"wp:attachment":[{"href":"https:\/\/www.campingcampagna.it\/de\/wp-json\/wp\/v2\/media?parent=23876"}],"curies":[{"name":"wp","href":"https:\/\/api.w.org\/{rel}","templated":true}]}}