{"id":23873,"date":"2025-08-06T12:56:11","date_gmt":"2025-08-06T10:56:11","guid":{"rendered":"https:\/\/test.campingcampagna.it\/gebiet\/valle-cannobina-e-val-grande\/"},"modified":"2025-08-06T14:07:43","modified_gmt":"2025-08-06T12:07:43","slug":"valle-cannobina-und-val-grande","status":"publish","type":"page","link":"https:\/\/www.campingcampagna.it\/de\/gebiet\/valle-cannobina-und-val-grande\/","title":{"rendered":"Valle Cannobina und Val Grande"},"content":{"rendered":"\t\t<div data-elementor-type=\"wp-page\" data-elementor-id=\"23873\" class=\"elementor elementor-23873 elementor-23847\">\n\t\t\t\t<div class=\"elementor-element elementor-element-8c579d1 e-flex e-con-boxed e-con e-parent\" data-id=\"8c579d1\" data-element_type=\"container\">\n\t\t\t\t\t<div class=\"e-con-inner\">\n\t\t<div class=\"elementor-element elementor-element-2dcf3ab e-con-full e-flex e-con e-child\" data-id=\"2dcf3ab\" data-element_type=\"container\">\n\t\t\t\t<div class=\"elementor-element elementor-element-76c1da3 elementor-widget elementor-widget-text-editor\" data-id=\"76c1da3\" data-element_type=\"widget\" data-widget_type=\"text-editor.default\">\n\t\t\t\t<div class=\"elementor-widget-container\">\n\t\t\t\t\t\t\t\t\t<p>Valle Cannobina und Val Grande: Ein Paradies f\u00fcr Naturliebhaber und Wanderfreunde<\/p><h4>Valle Cannobina<\/h4><p>Die <strong>Valle Cannobina<\/strong> zeichnet sich durch kleine D\u00f6rfer und l\u00e4ndliche Siedlungen aus und unterscheidet sich von der nahegelegenen <strong>Val Grande<\/strong>, die von unber\u00fchrter Natur gepr\u00e4gt ist. Das Tor zur Talregion ist das malerische <strong>Orrido di Sant\u2019Anna<\/strong>, ein imposantes Schlucht Gebiet mit einer mittelalterlichen Kirche und einer romanischen Br\u00fccke, die sich \u00fcber das klare Wasser des Flusses <strong>Cannobino<\/strong> erstreckt.<\/p><p>Ein panoramischer Autoausflug f\u00fchrt dich durch das Tal bis zur <strong>Valle Vigezzo<\/strong> und den <strong>Centovalli<\/strong>, vorbei an atemberaubenden Landschaften und malerischen D\u00f6rfern wie <strong>Malesco<\/strong>, <strong>Santa Maria Maggiore<\/strong>, <strong>Re<\/strong> und <strong>Ponte Brolla<\/strong>, bevor du in <strong>Locarno<\/strong> ankommst und zur\u00fcck nach Cannobio f\u00e4hrst.<br \/><a href=\"http:\/\/www.vallecannobina.it\/\" target=\"_blank\" rel=\"noopener\">Mehr erfahren \u00fcber Valle Cannobina<\/a><\/p><p>Nur wenige Kilometer von Cannobio entfernt, erreichbar \u00fcber einen malerischen Wanderweg, befindet sich das <strong>Carmine Superiore<\/strong>, ein mittelalterliches Dorf aus dem 10.-11. Jahrhundert, das auf einem Felsen thront. Von hier aus hat man einen spektakul\u00e4ren Blick auf den <strong>Lago Maggiore<\/strong>, umgeben von einer Atmosph\u00e4re, die die Zeit stillstehen l\u00e4sst.<\/p><h4>Val Grande<\/h4><p>F\u00fcr erfahrene Wanderer ist der <strong>Val Grande Nationalpark<\/strong> ein einmaliges Erlebnis: das gr\u00f6\u00dfte Wildnisgebiet Italiens, wo Stille und unber\u00fchrte Natur herrschen. Die Wanderwege in dieser Gegend sind oft herausfordernd und f\u00fchren durch unber\u00fchrte Landschaften, die h\u00f6chste Vorsicht erfordern und idealerweise die Begleitung erfahrener F\u00fchrer.<br \/><a href=\"http:\/\/www.parcovalgrande.it\/\" target=\"_blank\" rel=\"noopener\">Mehr erfahren \u00fcber Val Grande<\/a><\/p><p>Ein einzigartiges Abenteuer erwartet dich in einer Region, die aus historischen D\u00f6rfern, atemberaubenden Panoramen und unber\u00fchrter Natur besteht!<\/p>\t\t\t\t\t\t\t\t<\/div>\n\t\t\t\t<\/div>\n\t\t\t\t<\/div>\n\t\t<div class=\"elementor-element elementor-element-2ac6b67 e-con-full e-flex e-con e-child\" data-id=\"2ac6b67\" data-element_type=\"container\">\n\t\t\t\t<div class=\"elementor-element elementor-element-5fe02b9 elementor-widget elementor-widget-image-gallery\" data-id=\"5fe02b9\" data-element_type=\"widget\" data-widget_type=\"image-gallery.default\">\n\t\t\t\t<div class=\"elementor-widget-container\">\n\t\t\t\t\t\t\t<div class=\"elementor-image-gallery\">\n\t\t\t\n\t\t<style type=\"text\/css\">\n\t\t\t#gallery-1 {\n\t\t\t\tmargin: auto;\n\t\t\t}\n\t\t\t#gallery-1 .gallery-item {\n\t\t\t\tfloat: left;\n\t\t\t\tmargin-top: 10px;\n\t\t\t\ttext-align: center;\n\t\t\t\twidth: 100%;\n\t\t\t}\n\t\t\t#gallery-1 img {\n\t\t\t\tborder: 2px solid #cfcfcf;\n\t\t\t}\n\t\t\t#gallery-1 .gallery-caption {\n\t\t\t\tmargin-left: 0;\n\t\t\t}\n\t\t\t\/* see gallery_shortcode() in wp-includes\/media.php *\/\n\t\t<\/style>\n\t\t<div id='gallery-1' class='gallery galleryid-23873 gallery-columns-1 gallery-size-full'><dl class='gallery-item'>\n\t\t\t<dt class='gallery-icon landscape'>\n\t\t\t\t<a data-elementor-open-lightbox=\"yes\" data-elementor-lightbox-slideshow=\"5fe02b9\" data-elementor-lightbox-title=\"Waterfall on Rio Val Grande, in Val Grande National Park\" data-e-action-hash=\"#elementor-action%3Aaction%3Dlightbox%26settings%3DeyJpZCI6MjM3MzMsInVybCI6Imh0dHBzOlwvXC93d3cuY2FtcGluZ2NhbXBhZ25hLml0XC93cC1jb250ZW50XC91cGxvYWRzXC8yMDI1XC8wOFwvdGVycml0b3Jpby12YWwtY2Fubm9iaW5hLXZhbC1ncmFuZGUtMS5qcGciLCJzbGlkZXNob3ciOiI1ZmUwMmI5In0%3D\" href='https:\/\/www.campingcampagna.it\/wp-content\/uploads\/2025\/08\/territorio-val-cannobina-val-grande-1.jpg'><img fetchpriority=\"high\" decoding=\"async\" width=\"1400\" height=\"934\" src=\"https:\/\/www.campingcampagna.it\/wp-content\/uploads\/2025\/08\/territorio-val-cannobina-val-grande-1.jpg\" class=\"attachment-full size-full\" alt=\"Val Grande\" aria-describedby=\"gallery-1-23733\" srcset=\"https:\/\/www.campingcampagna.it\/wp-content\/uploads\/2025\/08\/territorio-val-cannobina-val-grande-1.jpg 1400w, https:\/\/www.campingcampagna.it\/wp-content\/uploads\/2025\/08\/territorio-val-cannobina-val-grande-1-300x200.jpg 300w, https:\/\/www.campingcampagna.it\/wp-content\/uploads\/2025\/08\/territorio-val-cannobina-val-grande-1-1024x683.jpg 1024w, https:\/\/www.campingcampagna.it\/wp-content\/uploads\/2025\/08\/territorio-val-cannobina-val-grande-1-768x512.jpg 768w, https:\/\/www.campingcampagna.it\/wp-content\/uploads\/2025\/08\/territorio-val-cannobina-val-grande-1-600x400.jpg 600w\" sizes=\"(max-width: 1400px) 100vw, 1400px\" \/><\/a>\n\t\t\t<\/dt>\n\t\t\t\t<dd class='wp-caption-text gallery-caption' id='gallery-1-23733'>\n\t\t\t\tWaterfall on Rio Val Grande, in Val Grande National Park, Piedmont, Italy\n\t\t\t\t<\/dd><\/dl><br style=\"clear: both\" \/><dl class='gallery-item'>\n\t\t\t<dt class='gallery-icon landscape'>\n\t\t\t\t<a data-elementor-open-lightbox=\"yes\" data-elementor-lightbox-slideshow=\"5fe02b9\" data-elementor-lightbox-title=\"Valley Cannobio with church Santa Anna at Lake Maggiore\" data-e-action-hash=\"#elementor-action%3Aaction%3Dlightbox%26settings%3DeyJpZCI6MjM3MjksInVybCI6Imh0dHBzOlwvXC93d3cuY2FtcGluZ2NhbXBhZ25hLml0XC93cC1jb250ZW50XC91cGxvYWRzXC8yMDI1XC8wOFwvdGVycml0b3Jpby12YWwtY2Fubm9iaW5hLXZhbC1ncmFuZGUtMi5qcGciLCJzbGlkZXNob3ciOiI1ZmUwMmI5In0%3D\" href='https:\/\/www.campingcampagna.it\/wp-content\/uploads\/2025\/08\/territorio-val-cannobina-val-grande-2.jpg'><img decoding=\"async\" width=\"1400\" height=\"934\" src=\"https:\/\/www.campingcampagna.it\/wp-content\/uploads\/2025\/08\/territorio-val-cannobina-val-grande-2.jpg\" class=\"attachment-full size-full\" alt=\"Val Cannobina e Val Grande\" aria-describedby=\"gallery-1-23729\" srcset=\"https:\/\/www.campingcampagna.it\/wp-content\/uploads\/2025\/08\/territorio-val-cannobina-val-grande-2.jpg 1400w, https:\/\/www.campingcampagna.it\/wp-content\/uploads\/2025\/08\/territorio-val-cannobina-val-grande-2-300x200.jpg 300w, https:\/\/www.campingcampagna.it\/wp-content\/uploads\/2025\/08\/territorio-val-cannobina-val-grande-2-1024x683.jpg 1024w, https:\/\/www.campingcampagna.it\/wp-content\/uploads\/2025\/08\/territorio-val-cannobina-val-grande-2-768x512.jpg 768w, https:\/\/www.campingcampagna.it\/wp-content\/uploads\/2025\/08\/territorio-val-cannobina-val-grande-2-600x400.jpg 600w\" sizes=\"(max-width: 1400px) 100vw, 1400px\" \/><\/a>\n\t\t\t<\/dt>\n\t\t\t\t<dd class='wp-caption-text gallery-caption' id='gallery-1-23729'>\n\t\t\t\tValley Cannobio with church Santa Anna at Lake Maggiore\n\t\t\t\t<\/dd><\/dl><br style=\"clear: both\" \/>\n\t\t<\/div>\n\t\t<\/div>\n\t\t\t\t\t\t<\/div>\n\t\t\t\t<\/div>\n\t\t\t\t<\/div>\n\t\t\t\t\t<\/div>\n\t\t\t\t<\/div>\n\t\t\t\t<\/div>\n\t\t","protected":false},"excerpt":{"rendered":"<p>Valle Cannobina und Val Grande: Ein Paradies f\u00fcr Naturliebhaber und Wanderfreunde Valle Cannobina Die Valle Cannobina zeichnet sich durch kleine D\u00f6rfer und l\u00e4ndliche Siedlungen aus und unterscheidet sich von der nahegelegenen Val Grande, die von unber\u00fchrter Natur gepr\u00e4gt ist. Das Tor zur Talregion ist das malerische Orrido di Sant\u2019Anna, ein imposantes Schlucht Gebiet mit einer [&hellip;]<\/p>\n","protected":false},"author":1,"featured_media":0,"parent":23669,"menu_order":0,"comment_status":"closed","ping_status":"closed","template":"elementor_header_footer","meta":{"footnotes":""},"class_list":["post-23873","page","type-page","status-publish","hentry"],"yoast_head":"<!-- This site is optimized with the Yoast SEO plugin v26.3 - https:\/\/yoast.com\/wordpress\/plugins\/seo\/ -->\n<title>Valle Cannobina und Val Grande: was es zu sehen gibt und wie man dorthin kommt<\/title>\n<meta name=\"description\" content=\"Entdecken Sie das Valle Cannobina und den Nationalpark Val Grande: Wanderungen, historische D\u00f6rfer und unber\u00fchrte Landschaften nur wenige Kilometer von Cannobio entfernt.\" \/>\n<meta name=\"robots\" content=\"index, follow, max-snippet:-1, max-image-preview:large, max-video-preview:-1\" \/>\n<link rel=\"canonical\" href=\"https:\/\/www.campingcampagna.it\/de\/gebiet\/valle-cannobina-und-val-grande\/\" \/>\n<meta property=\"og:locale\" content=\"de_DE\" \/>\n<meta property=\"og:type\" content=\"article\" \/>\n<meta property=\"og:title\" content=\"Valle Cannobina und Val Grande: was es zu sehen gibt und wie man dorthin kommt\" \/>\n<meta property=\"og:description\" content=\"Entdecken Sie das Valle Cannobina und den Nationalpark Val Grande: Wanderungen, historische D\u00f6rfer und unber\u00fchrte Landschaften nur wenige Kilometer von Cannobio entfernt.\" \/>\n<meta property=\"og:url\" content=\"https:\/\/www.campingcampagna.it\/de\/gebiet\/valle-cannobina-und-val-grande\/\" \/>\n<meta property=\"og:site_name\" content=\"Camping Residence Campagna, Cannobio\" \/>\n<meta property=\"article:publisher\" content=\"https:\/\/www.facebook.com\/pages\/Camping-Residence-Campagna\/389033907956132\" \/>\n<meta property=\"article:modified_time\" content=\"2025-08-06T12:07:43+00:00\" \/>\n<meta property=\"og:image\" content=\"https:\/\/test.campingcampagna.it\/wp-content\/uploads\/2025\/08\/territorio-val-cannobina-val-grande-1.jpg\" \/>\n<meta name=\"twitter:card\" content=\"summary_large_image\" \/>\n<meta name=\"twitter:label1\" content=\"Gesch\u00e4tzte Lesezeit\" \/>\n\t<meta name=\"twitter:data1\" content=\"1\u00a0Minute\" \/>\n<script type=\"application\/ld+json\" class=\"yoast-schema-graph\">{\"@context\":\"https:\/\/schema.org\",\"@graph\":[{\"@type\":\"WebPage\",\"@id\":\"https:\/\/www.campingcampagna.it\/de\/gebiet\/valle-cannobina-und-val-grande\/\",\"url\":\"https:\/\/www.campingcampagna.it\/de\/gebiet\/valle-cannobina-und-val-grande\/\",\"name\":\"Valle Cannobina und Val Grande: was es zu sehen gibt und wie man dorthin kommt\",\"isPartOf\":{\"@id\":\"https:\/\/www.campingcampagna.it\/de\/#website\"},\"primaryImageOfPage\":{\"@id\":\"https:\/\/www.campingcampagna.it\/de\/gebiet\/valle-cannobina-und-val-grande\/#primaryimage\"},\"image\":{\"@id\":\"https:\/\/www.campingcampagna.it\/de\/gebiet\/valle-cannobina-und-val-grande\/#primaryimage\"},\"thumbnailUrl\":\"https:\/\/test.campingcampagna.it\/wp-content\/uploads\/2025\/08\/territorio-val-cannobina-val-grande-1.jpg\",\"datePublished\":\"2025-08-06T10:56:11+00:00\",\"dateModified\":\"2025-08-06T12:07:43+00:00\",\"description\":\"Entdecken Sie das Valle Cannobina und den Nationalpark Val Grande: Wanderungen, historische D\u00f6rfer und unber\u00fchrte Landschaften nur wenige Kilometer von Cannobio entfernt.\",\"breadcrumb\":{\"@id\":\"https:\/\/www.campingcampagna.it\/de\/gebiet\/valle-cannobina-und-val-grande\/#breadcrumb\"},\"inLanguage\":\"de\",\"potentialAction\":[{\"@type\":\"ReadAction\",\"target\":[\"https:\/\/www.campingcampagna.it\/de\/gebiet\/valle-cannobina-und-val-grande\/\"]}]},{\"@type\":\"ImageObject\",\"inLanguage\":\"de\",\"@id\":\"https:\/\/www.campingcampagna.it\/de\/gebiet\/valle-cannobina-und-val-grande\/#primaryimage\",\"url\":\"https:\/\/test.campingcampagna.it\/wp-content\/uploads\/2025\/08\/territorio-val-cannobina-val-grande-1.jpg\",\"contentUrl\":\"https:\/\/test.campingcampagna.it\/wp-content\/uploads\/2025\/08\/territorio-val-cannobina-val-grande-1.jpg\"},{\"@type\":\"BreadcrumbList\",\"@id\":\"https:\/\/www.campingcampagna.it\/de\/gebiet\/valle-cannobina-und-val-grande\/#breadcrumb\",\"itemListElement\":[{\"@type\":\"ListItem\",\"position\":1,\"name\":\"Home\",\"item\":\"https:\/\/www.campingcampagna.it\/de\/\"},{\"@type\":\"ListItem\",\"position\":2,\"name\":\"Gebiet\",\"item\":\"https:\/\/www.campingcampagna.it\/de\/gebiet\/\"},{\"@type\":\"ListItem\",\"position\":3,\"name\":\"Valle Cannobina und Val Grande\"}]},{\"@type\":\"WebSite\",\"@id\":\"https:\/\/www.campingcampagna.it\/de\/#website\",\"url\":\"https:\/\/www.campingcampagna.it\/de\/\",\"name\":\"Camping Residence Campagna, Cannobio\",\"description\":\"Camping Residence Campagna, Cannobio\",\"publisher\":{\"@id\":\"https:\/\/www.campingcampagna.it\/de\/#organization\"},\"potentialAction\":[{\"@type\":\"SearchAction\",\"target\":{\"@type\":\"EntryPoint\",\"urlTemplate\":\"https:\/\/www.campingcampagna.it\/de\/?s={search_term_string}\"},\"query-input\":{\"@type\":\"PropertyValueSpecification\",\"valueRequired\":true,\"valueName\":\"search_term_string\"}}],\"inLanguage\":\"de\"},{\"@type\":\"Organization\",\"@id\":\"https:\/\/www.campingcampagna.it\/de\/#organization\",\"name\":\"Camping Residence Campagna, Cannobio\",\"url\":\"https:\/\/www.campingcampagna.it\/de\/\",\"logo\":{\"@type\":\"ImageObject\",\"inLanguage\":\"de\",\"@id\":\"https:\/\/www.campingcampagna.it\/de\/#\/schema\/logo\/image\/\",\"url\":\"https:\/\/www.campingcampagna.it\/wp-content\/uploads\/2024\/12\/logo-camping-campagna.png\",\"contentUrl\":\"https:\/\/www.campingcampagna.it\/wp-content\/uploads\/2024\/12\/logo-camping-campagna.png\",\"width\":600,\"height\":180,\"caption\":\"Camping Residence Campagna, Cannobio\"},\"image\":{\"@id\":\"https:\/\/www.campingcampagna.it\/de\/#\/schema\/logo\/image\/\"},\"sameAs\":[\"https:\/\/www.facebook.com\/pages\/Camping-Residence-Campagna\/389033907956132\",\"https:\/\/www.instagram.com\/campingcampagna\/\",\"https:\/\/www.youtube.com\/channel\/UCULvOj0LyU7VymrGeK73skQ\"]}]}<\/script>\n<!-- \/ Yoast SEO plugin. -->","yoast_head_json":{"title":"Valle Cannobina und Val Grande: was es zu sehen gibt und wie man dorthin kommt","description":"Entdecken Sie das Valle Cannobina und den Nationalpark Val Grande: Wanderungen, historische D\u00f6rfer und unber\u00fchrte Landschaften nur wenige Kilometer von Cannobio entfernt.","robots":{"index":"index","follow":"follow","max-snippet":"max-snippet:-1","max-image-preview":"max-image-preview:large","max-video-preview":"max-video-preview:-1"},"canonical":"https:\/\/www.campingcampagna.it\/de\/gebiet\/valle-cannobina-und-val-grande\/","og_locale":"de_DE","og_type":"article","og_title":"Valle Cannobina und Val Grande: was es zu sehen gibt und wie man dorthin kommt","og_description":"Entdecken Sie das Valle Cannobina und den Nationalpark Val Grande: Wanderungen, historische D\u00f6rfer und unber\u00fchrte Landschaften nur wenige Kilometer von Cannobio entfernt.","og_url":"https:\/\/www.campingcampagna.it\/de\/gebiet\/valle-cannobina-und-val-grande\/","og_site_name":"Camping Residence Campagna, Cannobio","article_publisher":"https:\/\/www.facebook.com\/pages\/Camping-Residence-Campagna\/389033907956132","article_modified_time":"2025-08-06T12:07:43+00:00","og_image":[{"url":"https:\/\/test.campingcampagna.it\/wp-content\/uploads\/2025\/08\/territorio-val-cannobina-val-grande-1.jpg","type":"","width":"","height":""}],"twitter_card":"summary_large_image","twitter_misc":{"Gesch\u00e4tzte Lesezeit":"1\u00a0Minute"},"schema":{"@context":"https:\/\/schema.org","@graph":[{"@type":"WebPage","@id":"https:\/\/www.campingcampagna.it\/de\/gebiet\/valle-cannobina-und-val-grande\/","url":"https:\/\/www.campingcampagna.it\/de\/gebiet\/valle-cannobina-und-val-grande\/","name":"Valle Cannobina und Val Grande: was es zu sehen gibt und wie man dorthin kommt","isPartOf":{"@id":"https:\/\/www.campingcampagna.it\/de\/#website"},"primaryImageOfPage":{"@id":"https:\/\/www.campingcampagna.it\/de\/gebiet\/valle-cannobina-und-val-grande\/#primaryimage"},"image":{"@id":"https:\/\/www.campingcampagna.it\/de\/gebiet\/valle-cannobina-und-val-grande\/#primaryimage"},"thumbnailUrl":"https:\/\/test.campingcampagna.it\/wp-content\/uploads\/2025\/08\/territorio-val-cannobina-val-grande-1.jpg","datePublished":"2025-08-06T10:56:11+00:00","dateModified":"2025-08-06T12:07:43+00:00","description":"Entdecken Sie das Valle Cannobina und den Nationalpark Val Grande: Wanderungen, historische D\u00f6rfer und unber\u00fchrte Landschaften nur wenige Kilometer von Cannobio entfernt.","breadcrumb":{"@id":"https:\/\/www.campingcampagna.it\/de\/gebiet\/valle-cannobina-und-val-grande\/#breadcrumb"},"inLanguage":"de","potentialAction":[{"@type":"ReadAction","target":["https:\/\/www.campingcampagna.it\/de\/gebiet\/valle-cannobina-und-val-grande\/"]}]},{"@type":"ImageObject","inLanguage":"de","@id":"https:\/\/www.campingcampagna.it\/de\/gebiet\/valle-cannobina-und-val-grande\/#primaryimage","url":"https:\/\/test.campingcampagna.it\/wp-content\/uploads\/2025\/08\/territorio-val-cannobina-val-grande-1.jpg","contentUrl":"https:\/\/test.campingcampagna.it\/wp-content\/uploads\/2025\/08\/territorio-val-cannobina-val-grande-1.jpg"},{"@type":"BreadcrumbList","@id":"https:\/\/www.campingcampagna.it\/de\/gebiet\/valle-cannobina-und-val-grande\/#breadcrumb","itemListElement":[{"@type":"ListItem","position":1,"name":"Home","item":"https:\/\/www.campingcampagna.it\/de\/"},{"@type":"ListItem","position":2,"name":"Gebiet","item":"https:\/\/www.campingcampagna.it\/de\/gebiet\/"},{"@type":"ListItem","position":3,"name":"Valle Cannobina und Val Grande"}]},{"@type":"WebSite","@id":"https:\/\/www.campingcampagna.it\/de\/#website","url":"https:\/\/www.campingcampagna.it\/de\/","name":"Camping Residence Campagna, Cannobio","description":"Camping Residence Campagna, Cannobio","publisher":{"@id":"https:\/\/www.campingcampagna.it\/de\/#organization"},"potentialAction":[{"@type":"SearchAction","target":{"@type":"EntryPoint","urlTemplate":"https:\/\/www.campingcampagna.it\/de\/?s={search_term_string}"},"query-input":{"@type":"PropertyValueSpecification","valueRequired":true,"valueName":"search_term_string"}}],"inLanguage":"de"},{"@type":"Organization","@id":"https:\/\/www.campingcampagna.it\/de\/#organization","name":"Camping Residence Campagna, Cannobio","url":"https:\/\/www.campingcampagna.it\/de\/","logo":{"@type":"ImageObject","inLanguage":"de","@id":"https:\/\/www.campingcampagna.it\/de\/#\/schema\/logo\/image\/","url":"https:\/\/www.campingcampagna.it\/wp-content\/uploads\/2024\/12\/logo-camping-campagna.png","contentUrl":"https:\/\/www.campingcampagna.it\/wp-content\/uploads\/2024\/12\/logo-camping-campagna.png","width":600,"height":180,"caption":"Camping Residence Campagna, Cannobio"},"image":{"@id":"https:\/\/www.campingcampagna.it\/de\/#\/schema\/logo\/image\/"},"sameAs":["https:\/\/www.facebook.com\/pages\/Camping-Residence-Campagna\/389033907956132","https:\/\/www.instagram.com\/campingcampagna\/","https:\/\/www.youtube.com\/channel\/UCULvOj0LyU7VymrGeK73skQ"]}]}},"_links":{"self":[{"href":"https:\/\/www.campingcampagna.it\/de\/wp-json\/wp\/v2\/pages\/23873","targetHints":{"allow":["GET"]}}],"collection":[{"href":"https:\/\/www.campingcampagna.it\/de\/wp-json\/wp\/v2\/pages"}],"about":[{"href":"https:\/\/www.campingcampagna.it\/de\/wp-json\/wp\/v2\/types\/page"}],"author":[{"embeddable":true,"href":"https:\/\/www.campingcampagna.it\/de\/wp-json\/wp\/v2\/users\/1"}],"replies":[{"embeddable":true,"href":"https:\/\/www.campingcampagna.it\/de\/wp-json\/wp\/v2\/comments?post=23873"}],"version-history":[{"count":3,"href":"https:\/\/www.campingcampagna.it\/de\/wp-json\/wp\/v2\/pages\/23873\/revisions"}],"predecessor-version":[{"id":23910,"href":"https:\/\/www.campingcampagna.it\/de\/wp-json\/wp\/v2\/pages\/23873\/revisions\/23910"}],"up":[{"embeddable":true,"href":"https:\/\/www.campingcampagna.it\/de\/wp-json\/wp\/v2\/pages\/23669"}],"wp:attachment":[{"href":"https:\/\/www.campingcampagna.it\/de\/wp-json\/wp\/v2\/media?parent=23873"}],"curies":[{"name":"wp","href":"https:\/\/api.w.org\/{rel}","templated":true}]}}