{"id":23870,"date":"2025-08-06T12:55:28","date_gmt":"2025-08-06T10:55:28","guid":{"rendered":"https:\/\/test.campingcampagna.it\/gebiet\/villa-taranto\/"},"modified":"2025-08-06T14:06:38","modified_gmt":"2025-08-06T12:06:38","slug":"villa-taranto","status":"publish","type":"page","link":"https:\/\/www.campingcampagna.it\/de\/gebiet\/villa-taranto\/","title":{"rendered":"Botanische G\u00e4rten von Villa Taranto"},"content":{"rendered":"\t\t<div data-elementor-type=\"wp-page\" data-elementor-id=\"23870\" class=\"elementor elementor-23870 elementor-23843\">\n\t\t\t\t<div class=\"elementor-element elementor-element-8c579d1 e-flex e-con-boxed e-con e-parent\" data-id=\"8c579d1\" data-element_type=\"container\">\n\t\t\t\t\t<div class=\"e-con-inner\">\n\t\t<div class=\"elementor-element elementor-element-2dcf3ab e-con-full e-flex e-con e-child\" data-id=\"2dcf3ab\" data-element_type=\"container\">\n\t\t\t\t<div class=\"elementor-element elementor-element-76c1da3 elementor-widget elementor-widget-text-editor\" data-id=\"76c1da3\" data-element_type=\"widget\" data-widget_type=\"text-editor.default\">\n\t\t\t\t<div class=\"elementor-widget-container\">\n\t\t\t\t\t\t\t\t\t<p>Nur 20 km von Cannobio entfernt ist Villa Taranto ein Muss f\u00fcr Naturliebhaber und Landschaftsbegeisterte. Die<strong> Botanischen G\u00e4rten von Villa Taranto<\/strong> sind ein wahres botanisches Meisterwerk, ein bezaubernder Park, der sich \u00fcber 16 Hektar erstreckt und Tausende von Pflanzenarten aus allen Ecken der Welt beherbergt. Viele dieser Arten sind selten und einzigartig in Europa und zeugen von der Leidenschaft und Hingabe des Gr\u00fcnders, Kapit\u00e4n Neil McEacharn, der in den fr\u00fchen 1930er Jahren begann, diesen au\u00dfergew\u00f6hnlichen Garten zu schaffen.<\/p><p>Zwischen den Wegen k\u00f6nnen die Besucher in ein Farben- und Duftwunder eintauchen, zwischen italienischen G\u00e4rten, Teichen und Panoramaterrassen, die spektakul\u00e4re Ausblicke auf den Lago Maggiore und die umliegenden Alpen bieten.<\/p><p>Seltene Pflanzen und exotische Blumen machen jeden Besuch zu einem einzigartigen und faszinierenden Erlebnis; eine wahre Oase der Ruhe und Sch\u00f6nheit, ideal f\u00fcr entspannende Spazierg\u00e4nge in einer unvergleichlichen Landschaft.<\/p><p>Verpassen Sie nicht die Gelegenheit, dieses Paradies zu entdecken \u2013 ein Ort, an dem die Natur im Mittelpunkt steht und jede Saison neue Farben und \u00dcberraschungen bietet.<\/p><p><a href=\"https:\/\/www.villataranto.it\">www.villataranto.it<\/a><\/p>\t\t\t\t\t\t\t\t<\/div>\n\t\t\t\t<\/div>\n\t\t\t\t<\/div>\n\t\t<div class=\"elementor-element elementor-element-2ac6b67 e-con-full e-flex e-con e-child\" data-id=\"2ac6b67\" data-element_type=\"container\">\n\t\t\t\t<div class=\"elementor-element elementor-element-5fe02b9 elementor-widget elementor-widget-image-gallery\" data-id=\"5fe02b9\" data-element_type=\"widget\" data-widget_type=\"image-gallery.default\">\n\t\t\t\t<div class=\"elementor-widget-container\">\n\t\t\t\t\t\t\t<div class=\"elementor-image-gallery\">\n\t\t\t\n\t\t<style type=\"text\/css\">\n\t\t\t#gallery-1 {\n\t\t\t\tmargin: auto;\n\t\t\t}\n\t\t\t#gallery-1 .gallery-item {\n\t\t\t\tfloat: left;\n\t\t\t\tmargin-top: 10px;\n\t\t\t\ttext-align: center;\n\t\t\t\twidth: 100%;\n\t\t\t}\n\t\t\t#gallery-1 img {\n\t\t\t\tborder: 2px solid #cfcfcf;\n\t\t\t}\n\t\t\t#gallery-1 .gallery-caption {\n\t\t\t\tmargin-left: 0;\n\t\t\t}\n\t\t\t\/* see gallery_shortcode() in wp-includes\/media.php *\/\n\t\t<\/style>\n\t\t<div id='gallery-1' class='gallery galleryid-23870 gallery-columns-1 gallery-size-full'><dl class='gallery-item'>\n\t\t\t<dt class='gallery-icon landscape'>\n\t\t\t\t<a data-elementor-open-lightbox=\"yes\" data-elementor-lightbox-slideshow=\"5fe02b9\" data-elementor-lightbox-title=\"giaridni botanici di villa taranto (1)\" data-e-action-hash=\"#elementor-action%3Aaction%3Dlightbox%26settings%3DeyJpZCI6MjM3MTMsInVybCI6Imh0dHBzOlwvXC93d3cuY2FtcGluZ2NhbXBhZ25hLml0XC93cC1jb250ZW50XC91cGxvYWRzXC8yMDI1XC8wOFwvZ2lhcmlkbmktYm90YW5pY2ktZGktdmlsbGEtdGFyYW50by0xLmpwZyIsInNsaWRlc2hvdyI6IjVmZTAyYjkifQ%3D%3D\" href='https:\/\/www.campingcampagna.it\/wp-content\/uploads\/2025\/08\/giaridni-botanici-di-villa-taranto-1.jpg'><img fetchpriority=\"high\" decoding=\"async\" width=\"1920\" height=\"1280\" src=\"https:\/\/www.campingcampagna.it\/wp-content\/uploads\/2025\/08\/giaridni-botanici-di-villa-taranto-1.jpg\" class=\"attachment-full size-full\" alt=\"giaridni botanici di villa taranto\" srcset=\"https:\/\/www.campingcampagna.it\/wp-content\/uploads\/2025\/08\/giaridni-botanici-di-villa-taranto-1.jpg 1920w, https:\/\/www.campingcampagna.it\/wp-content\/uploads\/2025\/08\/giaridni-botanici-di-villa-taranto-1-300x200.jpg 300w, https:\/\/www.campingcampagna.it\/wp-content\/uploads\/2025\/08\/giaridni-botanici-di-villa-taranto-1-1024x683.jpg 1024w, https:\/\/www.campingcampagna.it\/wp-content\/uploads\/2025\/08\/giaridni-botanici-di-villa-taranto-1-768x512.jpg 768w, https:\/\/www.campingcampagna.it\/wp-content\/uploads\/2025\/08\/giaridni-botanici-di-villa-taranto-1-1536x1024.jpg 1536w, https:\/\/www.campingcampagna.it\/wp-content\/uploads\/2025\/08\/giaridni-botanici-di-villa-taranto-1-600x400.jpg 600w\" sizes=\"(max-width: 1920px) 100vw, 1920px\" \/><\/a>\n\t\t\t<\/dt><\/dl><br style=\"clear: both\" \/><dl class='gallery-item'>\n\t\t\t<dt class='gallery-icon landscape'>\n\t\t\t\t<a data-elementor-open-lightbox=\"yes\" data-elementor-lightbox-slideshow=\"5fe02b9\" data-elementor-lightbox-title=\"giaridni botanici di villa taranto (2)\" data-e-action-hash=\"#elementor-action%3Aaction%3Dlightbox%26settings%3DeyJpZCI6MjM3MTcsInVybCI6Imh0dHBzOlwvXC93d3cuY2FtcGluZ2NhbXBhZ25hLml0XC93cC1jb250ZW50XC91cGxvYWRzXC8yMDI1XC8wOFwvZ2lhcmlkbmktYm90YW5pY2ktZGktdmlsbGEtdGFyYW50by0yLmpwZyIsInNsaWRlc2hvdyI6IjVmZTAyYjkifQ%3D%3D\" href='https:\/\/www.campingcampagna.it\/wp-content\/uploads\/2025\/08\/giaridni-botanici-di-villa-taranto-2.jpg'><img decoding=\"async\" width=\"1920\" height=\"1280\" src=\"https:\/\/www.campingcampagna.it\/wp-content\/uploads\/2025\/08\/giaridni-botanici-di-villa-taranto-2.jpg\" class=\"attachment-full size-full\" alt=\"giaridni botanici di villa taranto\" aria-describedby=\"gallery-1-23717\" srcset=\"https:\/\/www.campingcampagna.it\/wp-content\/uploads\/2025\/08\/giaridni-botanici-di-villa-taranto-2.jpg 1920w, https:\/\/www.campingcampagna.it\/wp-content\/uploads\/2025\/08\/giaridni-botanici-di-villa-taranto-2-300x200.jpg 300w, https:\/\/www.campingcampagna.it\/wp-content\/uploads\/2025\/08\/giaridni-botanici-di-villa-taranto-2-1024x683.jpg 1024w, https:\/\/www.campingcampagna.it\/wp-content\/uploads\/2025\/08\/giaridni-botanici-di-villa-taranto-2-768x512.jpg 768w, https:\/\/www.campingcampagna.it\/wp-content\/uploads\/2025\/08\/giaridni-botanici-di-villa-taranto-2-1536x1024.jpg 1536w, https:\/\/www.campingcampagna.it\/wp-content\/uploads\/2025\/08\/giaridni-botanici-di-villa-taranto-2-600x400.jpg 600w\" sizes=\"(max-width: 1920px) 100vw, 1920px\" \/><\/a>\n\t\t\t<\/dt>\n\t\t\t\t<dd class='wp-caption-text gallery-caption' id='gallery-1-23717'>\n\t\t\t\tgiaridni botanici di villa taranto\n\t\t\t\t<\/dd><\/dl><br style=\"clear: both\" \/><dl class='gallery-item'>\n\t\t\t<dt class='gallery-icon landscape'>\n\t\t\t\t<a data-elementor-open-lightbox=\"yes\" data-elementor-lightbox-slideshow=\"5fe02b9\" data-elementor-lightbox-title=\"giaridni botanici di villa taranto (3)\" data-e-action-hash=\"#elementor-action%3Aaction%3Dlightbox%26settings%3DeyJpZCI6MjM3MjEsInVybCI6Imh0dHBzOlwvXC93d3cuY2FtcGluZ2NhbXBhZ25hLml0XC93cC1jb250ZW50XC91cGxvYWRzXC8yMDI1XC8wOFwvZ2lhcmlkbmktYm90YW5pY2ktZGktdmlsbGEtdGFyYW50by0zLmpwZyIsInNsaWRlc2hvdyI6IjVmZTAyYjkifQ%3D%3D\" href='https:\/\/www.campingcampagna.it\/wp-content\/uploads\/2025\/08\/giaridni-botanici-di-villa-taranto-3.jpg'><img decoding=\"async\" width=\"1920\" height=\"1280\" src=\"https:\/\/www.campingcampagna.it\/wp-content\/uploads\/2025\/08\/giaridni-botanici-di-villa-taranto-3.jpg\" class=\"attachment-full size-full\" alt=\"giaridni botanici di villa taranto\" aria-describedby=\"gallery-1-23721\" srcset=\"https:\/\/www.campingcampagna.it\/wp-content\/uploads\/2025\/08\/giaridni-botanici-di-villa-taranto-3.jpg 1920w, https:\/\/www.campingcampagna.it\/wp-content\/uploads\/2025\/08\/giaridni-botanici-di-villa-taranto-3-300x200.jpg 300w, https:\/\/www.campingcampagna.it\/wp-content\/uploads\/2025\/08\/giaridni-botanici-di-villa-taranto-3-1024x683.jpg 1024w, https:\/\/www.campingcampagna.it\/wp-content\/uploads\/2025\/08\/giaridni-botanici-di-villa-taranto-3-768x512.jpg 768w, https:\/\/www.campingcampagna.it\/wp-content\/uploads\/2025\/08\/giaridni-botanici-di-villa-taranto-3-1536x1024.jpg 1536w, https:\/\/www.campingcampagna.it\/wp-content\/uploads\/2025\/08\/giaridni-botanici-di-villa-taranto-3-600x400.jpg 600w\" sizes=\"(max-width: 1920px) 100vw, 1920px\" \/><\/a>\n\t\t\t<\/dt>\n\t\t\t\t<dd class='wp-caption-text gallery-caption' id='gallery-1-23721'>\n\t\t\t\tgiaridni botanici di villa taranto\n\t\t\t\t<\/dd><\/dl><br style=\"clear: both\" \/><dl class='gallery-item'>\n\t\t\t<dt class='gallery-icon landscape'>\n\t\t\t\t<a data-elementor-open-lightbox=\"yes\" data-elementor-lightbox-slideshow=\"5fe02b9\" data-elementor-lightbox-title=\"giaridni botanici di villa taranto (4)\" data-e-action-hash=\"#elementor-action%3Aaction%3Dlightbox%26settings%3DeyJpZCI6MjM3MjUsInVybCI6Imh0dHBzOlwvXC93d3cuY2FtcGluZ2NhbXBhZ25hLml0XC93cC1jb250ZW50XC91cGxvYWRzXC8yMDI1XC8wOFwvZ2lhcmlkbmktYm90YW5pY2ktZGktdmlsbGEtdGFyYW50by00LmpwZyIsInNsaWRlc2hvdyI6IjVmZTAyYjkifQ%3D%3D\" href='https:\/\/www.campingcampagna.it\/wp-content\/uploads\/2025\/08\/giaridni-botanici-di-villa-taranto-4.jpg'><img loading=\"lazy\" decoding=\"async\" width=\"1920\" height=\"1280\" src=\"https:\/\/www.campingcampagna.it\/wp-content\/uploads\/2025\/08\/giaridni-botanici-di-villa-taranto-4.jpg\" class=\"attachment-full size-full\" alt=\"giaridni botanici di villa taranto\" srcset=\"https:\/\/www.campingcampagna.it\/wp-content\/uploads\/2025\/08\/giaridni-botanici-di-villa-taranto-4.jpg 1920w, https:\/\/www.campingcampagna.it\/wp-content\/uploads\/2025\/08\/giaridni-botanici-di-villa-taranto-4-300x200.jpg 300w, https:\/\/www.campingcampagna.it\/wp-content\/uploads\/2025\/08\/giaridni-botanici-di-villa-taranto-4-1024x683.jpg 1024w, https:\/\/www.campingcampagna.it\/wp-content\/uploads\/2025\/08\/giaridni-botanici-di-villa-taranto-4-768x512.jpg 768w, https:\/\/www.campingcampagna.it\/wp-content\/uploads\/2025\/08\/giaridni-botanici-di-villa-taranto-4-1536x1024.jpg 1536w, https:\/\/www.campingcampagna.it\/wp-content\/uploads\/2025\/08\/giaridni-botanici-di-villa-taranto-4-600x400.jpg 600w\" sizes=\"(max-width: 1920px) 100vw, 1920px\" \/><\/a>\n\t\t\t<\/dt><\/dl><br style=\"clear: both\" \/>\n\t\t<\/div>\n\t\t<\/div>\n\t\t\t\t\t\t<\/div>\n\t\t\t\t<\/div>\n\t\t\t\t<\/div>\n\t\t\t\t\t<\/div>\n\t\t\t\t<\/div>\n\t\t\t\t<\/div>\n\t\t","protected":false},"excerpt":{"rendered":"<p>Nur 20 km von Cannobio entfernt ist Villa Taranto ein Muss f\u00fcr Naturliebhaber und Landschaftsbegeisterte. Die Botanischen G\u00e4rten von Villa Taranto sind ein wahres botanisches Meisterwerk, ein bezaubernder Park, der sich \u00fcber 16 Hektar erstreckt und Tausende von Pflanzenarten aus allen Ecken der Welt beherbergt. Viele dieser Arten sind selten und einzigartig in Europa und [&hellip;]<\/p>\n","protected":false},"author":1,"featured_media":0,"parent":23669,"menu_order":0,"comment_status":"closed","ping_status":"closed","template":"elementor_header_footer","meta":{"footnotes":""},"class_list":["post-23870","page","type-page","status-publish","hentry"],"yoast_head":"<!-- This site is optimized with the Yoast SEO plugin v26.3 - https:\/\/yoast.com\/wordpress\/plugins\/seo\/ -->\n<title>Botanischer Garten der Villa Taranto in Verbania am Lago Maggiore<\/title>\n<meta name=\"description\" content=\"Besuchen Sie den Botanischen Garten der Villa Taranto in Verbania: eine Oase der Farben und D\u00fcfte mit seltenen Pflanzen am Lago Maggiore\" \/>\n<meta name=\"robots\" content=\"index, follow, max-snippet:-1, max-image-preview:large, max-video-preview:-1\" \/>\n<link rel=\"canonical\" href=\"https:\/\/www.campingcampagna.it\/de\/gebiet\/villa-taranto\/\" \/>\n<meta property=\"og:locale\" content=\"de_DE\" \/>\n<meta property=\"og:type\" content=\"article\" \/>\n<meta property=\"og:title\" content=\"Botanischer Garten der Villa Taranto in Verbania am Lago Maggiore\" \/>\n<meta property=\"og:description\" content=\"Besuchen Sie den Botanischen Garten der Villa Taranto in Verbania: eine Oase der Farben und D\u00fcfte mit seltenen Pflanzen am Lago Maggiore\" \/>\n<meta property=\"og:url\" content=\"https:\/\/www.campingcampagna.it\/de\/gebiet\/villa-taranto\/\" \/>\n<meta property=\"og:site_name\" content=\"Camping Residence Campagna, Cannobio\" \/>\n<meta property=\"article:publisher\" content=\"https:\/\/www.facebook.com\/pages\/Camping-Residence-Campagna\/389033907956132\" \/>\n<meta property=\"article:modified_time\" content=\"2025-08-06T12:06:38+00:00\" \/>\n<meta property=\"og:image\" content=\"https:\/\/test.campingcampagna.it\/wp-content\/uploads\/2025\/08\/giaridni-botanici-di-villa-taranto-1.jpg\" \/>\n<meta name=\"twitter:card\" content=\"summary_large_image\" \/>\n<meta name=\"twitter:label1\" content=\"Gesch\u00e4tzte Lesezeit\" \/>\n\t<meta name=\"twitter:data1\" content=\"1\u00a0Minute\" \/>\n<script type=\"application\/ld+json\" class=\"yoast-schema-graph\">{\"@context\":\"https:\/\/schema.org\",\"@graph\":[{\"@type\":\"WebPage\",\"@id\":\"https:\/\/www.campingcampagna.it\/de\/gebiet\/villa-taranto\/\",\"url\":\"https:\/\/www.campingcampagna.it\/de\/gebiet\/villa-taranto\/\",\"name\":\"Botanischer Garten der Villa Taranto in Verbania am Lago Maggiore\",\"isPartOf\":{\"@id\":\"https:\/\/www.campingcampagna.it\/de\/#website\"},\"primaryImageOfPage\":{\"@id\":\"https:\/\/www.campingcampagna.it\/de\/gebiet\/villa-taranto\/#primaryimage\"},\"image\":{\"@id\":\"https:\/\/www.campingcampagna.it\/de\/gebiet\/villa-taranto\/#primaryimage\"},\"thumbnailUrl\":\"https:\/\/test.campingcampagna.it\/wp-content\/uploads\/2025\/08\/giaridni-botanici-di-villa-taranto-1.jpg\",\"datePublished\":\"2025-08-06T10:55:28+00:00\",\"dateModified\":\"2025-08-06T12:06:38+00:00\",\"description\":\"Besuchen Sie den Botanischen Garten der Villa Taranto in Verbania: eine Oase der Farben und D\u00fcfte mit seltenen Pflanzen am Lago Maggiore\",\"breadcrumb\":{\"@id\":\"https:\/\/www.campingcampagna.it\/de\/gebiet\/villa-taranto\/#breadcrumb\"},\"inLanguage\":\"de\",\"potentialAction\":[{\"@type\":\"ReadAction\",\"target\":[\"https:\/\/www.campingcampagna.it\/de\/gebiet\/villa-taranto\/\"]}]},{\"@type\":\"ImageObject\",\"inLanguage\":\"de\",\"@id\":\"https:\/\/www.campingcampagna.it\/de\/gebiet\/villa-taranto\/#primaryimage\",\"url\":\"https:\/\/test.campingcampagna.it\/wp-content\/uploads\/2025\/08\/giaridni-botanici-di-villa-taranto-1.jpg\",\"contentUrl\":\"https:\/\/test.campingcampagna.it\/wp-content\/uploads\/2025\/08\/giaridni-botanici-di-villa-taranto-1.jpg\"},{\"@type\":\"BreadcrumbList\",\"@id\":\"https:\/\/www.campingcampagna.it\/de\/gebiet\/villa-taranto\/#breadcrumb\",\"itemListElement\":[{\"@type\":\"ListItem\",\"position\":1,\"name\":\"Home\",\"item\":\"https:\/\/www.campingcampagna.it\/de\/\"},{\"@type\":\"ListItem\",\"position\":2,\"name\":\"Gebiet\",\"item\":\"https:\/\/www.campingcampagna.it\/de\/gebiet\/\"},{\"@type\":\"ListItem\",\"position\":3,\"name\":\"Botanische G\u00e4rten von Villa Taranto\"}]},{\"@type\":\"WebSite\",\"@id\":\"https:\/\/www.campingcampagna.it\/de\/#website\",\"url\":\"https:\/\/www.campingcampagna.it\/de\/\",\"name\":\"Camping Residence Campagna, Cannobio\",\"description\":\"Camping Residence Campagna, Cannobio\",\"publisher\":{\"@id\":\"https:\/\/www.campingcampagna.it\/de\/#organization\"},\"potentialAction\":[{\"@type\":\"SearchAction\",\"target\":{\"@type\":\"EntryPoint\",\"urlTemplate\":\"https:\/\/www.campingcampagna.it\/de\/?s={search_term_string}\"},\"query-input\":{\"@type\":\"PropertyValueSpecification\",\"valueRequired\":true,\"valueName\":\"search_term_string\"}}],\"inLanguage\":\"de\"},{\"@type\":\"Organization\",\"@id\":\"https:\/\/www.campingcampagna.it\/de\/#organization\",\"name\":\"Camping Residence Campagna, Cannobio\",\"url\":\"https:\/\/www.campingcampagna.it\/de\/\",\"logo\":{\"@type\":\"ImageObject\",\"inLanguage\":\"de\",\"@id\":\"https:\/\/www.campingcampagna.it\/de\/#\/schema\/logo\/image\/\",\"url\":\"https:\/\/www.campingcampagna.it\/wp-content\/uploads\/2024\/12\/logo-camping-campagna.png\",\"contentUrl\":\"https:\/\/www.campingcampagna.it\/wp-content\/uploads\/2024\/12\/logo-camping-campagna.png\",\"width\":600,\"height\":180,\"caption\":\"Camping Residence Campagna, Cannobio\"},\"image\":{\"@id\":\"https:\/\/www.campingcampagna.it\/de\/#\/schema\/logo\/image\/\"},\"sameAs\":[\"https:\/\/www.facebook.com\/pages\/Camping-Residence-Campagna\/389033907956132\",\"https:\/\/www.instagram.com\/campingcampagna\/\",\"https:\/\/www.youtube.com\/channel\/UCULvOj0LyU7VymrGeK73skQ\"]}]}<\/script>\n<!-- \/ Yoast SEO plugin. -->","yoast_head_json":{"title":"Botanischer Garten der Villa Taranto in Verbania am Lago Maggiore","description":"Besuchen Sie den Botanischen Garten der Villa Taranto in Verbania: eine Oase der Farben und D\u00fcfte mit seltenen Pflanzen am Lago Maggiore","robots":{"index":"index","follow":"follow","max-snippet":"max-snippet:-1","max-image-preview":"max-image-preview:large","max-video-preview":"max-video-preview:-1"},"canonical":"https:\/\/www.campingcampagna.it\/de\/gebiet\/villa-taranto\/","og_locale":"de_DE","og_type":"article","og_title":"Botanischer Garten der Villa Taranto in Verbania am Lago Maggiore","og_description":"Besuchen Sie den Botanischen Garten der Villa Taranto in Verbania: eine Oase der Farben und D\u00fcfte mit seltenen Pflanzen am Lago Maggiore","og_url":"https:\/\/www.campingcampagna.it\/de\/gebiet\/villa-taranto\/","og_site_name":"Camping Residence Campagna, Cannobio","article_publisher":"https:\/\/www.facebook.com\/pages\/Camping-Residence-Campagna\/389033907956132","article_modified_time":"2025-08-06T12:06:38+00:00","og_image":[{"url":"https:\/\/test.campingcampagna.it\/wp-content\/uploads\/2025\/08\/giaridni-botanici-di-villa-taranto-1.jpg","type":"","width":"","height":""}],"twitter_card":"summary_large_image","twitter_misc":{"Gesch\u00e4tzte Lesezeit":"1\u00a0Minute"},"schema":{"@context":"https:\/\/schema.org","@graph":[{"@type":"WebPage","@id":"https:\/\/www.campingcampagna.it\/de\/gebiet\/villa-taranto\/","url":"https:\/\/www.campingcampagna.it\/de\/gebiet\/villa-taranto\/","name":"Botanischer Garten der Villa Taranto in Verbania am Lago Maggiore","isPartOf":{"@id":"https:\/\/www.campingcampagna.it\/de\/#website"},"primaryImageOfPage":{"@id":"https:\/\/www.campingcampagna.it\/de\/gebiet\/villa-taranto\/#primaryimage"},"image":{"@id":"https:\/\/www.campingcampagna.it\/de\/gebiet\/villa-taranto\/#primaryimage"},"thumbnailUrl":"https:\/\/test.campingcampagna.it\/wp-content\/uploads\/2025\/08\/giaridni-botanici-di-villa-taranto-1.jpg","datePublished":"2025-08-06T10:55:28+00:00","dateModified":"2025-08-06T12:06:38+00:00","description":"Besuchen Sie den Botanischen Garten der Villa Taranto in Verbania: eine Oase der Farben und D\u00fcfte mit seltenen Pflanzen am Lago Maggiore","breadcrumb":{"@id":"https:\/\/www.campingcampagna.it\/de\/gebiet\/villa-taranto\/#breadcrumb"},"inLanguage":"de","potentialAction":[{"@type":"ReadAction","target":["https:\/\/www.campingcampagna.it\/de\/gebiet\/villa-taranto\/"]}]},{"@type":"ImageObject","inLanguage":"de","@id":"https:\/\/www.campingcampagna.it\/de\/gebiet\/villa-taranto\/#primaryimage","url":"https:\/\/test.campingcampagna.it\/wp-content\/uploads\/2025\/08\/giaridni-botanici-di-villa-taranto-1.jpg","contentUrl":"https:\/\/test.campingcampagna.it\/wp-content\/uploads\/2025\/08\/giaridni-botanici-di-villa-taranto-1.jpg"},{"@type":"BreadcrumbList","@id":"https:\/\/www.campingcampagna.it\/de\/gebiet\/villa-taranto\/#breadcrumb","itemListElement":[{"@type":"ListItem","position":1,"name":"Home","item":"https:\/\/www.campingcampagna.it\/de\/"},{"@type":"ListItem","position":2,"name":"Gebiet","item":"https:\/\/www.campingcampagna.it\/de\/gebiet\/"},{"@type":"ListItem","position":3,"name":"Botanische G\u00e4rten von Villa Taranto"}]},{"@type":"WebSite","@id":"https:\/\/www.campingcampagna.it\/de\/#website","url":"https:\/\/www.campingcampagna.it\/de\/","name":"Camping Residence Campagna, Cannobio","description":"Camping Residence Campagna, Cannobio","publisher":{"@id":"https:\/\/www.campingcampagna.it\/de\/#organization"},"potentialAction":[{"@type":"SearchAction","target":{"@type":"EntryPoint","urlTemplate":"https:\/\/www.campingcampagna.it\/de\/?s={search_term_string}"},"query-input":{"@type":"PropertyValueSpecification","valueRequired":true,"valueName":"search_term_string"}}],"inLanguage":"de"},{"@type":"Organization","@id":"https:\/\/www.campingcampagna.it\/de\/#organization","name":"Camping Residence Campagna, Cannobio","url":"https:\/\/www.campingcampagna.it\/de\/","logo":{"@type":"ImageObject","inLanguage":"de","@id":"https:\/\/www.campingcampagna.it\/de\/#\/schema\/logo\/image\/","url":"https:\/\/www.campingcampagna.it\/wp-content\/uploads\/2024\/12\/logo-camping-campagna.png","contentUrl":"https:\/\/www.campingcampagna.it\/wp-content\/uploads\/2024\/12\/logo-camping-campagna.png","width":600,"height":180,"caption":"Camping Residence Campagna, Cannobio"},"image":{"@id":"https:\/\/www.campingcampagna.it\/de\/#\/schema\/logo\/image\/"},"sameAs":["https:\/\/www.facebook.com\/pages\/Camping-Residence-Campagna\/389033907956132","https:\/\/www.instagram.com\/campingcampagna\/","https:\/\/www.youtube.com\/channel\/UCULvOj0LyU7VymrGeK73skQ"]}]}},"_links":{"self":[{"href":"https:\/\/www.campingcampagna.it\/de\/wp-json\/wp\/v2\/pages\/23870","targetHints":{"allow":["GET"]}}],"collection":[{"href":"https:\/\/www.campingcampagna.it\/de\/wp-json\/wp\/v2\/pages"}],"about":[{"href":"https:\/\/www.campingcampagna.it\/de\/wp-json\/wp\/v2\/types\/page"}],"author":[{"embeddable":true,"href":"https:\/\/www.campingcampagna.it\/de\/wp-json\/wp\/v2\/users\/1"}],"replies":[{"embeddable":true,"href":"https:\/\/www.campingcampagna.it\/de\/wp-json\/wp\/v2\/comments?post=23870"}],"version-history":[{"count":3,"href":"https:\/\/www.campingcampagna.it\/de\/wp-json\/wp\/v2\/pages\/23870\/revisions"}],"predecessor-version":[{"id":23907,"href":"https:\/\/www.campingcampagna.it\/de\/wp-json\/wp\/v2\/pages\/23870\/revisions\/23907"}],"up":[{"embeddable":true,"href":"https:\/\/www.campingcampagna.it\/de\/wp-json\/wp\/v2\/pages\/23669"}],"wp:attachment":[{"href":"https:\/\/www.campingcampagna.it\/de\/wp-json\/wp\/v2\/media?parent=23870"}],"curies":[{"name":"wp","href":"https:\/\/api.w.org\/{rel}","templated":true}]}}