{"id":23669,"date":"2025-08-06T11:37:57","date_gmt":"2025-08-06T09:37:57","guid":{"rendered":"https:\/\/test.campingcampagna.it\/?page_id=23669"},"modified":"2025-08-11T17:02:13","modified_gmt":"2025-08-11T15:02:13","slug":"gebiet","status":"publish","type":"page","link":"https:\/\/www.campingcampagna.it\/de\/gebiet\/","title":{"rendered":"Gebiet"},"content":{"rendered":"\t\t<div data-elementor-type=\"wp-page\" data-elementor-id=\"23669\" class=\"elementor elementor-23669 elementor-23666\">\n\t\t\t\t\t\t<section class=\"elementor-section elementor-top-section elementor-element elementor-element-271be1c elementor-section-boxed elementor-section-height-default elementor-section-height-default\" data-id=\"271be1c\" data-element_type=\"section\">\n\t\t\t\t\t\t<div class=\"elementor-container elementor-column-gap-wide\">\n\t\t\t\t\t<div class=\"elementor-column elementor-col-100 elementor-top-column elementor-element elementor-element-4136aa4\" data-id=\"4136aa4\" data-element_type=\"column\">\n\t\t\t<div class=\"elementor-widget-wrap elementor-element-populated\">\n\t\t\t\t\t\t<div class=\"elementor-element elementor-element-b5b2552 elementor-widget elementor-widget-heading\" data-id=\"b5b2552\" data-element_type=\"widget\" data-widget_type=\"heading.default\">\n\t\t\t\t<div class=\"elementor-widget-container\">\n\t\t\t\t\t<h2 class=\"elementor-heading-title elementor-size-default\">Cannobio und Umgebung: Entdecken Sie die Wunder des Lago Maggiore<\/h2>\t\t\t\t<\/div>\n\t\t\t\t<\/div>\n\t\t\t\t<div class=\"elementor-element elementor-element-996ed46 elementor-widget elementor-widget-text-editor\" data-id=\"996ed46\" data-element_type=\"widget\" data-widget_type=\"text-editor.default\">\n\t\t\t\t<div class=\"elementor-widget-container\">\n\t\t\t\t\t\t\t\t\t<div class=\"elementor-element elementor-element-0eca5c8 elementor-widget elementor-widget-text-editor\" data-id=\"0eca5c8\" data-element_type=\"widget\" data-widget_type=\"text-editor.default\"><div class=\"elementor-widget-container\"><div class=\"elementor-element elementor-element-0eca5c8 elementor-widget elementor-widget-text-editor\" data-id=\"0eca5c8\" data-element_type=\"widget\" data-widget_type=\"text-editor.default\"><div class=\"elementor-widget-container\"><div class=\"elementor-element elementor-element-0eca5c8 elementor-widget elementor-widget-text-editor\" data-id=\"0eca5c8\" data-element_type=\"widget\" data-widget_type=\"text-editor.default\"><div class=\"elementor-widget-container\"><p>Cannobio ist ein zauberhafter typischer italienischer Ort an den herrlichen Ufern des Lago Maggiore. Wenige Kilometer von der Schweizer Grenze entfernt, hat sich Cannobio sein kulturelles und historisches Erbe sowie seine landschaftliche und naturalistischen Sch\u00f6nheiten bewahrt.<\/p><p>In der Umgebung von Cannobio finden sich zahlreiche Orte von kulturellem, k\u00fcnstlerischem und naturalistischem Interesse. Es gibt sehr viele M\u00f6glichkeiten f\u00fcr Exkursionen und zur Entspannung, aber auch ein reiches Angebot f\u00fcr Shopping oder Sport: alles was man braucht , um einen unvergesslichen Urlaub in einer faszinierenden Umgebung und in direktem Kontakt mit der Natur zu verbringen.<\/p><p>Nachfolgend wollen wir einige Orte, die unserer Meinung nach besondere Erw\u00e4hnung verdienen, empfehlen.<\/p><p>Um die Details zu sehen, w\u00e4hlen Sie ein Ziel aus.<\/p><\/div><\/div><\/div><\/div><\/div><\/div>\t\t\t\t\t\t\t\t<\/div>\n\t\t\t\t<\/div>\n\t\t\t\t\t<\/div>\n\t\t<\/div>\n\t\t\t\t\t<\/div>\n\t\t<\/section>\n\t\t\t\t<section class=\"elementor-section elementor-top-section elementor-element elementor-element-f09086d elementor-section-boxed elementor-section-height-default elementor-section-height-default\" data-id=\"f09086d\" data-element_type=\"section\">\n\t\t\t\t\t\t<div class=\"elementor-container elementor-column-gap-wide\">\n\t\t\t\t\t<div class=\"elementor-column elementor-col-50 elementor-top-column elementor-element elementor-element-51c6f72\" data-id=\"51c6f72\" data-element_type=\"column\">\n\t\t\t<div class=\"elementor-widget-wrap elementor-element-populated\">\n\t\t\t\t\t\t<div class=\"elementor-element elementor-element-c9ebba3 elementor-widget elementor-widget-vedhak_elementor_image_box\" data-id=\"c9ebba3\" data-element_type=\"widget\" data-widget_type=\"vedhak_elementor_image_box.default\">\n\t\t\t\t<div class=\"elementor-widget-container\">\n\t\t\t\t\t\n\t\t\t\t\t<a href=\"\/de\/gebiet\/borromaeische-inseln\/\" target=\"_self\" rel=\"\">\n\t\t\n\t\t\t<div class=\"ova-image-box\">\n\n\t\t\t\t<div class=\"title-price\">\n\n\t\t\t\t\t\t\t\t\t\t\t<h3 class=\"title\">Borrom\u00e4ische Inseln <\/h3>\n\t\t\t\t\t\n\t\t\t\t\t\t\t                <div class=\"price\">&gt;<\/div>\n\t\t            \n\t\t\t\t<\/div>\n\n\t\t\t\t\t\t\t\t\t<img decoding=\"async\" class=\"img\" src=\"https:\/\/www.campingcampagna.it\/wp-content\/uploads\/2025\/08\/isole-borromee-lago-maggiore-1.jpg\" alt=\"Borrom\u00e4ische Inseln \">\n\t\t\t\t\t \n\n\t\t\t<\/div>\n\n\t\t\t\t\t\t\t<\/a>\n\t\t\t\n\t\t\t\t\t\t<\/div>\n\t\t\t\t<\/div>\n\t\t\t\t\t<\/div>\n\t\t<\/div>\n\t\t\t\t<div class=\"elementor-column elementor-col-50 elementor-top-column elementor-element elementor-element-fad863e\" data-id=\"fad863e\" data-element_type=\"column\">\n\t\t\t<div class=\"elementor-widget-wrap elementor-element-populated\">\n\t\t\t\t\t\t<div class=\"elementor-element elementor-element-1580450 elementor-widget elementor-widget-vedhak_elementor_image_box\" data-id=\"1580450\" data-element_type=\"widget\" data-widget_type=\"vedhak_elementor_image_box.default\">\n\t\t\t\t<div class=\"elementor-widget-container\">\n\t\t\t\t\t\n\t\t\t\t\t<a href=\"\/de\/gebiet\/villa-taranto\/\" target=\"_self\" rel=\"\">\n\t\t\n\t\t\t<div class=\"ova-image-box\">\n\n\t\t\t\t<div class=\"title-price\">\n\n\t\t\t\t\t\t\t\t\t\t\t<h3 class=\"title\">Botanische G\u00e4rten von Villa Taranto<\/h3>\n\t\t\t\t\t\n\t\t\t\t\t\t\t                <div class=\"price\">&gt;<\/div>\n\t\t            \n\t\t\t\t<\/div>\n\n\t\t\t\t\t\t\t\t\t<img decoding=\"async\" class=\"img\" src=\"https:\/\/www.campingcampagna.it\/wp-content\/uploads\/2025\/08\/giaridni-botanici-di-villa-taranto-2.jpg\" alt=\"Botanische G\u00e4rten von Villa Taranto\">\n\t\t\t\t\t \n\n\t\t\t<\/div>\n\n\t\t\t\t\t\t\t<\/a>\n\t\t\t\n\t\t\t\t\t\t<\/div>\n\t\t\t\t<\/div>\n\t\t\t\t\t<\/div>\n\t\t<\/div>\n\t\t\t\t\t<\/div>\n\t\t<\/section>\n\t\t\t\t<section class=\"elementor-section elementor-top-section elementor-element elementor-element-a901ea4 elementor-section-boxed elementor-section-height-default elementor-section-height-default\" data-id=\"a901ea4\" data-element_type=\"section\">\n\t\t\t\t\t\t<div class=\"elementor-container elementor-column-gap-wide\">\n\t\t\t\t\t<div class=\"elementor-column elementor-col-50 elementor-top-column elementor-element elementor-element-c880d8d\" data-id=\"c880d8d\" data-element_type=\"column\">\n\t\t\t<div class=\"elementor-widget-wrap elementor-element-populated\">\n\t\t\t\t\t\t<div class=\"elementor-element elementor-element-0d5856b elementor-widget elementor-widget-vedhak_elementor_image_box\" data-id=\"0d5856b\" data-element_type=\"widget\" data-widget_type=\"vedhak_elementor_image_box.default\">\n\t\t\t\t<div class=\"elementor-widget-container\">\n\t\t\t\t\t\n\t\t\t\t\t<a href=\"\/de\/gebiet\/valle-cannobina-und-val-grande\/\" target=\"_self\" rel=\"\">\n\t\t\n\t\t\t<div class=\"ova-image-box\">\n\n\t\t\t\t<div class=\"title-price\">\n\n\t\t\t\t\t\t\t\t\t\t\t<h3 class=\"title\">Valle Cannobina und Val Grande<\/h3>\n\t\t\t\t\t\n\t\t\t\t\t\t\t                <div class=\"price\">&gt;<\/div>\n\t\t            \n\t\t\t\t<\/div>\n\n\t\t\t\t\t\t\t\t\t<img decoding=\"async\" class=\"img\" src=\"https:\/\/www.campingcampagna.it\/wp-content\/uploads\/2025\/08\/territorio-val-cannobina-val-grande-2.jpg\" alt=\"Valle Cannobina und Val Grande\">\n\t\t\t\t\t \n\n\t\t\t<\/div>\n\n\t\t\t\t\t\t\t<\/a>\n\t\t\t\n\t\t\t\t\t\t<\/div>\n\t\t\t\t<\/div>\n\t\t\t\t\t<\/div>\n\t\t<\/div>\n\t\t\t\t<div class=\"elementor-column elementor-col-50 elementor-top-column elementor-element elementor-element-d56d4c5\" data-id=\"d56d4c5\" data-element_type=\"column\">\n\t\t\t<div class=\"elementor-widget-wrap elementor-element-populated\">\n\t\t\t\t\t\t<div class=\"elementor-element elementor-element-6814e8b elementor-widget elementor-widget-vedhak_elementor_image_box\" data-id=\"6814e8b\" data-element_type=\"widget\" data-widget_type=\"vedhak_elementor_image_box.default\">\n\t\t\t\t<div class=\"elementor-widget-container\">\n\t\t\t\t\t\n\t\t\t\t\t<a href=\"\/de\/gebiet\/tessin\/\" target=\"_self\" rel=\"\">\n\t\t\n\t\t\t<div class=\"ova-image-box\">\n\n\t\t\t\t<div class=\"title-price\">\n\n\t\t\t\t\t\t\t\t\t\t\t<h3 class=\"title\">Tessin<\/h3>\n\t\t\t\t\t\n\t\t\t\t\t\t\t                <div class=\"price\">&gt;<\/div>\n\t\t            \n\t\t\t\t<\/div>\n\n\t\t\t\t\t\t\t\t\t<img decoding=\"async\" class=\"img\" src=\"https:\/\/www.campingcampagna.it\/wp-content\/uploads\/2025\/08\/territorio-ticino-2.jpg\" alt=\"Tessin\">\n\t\t\t\t\t \n\n\t\t\t<\/div>\n\n\t\t\t\t\t\t\t<\/a>\n\t\t\t\n\t\t\t\t\t\t<\/div>\n\t\t\t\t<\/div>\n\t\t\t\t\t<\/div>\n\t\t<\/div>\n\t\t\t\t\t<\/div>\n\t\t<\/section>\n\t\t<div class=\"elementor-element elementor-element-c548767 e-flex e-con-boxed e-con e-parent\" data-id=\"c548767\" data-element_type=\"container\">\n\t\t\t\t\t<div class=\"e-con-inner\">\n\t\t\t\t<div class=\"elementor-element elementor-element-748584a elementor-widget elementor-widget-spacer\" data-id=\"748584a\" data-element_type=\"widget\" data-widget_type=\"spacer.default\">\n\t\t\t\t<div class=\"elementor-widget-container\">\n\t\t\t\t\t\t\t<div class=\"elementor-spacer\">\n\t\t\t<div class=\"elementor-spacer-inner\"><\/div>\n\t\t<\/div>\n\t\t\t\t\t\t<\/div>\n\t\t\t\t<\/div>\n\t\t\t\t\t<\/div>\n\t\t\t\t<\/div>\n\t\t\t\t<\/div>\n\t\t","protected":false},"excerpt":{"rendered":"<p>Cannobio und Umgebung: Entdecken Sie die Wunder des Lago Maggiore Cannobio ist ein zauberhafter typischer italienischer Ort an den herrlichen Ufern des Lago Maggiore. Wenige Kilometer von der Schweizer Grenze entfernt, hat sich Cannobio sein kulturelles und historisches Erbe sowie seine landschaftliche und naturalistischen Sch\u00f6nheiten bewahrt. In der Umgebung von Cannobio finden sich zahlreiche Orte [&hellip;]<\/p>\n","protected":false},"author":1,"featured_media":4750,"parent":0,"menu_order":0,"comment_status":"closed","ping_status":"closed","template":"elementor_header_footer","meta":{"footnotes":""},"class_list":["post-23669","page","type-page","status-publish","has-post-thumbnail","hentry"],"yoast_head":"<!-- This site is optimized with the Yoast SEO plugin v26.3 - https:\/\/yoast.com\/wordpress\/plugins\/seo\/ -->\n<title>Was kann man in Cannobio unternehmen? Entdecken Sie das Gebiet!<\/title>\n<meta name=\"description\" content=\"Entdecken Sie Cannobio und den Lago Maggiore: Natur, D\u00f6rfer, Wanderwege und Kultur. Planen Sie Ihre Ausfl\u00fcge mit der Beratung der Camping Campagna\" \/>\n<meta name=\"robots\" content=\"index, follow, max-snippet:-1, max-image-preview:large, max-video-preview:-1\" \/>\n<link rel=\"canonical\" href=\"https:\/\/www.campingcampagna.it\/de\/gebiet\/\" \/>\n<meta property=\"og:locale\" content=\"de_DE\" \/>\n<meta property=\"og:type\" content=\"article\" \/>\n<meta property=\"og:title\" content=\"Was kann man in Cannobio unternehmen? Entdecken Sie das Gebiet!\" \/>\n<meta property=\"og:description\" content=\"Entdecken Sie Cannobio und den Lago Maggiore: Natur, D\u00f6rfer, Wanderwege und Kultur. Planen Sie Ihre Ausfl\u00fcge mit der Beratung der Camping Campagna\" \/>\n<meta property=\"og:url\" content=\"https:\/\/www.campingcampagna.it\/de\/gebiet\/\" \/>\n<meta property=\"og:site_name\" content=\"Camping Residence Campagna, Cannobio\" \/>\n<meta property=\"article:publisher\" content=\"https:\/\/www.facebook.com\/pages\/Camping-Residence-Campagna\/389033907956132\" \/>\n<meta property=\"article:modified_time\" content=\"2025-08-11T15:02:13+00:00\" \/>\n<meta property=\"og:image\" content=\"https:\/\/www.campingcampagna.it\/wp-content\/uploads\/2025\/01\/camping-residence-campagna-cannobio-3.jpg\" \/>\n\t<meta property=\"og:image:width\" content=\"1920\" \/>\n\t<meta property=\"og:image:height\" content=\"1000\" \/>\n\t<meta property=\"og:image:type\" content=\"image\/jpeg\" \/>\n<meta name=\"twitter:card\" content=\"summary_large_image\" \/>\n<meta name=\"twitter:label1\" content=\"Gesch\u00e4tzte Lesezeit\" \/>\n\t<meta name=\"twitter:data1\" content=\"4\u00a0Minuten\" \/>\n<script type=\"application\/ld+json\" class=\"yoast-schema-graph\">{\"@context\":\"https:\/\/schema.org\",\"@graph\":[{\"@type\":\"WebPage\",\"@id\":\"https:\/\/www.campingcampagna.it\/de\/gebiet\/\",\"url\":\"https:\/\/www.campingcampagna.it\/de\/gebiet\/\",\"name\":\"Was kann man in Cannobio unternehmen? Entdecken Sie das Gebiet!\",\"isPartOf\":{\"@id\":\"https:\/\/www.campingcampagna.it\/de\/#website\"},\"primaryImageOfPage\":{\"@id\":\"https:\/\/www.campingcampagna.it\/de\/gebiet\/#primaryimage\"},\"image\":{\"@id\":\"https:\/\/www.campingcampagna.it\/de\/gebiet\/#primaryimage\"},\"thumbnailUrl\":\"https:\/\/www.campingcampagna.it\/wp-content\/uploads\/2025\/01\/camping-residence-campagna-cannobio-3.jpg\",\"datePublished\":\"2025-08-06T09:37:57+00:00\",\"dateModified\":\"2025-08-11T15:02:13+00:00\",\"description\":\"Entdecken Sie Cannobio und den Lago Maggiore: Natur, D\u00f6rfer, Wanderwege und Kultur. Planen Sie Ihre Ausfl\u00fcge mit der Beratung der Camping Campagna\",\"breadcrumb\":{\"@id\":\"https:\/\/www.campingcampagna.it\/de\/gebiet\/#breadcrumb\"},\"inLanguage\":\"de\",\"potentialAction\":[{\"@type\":\"ReadAction\",\"target\":[\"https:\/\/www.campingcampagna.it\/de\/gebiet\/\"]}]},{\"@type\":\"ImageObject\",\"inLanguage\":\"de\",\"@id\":\"https:\/\/www.campingcampagna.it\/de\/gebiet\/#primaryimage\",\"url\":\"https:\/\/www.campingcampagna.it\/wp-content\/uploads\/2025\/01\/camping-residence-campagna-cannobio-3.jpg\",\"contentUrl\":\"https:\/\/www.campingcampagna.it\/wp-content\/uploads\/2025\/01\/camping-residence-campagna-cannobio-3.jpg\",\"width\":1920,\"height\":1000,\"caption\":\"OLYMPUS DIGITAL CAMERA\"},{\"@type\":\"BreadcrumbList\",\"@id\":\"https:\/\/www.campingcampagna.it\/de\/gebiet\/#breadcrumb\",\"itemListElement\":[{\"@type\":\"ListItem\",\"position\":1,\"name\":\"Home\",\"item\":\"https:\/\/www.campingcampagna.it\/de\/\"},{\"@type\":\"ListItem\",\"position\":2,\"name\":\"Gebiet\"}]},{\"@type\":\"WebSite\",\"@id\":\"https:\/\/www.campingcampagna.it\/de\/#website\",\"url\":\"https:\/\/www.campingcampagna.it\/de\/\",\"name\":\"Camping Residence Campagna, Cannobio\",\"description\":\"Camping Residence Campagna, Cannobio\",\"publisher\":{\"@id\":\"https:\/\/www.campingcampagna.it\/de\/#organization\"},\"potentialAction\":[{\"@type\":\"SearchAction\",\"target\":{\"@type\":\"EntryPoint\",\"urlTemplate\":\"https:\/\/www.campingcampagna.it\/de\/?s={search_term_string}\"},\"query-input\":{\"@type\":\"PropertyValueSpecification\",\"valueRequired\":true,\"valueName\":\"search_term_string\"}}],\"inLanguage\":\"de\"},{\"@type\":\"Organization\",\"@id\":\"https:\/\/www.campingcampagna.it\/de\/#organization\",\"name\":\"Camping Residence Campagna, Cannobio\",\"url\":\"https:\/\/www.campingcampagna.it\/de\/\",\"logo\":{\"@type\":\"ImageObject\",\"inLanguage\":\"de\",\"@id\":\"https:\/\/www.campingcampagna.it\/de\/#\/schema\/logo\/image\/\",\"url\":\"https:\/\/www.campingcampagna.it\/wp-content\/uploads\/2024\/12\/logo-camping-campagna.png\",\"contentUrl\":\"https:\/\/www.campingcampagna.it\/wp-content\/uploads\/2024\/12\/logo-camping-campagna.png\",\"width\":600,\"height\":180,\"caption\":\"Camping Residence Campagna, Cannobio\"},\"image\":{\"@id\":\"https:\/\/www.campingcampagna.it\/de\/#\/schema\/logo\/image\/\"},\"sameAs\":[\"https:\/\/www.facebook.com\/pages\/Camping-Residence-Campagna\/389033907956132\",\"https:\/\/www.instagram.com\/campingcampagna\/\",\"https:\/\/www.youtube.com\/channel\/UCULvOj0LyU7VymrGeK73skQ\"]}]}<\/script>\n<!-- \/ Yoast SEO plugin. -->","yoast_head_json":{"title":"Was kann man in Cannobio unternehmen? Entdecken Sie das Gebiet!","description":"Entdecken Sie Cannobio und den Lago Maggiore: Natur, D\u00f6rfer, Wanderwege und Kultur. Planen Sie Ihre Ausfl\u00fcge mit der Beratung der Camping Campagna","robots":{"index":"index","follow":"follow","max-snippet":"max-snippet:-1","max-image-preview":"max-image-preview:large","max-video-preview":"max-video-preview:-1"},"canonical":"https:\/\/www.campingcampagna.it\/de\/gebiet\/","og_locale":"de_DE","og_type":"article","og_title":"Was kann man in Cannobio unternehmen? Entdecken Sie das Gebiet!","og_description":"Entdecken Sie Cannobio und den Lago Maggiore: Natur, D\u00f6rfer, Wanderwege und Kultur. Planen Sie Ihre Ausfl\u00fcge mit der Beratung der Camping Campagna","og_url":"https:\/\/www.campingcampagna.it\/de\/gebiet\/","og_site_name":"Camping Residence Campagna, Cannobio","article_publisher":"https:\/\/www.facebook.com\/pages\/Camping-Residence-Campagna\/389033907956132","article_modified_time":"2025-08-11T15:02:13+00:00","og_image":[{"width":1920,"height":1000,"url":"https:\/\/www.campingcampagna.it\/wp-content\/uploads\/2025\/01\/camping-residence-campagna-cannobio-3.jpg","type":"image\/jpeg"}],"twitter_card":"summary_large_image","twitter_misc":{"Gesch\u00e4tzte Lesezeit":"4\u00a0Minuten"},"schema":{"@context":"https:\/\/schema.org","@graph":[{"@type":"WebPage","@id":"https:\/\/www.campingcampagna.it\/de\/gebiet\/","url":"https:\/\/www.campingcampagna.it\/de\/gebiet\/","name":"Was kann man in Cannobio unternehmen? Entdecken Sie das Gebiet!","isPartOf":{"@id":"https:\/\/www.campingcampagna.it\/de\/#website"},"primaryImageOfPage":{"@id":"https:\/\/www.campingcampagna.it\/de\/gebiet\/#primaryimage"},"image":{"@id":"https:\/\/www.campingcampagna.it\/de\/gebiet\/#primaryimage"},"thumbnailUrl":"https:\/\/www.campingcampagna.it\/wp-content\/uploads\/2025\/01\/camping-residence-campagna-cannobio-3.jpg","datePublished":"2025-08-06T09:37:57+00:00","dateModified":"2025-08-11T15:02:13+00:00","description":"Entdecken Sie Cannobio und den Lago Maggiore: Natur, D\u00f6rfer, Wanderwege und Kultur. Planen Sie Ihre Ausfl\u00fcge mit der Beratung der Camping Campagna","breadcrumb":{"@id":"https:\/\/www.campingcampagna.it\/de\/gebiet\/#breadcrumb"},"inLanguage":"de","potentialAction":[{"@type":"ReadAction","target":["https:\/\/www.campingcampagna.it\/de\/gebiet\/"]}]},{"@type":"ImageObject","inLanguage":"de","@id":"https:\/\/www.campingcampagna.it\/de\/gebiet\/#primaryimage","url":"https:\/\/www.campingcampagna.it\/wp-content\/uploads\/2025\/01\/camping-residence-campagna-cannobio-3.jpg","contentUrl":"https:\/\/www.campingcampagna.it\/wp-content\/uploads\/2025\/01\/camping-residence-campagna-cannobio-3.jpg","width":1920,"height":1000,"caption":"OLYMPUS DIGITAL CAMERA"},{"@type":"BreadcrumbList","@id":"https:\/\/www.campingcampagna.it\/de\/gebiet\/#breadcrumb","itemListElement":[{"@type":"ListItem","position":1,"name":"Home","item":"https:\/\/www.campingcampagna.it\/de\/"},{"@type":"ListItem","position":2,"name":"Gebiet"}]},{"@type":"WebSite","@id":"https:\/\/www.campingcampagna.it\/de\/#website","url":"https:\/\/www.campingcampagna.it\/de\/","name":"Camping Residence Campagna, Cannobio","description":"Camping Residence Campagna, Cannobio","publisher":{"@id":"https:\/\/www.campingcampagna.it\/de\/#organization"},"potentialAction":[{"@type":"SearchAction","target":{"@type":"EntryPoint","urlTemplate":"https:\/\/www.campingcampagna.it\/de\/?s={search_term_string}"},"query-input":{"@type":"PropertyValueSpecification","valueRequired":true,"valueName":"search_term_string"}}],"inLanguage":"de"},{"@type":"Organization","@id":"https:\/\/www.campingcampagna.it\/de\/#organization","name":"Camping Residence Campagna, Cannobio","url":"https:\/\/www.campingcampagna.it\/de\/","logo":{"@type":"ImageObject","inLanguage":"de","@id":"https:\/\/www.campingcampagna.it\/de\/#\/schema\/logo\/image\/","url":"https:\/\/www.campingcampagna.it\/wp-content\/uploads\/2024\/12\/logo-camping-campagna.png","contentUrl":"https:\/\/www.campingcampagna.it\/wp-content\/uploads\/2024\/12\/logo-camping-campagna.png","width":600,"height":180,"caption":"Camping Residence Campagna, Cannobio"},"image":{"@id":"https:\/\/www.campingcampagna.it\/de\/#\/schema\/logo\/image\/"},"sameAs":["https:\/\/www.facebook.com\/pages\/Camping-Residence-Campagna\/389033907956132","https:\/\/www.instagram.com\/campingcampagna\/","https:\/\/www.youtube.com\/channel\/UCULvOj0LyU7VymrGeK73skQ"]}]}},"_links":{"self":[{"href":"https:\/\/www.campingcampagna.it\/de\/wp-json\/wp\/v2\/pages\/23669","targetHints":{"allow":["GET"]}}],"collection":[{"href":"https:\/\/www.campingcampagna.it\/de\/wp-json\/wp\/v2\/pages"}],"about":[{"href":"https:\/\/www.campingcampagna.it\/de\/wp-json\/wp\/v2\/types\/page"}],"author":[{"embeddable":true,"href":"https:\/\/www.campingcampagna.it\/de\/wp-json\/wp\/v2\/users\/1"}],"replies":[{"embeddable":true,"href":"https:\/\/www.campingcampagna.it\/de\/wp-json\/wp\/v2\/comments?post=23669"}],"version-history":[{"count":14,"href":"https:\/\/www.campingcampagna.it\/de\/wp-json\/wp\/v2\/pages\/23669\/revisions"}],"predecessor-version":[{"id":24276,"href":"https:\/\/www.campingcampagna.it\/de\/wp-json\/wp\/v2\/pages\/23669\/revisions\/24276"}],"wp:featuredmedia":[{"embeddable":true,"href":"https:\/\/www.campingcampagna.it\/de\/wp-json\/wp\/v2\/media\/4750"}],"wp:attachment":[{"href":"https:\/\/www.campingcampagna.it\/de\/wp-json\/wp\/v2\/media?parent=23669"}],"curies":[{"name":"wp","href":"https:\/\/api.w.org\/{rel}","templated":true}]}}