{"id":22195,"date":"2024-12-19T12:10:23","date_gmt":"2024-12-19T11:10:23","guid":{"rendered":"https:\/\/test.campingcampagna.it\/privacy-policy\/"},"modified":"2025-08-12T15:14:46","modified_gmt":"2025-08-12T13:14:46","slug":"datenschutzerklarung","status":"publish","type":"page","link":"https:\/\/www.campingcampagna.it\/de\/datenschutzerklarung\/","title":{"rendered":"Datenschutzerkl\u00e4rung"},"content":{"rendered":"\t\t<div data-elementor-type=\"wp-page\" data-elementor-id=\"22195\" class=\"elementor elementor-22195 elementor-3\">\n\t\t\t\t\t\t<section class=\"elementor-section elementor-top-section elementor-element elementor-element-7fad116 elementor-section-boxed elementor-section-height-default elementor-section-height-default\" data-id=\"7fad116\" data-element_type=\"section\">\n\t\t\t\t\t\t<div class=\"elementor-container elementor-column-gap-wide\">\n\t\t\t\t\t<div class=\"elementor-column elementor-col-100 elementor-top-column elementor-element elementor-element-2f43326\" data-id=\"2f43326\" data-element_type=\"column\">\n\t\t\t<div class=\"elementor-widget-wrap elementor-element-populated\">\n\t\t\t\t\t\t<div class=\"elementor-element elementor-element-edef2e8 elementor-widget elementor-widget-heading\" data-id=\"edef2e8\" data-element_type=\"widget\" data-widget_type=\"heading.default\">\n\t\t\t\t<div class=\"elementor-widget-container\">\n\t\t\t\t\t<h3 class=\"elementor-heading-title elementor-size-default\">ALLGEMEINEGESCH\u00c4FTSBEDINGUNGEN UND STORNIERUNGEN<\/h3>\t\t\t\t<\/div>\n\t\t\t\t<\/div>\n\t\t\t\t<div class=\"elementor-element elementor-element-f55e36f elementor-widget elementor-widget-text-editor\" data-id=\"f55e36f\" data-element_type=\"widget\" data-widget_type=\"text-editor.default\">\n\t\t\t\t<div class=\"elementor-widget-container\">\n\t\t\t\t\t\t\t\t\t<p>Die gebuchten Stellpl\u00e4tze\/Wohnungseinheiten (Wohnungen, Maxi Caravan und Caravan) stehen am Anreisetag ab 14 Uhr zur Verf\u00fcgung und m\u00fcssen am Abreisetag bis sp\u00e4testens 10 Uhr ger\u00e4umt werden.<br \/>Check in bis 18Uhr. Falls Sie sp\u00e4ter ankommen, rufen Sie uns bitte an.<br \/>Es muss bei einer Reservierung die Anzahl der Personen f\u00fcr die Sie reservieren eingehalten werden. Sollten weniger Personen kommen muss f\u00fcr die reservierten Personen bezahlt werden.<br \/>Der gebuchte Zeit wird auch im Fall einer versp\u00e4teten Ankunft und\/oder eine vorzeitigen Abreise vollst\u00e4ndig berechnet, auch wenn die Stellpl\u00e4tze oder Wohnungseinheiten weiter vermietet werden.<br \/>Die Campingplatzleitung kann die reservierten Stellpl\u00e4tze\/Wohnungseinheiten aufgrund h\u00f6herer Gewalt oder Organisationsgrund \u00e4ndern.<br \/>Die Campingplatzleitung versichert nur die Verf\u00fcgbarkeit eines Platzes\/einer Wohnungseinheit.<\/p><p><strong>Eine R\u00fccktrittsmeldung muss schriftlich per Fax oder E-Mail erkl\u00e4rt werden. Ma\u00dfgebend f\u00fcr den R\u00fccktrittszeitpunkt ist der Eingang der R\u00fccktritt bei uns. Stornierungsfrist:<\/strong><br \/><strong>bis 60 TAGE vor dem ANREISETAG = 100% der Anzahlung wird erstattet<\/strong><br \/><strong>bis 45 TAGE vor dem ANREISETAG = 50% der Anzahlung wird erstattet<\/strong><br \/><strong>Nach Ablauf der Stornierungsfrist wird die Anzahlung komplett von uns einbehalten.<\/strong><\/p>\t\t\t\t\t\t\t\t<\/div>\n\t\t\t\t<\/div>\n\t\t\t\t<div class=\"elementor-element elementor-element-5dd25d1 elementor-widget elementor-widget-spacer\" data-id=\"5dd25d1\" data-element_type=\"widget\" data-widget_type=\"spacer.default\">\n\t\t\t\t<div class=\"elementor-widget-container\">\n\t\t\t\t\t\t\t<div class=\"elementor-spacer\">\n\t\t\t<div class=\"elementor-spacer-inner\"><\/div>\n\t\t<\/div>\n\t\t\t\t\t\t<\/div>\n\t\t\t\t<\/div>\n\t\t\t\t<div class=\"elementor-element elementor-element-0b6a1ba elementor-widget elementor-widget-heading\" data-id=\"0b6a1ba\" data-element_type=\"widget\" data-widget_type=\"heading.default\">\n\t\t\t\t<div class=\"elementor-widget-container\">\n\t\t\t\t\t<h3 class=\"elementor-heading-title elementor-size-default\">Richtlinie zum Schutz der personenbezogenen Daten<\/h3>\t\t\t\t<\/div>\n\t\t\t\t<\/div>\n\t\t\t\t<div class=\"elementor-element elementor-element-482853f elementor-widget elementor-widget-text-editor\" data-id=\"482853f\" data-element_type=\"widget\" data-widget_type=\"text-editor.default\">\n\t\t\t\t<div class=\"elementor-widget-container\">\n\t\t\t\t\t\t\t\t\t<p><strong>Verantwortlicher:<\/strong><br \/>CAMPING RESIDENCE CAMPAGNA &#8211; Concord srl<br \/>Via Casali Darbedo, 20\/22<br \/>28822 CANNOBIO (VB) \u2013 ITALY<\/p><p><strong>\u00a0<\/strong><\/p><p><strong>Empf\u00e4nger der Daten:<\/strong><br \/>CAMPING RESIDENCE CAMPAGNA &#8211; Concord srl<br \/>Via Casali Darbedo, 20\/22<br \/>28822 CANNOBIO (VB) \u2013 ITALY<\/p><p><br \/><strong>Gesammelte Daten und Zwecke<\/strong><br \/>Die w\u00e4hrend der Buchung oder der Anfrage nach Verf\u00fcgbarkeit gesammelten Informationen sind nur diejenigen, die unbedingt notwendig sind, um\u00a0<strong>CAMPING RESIDENCE CAMPAGNA <\/strong>\u00a0und das zust\u00e4ndige Personal korrekt zu unterrichten, d. h. die personenbezogenen Daten, die sich auf die Buchung und alle Informationen f\u00fcr die Verwaltung der Buchungsgarantie beziehen, die auf dem Formular angegeben sind.<br \/>Die erhobenen Daten werden ausschlie\u00dflich zur Erbringung der Dienstleistung der Buchung, zur Erstellung von Angeboten f\u00fcr einen Kostenvoranschlag im Falle einer Verf\u00fcgbarkeitsanfrage und f\u00fcr interne statistische Zwecke des Beherbergungsbetriebs verwendet. Im konkreten Fall, in dem der Nutzer den Erhalt des Newsletters bei der optionalen Anmeldung ausdr\u00fccklich beantragt hat, ist der Betrieb berechtigt, ggf. Werbe-Newsletter zu versenden, wobei der Nutzer jedoch jederzeit die Sperrung des Versands und die L\u00f6schung der E-Mail-Adresse verlangen kann.<br \/>Die erfassten Daten sind: Vorname, Nachname, Adresse, E-Mail-Adresse, Telefonnummer, Bewohner, Aufenthaltsdauer und alle weiteren Informationen, die f\u00fcr die Abwicklung des regul\u00e4ren Buchungsvorgangs im Betrieb n\u00fctzlich sind und auf ausdr\u00fccklichen Wunsch die Daten der Garantie der Buchung.<br \/>Aus Sicherheitsgr\u00fcnden erfassen wir auch die IP-Adresse des von Ihnen verwendeten Ger\u00e4ts und die Zeiten, zu denen Sie die Seiten aufrufen.<br \/><br \/><strong>Datenspeicherung, -zugriff, -\u00e4nderung und -l\u00f6schung<\/strong><br \/>Der Nutzer hat das Recht, jederzeit bei CAMPING RESIDENCE CAMPAGNA \u00a0nachzufragen, welche Daten gespeichert sind und kann deren \u00c4nderung oder vollst\u00e4ndige L\u00f6schung verlangen. Diese Aktivit\u00e4t kann vom Betrieb innerhalb von 30 Tagen nach Erhalt der Mitteilung erfolgen. Die Anfrage kann hier gestellt werden: info@campingcampagna.it . Die Daten werden maximal 10 Jahre aufbewahrt.<br \/><br \/><strong>Links zu anderen Webseiten<\/strong><br \/>Diese Webseite kann Links zu externen Webseiten enthalten, CAMPING RESIDENCE CAMPAGNA \u00a0ist nicht verantwortlich f\u00fcr die auf diesen Online-Plattformen angewandten Datenschutzrichtlinien und empfiehlt dem Benutzer, die von diesen Dritten bereitgestellten Erkl\u00e4rungen zu konsultieren.<br \/><br \/><strong>Weitere \u00dcbertragungen<\/strong><br \/>CAMPING RESIDENCE CAMPAGNA \u00a0wird die erhaltenen Daten ohne die ausdr\u00fcckliche Zustimmung des Endnutzers nicht an andere kommerzielle Organisationen weitergeben. Im Falle einer Anfrage auf Daten\u00fcbermittlung durch Verwaltungsbeh\u00f6rden, Justizbeh\u00f6rden oder Regierungsbeh\u00f6rden werden wir stets in \u00dcbereinstimmung mit den geltenden Gesetzen handeln.<br \/><br \/><strong>Meldung von Verst\u00f6\u00dfen (Breach notification)<\/strong><br \/>Der Datenschutz ist f\u00fcr uns ein zentrales Thema, und es ist unser st\u00e4ndiges Bestreben, in den Datenschutz zu investieren. Bei Verletzungen des Systems und Datendiebstahl benachrichtigen wir die betroffenen Personen innerhalb von 30 Tagen und unternehmen alle notwendigen Gegenma\u00dfnahmen.<br \/><br \/><strong>\u00c4nderung dieser Datenschutzrichtlinie<\/strong><br \/>Abgesehen von den Grenzen des geltenden Rechts behalten wir uns das Recht vor, diese Richtlinie zu aktualisieren, um \u00c4nderungen an unseren Datenverarbeitungsverfahren bekannt zu geben, Sie \u00fcber die Aktualisierung auf dieser Webanwendung verst\u00e4ndlich zu informieren und, falls erforderlich, Ihre Zustimmung einzuholen. Jede Aktualisierung wird sofort nach der Ver\u00f6ffentlichung von Aktualisierungen dieser Richtlinie wirksam und gilt f\u00fcr alle Ihre gesammelten Daten oder, falls gew\u00fcnscht, nach vorheriger Zustimmung durch den Nutzer. Dieser stimmt zu, dass er diese Politik regelm\u00e4\u00dfig \u00fcberpr\u00fcfen wird. Wenn wir \u00c4nderungen vornehmen, \u00e4ndern wir das Datum der &#8222;Letzten Aktualisierung&#8220; ganz oben. Der Benutzer kann sich frei entscheiden, ob er eine ge\u00e4nderte Version dieser Richtlinie akzeptieren m\u00f6chte oder nicht, wenn er aber die \u00c4nderung akzeptiert, wird von ihm verlangt, weiterhin den Online-Buchungsservice zu nutzen. Wenn der Benutzer mit den neuen Bedingungen oder einer ge\u00e4nderten Version dieser Richtlinie nicht einverstanden ist, besteht seine einzige M\u00f6glichkeit darin, die Nutzung unseres Dienstes zu beenden. Wenn wir \u00c4nderungen an dieser Richtlinie vornehmen, die sich wesentlich auf den zuvor gesammelten Benutzerdaten auswirken, holen wir vorher seine ausdr\u00fcckliche Zustimmung ein.<\/p>\t\t\t\t\t\t\t\t<\/div>\n\t\t\t\t<\/div>\n\t\t\t\t<div class=\"elementor-element elementor-element-14aa98d elementor-widget elementor-widget-spacer\" data-id=\"14aa98d\" data-element_type=\"widget\" data-widget_type=\"spacer.default\">\n\t\t\t\t<div class=\"elementor-widget-container\">\n\t\t\t\t\t\t\t<div class=\"elementor-spacer\">\n\t\t\t<div class=\"elementor-spacer-inner\"><\/div>\n\t\t<\/div>\n\t\t\t\t\t\t<\/div>\n\t\t\t\t<\/div>\n\t\t\t\t<div class=\"elementor-element elementor-element-0afac38 elementor-widget elementor-widget-heading\" data-id=\"0afac38\" data-element_type=\"widget\" data-widget_type=\"heading.default\">\n\t\t\t\t<div class=\"elementor-widget-container\">\n\t\t\t\t\t<h3 class=\"elementor-heading-title elementor-size-default\">Matomo Analytics<\/h3>\t\t\t\t<\/div>\n\t\t\t\t<\/div>\n\t\t\t\t<div class=\"elementor-element elementor-element-c7937e4 elementor-widget elementor-widget-shortcode\" data-id=\"c7937e4\" data-element_type=\"widget\" data-widget_type=\"shortcode.default\">\n\t\t\t\t<div class=\"elementor-widget-container\">\n\t\t\t\t\t\t\t<div class=\"elementor-shortcode\"><div id=\"matomo-opt-out\"><\/div>\n<script src=\"https:\/\/statistiche.lakeweb.it\/index.php?module=CoreAdminHome&action=optOutJS&divId=matomo-opt-out&language=de&showIntro=1\"><\/script>\n      <\/div>\n\t\t\t\t\t\t<\/div>\n\t\t\t\t<\/div>\n\t\t\t\t\t<\/div>\n\t\t<\/div>\n\t\t\t\t\t<\/div>\n\t\t<\/section>\n\t\t\t\t<section class=\"elementor-section elementor-top-section elementor-element elementor-element-27179b8 elementor-section-full_width elementor-section-height-default elementor-section-height-default\" data-id=\"27179b8\" data-element_type=\"section\">\n\t\t\t\t\t\t<div class=\"elementor-container elementor-column-gap-no\">\n\t\t\t\t\t<div class=\"elementor-column elementor-col-100 elementor-top-column elementor-element elementor-element-ccedf89\" data-id=\"ccedf89\" data-element_type=\"column\">\n\t\t\t<div class=\"elementor-widget-wrap elementor-element-populated\">\n\t\t\t\t\t\t<div class=\"elementor-element elementor-element-dbd66a4 elementor-widget elementor-widget-vedhak_elementor_heading\" data-id=\"dbd66a4\" data-element_type=\"widget\" data-widget_type=\"vedhak_elementor_heading.default\">\n\t\t\t\t<div class=\"elementor-widget-container\">\n\t\t\t\t\t\t\t\t<div class=\"ova-heading template2\">\n\n\t\t\t\t\n\t\t\t\t\t\t\t\t\t<div class=\"wrap-content\">\n\t\t\t\t\n\t\t\t\t\t\t\t\t\t\t\n\t\t\t\t\t\t<h3 class=\"title\"><a href=\"\/de\/unterkuenfte\/\" target=\"_self\" ><span class=\"title-bold\">W\u00e4hlen Sie <\/span><span class=\"title-normal\">Ihre Unterkunft<\/span><\/a><\/h3>\n\n\t\t\t\t\t\n\n\t\t\t\t\t\n\t\t\t\t\t\t\t\t\t\t\t\t\t<a href=\"\/de\/unterkuenfte\/\" class=\"button-readmore \" \n\t\t\t\t\t\t\t\ttarget=\"_self\" >\n\n\t\t\t\t\t\t\t\tmehr\n\t\t\t\t\t\t\t\t<i class=\"fas fa-angle-double-right\"><\/i>\n\t\t\t\t\t\t\t\t\n\t\t\t\t\t\t\t<\/a>\n\t\t\t\t\t\t\n\t\t\t\t\t\t<div class=\"background\">\n\t\t\t\t\t\t\tCamping\t\t\t\t\t\t<\/div>\n\n\t\t\t\t\t\t\t\t\t\n\t\t\t\t\t\t\t\t\t<\/div>\n\t\t\t\t\n\t\t\t\t\n\t\t\t<\/div>\n\n\t\t\t\t\t\t<\/div>\n\t\t\t\t<\/div>\n\t\t\t\t\t<\/div>\n\t\t<\/div>\n\t\t\t\t\t<\/div>\n\t\t<\/section>\n\t\t\t\t<\/div>\n\t\t","protected":false},"excerpt":{"rendered":"<p>ALLGEMEINEGESCH\u00c4FTSBEDINGUNGEN UND STORNIERUNGEN Die gebuchten Stellpl\u00e4tze\/Wohnungseinheiten (Wohnungen, Maxi Caravan und Caravan) stehen am Anreisetag ab 14 Uhr zur Verf\u00fcgung und m\u00fcssen am Abreisetag bis sp\u00e4testens 10 Uhr ger\u00e4umt werden.Check in bis 18Uhr. Falls Sie sp\u00e4ter ankommen, rufen Sie uns bitte an.Es muss bei einer Reservierung die Anzahl der Personen f\u00fcr die Sie reservieren eingehalten werden. [&hellip;]<\/p>\n","protected":false},"author":1,"featured_media":0,"parent":0,"menu_order":0,"comment_status":"closed","ping_status":"closed","template":"elementor_header_footer","meta":{"footnotes":""},"class_list":["post-22195","page","type-page","status-publish","hentry"],"yoast_head":"<!-- This site is optimized with the Yoast SEO plugin v26.3 - https:\/\/yoast.com\/wordpress\/plugins\/seo\/ -->\n<title>Datenschutzerkl\u00e4rung - Camping Residence Campagna, Cannobio<\/title>\n<meta name=\"robots\" content=\"index, follow, max-snippet:-1, max-image-preview:large, max-video-preview:-1\" \/>\n<link rel=\"canonical\" href=\"https:\/\/www.campingcampagna.it\/de\/datenschutzerklarung\/\" \/>\n<meta property=\"og:locale\" content=\"de_DE\" \/>\n<meta property=\"og:type\" content=\"article\" \/>\n<meta property=\"og:title\" content=\"Datenschutzerkl\u00e4rung - Camping Residence Campagna, Cannobio\" \/>\n<meta property=\"og:description\" content=\"ALLGEMEINEGESCH\u00c4FTSBEDINGUNGEN UND STORNIERUNGEN Die gebuchten Stellpl\u00e4tze\/Wohnungseinheiten (Wohnungen, Maxi Caravan und Caravan) stehen am Anreisetag ab 14 Uhr zur Verf\u00fcgung und m\u00fcssen am Abreisetag bis sp\u00e4testens 10 Uhr ger\u00e4umt werden.Check in bis 18Uhr. Falls Sie sp\u00e4ter ankommen, rufen Sie uns bitte an.Es muss bei einer Reservierung die Anzahl der Personen f\u00fcr die Sie reservieren eingehalten werden. [&hellip;]\" \/>\n<meta property=\"og:url\" content=\"https:\/\/www.campingcampagna.it\/de\/datenschutzerklarung\/\" \/>\n<meta property=\"og:site_name\" content=\"Camping Residence Campagna, Cannobio\" \/>\n<meta property=\"article:publisher\" content=\"https:\/\/www.facebook.com\/pages\/Camping-Residence-Campagna\/389033907956132\" \/>\n<meta property=\"article:modified_time\" content=\"2025-08-12T13:14:46+00:00\" \/>\n<meta property=\"og:image\" content=\"https:\/\/www.campingcampagna.it\/wp-content\/uploads\/2025\/01\/camping-residence-campagna-cannobio-1.jpg\" \/>\n\t<meta property=\"og:image:width\" content=\"1920\" \/>\n\t<meta property=\"og:image:height\" content=\"1080\" \/>\n\t<meta property=\"og:image:type\" content=\"image\/jpeg\" \/>\n<meta name=\"twitter:card\" content=\"summary_large_image\" \/>\n<meta name=\"twitter:label1\" content=\"Gesch\u00e4tzte Lesezeit\" \/>\n\t<meta name=\"twitter:data1\" content=\"5\u00a0Minuten\" \/>\n<script type=\"application\/ld+json\" class=\"yoast-schema-graph\">{\"@context\":\"https:\/\/schema.org\",\"@graph\":[{\"@type\":\"WebPage\",\"@id\":\"https:\/\/www.campingcampagna.it\/de\/datenschutzerklarung\/\",\"url\":\"https:\/\/www.campingcampagna.it\/de\/datenschutzerklarung\/\",\"name\":\"Datenschutzerkl\u00e4rung - Camping Residence Campagna, Cannobio\",\"isPartOf\":{\"@id\":\"https:\/\/www.campingcampagna.it\/de\/#website\"},\"datePublished\":\"2024-12-19T11:10:23+00:00\",\"dateModified\":\"2025-08-12T13:14:46+00:00\",\"breadcrumb\":{\"@id\":\"https:\/\/www.campingcampagna.it\/de\/datenschutzerklarung\/#breadcrumb\"},\"inLanguage\":\"de\",\"potentialAction\":[{\"@type\":\"ReadAction\",\"target\":[\"https:\/\/www.campingcampagna.it\/de\/datenschutzerklarung\/\"]}]},{\"@type\":\"BreadcrumbList\",\"@id\":\"https:\/\/www.campingcampagna.it\/de\/datenschutzerklarung\/#breadcrumb\",\"itemListElement\":[{\"@type\":\"ListItem\",\"position\":1,\"name\":\"Home\",\"item\":\"https:\/\/www.campingcampagna.it\/de\/\"},{\"@type\":\"ListItem\",\"position\":2,\"name\":\"Datenschutzerkl\u00e4rung\"}]},{\"@type\":\"WebSite\",\"@id\":\"https:\/\/www.campingcampagna.it\/de\/#website\",\"url\":\"https:\/\/www.campingcampagna.it\/de\/\",\"name\":\"Camping Residence Campagna, Cannobio\",\"description\":\"Camping Residence Campagna, Cannobio\",\"publisher\":{\"@id\":\"https:\/\/www.campingcampagna.it\/de\/#organization\"},\"potentialAction\":[{\"@type\":\"SearchAction\",\"target\":{\"@type\":\"EntryPoint\",\"urlTemplate\":\"https:\/\/www.campingcampagna.it\/de\/?s={search_term_string}\"},\"query-input\":{\"@type\":\"PropertyValueSpecification\",\"valueRequired\":true,\"valueName\":\"search_term_string\"}}],\"inLanguage\":\"de\"},{\"@type\":\"Organization\",\"@id\":\"https:\/\/www.campingcampagna.it\/de\/#organization\",\"name\":\"Camping Residence Campagna, Cannobio\",\"url\":\"https:\/\/www.campingcampagna.it\/de\/\",\"logo\":{\"@type\":\"ImageObject\",\"inLanguage\":\"de\",\"@id\":\"https:\/\/www.campingcampagna.it\/de\/#\/schema\/logo\/image\/\",\"url\":\"https:\/\/www.campingcampagna.it\/wp-content\/uploads\/2024\/12\/logo-camping-campagna.png\",\"contentUrl\":\"https:\/\/www.campingcampagna.it\/wp-content\/uploads\/2024\/12\/logo-camping-campagna.png\",\"width\":600,\"height\":180,\"caption\":\"Camping Residence Campagna, Cannobio\"},\"image\":{\"@id\":\"https:\/\/www.campingcampagna.it\/de\/#\/schema\/logo\/image\/\"},\"sameAs\":[\"https:\/\/www.facebook.com\/pages\/Camping-Residence-Campagna\/389033907956132\",\"https:\/\/www.instagram.com\/campingcampagna\/\",\"https:\/\/www.youtube.com\/channel\/UCULvOj0LyU7VymrGeK73skQ\"]}]}<\/script>\n<!-- \/ Yoast SEO plugin. -->","yoast_head_json":{"title":"Datenschutzerkl\u00e4rung - Camping Residence Campagna, Cannobio","robots":{"index":"index","follow":"follow","max-snippet":"max-snippet:-1","max-image-preview":"max-image-preview:large","max-video-preview":"max-video-preview:-1"},"canonical":"https:\/\/www.campingcampagna.it\/de\/datenschutzerklarung\/","og_locale":"de_DE","og_type":"article","og_title":"Datenschutzerkl\u00e4rung - Camping Residence Campagna, Cannobio","og_description":"ALLGEMEINEGESCH\u00c4FTSBEDINGUNGEN UND STORNIERUNGEN Die gebuchten Stellpl\u00e4tze\/Wohnungseinheiten (Wohnungen, Maxi Caravan und Caravan) stehen am Anreisetag ab 14 Uhr zur Verf\u00fcgung und m\u00fcssen am Abreisetag bis sp\u00e4testens 10 Uhr ger\u00e4umt werden.Check in bis 18Uhr. Falls Sie sp\u00e4ter ankommen, rufen Sie uns bitte an.Es muss bei einer Reservierung die Anzahl der Personen f\u00fcr die Sie reservieren eingehalten werden. [&hellip;]","og_url":"https:\/\/www.campingcampagna.it\/de\/datenschutzerklarung\/","og_site_name":"Camping Residence Campagna, Cannobio","article_publisher":"https:\/\/www.facebook.com\/pages\/Camping-Residence-Campagna\/389033907956132","article_modified_time":"2025-08-12T13:14:46+00:00","og_image":[{"width":1920,"height":1080,"url":"https:\/\/www.campingcampagna.it\/wp-content\/uploads\/2025\/01\/camping-residence-campagna-cannobio-1.jpg","type":"image\/jpeg"}],"twitter_card":"summary_large_image","twitter_misc":{"Gesch\u00e4tzte Lesezeit":"5\u00a0Minuten"},"schema":{"@context":"https:\/\/schema.org","@graph":[{"@type":"WebPage","@id":"https:\/\/www.campingcampagna.it\/de\/datenschutzerklarung\/","url":"https:\/\/www.campingcampagna.it\/de\/datenschutzerklarung\/","name":"Datenschutzerkl\u00e4rung - Camping Residence Campagna, Cannobio","isPartOf":{"@id":"https:\/\/www.campingcampagna.it\/de\/#website"},"datePublished":"2024-12-19T11:10:23+00:00","dateModified":"2025-08-12T13:14:46+00:00","breadcrumb":{"@id":"https:\/\/www.campingcampagna.it\/de\/datenschutzerklarung\/#breadcrumb"},"inLanguage":"de","potentialAction":[{"@type":"ReadAction","target":["https:\/\/www.campingcampagna.it\/de\/datenschutzerklarung\/"]}]},{"@type":"BreadcrumbList","@id":"https:\/\/www.campingcampagna.it\/de\/datenschutzerklarung\/#breadcrumb","itemListElement":[{"@type":"ListItem","position":1,"name":"Home","item":"https:\/\/www.campingcampagna.it\/de\/"},{"@type":"ListItem","position":2,"name":"Datenschutzerkl\u00e4rung"}]},{"@type":"WebSite","@id":"https:\/\/www.campingcampagna.it\/de\/#website","url":"https:\/\/www.campingcampagna.it\/de\/","name":"Camping Residence Campagna, Cannobio","description":"Camping Residence Campagna, Cannobio","publisher":{"@id":"https:\/\/www.campingcampagna.it\/de\/#organization"},"potentialAction":[{"@type":"SearchAction","target":{"@type":"EntryPoint","urlTemplate":"https:\/\/www.campingcampagna.it\/de\/?s={search_term_string}"},"query-input":{"@type":"PropertyValueSpecification","valueRequired":true,"valueName":"search_term_string"}}],"inLanguage":"de"},{"@type":"Organization","@id":"https:\/\/www.campingcampagna.it\/de\/#organization","name":"Camping Residence Campagna, Cannobio","url":"https:\/\/www.campingcampagna.it\/de\/","logo":{"@type":"ImageObject","inLanguage":"de","@id":"https:\/\/www.campingcampagna.it\/de\/#\/schema\/logo\/image\/","url":"https:\/\/www.campingcampagna.it\/wp-content\/uploads\/2024\/12\/logo-camping-campagna.png","contentUrl":"https:\/\/www.campingcampagna.it\/wp-content\/uploads\/2024\/12\/logo-camping-campagna.png","width":600,"height":180,"caption":"Camping Residence Campagna, Cannobio"},"image":{"@id":"https:\/\/www.campingcampagna.it\/de\/#\/schema\/logo\/image\/"},"sameAs":["https:\/\/www.facebook.com\/pages\/Camping-Residence-Campagna\/389033907956132","https:\/\/www.instagram.com\/campingcampagna\/","https:\/\/www.youtube.com\/channel\/UCULvOj0LyU7VymrGeK73skQ"]}]}},"_links":{"self":[{"href":"https:\/\/www.campingcampagna.it\/de\/wp-json\/wp\/v2\/pages\/22195","targetHints":{"allow":["GET"]}}],"collection":[{"href":"https:\/\/www.campingcampagna.it\/de\/wp-json\/wp\/v2\/pages"}],"about":[{"href":"https:\/\/www.campingcampagna.it\/de\/wp-json\/wp\/v2\/types\/page"}],"author":[{"embeddable":true,"href":"https:\/\/www.campingcampagna.it\/de\/wp-json\/wp\/v2\/users\/1"}],"replies":[{"embeddable":true,"href":"https:\/\/www.campingcampagna.it\/de\/wp-json\/wp\/v2\/comments?post=22195"}],"version-history":[{"count":6,"href":"https:\/\/www.campingcampagna.it\/de\/wp-json\/wp\/v2\/pages\/22195\/revisions"}],"predecessor-version":[{"id":24314,"href":"https:\/\/www.campingcampagna.it\/de\/wp-json\/wp\/v2\/pages\/22195\/revisions\/24314"}],"wp:attachment":[{"href":"https:\/\/www.campingcampagna.it\/de\/wp-json\/wp\/v2\/media?parent=22195"}],"curies":[{"name":"wp","href":"https:\/\/api.w.org\/{rel}","templated":true}]}}