{"id":22192,"date":"2025-01-08T17:53:20","date_gmt":"2025-01-08T16:53:20","guid":{"rendered":"https:\/\/test.campingcampagna.it\/sistemazioni\/residence\/"},"modified":"2025-07-22T16:41:16","modified_gmt":"2025-07-22T14:41:16","slug":"residenz","status":"publish","type":"page","link":"https:\/\/www.campingcampagna.it\/de\/unterkuenfte\/residenz\/","title":{"rendered":"Residenz"},"content":{"rendered":"\t\t<div data-elementor-type=\"wp-page\" data-elementor-id=\"22192\" class=\"elementor elementor-22192 elementor-4301\">\n\t\t\t\t\t\t<section class=\"elementor-section elementor-top-section elementor-element elementor-element-decc158 elementor-section-boxed elementor-section-height-default elementor-section-height-default\" data-id=\"decc158\" data-element_type=\"section\">\n\t\t\t\t\t\t<div class=\"elementor-container elementor-column-gap-wide\">\n\t\t\t\t\t<div class=\"elementor-column elementor-col-100 elementor-top-column elementor-element elementor-element-c6a0397\" data-id=\"c6a0397\" data-element_type=\"column\">\n\t\t\t<div class=\"elementor-widget-wrap elementor-element-populated\">\n\t\t\t\t\t\t<div class=\"elementor-element elementor-element-61d0d6f elementor-widget elementor-widget-text-editor\" data-id=\"61d0d6f\" data-element_type=\"widget\" data-widget_type=\"text-editor.default\">\n\t\t\t\t<div class=\"elementor-widget-container\">\n\t\t\t\t\t\t\t\t\t<p>Nur wenige Schritte vom See entfernt, sind unsere Apartments so gestaltet, dass sie Ihnen einen Urlaub bieten, der im Zeichen von Komfort, Ruhe und nat\u00fcrlicher Sch\u00f6nheit steht. Sie sind als Einzimmerwohnungen oder Zweizimmerwohnungen verf\u00fcgbar. Unsere Unterk\u00fcnfte im Erdgeschoss bieten einen privaten Garten, w\u00e4hrend die Einheiten im ersten Stock zu einer ger\u00e4umigen Terrasse f\u00fchren, die perfekt f\u00fcr wunderbare Tage im Freien ist. Jedes Apartment ist komplett ausgestattet, um maximalen Komfort und Funktionalit\u00e4t zu gew\u00e4hrleisten und Ihren Aufenthalt angenehm und unbeschwert zu gestalten. Ideal f\u00fcr alle, die einen ruhigen R\u00fcckzugsort inmitten der Natur suchen, ohne auf die Sch\u00f6nheit und den Charme der Umgebung verzichten zu m\u00fcssen.<\/p>\t\t\t\t\t\t\t\t<\/div>\n\t\t\t\t<\/div>\n\t\t\t\t\t<\/div>\n\t\t<\/div>\n\t\t\t\t\t<\/div>\n\t\t<\/section>\n\t\t\t\t<section class=\"elementor-section elementor-top-section elementor-element elementor-element-0b7d65b elementor-section-boxed elementor-section-height-default elementor-section-height-default\" data-id=\"0b7d65b\" data-element_type=\"section\">\n\t\t\t\t\t\t<div class=\"elementor-container elementor-column-gap-wide\">\n\t\t\t\t\t<div class=\"elementor-column elementor-col-100 elementor-top-column elementor-element elementor-element-1deb0da\" data-id=\"1deb0da\" data-element_type=\"column\">\n\t\t\t<div class=\"elementor-widget-wrap elementor-element-populated\">\n\t\t\t\t\t\t<div class=\"elementor-element elementor-element-b6a733b elementor-widget elementor-widget-ovabrw_product_list\" data-id=\"b6a733b\" data-element_type=\"widget\" data-widget_type=\"ovabrw_product_list.default\">\n\t\t\t\t<div class=\"elementor-widget-container\">\n\t\t\t\t\t\n\t\t\t\t\t<div class=\"ova-product-list ova-product-list-template1 column2\">\n\t\t\t\t\n\t\n\t<div class=\"ova-product product type-product post-22629 status-publish first instock product_cat-residence has-post-thumbnail shipping-taxable purchasable product-type-ovabrw_car_rental\">\n\t\t\n<div class=\"ova_head_product\">\n\t<a href=\"https:\/\/www.campingcampagna.it\/de\/camping\/zweizimmerwohnungen\/\" class=\"ova-product-thumbnail\">\n\t\t<img fetchpriority=\"high\" decoding=\"async\" width=\"768\" height=\"660\" src=\"https:\/\/www.campingcampagna.it\/wp-content\/uploads\/2025\/01\/bilocali-camping-campagna-cannobio-768x660.jpg\" class=\"attachment-vedhak_thumbnail size-vedhak_thumbnail\" alt=\"Camping Residence Campagna  - Bilocali\" \/>\t<\/a>\n\t<div class=\"shape\"><\/div>\n\t<a href=\"https:\/\/www.campingcampagna.it\/de\/camping\/zweizimmerwohnungen\/\" class=\"product-view-detail\">\n\t\t<i aria-hidden=\"true\" class=\"fas fa-arrow-right\"><\/i>\n\t<\/a>\n<\/div>\n\n<div class=\"ova_foot_product\">\n\n\t<div class=\"product-info\">\n        \n        \t\t\n\t\t\t\t\t<h2 class=\"ova-product-title\">\n\t\t\t\t<a href=\"https:\/\/www.campingcampagna.it\/de\/camping\/zweizimmerwohnungen\/\">\n\t\t\t        Zweizimmerwohnungen\t\t\t    <\/a>\n\t\t\t<\/h2>\n\t\t        \n        \n\t\t\t\t\t<div class=\"feature-icon-and-link\">\n\t\t\t\t\t\t\t\t\t<div class=\"feature-icon-wrapper\">\n\t\t\t\t\t\t\t\t\t\t            <div class=\"feature-icon\">\n\t\t\t\t                \t\t\t\t                    \t\t\t\t                        <i aria-hidden=\"true\" class=\"flaticon-044-beach-chair\"><\/i>\n\t\t\t\t                    \t\t\t\t                        <i aria-hidden=\"true\" class=\"flaticon-032-eat\"><\/i>\n\t\t\t\t                    \t\t\t\t                \t\t\t\t            <\/div>\n\t\t\t\t        \t\t\t\t            <div class=\"feature-icon\">\n\t\t\t\t                \t\t\t\t                    \t\t\t\t                        <i aria-hidden=\"true\" class=\"flaticon-039-blanket\"><\/i>\n\t\t\t\t                    \t\t\t\t                        <i aria-hidden=\"true\" class=\"flaticon-039-blanket\"><\/i>\n\t\t\t\t                    \t\t\t\t                \t\t\t\t            <\/div>\n\t\t\t\t        \t\t\t\t\t<\/div>\n\t\t\t\t\n\t\t\t\t\t\t\t\t\t<a href=\"https:\/\/www.campingcampagna.it\/de\/camping\/zweizimmerwohnungen\/\" class=\"product-view-detail\">\n\t\t\t\t\t\t<i aria-hidden=\"true\" class=\"fas fa-arrow-right\"><\/i>\n\t\t\t\t\t<\/a>\n\t\t\t\t\t\t\t<\/div>\n\t\t\t    \n\t<\/div>\n\n<\/div>\t<\/div>\n\n\n\t\n\t<div class=\"ova-product product type-product post-22632 status-publish instock product_cat-residence has-post-thumbnail shipping-taxable purchasable product-type-ovabrw_car_rental\">\n\t\t\n<div class=\"ova_head_product\">\n\t<a href=\"https:\/\/www.campingcampagna.it\/de\/camping\/einzimmerwohnungen\/\" class=\"ova-product-thumbnail\">\n\t\t<img decoding=\"async\" width=\"768\" height=\"660\" src=\"https:\/\/www.campingcampagna.it\/wp-content\/uploads\/2025\/01\/monolocali-camping-campagna-2-768x660.jpg\" class=\"attachment-vedhak_thumbnail size-vedhak_thumbnail\" alt=\"Camping Residence Campagna \" \/>\t<\/a>\n\t<div class=\"shape\"><\/div>\n\t<a href=\"https:\/\/www.campingcampagna.it\/de\/camping\/einzimmerwohnungen\/\" class=\"product-view-detail\">\n\t\t<i aria-hidden=\"true\" class=\"fas fa-arrow-right\"><\/i>\n\t<\/a>\n<\/div>\n\n<div class=\"ova_foot_product\">\n\n\t<div class=\"product-info\">\n        \n        \t\t\n\t\t\t\t\t<h2 class=\"ova-product-title\">\n\t\t\t\t<a href=\"https:\/\/www.campingcampagna.it\/de\/camping\/einzimmerwohnungen\/\">\n\t\t\t        Einzimmerwohnungen\t\t\t    <\/a>\n\t\t\t<\/h2>\n\t\t        \n        \n\t\t\t\t\t<div class=\"feature-icon-and-link\">\n\t\t\t\t\t\t\t\t\t<div class=\"feature-icon-wrapper\">\n\t\t\t\t\t\t\t\t\t\t            <div class=\"feature-icon\">\n\t\t\t\t                \t\t\t\t                    \t\t\t\t                        <i aria-hidden=\"true\" class=\"flaticon-044-beach-chair\"><\/i>\n\t\t\t\t                    \t\t\t\t                        <i aria-hidden=\"true\" class=\"flaticon-032-eat\"><\/i>\n\t\t\t\t                    \t\t\t\t                \t\t\t\t            <\/div>\n\t\t\t\t        \t\t\t\t            <div class=\"feature-icon\">\n\t\t\t\t                \t\t\t\t                    \t\t\t\t                        <i aria-hidden=\"true\" class=\"flaticon-031-pot\"><\/i>\n\t\t\t\t                    \t\t\t\t                        <i aria-hidden=\"true\" class=\"flaticon-039-blanket\"><\/i>\n\t\t\t\t                    \t\t\t\t                \t\t\t\t            <\/div>\n\t\t\t\t        \t\t\t\t\t<\/div>\n\t\t\t\t\n\t\t\t\t\t\t\t\t\t<a href=\"https:\/\/www.campingcampagna.it\/de\/camping\/einzimmerwohnungen\/\" class=\"product-view-detail\">\n\t\t\t\t\t\t<i aria-hidden=\"true\" class=\"fas fa-arrow-right\"><\/i>\n\t\t\t\t\t<\/a>\n\t\t\t\t\t\t\t<\/div>\n\t\t\t    \n\t<\/div>\n\n<\/div>\t<\/div>\n\n\t\t\t<\/div>\n\n\t\t\n\t\t\t\t\t\t<\/div>\n\t\t\t\t<\/div>\n\t\t\t\t\t<\/div>\n\t\t<\/div>\n\t\t\t\t\t<\/div>\n\t\t<\/section>\n\t\t\t\t<\/div>\n\t\t","protected":false},"excerpt":{"rendered":"<p>Nur wenige Schritte vom See entfernt, sind unsere Apartments so gestaltet, dass sie Ihnen einen Urlaub bieten, der im Zeichen von Komfort, Ruhe und nat\u00fcrlicher Sch\u00f6nheit steht. Sie sind als Einzimmerwohnungen oder Zweizimmerwohnungen verf\u00fcgbar. Unsere Unterk\u00fcnfte im Erdgeschoss bieten einen privaten Garten, w\u00e4hrend die Einheiten im ersten Stock zu einer ger\u00e4umigen Terrasse f\u00fchren, die perfekt [&hellip;]<\/p>\n","protected":false},"author":1,"featured_media":4955,"parent":22183,"menu_order":0,"comment_status":"closed","ping_status":"closed","template":"elementor_header_footer","meta":{"footnotes":""},"class_list":["post-22192","page","type-page","status-publish","has-post-thumbnail","hentry"],"yoast_head":"<!-- This site is optimized with the Yoast SEO plugin v26.3 - https:\/\/yoast.com\/wordpress\/plugins\/seo\/ -->\n<title>Residenz im Camping Residence Campagna in Cannobio<\/title>\n<meta name=\"description\" content=\"Studio- und Ein-Zimmer-Apartments mit Garten oder Terrasse, nur wenige Schritte vom See entfernt. Komfort und Ruhe f\u00fcr einen unvergesslichen Urlaub.\" \/>\n<meta name=\"robots\" content=\"index, follow, max-snippet:-1, max-image-preview:large, max-video-preview:-1\" \/>\n<link rel=\"canonical\" href=\"https:\/\/www.campingcampagna.it\/de\/unterkuenfte\/residenz\/\" \/>\n<meta property=\"og:locale\" content=\"de_DE\" \/>\n<meta property=\"og:type\" content=\"article\" \/>\n<meta property=\"og:title\" content=\"Residenz im Camping Residence Campagna in Cannobio\" \/>\n<meta property=\"og:description\" content=\"Studio- und Ein-Zimmer-Apartments mit Garten oder Terrasse, nur wenige Schritte vom See entfernt. Komfort und Ruhe f\u00fcr einen unvergesslichen Urlaub.\" \/>\n<meta property=\"og:url\" content=\"https:\/\/www.campingcampagna.it\/de\/unterkuenfte\/residenz\/\" \/>\n<meta property=\"og:site_name\" content=\"Camping Residence Campagna, Cannobio\" \/>\n<meta property=\"article:publisher\" content=\"https:\/\/www.facebook.com\/pages\/Camping-Residence-Campagna\/389033907956132\" \/>\n<meta property=\"article:modified_time\" content=\"2025-07-22T14:41:16+00:00\" \/>\n<meta property=\"og:image\" content=\"https:\/\/www.campingcampagna.it\/wp-content\/uploads\/2025\/01\/camping-residence-campagna-cannobio-7.jpg\" \/>\n\t<meta property=\"og:image:width\" content=\"1920\" \/>\n\t<meta property=\"og:image:height\" content=\"1000\" \/>\n\t<meta property=\"og:image:type\" content=\"image\/jpeg\" \/>\n<meta name=\"twitter:card\" content=\"summary_large_image\" \/>\n<meta name=\"twitter:label1\" content=\"Gesch\u00e4tzte Lesezeit\" \/>\n\t<meta name=\"twitter:data1\" content=\"1\u00a0Minute\" \/>\n<script type=\"application\/ld+json\" class=\"yoast-schema-graph\">{\"@context\":\"https:\/\/schema.org\",\"@graph\":[{\"@type\":\"WebPage\",\"@id\":\"https:\/\/www.campingcampagna.it\/de\/unterkuenfte\/residenz\/\",\"url\":\"https:\/\/www.campingcampagna.it\/de\/unterkuenfte\/residenz\/\",\"name\":\"Residenz im Camping Residence Campagna in Cannobio\",\"isPartOf\":{\"@id\":\"https:\/\/www.campingcampagna.it\/de\/#website\"},\"primaryImageOfPage\":{\"@id\":\"https:\/\/www.campingcampagna.it\/de\/unterkuenfte\/residenz\/#primaryimage\"},\"image\":{\"@id\":\"https:\/\/www.campingcampagna.it\/de\/unterkuenfte\/residenz\/#primaryimage\"},\"thumbnailUrl\":\"https:\/\/www.campingcampagna.it\/wp-content\/uploads\/2025\/01\/camping-residence-campagna-cannobio-7.jpg\",\"datePublished\":\"2025-01-08T16:53:20+00:00\",\"dateModified\":\"2025-07-22T14:41:16+00:00\",\"description\":\"Studio- und Ein-Zimmer-Apartments mit Garten oder Terrasse, nur wenige Schritte vom See entfernt. Komfort und Ruhe f\u00fcr einen unvergesslichen Urlaub.\",\"breadcrumb\":{\"@id\":\"https:\/\/www.campingcampagna.it\/de\/unterkuenfte\/residenz\/#breadcrumb\"},\"inLanguage\":\"de\",\"potentialAction\":[{\"@type\":\"ReadAction\",\"target\":[\"https:\/\/www.campingcampagna.it\/de\/unterkuenfte\/residenz\/\"]}]},{\"@type\":\"ImageObject\",\"inLanguage\":\"de\",\"@id\":\"https:\/\/www.campingcampagna.it\/de\/unterkuenfte\/residenz\/#primaryimage\",\"url\":\"https:\/\/www.campingcampagna.it\/wp-content\/uploads\/2025\/01\/camping-residence-campagna-cannobio-7.jpg\",\"contentUrl\":\"https:\/\/www.campingcampagna.it\/wp-content\/uploads\/2025\/01\/camping-residence-campagna-cannobio-7.jpg\",\"width\":1920,\"height\":1000,\"caption\":\"OLYMPUS DIGITAL CAMERA\"},{\"@type\":\"BreadcrumbList\",\"@id\":\"https:\/\/www.campingcampagna.it\/de\/unterkuenfte\/residenz\/#breadcrumb\",\"itemListElement\":[{\"@type\":\"ListItem\",\"position\":1,\"name\":\"Home\",\"item\":\"https:\/\/www.campingcampagna.it\/de\/\"},{\"@type\":\"ListItem\",\"position\":2,\"name\":\"Unterk\u00fcnfte\",\"item\":\"https:\/\/www.campingcampagna.it\/de\/unterkuenfte\/\"},{\"@type\":\"ListItem\",\"position\":3,\"name\":\"Residenz\"}]},{\"@type\":\"WebSite\",\"@id\":\"https:\/\/www.campingcampagna.it\/de\/#website\",\"url\":\"https:\/\/www.campingcampagna.it\/de\/\",\"name\":\"Camping Residence Campagna, Cannobio\",\"description\":\"Camping Residence Campagna, Cannobio\",\"publisher\":{\"@id\":\"https:\/\/www.campingcampagna.it\/de\/#organization\"},\"potentialAction\":[{\"@type\":\"SearchAction\",\"target\":{\"@type\":\"EntryPoint\",\"urlTemplate\":\"https:\/\/www.campingcampagna.it\/de\/?s={search_term_string}\"},\"query-input\":{\"@type\":\"PropertyValueSpecification\",\"valueRequired\":true,\"valueName\":\"search_term_string\"}}],\"inLanguage\":\"de\"},{\"@type\":\"Organization\",\"@id\":\"https:\/\/www.campingcampagna.it\/de\/#organization\",\"name\":\"Camping Residence Campagna, Cannobio\",\"url\":\"https:\/\/www.campingcampagna.it\/de\/\",\"logo\":{\"@type\":\"ImageObject\",\"inLanguage\":\"de\",\"@id\":\"https:\/\/www.campingcampagna.it\/de\/#\/schema\/logo\/image\/\",\"url\":\"https:\/\/www.campingcampagna.it\/wp-content\/uploads\/2024\/12\/logo-camping-campagna.png\",\"contentUrl\":\"https:\/\/www.campingcampagna.it\/wp-content\/uploads\/2024\/12\/logo-camping-campagna.png\",\"width\":600,\"height\":180,\"caption\":\"Camping Residence Campagna, Cannobio\"},\"image\":{\"@id\":\"https:\/\/www.campingcampagna.it\/de\/#\/schema\/logo\/image\/\"},\"sameAs\":[\"https:\/\/www.facebook.com\/pages\/Camping-Residence-Campagna\/389033907956132\",\"https:\/\/www.instagram.com\/campingcampagna\/\",\"https:\/\/www.youtube.com\/channel\/UCULvOj0LyU7VymrGeK73skQ\"]}]}<\/script>\n<!-- \/ Yoast SEO plugin. -->","yoast_head_json":{"title":"Residenz im Camping Residence Campagna in Cannobio","description":"Studio- und Ein-Zimmer-Apartments mit Garten oder Terrasse, nur wenige Schritte vom See entfernt. Komfort und Ruhe f\u00fcr einen unvergesslichen Urlaub.","robots":{"index":"index","follow":"follow","max-snippet":"max-snippet:-1","max-image-preview":"max-image-preview:large","max-video-preview":"max-video-preview:-1"},"canonical":"https:\/\/www.campingcampagna.it\/de\/unterkuenfte\/residenz\/","og_locale":"de_DE","og_type":"article","og_title":"Residenz im Camping Residence Campagna in Cannobio","og_description":"Studio- und Ein-Zimmer-Apartments mit Garten oder Terrasse, nur wenige Schritte vom See entfernt. Komfort und Ruhe f\u00fcr einen unvergesslichen Urlaub.","og_url":"https:\/\/www.campingcampagna.it\/de\/unterkuenfte\/residenz\/","og_site_name":"Camping Residence Campagna, Cannobio","article_publisher":"https:\/\/www.facebook.com\/pages\/Camping-Residence-Campagna\/389033907956132","article_modified_time":"2025-07-22T14:41:16+00:00","og_image":[{"width":1920,"height":1000,"url":"https:\/\/www.campingcampagna.it\/wp-content\/uploads\/2025\/01\/camping-residence-campagna-cannobio-7.jpg","type":"image\/jpeg"}],"twitter_card":"summary_large_image","twitter_misc":{"Gesch\u00e4tzte Lesezeit":"1\u00a0Minute"},"schema":{"@context":"https:\/\/schema.org","@graph":[{"@type":"WebPage","@id":"https:\/\/www.campingcampagna.it\/de\/unterkuenfte\/residenz\/","url":"https:\/\/www.campingcampagna.it\/de\/unterkuenfte\/residenz\/","name":"Residenz im Camping Residence Campagna in Cannobio","isPartOf":{"@id":"https:\/\/www.campingcampagna.it\/de\/#website"},"primaryImageOfPage":{"@id":"https:\/\/www.campingcampagna.it\/de\/unterkuenfte\/residenz\/#primaryimage"},"image":{"@id":"https:\/\/www.campingcampagna.it\/de\/unterkuenfte\/residenz\/#primaryimage"},"thumbnailUrl":"https:\/\/www.campingcampagna.it\/wp-content\/uploads\/2025\/01\/camping-residence-campagna-cannobio-7.jpg","datePublished":"2025-01-08T16:53:20+00:00","dateModified":"2025-07-22T14:41:16+00:00","description":"Studio- und Ein-Zimmer-Apartments mit Garten oder Terrasse, nur wenige Schritte vom See entfernt. Komfort und Ruhe f\u00fcr einen unvergesslichen Urlaub.","breadcrumb":{"@id":"https:\/\/www.campingcampagna.it\/de\/unterkuenfte\/residenz\/#breadcrumb"},"inLanguage":"de","potentialAction":[{"@type":"ReadAction","target":["https:\/\/www.campingcampagna.it\/de\/unterkuenfte\/residenz\/"]}]},{"@type":"ImageObject","inLanguage":"de","@id":"https:\/\/www.campingcampagna.it\/de\/unterkuenfte\/residenz\/#primaryimage","url":"https:\/\/www.campingcampagna.it\/wp-content\/uploads\/2025\/01\/camping-residence-campagna-cannobio-7.jpg","contentUrl":"https:\/\/www.campingcampagna.it\/wp-content\/uploads\/2025\/01\/camping-residence-campagna-cannobio-7.jpg","width":1920,"height":1000,"caption":"OLYMPUS DIGITAL CAMERA"},{"@type":"BreadcrumbList","@id":"https:\/\/www.campingcampagna.it\/de\/unterkuenfte\/residenz\/#breadcrumb","itemListElement":[{"@type":"ListItem","position":1,"name":"Home","item":"https:\/\/www.campingcampagna.it\/de\/"},{"@type":"ListItem","position":2,"name":"Unterk\u00fcnfte","item":"https:\/\/www.campingcampagna.it\/de\/unterkuenfte\/"},{"@type":"ListItem","position":3,"name":"Residenz"}]},{"@type":"WebSite","@id":"https:\/\/www.campingcampagna.it\/de\/#website","url":"https:\/\/www.campingcampagna.it\/de\/","name":"Camping Residence Campagna, Cannobio","description":"Camping Residence Campagna, Cannobio","publisher":{"@id":"https:\/\/www.campingcampagna.it\/de\/#organization"},"potentialAction":[{"@type":"SearchAction","target":{"@type":"EntryPoint","urlTemplate":"https:\/\/www.campingcampagna.it\/de\/?s={search_term_string}"},"query-input":{"@type":"PropertyValueSpecification","valueRequired":true,"valueName":"search_term_string"}}],"inLanguage":"de"},{"@type":"Organization","@id":"https:\/\/www.campingcampagna.it\/de\/#organization","name":"Camping Residence Campagna, Cannobio","url":"https:\/\/www.campingcampagna.it\/de\/","logo":{"@type":"ImageObject","inLanguage":"de","@id":"https:\/\/www.campingcampagna.it\/de\/#\/schema\/logo\/image\/","url":"https:\/\/www.campingcampagna.it\/wp-content\/uploads\/2024\/12\/logo-camping-campagna.png","contentUrl":"https:\/\/www.campingcampagna.it\/wp-content\/uploads\/2024\/12\/logo-camping-campagna.png","width":600,"height":180,"caption":"Camping Residence Campagna, Cannobio"},"image":{"@id":"https:\/\/www.campingcampagna.it\/de\/#\/schema\/logo\/image\/"},"sameAs":["https:\/\/www.facebook.com\/pages\/Camping-Residence-Campagna\/389033907956132","https:\/\/www.instagram.com\/campingcampagna\/","https:\/\/www.youtube.com\/channel\/UCULvOj0LyU7VymrGeK73skQ"]}]}},"_links":{"self":[{"href":"https:\/\/www.campingcampagna.it\/de\/wp-json\/wp\/v2\/pages\/22192","targetHints":{"allow":["GET"]}}],"collection":[{"href":"https:\/\/www.campingcampagna.it\/de\/wp-json\/wp\/v2\/pages"}],"about":[{"href":"https:\/\/www.campingcampagna.it\/de\/wp-json\/wp\/v2\/types\/page"}],"author":[{"embeddable":true,"href":"https:\/\/www.campingcampagna.it\/de\/wp-json\/wp\/v2\/users\/1"}],"replies":[{"embeddable":true,"href":"https:\/\/www.campingcampagna.it\/de\/wp-json\/wp\/v2\/comments?post=22192"}],"version-history":[{"count":0,"href":"https:\/\/www.campingcampagna.it\/de\/wp-json\/wp\/v2\/pages\/22192\/revisions"}],"up":[{"embeddable":true,"href":"https:\/\/www.campingcampagna.it\/de\/wp-json\/wp\/v2\/pages\/22183"}],"wp:featuredmedia":[{"embeddable":true,"href":"https:\/\/www.campingcampagna.it\/de\/wp-json\/wp\/v2\/media\/4955"}],"wp:attachment":[{"href":"https:\/\/www.campingcampagna.it\/de\/wp-json\/wp\/v2\/media?parent=22192"}],"curies":[{"name":"wp","href":"https:\/\/api.w.org\/{rel}","templated":true}]}}