{"id":22189,"date":"2025-01-08T17:53:48","date_gmt":"2025-01-08T16:53:48","guid":{"rendered":"https:\/\/test.campingcampagna.it\/sistemazioni\/piazzole\/"},"modified":"2025-08-06T08:54:54","modified_gmt":"2025-08-06T06:54:54","slug":"stellplaetze","status":"publish","type":"page","link":"https:\/\/www.campingcampagna.it\/de\/unterkuenfte\/stellplaetze\/","title":{"rendered":"Stellpl\u00e4tze"},"content":{"rendered":"\t\t<div data-elementor-type=\"wp-page\" data-elementor-id=\"22189\" class=\"elementor elementor-22189 elementor-4303\">\n\t\t\t\t\t\t<section class=\"elementor-section elementor-top-section elementor-element elementor-element-decc158 elementor-section-boxed elementor-section-height-default elementor-section-height-default\" data-id=\"decc158\" data-element_type=\"section\">\n\t\t\t\t\t\t<div class=\"elementor-container elementor-column-gap-wide\">\n\t\t\t\t\t<div class=\"elementor-column elementor-col-100 elementor-top-column elementor-element elementor-element-c6a0397\" data-id=\"c6a0397\" data-element_type=\"column\">\n\t\t\t<div class=\"elementor-widget-wrap elementor-element-populated\">\n\t\t\t\t\t\t<div class=\"elementor-element elementor-element-61d0d6f elementor-widget elementor-widget-text-editor\" data-id=\"61d0d6f\" data-element_type=\"widget\" data-widget_type=\"text-editor.default\">\n\t\t\t\t<div class=\"elementor-widget-container\">\n\t\t\t\t\t\t\t\t\t<p>Mit seiner bezaubernden Lage direkt am See und allen Stellpl\u00e4tzen nur wenige Meter vom gro\u00dfen Strand entfernt, bietet der Campingplatz einen sehr angenehmen und entspannten Familienurlaub im Freien, in Kontakt mit der magischen Seen- und Berglandschaft, die zahlreiche M\u00f6glichkeiten f\u00fcr Ausfl\u00fcge und Spazierg\u00e4nge bietet.<\/p><p>Die 100 Stellpl\u00e4tze auf grasbewachsenem Untergrund, umgeben von bunten Pflanzen und Blumen, bieten guten Schatten und sind alle mit Stromanschl\u00fcssen ausgestattet; einige verf\u00fcgen \u00fcber Wasserablaufm\u00f6glichkeiten und TV-SAT-Anschl\u00fcsse. WLAN ist auf dem gesamten Campingplatz verf\u00fcgbar.<\/p><p>Innerhalb des Campingplatzes, gut integriert und modern gebaut, sind die drei Sanit\u00e4ranlagen \u00e4u\u00dferst bequem und komfortabel (behindertengerechte Einrichtungen).<\/p><p>Sie sind mit einer gro\u00dfen Anzahl kostenloser Warm-\/Kaltwasserduschen, gro\u00dfz\u00fcgigen Bereichen zum Geschirrsp\u00fclen und W\u00e4schewaschen sowie M\u00fcnzwaschmaschinen und Trocknern ausgestattet.<\/p><p>Das Restaurant ist hervorragend und bietet eine gro\u00dfe Auswahl an typischen italienischen Gerichten. Im Inneren befindet sich zudem ein kleiner Lebensmittelladen.<br \/>Zur Unterhaltung der kleinsten G\u00e4ste gibt es einen kleinen Spielplatz.<\/p><p>F\u00fcr G\u00e4ste mit Motorboot wird ein ausgezeichneter Service f\u00fcr Bojenvermietung, Wagenlagerung und auf Wunsch Slippen und Wasserlassen von Booten mit einem Servicefahrzeug angeboten.<\/p>\t\t\t\t\t\t\t\t<\/div>\n\t\t\t\t<\/div>\n\t\t\t\t\t<\/div>\n\t\t<\/div>\n\t\t\t\t\t<\/div>\n\t\t<\/section>\n\t\t\t\t<section class=\"elementor-section elementor-top-section elementor-element elementor-element-0b7d65b elementor-section-boxed elementor-section-height-default elementor-section-height-default\" data-id=\"0b7d65b\" data-element_type=\"section\">\n\t\t\t\t\t\t<div class=\"elementor-container elementor-column-gap-wide\">\n\t\t\t\t\t<div class=\"elementor-column elementor-col-100 elementor-top-column elementor-element elementor-element-1deb0da\" data-id=\"1deb0da\" data-element_type=\"column\">\n\t\t\t<div class=\"elementor-widget-wrap elementor-element-populated\">\n\t\t\t\t\t\t<div class=\"elementor-element elementor-element-cc28afb elementor-widget elementor-widget-ovabrw_product_list\" data-id=\"cc28afb\" data-element_type=\"widget\" data-widget_type=\"ovabrw_product_list.default\">\n\t\t\t\t<div class=\"elementor-widget-container\">\n\t\t\t\t\t\n\t\t\t\t\t<div class=\"ova-product-list ova-product-list-template1 column3\">\n\t\t\t\t\n\t\n\t<div class=\"ova-product product type-product post-22637 status-publish first instock product_cat-piazzole has-post-thumbnail shipping-taxable product-type-ovabrw_car_rental\">\n\t\t\n<div class=\"ova_head_product\">\n\t<a href=\"https:\/\/www.campingcampagna.it\/de\/camping\/standard-stellplaetze\/\" class=\"ova-product-thumbnail\">\n\t\t<img fetchpriority=\"high\" decoding=\"async\" width=\"768\" height=\"660\" src=\"https:\/\/www.campingcampagna.it\/wp-content\/uploads\/2023\/05\/camping-residence-campagna-cannobio-piazzole-2-768x660.jpg\" class=\"attachment-vedhak_thumbnail size-vedhak_thumbnail\" alt=\"Piazzole Camping Residence Campagna\" \/>\t<\/a>\n\t<div class=\"shape\"><\/div>\n\t<a href=\"https:\/\/www.campingcampagna.it\/de\/camping\/standard-stellplaetze\/\" class=\"product-view-detail\">\n\t\t<i aria-hidden=\"true\" class=\"fas fa-arrow-right\"><\/i>\n\t<\/a>\n<\/div>\n\n<div class=\"ova_foot_product\">\n\n\t<div class=\"product-info\">\n        \n        \t\t\n\t\t\t\t\t<h2 class=\"ova-product-title\">\n\t\t\t\t<a href=\"https:\/\/www.campingcampagna.it\/de\/camping\/standard-stellplaetze\/\">\n\t\t\t        Standard-Stellpl\u00e4tze\t\t\t    <\/a>\n\t\t\t<\/h2>\n\t\t        \n        \n\t\t\t\t\t<div class=\"feature-icon-and-link\">\n\t\t\t\t\t\t\t\t\t<div class=\"feature-icon-wrapper\">\n\t\t\t\t\t\t\t\t\t\t            <div class=\"feature-icon\">\n\t\t\t\t                \t\t\t\t                    \t\t\t\t                        <i aria-hidden=\"true\" class=\"flaticon-044-beach-chair\"><\/i>\n\t\t\t\t                    \t\t\t\t                        <i aria-hidden=\"true\" class=\"flaticon-035-shower\"><\/i>\n\t\t\t\t                    \t\t\t\t                \t\t\t\t            <\/div>\n\t\t\t\t        \t\t\t\t\t<\/div>\n\t\t\t\t\n\t\t\t\t\t\t\t\t\t<a href=\"https:\/\/www.campingcampagna.it\/de\/camping\/standard-stellplaetze\/\" class=\"product-view-detail\">\n\t\t\t\t\t\t<i aria-hidden=\"true\" class=\"fas fa-arrow-right\"><\/i>\n\t\t\t\t\t<\/a>\n\t\t\t\t\t\t\t<\/div>\n\t\t\t    \n\t<\/div>\n\n<\/div>\t<\/div>\n\n\n\t\n\t<div class=\"ova-product product type-product post-22643 status-publish instock product_cat-piazzole has-post-thumbnail shipping-taxable product-type-ovabrw_car_rental\">\n\t\t\n<div class=\"ova_head_product\">\n\t<a href=\"https:\/\/www.campingcampagna.it\/de\/camping\/stellplaetze-am-see\/\" class=\"ova-product-thumbnail\">\n\t\t<img decoding=\"async\" width=\"768\" height=\"660\" src=\"https:\/\/www.campingcampagna.it\/wp-content\/uploads\/2025\/01\/camping-residence-campagna-cannobio-2-768x660.jpg\" class=\"attachment-vedhak_thumbnail size-vedhak_thumbnail\" alt=\"Spiaggia camping residence campagna\" \/>\t<\/a>\n\t<div class=\"shape\"><\/div>\n\t<a href=\"https:\/\/www.campingcampagna.it\/de\/camping\/stellplaetze-am-see\/\" class=\"product-view-detail\">\n\t\t<i aria-hidden=\"true\" class=\"fas fa-arrow-right\"><\/i>\n\t<\/a>\n<\/div>\n\n<div class=\"ova_foot_product\">\n\n\t<div class=\"product-info\">\n        \n        \t\t\n\t\t\t\t\t<h2 class=\"ova-product-title\">\n\t\t\t\t<a href=\"https:\/\/www.campingcampagna.it\/de\/camping\/stellplaetze-am-see\/\">\n\t\t\t        Stellpl\u00e4tze am See\t\t\t    <\/a>\n\t\t\t<\/h2>\n\t\t        \n        \n\t\t\t\t\t<div class=\"feature-icon-and-link\">\n\t\t\t\t\t\t\t\t\t<div class=\"feature-icon-wrapper\">\n\t\t\t\t\t\t\t\t\t\t            <div class=\"feature-icon\">\n\t\t\t\t                \t\t\t\t                    \t\t\t\t                        <i aria-hidden=\"true\" class=\"flaticon-044-beach-chair\"><\/i>\n\t\t\t\t                    \t\t\t\t                        <i aria-hidden=\"true\" class=\"flaticon-035-shower\"><\/i>\n\t\t\t\t                    \t\t\t\t                \t\t\t\t            <\/div>\n\t\t\t\t        \t\t\t\t\t<\/div>\n\t\t\t\t\n\t\t\t\t\t\t\t\t\t<a href=\"https:\/\/www.campingcampagna.it\/de\/camping\/stellplaetze-am-see\/\" class=\"product-view-detail\">\n\t\t\t\t\t\t<i aria-hidden=\"true\" class=\"fas fa-arrow-right\"><\/i>\n\t\t\t\t\t<\/a>\n\t\t\t\t\t\t\t<\/div>\n\t\t\t    \n\t<\/div>\n\n<\/div>\t<\/div>\n\n\n\t\n\t<div class=\"ova-product product type-product post-22640 status-publish last instock product_cat-piazzole has-post-thumbnail shipping-taxable product-type-ovabrw_car_rental\">\n\t\t\n<div class=\"ova_head_product\">\n\t<a href=\"https:\/\/www.campingcampagna.it\/de\/camping\/stellplaetze-in-zweiter-reihe\/\" class=\"ova-product-thumbnail\">\n\t\t<img decoding=\"async\" width=\"768\" height=\"600\" src=\"https:\/\/www.campingcampagna.it\/wp-content\/uploads\/2023\/05\/camping-residence-campagna-cannobio-piazzole-9-768x600.jpg\" class=\"attachment-vedhak_thumbnail size-vedhak_thumbnail\" alt=\"Piazzole Camping Residence Campagna\" \/>\t<\/a>\n\t<div class=\"shape\"><\/div>\n\t<a href=\"https:\/\/www.campingcampagna.it\/de\/camping\/stellplaetze-in-zweiter-reihe\/\" class=\"product-view-detail\">\n\t\t<i aria-hidden=\"true\" class=\"fas fa-arrow-right\"><\/i>\n\t<\/a>\n<\/div>\n\n<div class=\"ova_foot_product\">\n\n\t<div class=\"product-info\">\n        \n        \t\t\n\t\t\t\t\t<h2 class=\"ova-product-title\">\n\t\t\t\t<a href=\"https:\/\/www.campingcampagna.it\/de\/camping\/stellplaetze-in-zweiter-reihe\/\">\n\t\t\t        Stellpl\u00e4tze in zweiter Reihe\t\t\t    <\/a>\n\t\t\t<\/h2>\n\t\t        \n        \n\t\t\t\t\t<div class=\"feature-icon-and-link\">\n\t\t\t\t\t\t\t\t\t<div class=\"feature-icon-wrapper\">\n\t\t\t\t\t\t\t\t\t\t            <div class=\"feature-icon\">\n\t\t\t\t                \t\t\t\t                    \t\t\t\t                        <i aria-hidden=\"true\" class=\"flaticon-044-beach-chair\"><\/i>\n\t\t\t\t                    \t\t\t\t                        <i aria-hidden=\"true\" class=\"flaticon-035-shower\"><\/i>\n\t\t\t\t                    \t\t\t\t                \t\t\t\t            <\/div>\n\t\t\t\t        \t\t\t\t\t<\/div>\n\t\t\t\t\n\t\t\t\t\t\t\t\t\t<a href=\"https:\/\/www.campingcampagna.it\/de\/camping\/stellplaetze-in-zweiter-reihe\/\" class=\"product-view-detail\">\n\t\t\t\t\t\t<i aria-hidden=\"true\" class=\"fas fa-arrow-right\"><\/i>\n\t\t\t\t\t<\/a>\n\t\t\t\t\t\t\t<\/div>\n\t\t\t    \n\t<\/div>\n\n<\/div>\t<\/div>\n\n\t\t\t<\/div>\n\n\t\t\n\t\t\t\t\t\t<\/div>\n\t\t\t\t<\/div>\n\t\t\t\t\t<\/div>\n\t\t<\/div>\n\t\t\t\t\t<\/div>\n\t\t<\/section>\n\t\t\t\t<\/div>\n\t\t","protected":false},"excerpt":{"rendered":"<p>Mit seiner bezaubernden Lage direkt am See und allen Stellpl\u00e4tzen nur wenige Meter vom gro\u00dfen Strand entfernt, bietet der Campingplatz einen sehr angenehmen und entspannten Familienurlaub im Freien, in Kontakt mit der magischen Seen- und Berglandschaft, die zahlreiche M\u00f6glichkeiten f\u00fcr Ausfl\u00fcge und Spazierg\u00e4nge bietet. Die 100 Stellpl\u00e4tze auf grasbewachsenem Untergrund, umgeben von bunten Pflanzen und [&hellip;]<\/p>\n","protected":false},"author":1,"featured_media":4754,"parent":22183,"menu_order":0,"comment_status":"closed","ping_status":"closed","template":"elementor_header_footer","meta":{"footnotes":""},"class_list":["post-22189","page","type-page","status-publish","has-post-thumbnail","hentry"],"yoast_head":"<!-- This site is optimized with the Yoast SEO plugin v26.3 - https:\/\/yoast.com\/wordpress\/plugins\/seo\/ -->\n<title>Stellpl\u00e4tze im Camping Residence Campagna in Cannobio<\/title>\n<meta name=\"description\" content=\"Gr\u00fcne und schattige Stellpl\u00e4tze, ideal f\u00fcr Zelte, Wohnwagen und Wohnmobile. Moderne Einrichtungen und direkter Zugang zum Lago Maggiore.\" \/>\n<meta name=\"robots\" content=\"index, follow, max-snippet:-1, max-image-preview:large, max-video-preview:-1\" \/>\n<link rel=\"canonical\" href=\"https:\/\/www.campingcampagna.it\/de\/unterkuenfte\/stellplaetze\/\" \/>\n<meta property=\"og:locale\" content=\"de_DE\" \/>\n<meta property=\"og:type\" content=\"article\" \/>\n<meta property=\"og:title\" content=\"Stellpl\u00e4tze im Camping Residence Campagna in Cannobio\" \/>\n<meta property=\"og:description\" content=\"Gr\u00fcne und schattige Stellpl\u00e4tze, ideal f\u00fcr Zelte, Wohnwagen und Wohnmobile. Moderne Einrichtungen und direkter Zugang zum Lago Maggiore.\" \/>\n<meta property=\"og:url\" content=\"https:\/\/www.campingcampagna.it\/de\/unterkuenfte\/stellplaetze\/\" \/>\n<meta property=\"og:site_name\" content=\"Camping Residence Campagna, Cannobio\" \/>\n<meta property=\"article:publisher\" content=\"https:\/\/www.facebook.com\/pages\/Camping-Residence-Campagna\/389033907956132\" \/>\n<meta property=\"article:modified_time\" content=\"2025-08-06T06:54:54+00:00\" \/>\n<meta property=\"og:image\" content=\"https:\/\/www.campingcampagna.it\/wp-content\/uploads\/2025\/01\/camping-residence-campagna-cannobio-2.jpg\" \/>\n\t<meta property=\"og:image:width\" content=\"1920\" \/>\n\t<meta property=\"og:image:height\" content=\"1440\" \/>\n\t<meta property=\"og:image:type\" content=\"image\/jpeg\" \/>\n<meta name=\"twitter:card\" content=\"summary_large_image\" \/>\n<meta name=\"twitter:label1\" content=\"Gesch\u00e4tzte Lesezeit\" \/>\n\t<meta name=\"twitter:data1\" content=\"1\u00a0Minute\" \/>\n<script type=\"application\/ld+json\" class=\"yoast-schema-graph\">{\"@context\":\"https:\/\/schema.org\",\"@graph\":[{\"@type\":\"WebPage\",\"@id\":\"https:\/\/www.campingcampagna.it\/de\/unterkuenfte\/stellplaetze\/\",\"url\":\"https:\/\/www.campingcampagna.it\/de\/unterkuenfte\/stellplaetze\/\",\"name\":\"Stellpl\u00e4tze im Camping Residence Campagna in Cannobio\",\"isPartOf\":{\"@id\":\"https:\/\/www.campingcampagna.it\/de\/#website\"},\"primaryImageOfPage\":{\"@id\":\"https:\/\/www.campingcampagna.it\/de\/unterkuenfte\/stellplaetze\/#primaryimage\"},\"image\":{\"@id\":\"https:\/\/www.campingcampagna.it\/de\/unterkuenfte\/stellplaetze\/#primaryimage\"},\"thumbnailUrl\":\"https:\/\/www.campingcampagna.it\/wp-content\/uploads\/2025\/01\/camping-residence-campagna-cannobio-2.jpg\",\"datePublished\":\"2025-01-08T16:53:48+00:00\",\"dateModified\":\"2025-08-06T06:54:54+00:00\",\"description\":\"Gr\u00fcne und schattige Stellpl\u00e4tze, ideal f\u00fcr Zelte, Wohnwagen und Wohnmobile. Moderne Einrichtungen und direkter Zugang zum Lago Maggiore.\",\"breadcrumb\":{\"@id\":\"https:\/\/www.campingcampagna.it\/de\/unterkuenfte\/stellplaetze\/#breadcrumb\"},\"inLanguage\":\"de\",\"potentialAction\":[{\"@type\":\"ReadAction\",\"target\":[\"https:\/\/www.campingcampagna.it\/de\/unterkuenfte\/stellplaetze\/\"]}]},{\"@type\":\"ImageObject\",\"inLanguage\":\"de\",\"@id\":\"https:\/\/www.campingcampagna.it\/de\/unterkuenfte\/stellplaetze\/#primaryimage\",\"url\":\"https:\/\/www.campingcampagna.it\/wp-content\/uploads\/2025\/01\/camping-residence-campagna-cannobio-2.jpg\",\"contentUrl\":\"https:\/\/www.campingcampagna.it\/wp-content\/uploads\/2025\/01\/camping-residence-campagna-cannobio-2.jpg\",\"width\":1920,\"height\":1440,\"caption\":\"OLYMPUS DIGITAL CAMERA\"},{\"@type\":\"BreadcrumbList\",\"@id\":\"https:\/\/www.campingcampagna.it\/de\/unterkuenfte\/stellplaetze\/#breadcrumb\",\"itemListElement\":[{\"@type\":\"ListItem\",\"position\":1,\"name\":\"Home\",\"item\":\"https:\/\/www.campingcampagna.it\/de\/\"},{\"@type\":\"ListItem\",\"position\":2,\"name\":\"Unterk\u00fcnfte\",\"item\":\"https:\/\/www.campingcampagna.it\/de\/unterkuenfte\/\"},{\"@type\":\"ListItem\",\"position\":3,\"name\":\"Stellpl\u00e4tze\"}]},{\"@type\":\"WebSite\",\"@id\":\"https:\/\/www.campingcampagna.it\/de\/#website\",\"url\":\"https:\/\/www.campingcampagna.it\/de\/\",\"name\":\"Camping Residence Campagna, Cannobio\",\"description\":\"Camping Residence Campagna, Cannobio\",\"publisher\":{\"@id\":\"https:\/\/www.campingcampagna.it\/de\/#organization\"},\"potentialAction\":[{\"@type\":\"SearchAction\",\"target\":{\"@type\":\"EntryPoint\",\"urlTemplate\":\"https:\/\/www.campingcampagna.it\/de\/?s={search_term_string}\"},\"query-input\":{\"@type\":\"PropertyValueSpecification\",\"valueRequired\":true,\"valueName\":\"search_term_string\"}}],\"inLanguage\":\"de\"},{\"@type\":\"Organization\",\"@id\":\"https:\/\/www.campingcampagna.it\/de\/#organization\",\"name\":\"Camping Residence Campagna, Cannobio\",\"url\":\"https:\/\/www.campingcampagna.it\/de\/\",\"logo\":{\"@type\":\"ImageObject\",\"inLanguage\":\"de\",\"@id\":\"https:\/\/www.campingcampagna.it\/de\/#\/schema\/logo\/image\/\",\"url\":\"https:\/\/www.campingcampagna.it\/wp-content\/uploads\/2024\/12\/logo-camping-campagna.png\",\"contentUrl\":\"https:\/\/www.campingcampagna.it\/wp-content\/uploads\/2024\/12\/logo-camping-campagna.png\",\"width\":600,\"height\":180,\"caption\":\"Camping Residence Campagna, Cannobio\"},\"image\":{\"@id\":\"https:\/\/www.campingcampagna.it\/de\/#\/schema\/logo\/image\/\"},\"sameAs\":[\"https:\/\/www.facebook.com\/pages\/Camping-Residence-Campagna\/389033907956132\",\"https:\/\/www.instagram.com\/campingcampagna\/\",\"https:\/\/www.youtube.com\/channel\/UCULvOj0LyU7VymrGeK73skQ\"]}]}<\/script>\n<!-- \/ Yoast SEO plugin. -->","yoast_head_json":{"title":"Stellpl\u00e4tze im Camping Residence Campagna in Cannobio","description":"Gr\u00fcne und schattige Stellpl\u00e4tze, ideal f\u00fcr Zelte, Wohnwagen und Wohnmobile. Moderne Einrichtungen und direkter Zugang zum Lago Maggiore.","robots":{"index":"index","follow":"follow","max-snippet":"max-snippet:-1","max-image-preview":"max-image-preview:large","max-video-preview":"max-video-preview:-1"},"canonical":"https:\/\/www.campingcampagna.it\/de\/unterkuenfte\/stellplaetze\/","og_locale":"de_DE","og_type":"article","og_title":"Stellpl\u00e4tze im Camping Residence Campagna in Cannobio","og_description":"Gr\u00fcne und schattige Stellpl\u00e4tze, ideal f\u00fcr Zelte, Wohnwagen und Wohnmobile. Moderne Einrichtungen und direkter Zugang zum Lago Maggiore.","og_url":"https:\/\/www.campingcampagna.it\/de\/unterkuenfte\/stellplaetze\/","og_site_name":"Camping Residence Campagna, Cannobio","article_publisher":"https:\/\/www.facebook.com\/pages\/Camping-Residence-Campagna\/389033907956132","article_modified_time":"2025-08-06T06:54:54+00:00","og_image":[{"width":1920,"height":1440,"url":"https:\/\/www.campingcampagna.it\/wp-content\/uploads\/2025\/01\/camping-residence-campagna-cannobio-2.jpg","type":"image\/jpeg"}],"twitter_card":"summary_large_image","twitter_misc":{"Gesch\u00e4tzte Lesezeit":"1\u00a0Minute"},"schema":{"@context":"https:\/\/schema.org","@graph":[{"@type":"WebPage","@id":"https:\/\/www.campingcampagna.it\/de\/unterkuenfte\/stellplaetze\/","url":"https:\/\/www.campingcampagna.it\/de\/unterkuenfte\/stellplaetze\/","name":"Stellpl\u00e4tze im Camping Residence Campagna in Cannobio","isPartOf":{"@id":"https:\/\/www.campingcampagna.it\/de\/#website"},"primaryImageOfPage":{"@id":"https:\/\/www.campingcampagna.it\/de\/unterkuenfte\/stellplaetze\/#primaryimage"},"image":{"@id":"https:\/\/www.campingcampagna.it\/de\/unterkuenfte\/stellplaetze\/#primaryimage"},"thumbnailUrl":"https:\/\/www.campingcampagna.it\/wp-content\/uploads\/2025\/01\/camping-residence-campagna-cannobio-2.jpg","datePublished":"2025-01-08T16:53:48+00:00","dateModified":"2025-08-06T06:54:54+00:00","description":"Gr\u00fcne und schattige Stellpl\u00e4tze, ideal f\u00fcr Zelte, Wohnwagen und Wohnmobile. Moderne Einrichtungen und direkter Zugang zum Lago Maggiore.","breadcrumb":{"@id":"https:\/\/www.campingcampagna.it\/de\/unterkuenfte\/stellplaetze\/#breadcrumb"},"inLanguage":"de","potentialAction":[{"@type":"ReadAction","target":["https:\/\/www.campingcampagna.it\/de\/unterkuenfte\/stellplaetze\/"]}]},{"@type":"ImageObject","inLanguage":"de","@id":"https:\/\/www.campingcampagna.it\/de\/unterkuenfte\/stellplaetze\/#primaryimage","url":"https:\/\/www.campingcampagna.it\/wp-content\/uploads\/2025\/01\/camping-residence-campagna-cannobio-2.jpg","contentUrl":"https:\/\/www.campingcampagna.it\/wp-content\/uploads\/2025\/01\/camping-residence-campagna-cannobio-2.jpg","width":1920,"height":1440,"caption":"OLYMPUS DIGITAL CAMERA"},{"@type":"BreadcrumbList","@id":"https:\/\/www.campingcampagna.it\/de\/unterkuenfte\/stellplaetze\/#breadcrumb","itemListElement":[{"@type":"ListItem","position":1,"name":"Home","item":"https:\/\/www.campingcampagna.it\/de\/"},{"@type":"ListItem","position":2,"name":"Unterk\u00fcnfte","item":"https:\/\/www.campingcampagna.it\/de\/unterkuenfte\/"},{"@type":"ListItem","position":3,"name":"Stellpl\u00e4tze"}]},{"@type":"WebSite","@id":"https:\/\/www.campingcampagna.it\/de\/#website","url":"https:\/\/www.campingcampagna.it\/de\/","name":"Camping Residence Campagna, Cannobio","description":"Camping Residence Campagna, Cannobio","publisher":{"@id":"https:\/\/www.campingcampagna.it\/de\/#organization"},"potentialAction":[{"@type":"SearchAction","target":{"@type":"EntryPoint","urlTemplate":"https:\/\/www.campingcampagna.it\/de\/?s={search_term_string}"},"query-input":{"@type":"PropertyValueSpecification","valueRequired":true,"valueName":"search_term_string"}}],"inLanguage":"de"},{"@type":"Organization","@id":"https:\/\/www.campingcampagna.it\/de\/#organization","name":"Camping Residence Campagna, Cannobio","url":"https:\/\/www.campingcampagna.it\/de\/","logo":{"@type":"ImageObject","inLanguage":"de","@id":"https:\/\/www.campingcampagna.it\/de\/#\/schema\/logo\/image\/","url":"https:\/\/www.campingcampagna.it\/wp-content\/uploads\/2024\/12\/logo-camping-campagna.png","contentUrl":"https:\/\/www.campingcampagna.it\/wp-content\/uploads\/2024\/12\/logo-camping-campagna.png","width":600,"height":180,"caption":"Camping Residence Campagna, Cannobio"},"image":{"@id":"https:\/\/www.campingcampagna.it\/de\/#\/schema\/logo\/image\/"},"sameAs":["https:\/\/www.facebook.com\/pages\/Camping-Residence-Campagna\/389033907956132","https:\/\/www.instagram.com\/campingcampagna\/","https:\/\/www.youtube.com\/channel\/UCULvOj0LyU7VymrGeK73skQ"]}]}},"_links":{"self":[{"href":"https:\/\/www.campingcampagna.it\/de\/wp-json\/wp\/v2\/pages\/22189","targetHints":{"allow":["GET"]}}],"collection":[{"href":"https:\/\/www.campingcampagna.it\/de\/wp-json\/wp\/v2\/pages"}],"about":[{"href":"https:\/\/www.campingcampagna.it\/de\/wp-json\/wp\/v2\/types\/page"}],"author":[{"embeddable":true,"href":"https:\/\/www.campingcampagna.it\/de\/wp-json\/wp\/v2\/users\/1"}],"replies":[{"embeddable":true,"href":"https:\/\/www.campingcampagna.it\/de\/wp-json\/wp\/v2\/comments?post=22189"}],"version-history":[{"count":3,"href":"https:\/\/www.campingcampagna.it\/de\/wp-json\/wp\/v2\/pages\/22189\/revisions"}],"predecessor-version":[{"id":23570,"href":"https:\/\/www.campingcampagna.it\/de\/wp-json\/wp\/v2\/pages\/22189\/revisions\/23570"}],"up":[{"embeddable":true,"href":"https:\/\/www.campingcampagna.it\/de\/wp-json\/wp\/v2\/pages\/22183"}],"wp:featuredmedia":[{"embeddable":true,"href":"https:\/\/www.campingcampagna.it\/de\/wp-json\/wp\/v2\/media\/4754"}],"wp:attachment":[{"href":"https:\/\/www.campingcampagna.it\/de\/wp-json\/wp\/v2\/media?parent=22189"}],"curies":[{"name":"wp","href":"https:\/\/api.w.org\/{rel}","templated":true}]}}